{"id":481891,"date":"2025-03-20T11:19:00","date_gmt":"2025-03-20T11:19:03","guid":{"rendered":"https:\/\/www.erresse-shop.it\/?post_type=product&#038;p=481891"},"modified":"2025-03-25T09:12:12","modified_gmt":"2025-03-25T09:12:12","slug":"zwilling-fresh-save-coffret-sous-vide-en-verre-7-pieces-la-mer-copia","status":"publish","type":"product","link":"https:\/\/www.erresse-shop.it\/fr\/shop\/poeles-pots\/poeles\/zwilling-fresh-save-coffret-sous-vide-en-verre-7-pieces-la-mer-copia\/","title":{"rendered":"ZWILLING Madura Plus Po\u00eale \u00e0 frire avec rev\u00eatement en c\u00e9ramique antiadh\u00e9sif 20 cm Aluminium"},"content":{"rendered":"<p>D\u00e9couvrez une nouvelle fa\u00e7on de cuisiner avec la po\u00eale ZWILLING Madura Plus 20 cm. Le nouveau rev\u00eatement antiadh\u00e9sif <strong>CERAFORCE TITANIUM<\/strong> nouvelle g\u00e9n\u00e9ration, fabriqu\u00e9 sans PFAS et b\u00e9n\u00e9ficiant d&#8217;un traitement de durcissement au titane extr\u00eamement robuste, offre des performances optimales. De plus, le fond en aluminium massif assure une diffusion rapide de la chaleur, garantissant une cuisson uniforme dans toute la po\u00eale. La poign\u00e9e en acier inoxydable, dot\u00e9e de la technologie Stay Cool, est con\u00e7ue pour retarder la surchauffe et vous offrir une prise en main s\u00fbre. Tout cela fait de la po\u00eale ZWILLING Madura Plus un compagnon pr\u00e9cieux pour vos aventures culinaires.<\/p>\n<p>*jusqu&#8217;\u00e0 5 fois plus r\u00e9sistant que nos pr\u00e9c\u00e9dents rev\u00eatements c\u00e9ramiques (selon le protocole de test antiadh\u00e9sif interne n\u00b0 11\/2023 BALLARINI).<\/p>\n<ul>\n<li>Rev\u00eatement antiadh\u00e9sif <strong>CERAFORCE TITANIUM<\/strong> de derni\u00e8re g\u00e9n\u00e9ration et de haute qualit\u00e9<\/li>\n<li>Rev\u00eatement sans PFAS<\/li>\n<li>R\u00e9partition rapide et homog\u00e8ne de la chaleur<\/li>\n<li>La poign\u00e9e ergonomique Stay-Cool est con\u00e7ue pour une mont\u00e9e en temp\u00e9rature diff\u00e9r\u00e9e, \u00e9vitant ainsi l&#8217;utilisation de maniques et de manchons et garantissant une prise en main optimale.<\/li>\n<li>Particuli\u00e8rement adapt\u00e9 \u00e0 la cuisson douce et pauvre en mati\u00e8res grasses du poisson, des l\u00e9gumes et des \u0153ufs.<\/li>\n<li>Avec bord anti-goutte.<\/li>\n<li>Compatible avec tous les feux, y compris l&#8217;induction, passe au four jusqu&#8217;\u00e0 150 \u00b0C.<\/li>\n<li>Fabriqu\u00e9 en Italie<\/li>\n<\/ul>\n<p><strong>Dimensions\u00a0:<\/strong><\/p>\n<ul>\n<li class=\"attribute\"><span class=\"label\">Longueur\u00a0: <\/span><span class=\"value\">39,40 cm<\/span><\/li>\n<li class=\"attribute\"><span class=\"label\">Largeur\u00a0: 21,30\u00a0cm<\/span><\/li>\n<li class=\"attribute\"><span class=\"label\">Hauteur\u00a0: 7,10\u00a0cm<\/span><\/li>\n<li class=\"attribute\"><span class=\"label\">Diam\u00e8tre sup\u00e9rieur\u00a0: 20,00\u00a0cm<\/span><\/li>\n<li class=\"attribute\"><span class=\"label\">Diam\u00e8tre inf\u00e9rieur\u00a0: 14,50\u00a0cm<\/span><\/li>\n<\/ul>\n<p><span class=\"label\">Poids net\u00a0: 0,75\u00a0kg<\/span><\/p>\n","protected":false},"excerpt":{"rendered":"<p>D\u00e9couvrez une nouvelle fa\u00e7on de cuisiner avec la po\u00eale ZWILLING Madura Plus 20 cm. Le nouveau rev\u00eatement antiadh\u00e9sif CERAFORCE TITANIUM<\/p>\n","protected":false},"featured_media":481926,"template":"","meta":{"_acf_changed":false,"inline_featured_image":false},"product_cat":[12458,14802],"product_tag":[13052,15302,21529,13178],"acf":[],"yoast_head":"<!-- This site is optimized with the Yoast SEO Premium plugin v18.6 (Yoast SEO v19.13) - https:\/\/yoast.com\/wordpress\/plugins\/seo\/ -->\n<title>ZWILLING Madura Plus Po\u00eale \u00e0 frire avec rev\u00eatement en c\u00e9ramique antiadh\u00e9sif 20 cm Aluminium - Erresse Shop<\/title>\n<meta name=\"description\" content=\"D\u00e9couvrez une nouvelle fa\u00e7on de cuisiner avec la po\u00eale ZWILLING Madura Plus 20 cm. Le nouveau rev\u00eatement antiadh\u00e9sif CERAFORCE TITANIUM nouvelle\" \/>\n<meta name=\"robots\" content=\"index, follow, max-snippet:-1, max-image-preview:large, max-video-preview:-1\" \/>\n<link rel=\"canonical\" href=\"https:\/\/www.erresse-shop.it\/fr\/shop\/poeles-pots\/poeles\/zwilling-fresh-save-coffret-sous-vide-en-verre-7-pieces-la-mer-copia\/\" \/>\n<meta property=\"og:locale\" content=\"fr_FR\" \/>\n<meta property=\"og:type\" content=\"article\" \/>\n<meta property=\"og:title\" content=\"ZWILLING Madura Plus Po\u00eale \u00e0 frire avec rev\u00eatement en c\u00e9ramique antiadh\u00e9sif 20 cm Aluminium\" \/>\n<meta property=\"og:description\" content=\"D\u00e9couvrez une nouvelle fa\u00e7on de cuisiner avec la po\u00eale ZWILLING Madura Plus 20 cm. Le nouveau rev\u00eatement antiadh\u00e9sif CERAFORCE TITANIUM nouvelle\" \/>\n<meta property=\"og:url\" content=\"https:\/\/www.erresse-shop.it\/fr\/shop\/poeles-pots\/poeles\/zwilling-fresh-save-coffret-sous-vide-en-verre-7-pieces-la-mer-copia\/\" \/>\n<meta property=\"og:site_name\" content=\"Erresse Shop\" \/>\n<meta property=\"article:modified_time\" content=\"2025-03-25T09:12:12+00:00\" \/>\n<meta property=\"og:image\" content=\"https:\/\/www.erresse-shop.it\/wp-content\/uploads\/2025\/03\/ZWILLING-Madura-Padella-Antiaderente-20-cm-Alluminio.jpg\" \/>\n\t<meta property=\"og:image:width\" content=\"1200\" \/>\n\t<meta property=\"og:image:height\" content=\"1200\" \/>\n\t<meta property=\"og:image:type\" content=\"image\/jpeg\" \/>\n<meta name=\"twitter:card\" content=\"summary_large_image\" \/>\n<script type=\"application\/ld+json\" class=\"yoast-schema-graph\">{\"@context\":\"https:\/\/schema.org\",\"@graph\":[{\"@type\":\"WebPage\",\"@id\":\"https:\/\/www.erresse-shop.it\/fr\/shop\/poeles-pots\/poeles\/zwilling-fresh-save-coffret-sous-vide-en-verre-7-pieces-la-mer-copia\/\",\"url\":\"https:\/\/www.erresse-shop.it\/fr\/shop\/poeles-pots\/poeles\/zwilling-fresh-save-coffret-sous-vide-en-verre-7-pieces-la-mer-copia\/\",\"name\":\"ZWILLING Madura Plus Po\u00eale \u00e0 frire avec rev\u00eatement en c\u00e9ramique antiadh\u00e9sif 20 cm Aluminium - Erresse Shop\",\"isPartOf\":{\"@id\":\"https:\/\/www.erresse-shop.it\/fr\/#website\"},\"datePublished\":\"2025-03-20T11:19:03+00:00\",\"dateModified\":\"2025-03-25T09:12:12+00:00\",\"description\":\"D\u00e9couvrez une nouvelle fa\u00e7on de cuisiner avec la po\u00eale ZWILLING Madura Plus 20 cm. Le nouveau rev\u00eatement antiadh\u00e9sif CERAFORCE TITANIUM nouvelle\",\"breadcrumb\":{\"@id\":\"https:\/\/www.erresse-shop.it\/fr\/shop\/poeles-pots\/poeles\/zwilling-fresh-save-coffret-sous-vide-en-verre-7-pieces-la-mer-copia\/#breadcrumb\"},\"inLanguage\":\"fr-FR\",\"potentialAction\":[{\"@type\":\"ReadAction\",\"target\":[\"https:\/\/www.erresse-shop.it\/fr\/shop\/poeles-pots\/poeles\/zwilling-fresh-save-coffret-sous-vide-en-verre-7-pieces-la-mer-copia\/\"]}]},{\"@type\":\"BreadcrumbList\",\"@id\":\"https:\/\/www.erresse-shop.it\/fr\/shop\/poeles-pots\/poeles\/zwilling-fresh-save-coffret-sous-vide-en-verre-7-pieces-la-mer-copia\/#breadcrumb\",\"itemListElement\":[{\"@type\":\"ListItem\",\"position\":1,\"name\":\"Home\",\"item\":\"https:\/\/www.erresse-shop.it\/fr\/\"},{\"@type\":\"ListItem\",\"position\":2,\"name\":\"Shop\",\"item\":\"https:\/\/www.erresse-shop.it\/fr\/shop\/\"},{\"@type\":\"ListItem\",\"position\":3,\"name\":\"ZWILLING Madura Plus Po\u00eale \u00e0 frire avec rev\u00eatement en c\u00e9ramique antiadh\u00e9sif 20 cm Aluminium\"}]},{\"@type\":\"WebSite\",\"@id\":\"https:\/\/www.erresse-shop.it\/fr\/#website\",\"url\":\"https:\/\/www.erresse-shop.it\/fr\/\",\"name\":\"Erresse Shop\",\"description\":\"Articoli di qualit\u00e0 per la casa\",\"potentialAction\":[{\"@type\":\"SearchAction\",\"target\":{\"@type\":\"EntryPoint\",\"urlTemplate\":\"https:\/\/www.erresse-shop.it\/fr\/?s={search_term_string}\"},\"query-input\":\"required name=search_term_string\"}],\"inLanguage\":\"fr-FR\"}]}<\/script>\n<!-- \/ Yoast SEO Premium plugin. -->","yoast_head_json":{"title":"ZWILLING Madura Plus Po\u00eale \u00e0 frire avec rev\u00eatement en c\u00e9ramique antiadh\u00e9sif 20 cm Aluminium - Erresse Shop","description":"D\u00e9couvrez une nouvelle fa\u00e7on de cuisiner avec la po\u00eale ZWILLING Madura Plus 20 cm. Le nouveau rev\u00eatement antiadh\u00e9sif CERAFORCE TITANIUM nouvelle","robots":{"index":"index","follow":"follow","max-snippet":"max-snippet:-1","max-image-preview":"max-image-preview:large","max-video-preview":"max-video-preview:-1"},"canonical":"https:\/\/www.erresse-shop.it\/fr\/shop\/poeles-pots\/poeles\/zwilling-fresh-save-coffret-sous-vide-en-verre-7-pieces-la-mer-copia\/","og_locale":"fr_FR","og_type":"article","og_title":"ZWILLING Madura Plus Po\u00eale \u00e0 frire avec rev\u00eatement en c\u00e9ramique antiadh\u00e9sif 20 cm Aluminium","og_description":"D\u00e9couvrez une nouvelle fa\u00e7on de cuisiner avec la po\u00eale ZWILLING Madura Plus 20 cm. Le nouveau rev\u00eatement antiadh\u00e9sif CERAFORCE TITANIUM nouvelle","og_url":"https:\/\/www.erresse-shop.it\/fr\/shop\/poeles-pots\/poeles\/zwilling-fresh-save-coffret-sous-vide-en-verre-7-pieces-la-mer-copia\/","og_site_name":"Erresse Shop","article_modified_time":"2025-03-25T09:12:12+00:00","og_image":[{"width":1200,"height":1200,"url":"https:\/\/www.erresse-shop.it\/wp-content\/uploads\/2025\/03\/ZWILLING-Madura-Padella-Antiaderente-20-cm-Alluminio.jpg","type":"image\/jpeg"}],"twitter_card":"summary_large_image","schema":{"@context":"https:\/\/schema.org","@graph":[{"@type":"WebPage","@id":"https:\/\/www.erresse-shop.it\/fr\/shop\/poeles-pots\/poeles\/zwilling-fresh-save-coffret-sous-vide-en-verre-7-pieces-la-mer-copia\/","url":"https:\/\/www.erresse-shop.it\/fr\/shop\/poeles-pots\/poeles\/zwilling-fresh-save-coffret-sous-vide-en-verre-7-pieces-la-mer-copia\/","name":"ZWILLING Madura Plus Po\u00eale \u00e0 frire avec rev\u00eatement en c\u00e9ramique antiadh\u00e9sif 20 cm Aluminium - Erresse Shop","isPartOf":{"@id":"https:\/\/www.erresse-shop.it\/fr\/#website"},"datePublished":"2025-03-20T11:19:03+00:00","dateModified":"2025-03-25T09:12:12+00:00","description":"D\u00e9couvrez une nouvelle fa\u00e7on de cuisiner avec la po\u00eale ZWILLING Madura Plus 20 cm. Le nouveau rev\u00eatement antiadh\u00e9sif CERAFORCE TITANIUM nouvelle","breadcrumb":{"@id":"https:\/\/www.erresse-shop.it\/fr\/shop\/poeles-pots\/poeles\/zwilling-fresh-save-coffret-sous-vide-en-verre-7-pieces-la-mer-copia\/#breadcrumb"},"inLanguage":"fr-FR","potentialAction":[{"@type":"ReadAction","target":["https:\/\/www.erresse-shop.it\/fr\/shop\/poeles-pots\/poeles\/zwilling-fresh-save-coffret-sous-vide-en-verre-7-pieces-la-mer-copia\/"]}]},{"@type":"BreadcrumbList","@id":"https:\/\/www.erresse-shop.it\/fr\/shop\/poeles-pots\/poeles\/zwilling-fresh-save-coffret-sous-vide-en-verre-7-pieces-la-mer-copia\/#breadcrumb","itemListElement":[{"@type":"ListItem","position":1,"name":"Home","item":"https:\/\/www.erresse-shop.it\/fr\/"},{"@type":"ListItem","position":2,"name":"Shop","item":"https:\/\/www.erresse-shop.it\/fr\/shop\/"},{"@type":"ListItem","position":3,"name":"ZWILLING Madura Plus Po\u00eale \u00e0 frire avec rev\u00eatement en c\u00e9ramique antiadh\u00e9sif 20 cm Aluminium"}]},{"@type":"WebSite","@id":"https:\/\/www.erresse-shop.it\/fr\/#website","url":"https:\/\/www.erresse-shop.it\/fr\/","name":"Erresse Shop","description":"Articoli di qualit\u00e0 per la casa","potentialAction":[{"@type":"SearchAction","target":{"@type":"EntryPoint","urlTemplate":"https:\/\/www.erresse-shop.it\/fr\/?s={search_term_string}"},"query-input":"required name=search_term_string"}],"inLanguage":"fr-FR"}]}},"df_price":49.95,"df_sale_price":49.95,"df_regular_price":59.95,"df_image_link":"https:\/\/www.erresse-shop.it\/wp-content\/uploads\/2025\/03\/ZWILLING-Madura-Padella-Antiaderente-20-cm-Alluminio-300x300.jpg","_links":{"self":[{"href":"https:\/\/www.erresse-shop.it\/fr\/wp-json\/wp\/v2\/product\/481891"}],"collection":[{"href":"https:\/\/www.erresse-shop.it\/fr\/wp-json\/wp\/v2\/product"}],"about":[{"href":"https:\/\/www.erresse-shop.it\/fr\/wp-json\/wp\/v2\/types\/product"}],"wp:featuredmedia":[{"embeddable":true,"href":"https:\/\/www.erresse-shop.it\/fr\/wp-json\/wp\/v2\/media\/481926"}],"wp:attachment":[{"href":"https:\/\/www.erresse-shop.it\/fr\/wp-json\/wp\/v2\/media?parent=481891"}],"wp:term":[{"taxonomy":"product_cat","embeddable":true,"href":"https:\/\/www.erresse-shop.it\/fr\/wp-json\/wp\/v2\/product_cat?post=481891"},{"taxonomy":"product_tag","embeddable":true,"href":"https:\/\/www.erresse-shop.it\/fr\/wp-json\/wp\/v2\/product_tag?post=481891"}],"curies":[{"name":"wp","href":"https:\/\/api.w.org\/{rel}","templated":true}]}}