{"id":481849,"date":"2025-03-20T10:49:05","date_gmt":"2025-03-20T10:49:27","guid":{"rendered":"https:\/\/www.erresse-shop.it\/?post_type=product&#038;p=481849"},"modified":"2026-02-17T10:25:12","modified_gmt":"2026-02-17T10:25:12","slug":"riedel-vinova-ensemble-de-4-verres-a-vin-blanc","status":"publish","type":"product","link":"https:\/\/www.erresse-shop.it\/fr\/shop\/table-fr-2\/vin\/riedel-vinova-ensemble-de-4-verres-a-vin-blanc\/","title":{"rendered":"RIEDEL ViNova Ensemble de 4 verres \u00e0 vin blanc"},"content":{"rendered":"<div class=\"flex flex-1 croissance base-auto flex-col d\u00e9bordement-masqu\u00e9\">\n<div class=\"relative h-plein\">\n<div class=\"flex h-plein flex-col d\u00e9bordement-y-auto [scrollbar-gutter:stable]\">\n<div class=\"mt-1.5 flex flex-col texte-sm @thread-xl\/thread:pt-header-height md:pb-9\">\n<article class=\"groupe\/tourner w-plein texte-jeton-texte-primaire focus-visible:outline-2 focus-visible:outline-offset-[-4px]\" dir=\"auto\" tabindex=\"-1\" data-testid=\"conversation-tourner-28\" data-scroll-anchor=\"true\">\n<div class=\"texte-base my-auto mx-auto py-[18px] px-6\">\n<div class=\"mx-auto flex flex-1 texte-base \u00e9cart-4 md:\u00e9cart-5 lg:gap-6 md:max-w-3xl\">\n<div class=\"group\/conversation-turn relative flex w-full min-w-0 flex-col agent-turn @xs\/thread:px-0 @sm\/thread:px-1.5 @md\/thread:px-4\">\n<div class=\"flex-col gap-1 md:gap-3\">\n<div class=\"flex max-w-full flex-col flex-grow\">\n<div class=\"min-h-8 text-message relative flex w-full flex-col items-end gap-2 whitespace-normal break-words text-start [.text-message+&amp;]:mt-5\" dir=\"auto\" data-message-author-role=\"assistant\" data-message-id=\"0be73d8d-d48d-4334-901a-7a04bf24ba78\" data-message-model-slug=\"gpt-4o-mini\">\n<div class=\"flex w-full flex-col gap-1 empty:hidden first:pt-[3px]\">\n<div class=\"markdown prose w-full break-words dark:prose-invert dark\">\n<p data-start=\"0\" data-end=\"59\"><strong data-start=\"0\" data-end=\"59\">Coffret de verres \u00e0 vin blanc ViNOVA \u2013 4 pi\u00e8ces<\/strong><\/p>\n<p data-start=\"61\" data-end=\"416\">D\u00e9couvrez l&#8217;\u00e9l\u00e9gance et la fonctionnalit\u00e9 du coffret de verres \u00e0 vin blanc ViNOVA, con\u00e7u pour sublimer la d\u00e9gustation d&#8217;une large gamme de vins blancs. La forme du verre favorise l&#8217;expression des ar\u00f4mes et \u00e9quilibre douceur et fruit\u00e9, conf\u00e9rant au vin une structure parfaite pour une d\u00e9gustation optimale.<\/p>\n<p data-start=\"418\" data-end=\"449\"><strong data-start=\"418\" data-end=\"449\">Caract\u00e9ristiques principales\u00a0:<\/strong><\/p>\n<ul data-start=\"450\" data-end=\"940\">\n<li data-start=\"450\" data-end=\"529\"><strong data-start=\"452\" data-end=\"489\">Coffret de 4 verres \u00e0 vin blanc<\/strong> pour une exp\u00e9rience de d\u00e9gustation unique<\/li>\n<li data-start=\"530\" data-end=\"601\"><strong data-start=\"532\" data-end=\"561\">Design \u00e9l\u00e9gant et moderne<\/strong> qui sublimera votre table.<\/li>\n<li data-start=\"602\" data-end=\"695\"><strong data-start=\"604\" data-end=\"633\">Cristal de haute qualit\u00e9<\/strong> pour une brillance exceptionnelle et un rendu parfait du vin<\/li>\n<li data-start=\"696\" data-end=\"779\"><strong data-start=\"698\" data-end=\"718\">Facile \u00e0 nettoyer<\/strong>\u00a0: compatible lave-vaisselle pour un entretien sans effort<\/li>\n<li data-start=\"780\" data-end=\"862\"><strong data-start=\"782\" data-end=\"807\">Usin\u00e9 avec pr\u00e9cision<\/strong> avec des tol\u00e9rances dimensionnelles minimales<\/li>\n<li data-start=\"863\" data-end=\"940\"><strong data-start=\"865\" data-end=\"889\">\u00c9l\u00e9gance intemporelle<\/strong> qui ajoute une touche de sophistication \u00e0 chaque occasion<\/li>\n<\/ul>\n<p data-start=\"942\" data-end=\"1195\" data-is-last-node=\"\" data-is-only-node=\"\">ViNOVA allie modernit\u00e9 Design aux fonctionnalit\u00e9s avanc\u00e9es, vous permettant de savourer chaque nuance de vos vins blancs pr\u00e9f\u00e9r\u00e9s. Un compl\u00e9ment id\u00e9al \u00e0 votre collection de verres \u00e0 vin ou un cadeau id\u00e9al pour les amateurs de vin.<\/p>\n<p data-start=\"823\" data-end=\"1042\" data-is-last-node=\"\" data-is-only-node=\"\">Capacit\u00e9\u00a0: 380,0\u00a0cm\u00b3<br \/>\nHauteur\u00a0: 240,0\u00a0mm<\/p>\n<\/div>\n<\/div>\n<\/div>\n<\/div>\n<\/div>\n<\/div>\n<\/div>\n<\/div>\n<\/article>\n<\/div>\n<\/div>\n<\/div>\n<\/div>\n","protected":false},"excerpt":{"rendered":"<p>Coffret de verres \u00e0 vin blanc ViNOVA \u2013 4 pi\u00e8ces D\u00e9couvrez l&#8217;\u00e9l\u00e9gance et la fonctionnalit\u00e9 du coffret de verres \u00e0<\/p>\n","protected":false},"featured_media":481878,"template":"","meta":{"_acf_changed":false,"inline_featured_image":false},"product_cat":[14460,12754],"product_tag":[25086,23910,23660,25021,24415,21821,12826,15730,21985,23682],"acf":[],"yoast_head":"<!-- This site is optimized with the Yoast SEO Premium plugin v18.6 (Yoast SEO v19.13) - https:\/\/yoast.com\/wordpress\/plugins\/seo\/ -->\n<title>RIEDEL ViNova Ensemble de 4 verres \u00e0 vin blanc - Erresse Shop<\/title>\n<meta name=\"description\" content=\"Coffret de verres \u00e0 vin blanc ViNOVA \u2013 4 pi\u00e8ces D\u00e9couvrez l&#039;\u00e9l\u00e9gance et la fonctionnalit\u00e9 du coffret de verres \u00e0 vin blanc ViNOVA, con\u00e7u pour sublimer la\" \/>\n<meta name=\"robots\" content=\"index, follow, max-snippet:-1, max-image-preview:large, max-video-preview:-1\" \/>\n<link rel=\"canonical\" href=\"https:\/\/www.erresse-shop.it\/fr\/shop\/table-fr-2\/vin\/riedel-vinova-ensemble-de-4-verres-a-vin-blanc\/\" \/>\n<meta property=\"og:locale\" content=\"fr_FR\" \/>\n<meta property=\"og:type\" content=\"article\" \/>\n<meta property=\"og:title\" content=\"RIEDEL ViNova Ensemble de 4 verres \u00e0 vin blanc\" \/>\n<meta property=\"og:description\" content=\"Coffret de verres \u00e0 vin blanc ViNOVA \u2013 4 pi\u00e8ces D\u00e9couvrez l&#039;\u00e9l\u00e9gance et la fonctionnalit\u00e9 du coffret de verres \u00e0 vin blanc ViNOVA, con\u00e7u pour sublimer la\" \/>\n<meta property=\"og:url\" content=\"https:\/\/www.erresse-shop.it\/fr\/shop\/table-fr-2\/vin\/riedel-vinova-ensemble-de-4-verres-a-vin-blanc\/\" \/>\n<meta property=\"og:site_name\" content=\"Erresse Shop\" \/>\n<meta property=\"article:modified_time\" content=\"2026-02-17T10:25:12+00:00\" \/>\n<meta property=\"og:image\" content=\"https:\/\/www.erresse-shop.it\/wp-content\/uploads\/2025\/03\/RIEDEL-Vinova-Set-4-Bicchieri-Vino-Bianco.jpg\" \/>\n\t<meta property=\"og:image:width\" content=\"1200\" \/>\n\t<meta property=\"og:image:height\" content=\"1200\" \/>\n\t<meta property=\"og:image:type\" content=\"image\/jpeg\" \/>\n<meta name=\"twitter:card\" content=\"summary_large_image\" \/>\n<script type=\"application\/ld+json\" class=\"yoast-schema-graph\">{\"@context\":\"https:\/\/schema.org\",\"@graph\":[{\"@type\":\"WebPage\",\"@id\":\"https:\/\/www.erresse-shop.it\/fr\/shop\/table-fr-2\/vin\/riedel-vinova-ensemble-de-4-verres-a-vin-blanc\/\",\"url\":\"https:\/\/www.erresse-shop.it\/fr\/shop\/table-fr-2\/vin\/riedel-vinova-ensemble-de-4-verres-a-vin-blanc\/\",\"name\":\"RIEDEL ViNova Ensemble de 4 verres \u00e0 vin blanc - Erresse Shop\",\"isPartOf\":{\"@id\":\"https:\/\/www.erresse-shop.it\/fr\/#website\"},\"datePublished\":\"2025-03-20T10:49:27+00:00\",\"dateModified\":\"2026-02-17T10:25:12+00:00\",\"description\":\"Coffret de verres \u00e0 vin blanc ViNOVA \u2013 4 pi\u00e8ces D\u00e9couvrez l'\u00e9l\u00e9gance et la fonctionnalit\u00e9 du coffret de verres \u00e0 vin blanc ViNOVA, con\u00e7u pour sublimer la\",\"breadcrumb\":{\"@id\":\"https:\/\/www.erresse-shop.it\/fr\/shop\/table-fr-2\/vin\/riedel-vinova-ensemble-de-4-verres-a-vin-blanc\/#breadcrumb\"},\"inLanguage\":\"fr-FR\",\"potentialAction\":[{\"@type\":\"ReadAction\",\"target\":[\"https:\/\/www.erresse-shop.it\/fr\/shop\/table-fr-2\/vin\/riedel-vinova-ensemble-de-4-verres-a-vin-blanc\/\"]}]},{\"@type\":\"BreadcrumbList\",\"@id\":\"https:\/\/www.erresse-shop.it\/fr\/shop\/table-fr-2\/vin\/riedel-vinova-ensemble-de-4-verres-a-vin-blanc\/#breadcrumb\",\"itemListElement\":[{\"@type\":\"ListItem\",\"position\":1,\"name\":\"Home\",\"item\":\"https:\/\/www.erresse-shop.it\/fr\/\"},{\"@type\":\"ListItem\",\"position\":2,\"name\":\"Shop\",\"item\":\"https:\/\/www.erresse-shop.it\/fr\/shop\/\"},{\"@type\":\"ListItem\",\"position\":3,\"name\":\"RIEDEL ViNova Ensemble de 4 verres \u00e0 vin blanc\"}]},{\"@type\":\"WebSite\",\"@id\":\"https:\/\/www.erresse-shop.it\/fr\/#website\",\"url\":\"https:\/\/www.erresse-shop.it\/fr\/\",\"name\":\"Erresse Shop\",\"description\":\"Articoli di qualit\u00e0 per la casa\",\"potentialAction\":[{\"@type\":\"SearchAction\",\"target\":{\"@type\":\"EntryPoint\",\"urlTemplate\":\"https:\/\/www.erresse-shop.it\/fr\/?s={search_term_string}\"},\"query-input\":\"required name=search_term_string\"}],\"inLanguage\":\"fr-FR\"}]}<\/script>\n<!-- \/ Yoast SEO Premium plugin. -->","yoast_head_json":{"title":"RIEDEL ViNova Ensemble de 4 verres \u00e0 vin blanc - Erresse Shop","description":"Coffret de verres \u00e0 vin blanc ViNOVA \u2013 4 pi\u00e8ces D\u00e9couvrez l'\u00e9l\u00e9gance et la fonctionnalit\u00e9 du coffret de verres \u00e0 vin blanc ViNOVA, con\u00e7u pour sublimer la","robots":{"index":"index","follow":"follow","max-snippet":"max-snippet:-1","max-image-preview":"max-image-preview:large","max-video-preview":"max-video-preview:-1"},"canonical":"https:\/\/www.erresse-shop.it\/fr\/shop\/table-fr-2\/vin\/riedel-vinova-ensemble-de-4-verres-a-vin-blanc\/","og_locale":"fr_FR","og_type":"article","og_title":"RIEDEL ViNova Ensemble de 4 verres \u00e0 vin blanc","og_description":"Coffret de verres \u00e0 vin blanc ViNOVA \u2013 4 pi\u00e8ces D\u00e9couvrez l'\u00e9l\u00e9gance et la fonctionnalit\u00e9 du coffret de verres \u00e0 vin blanc ViNOVA, con\u00e7u pour sublimer la","og_url":"https:\/\/www.erresse-shop.it\/fr\/shop\/table-fr-2\/vin\/riedel-vinova-ensemble-de-4-verres-a-vin-blanc\/","og_site_name":"Erresse Shop","article_modified_time":"2026-02-17T10:25:12+00:00","og_image":[{"width":1200,"height":1200,"url":"https:\/\/www.erresse-shop.it\/wp-content\/uploads\/2025\/03\/RIEDEL-Vinova-Set-4-Bicchieri-Vino-Bianco.jpg","type":"image\/jpeg"}],"twitter_card":"summary_large_image","schema":{"@context":"https:\/\/schema.org","@graph":[{"@type":"WebPage","@id":"https:\/\/www.erresse-shop.it\/fr\/shop\/table-fr-2\/vin\/riedel-vinova-ensemble-de-4-verres-a-vin-blanc\/","url":"https:\/\/www.erresse-shop.it\/fr\/shop\/table-fr-2\/vin\/riedel-vinova-ensemble-de-4-verres-a-vin-blanc\/","name":"RIEDEL ViNova Ensemble de 4 verres \u00e0 vin blanc - Erresse Shop","isPartOf":{"@id":"https:\/\/www.erresse-shop.it\/fr\/#website"},"datePublished":"2025-03-20T10:49:27+00:00","dateModified":"2026-02-17T10:25:12+00:00","description":"Coffret de verres \u00e0 vin blanc ViNOVA \u2013 4 pi\u00e8ces D\u00e9couvrez l'\u00e9l\u00e9gance et la fonctionnalit\u00e9 du coffret de verres \u00e0 vin blanc ViNOVA, con\u00e7u pour sublimer la","breadcrumb":{"@id":"https:\/\/www.erresse-shop.it\/fr\/shop\/table-fr-2\/vin\/riedel-vinova-ensemble-de-4-verres-a-vin-blanc\/#breadcrumb"},"inLanguage":"fr-FR","potentialAction":[{"@type":"ReadAction","target":["https:\/\/www.erresse-shop.it\/fr\/shop\/table-fr-2\/vin\/riedel-vinova-ensemble-de-4-verres-a-vin-blanc\/"]}]},{"@type":"BreadcrumbList","@id":"https:\/\/www.erresse-shop.it\/fr\/shop\/table-fr-2\/vin\/riedel-vinova-ensemble-de-4-verres-a-vin-blanc\/#breadcrumb","itemListElement":[{"@type":"ListItem","position":1,"name":"Home","item":"https:\/\/www.erresse-shop.it\/fr\/"},{"@type":"ListItem","position":2,"name":"Shop","item":"https:\/\/www.erresse-shop.it\/fr\/shop\/"},{"@type":"ListItem","position":3,"name":"RIEDEL ViNova Ensemble de 4 verres \u00e0 vin blanc"}]},{"@type":"WebSite","@id":"https:\/\/www.erresse-shop.it\/fr\/#website","url":"https:\/\/www.erresse-shop.it\/fr\/","name":"Erresse Shop","description":"Articoli di qualit\u00e0 per la casa","potentialAction":[{"@type":"SearchAction","target":{"@type":"EntryPoint","urlTemplate":"https:\/\/www.erresse-shop.it\/fr\/?s={search_term_string}"},"query-input":"required name=search_term_string"}],"inLanguage":"fr-FR"}]}},"df_price":14.805,"df_sale_price":14.805,"df_regular_price":32.9,"df_image_link":"https:\/\/www.erresse-shop.it\/wp-content\/uploads\/2025\/03\/RIEDEL-Vinova-Set-4-Bicchieri-Vino-Bianco-300x300.jpg","_links":{"self":[{"href":"https:\/\/www.erresse-shop.it\/fr\/wp-json\/wp\/v2\/product\/481849"}],"collection":[{"href":"https:\/\/www.erresse-shop.it\/fr\/wp-json\/wp\/v2\/product"}],"about":[{"href":"https:\/\/www.erresse-shop.it\/fr\/wp-json\/wp\/v2\/types\/product"}],"wp:featuredmedia":[{"embeddable":true,"href":"https:\/\/www.erresse-shop.it\/fr\/wp-json\/wp\/v2\/media\/481878"}],"wp:attachment":[{"href":"https:\/\/www.erresse-shop.it\/fr\/wp-json\/wp\/v2\/media?parent=481849"}],"wp:term":[{"taxonomy":"product_cat","embeddable":true,"href":"https:\/\/www.erresse-shop.it\/fr\/wp-json\/wp\/v2\/product_cat?post=481849"},{"taxonomy":"product_tag","embeddable":true,"href":"https:\/\/www.erresse-shop.it\/fr\/wp-json\/wp\/v2\/product_tag?post=481849"}],"curies":[{"name":"wp","href":"https:\/\/api.w.org\/{rel}","templated":true}]}}