{"id":481806,"date":"2025-03-20T10:31:24","date_gmt":"2025-03-20T10:31:32","guid":{"rendered":"https:\/\/www.erresse-shop.it\/?post_type=product&#038;p=481806"},"modified":"2026-02-17T10:27:33","modified_gmt":"2026-02-17T10:27:33","slug":"riedel-vinova-ensemble-de-4-verres-a-vin-rouge","status":"publish","type":"product","link":"https:\/\/www.erresse-shop.it\/fr\/shop\/table-fr-2\/vin\/riedel-vinova-ensemble-de-4-verres-a-vin-rouge\/","title":{"rendered":"RIEDEL ViNova Ensemble de 4 verres \u00e0 vin rouge"},"content":{"rendered":"<div class=\"flex flex-1 croissance base-auto flex-col overflow-hidden\">\n<div class=\"relative h-full\">\n<div class=\"flex h-full flex-col overflow-y-auto [scrollbar-gutter:stable]\">\n<div class=\"mt-1.5 flex flex-col text-sm @thread-xl\/thread:pt-header-height md:pb-9\">\n<article class=\"group\/tourner avec-texte-complet-jeton-texte-primaire focus-visible:outline-2 focus-visible:outline-offset-[-4px]\" dir=\"auto\" tabindex=\"-1\" data-testid=\"conversation-tourner-28\" data-scroll-anchor=\"true\">\n<div class=\"text-base my-auto mx-auto py-[18px] px-6\">\n<div class=\"mx-auto flex flex-1 text-base gap-4 md:gap-5 lg:gap-6 md:max-w-3xl\">\n<div class=\"group\/conversation-turn relative flex w-full min-w-0 flex-col agent-turn @xs\/thread:px-0 @sm\/thread:px-1.5 @md\/thread:px-4\">\n<div class=\"flex-col gap-1 md:gap-3\">\n<div class=\"flex max-w-full flex-col flex-grow\">\n<div class=\"min-h-8 text-message relative flex w-full flex-col items-end gap-2 whitespace-normal break-words text-start [.text-message+&amp;]:mt-5\" dir=\"auto\" data-message-author-role=\"assistant\" data-message-id=\"0be73d8d-d48d-4334-901a-7a04bf24ba78\" data-message-model-slug=\"gpt-4o-mini\">\n<div class=\"flex w-full flex-col gap-1 empty:hidden first:pt-[3px]\">\n<div class=\"markdown prose w-full break-words dark:prose-invert dark\">\n<p data-start=\"0\" data-end=\"58\"><strong data-start=\"0\" data-end=\"58\">Ensemble de verres \u00e0 vin rouge ViNOVA \u2013 4 pi\u00e8ces<\/strong><\/p>\n<p data-start=\"60\" data-end=\"495\">D\u00e9couvrez l&#8217;\u00e9l\u00e9gance moderne avec l&#8217;ensemble de verres \u00e0 vin rouge ViNOVA, id\u00e9al pour une vari\u00e9t\u00e9 de vins rouges. La forme en diamant, avec des angles extr\u00eames, est con\u00e7ue pour les grands vins audacieux du Nouveau Monde, offrant suffisamment d&#8217;espace pour d\u00e9velopper les ar\u00f4mes et am\u00e9liorer l&#8217;exp\u00e9rience de d\u00e9gustation. Ces verres sont parfaits pour rehausser le caract\u00e8re fruit\u00e9 et \u00e9quilibrer les tanins, assurant une d\u00e9gustation harmonieuse.<\/p>\n<p data-start=\"497\" data-end=\"528\"><strong data-start=\"497\" data-end=\"528\">Principales caract\u00e9ristiques\u00a0:<\/strong><\/p>\n<ul data-start=\"529\" data-end=\"984\">\n<li data-start=\"529\" data-end=\"597\"><strong data-start=\"531\" data-end=\"567\">Coffret de 4 verres \u00e0 vin rouge<\/strong> pour une d\u00e9gustation parfaite<\/li>\n<li data-start=\"598\" data-end=\"677\"><strong data-start=\"600\" data-end=\"621\">Design en diamant<\/strong> qui favorise le d\u00e9veloppement des ar\u00f4mes et rehausse les saveurs<\/li>\n<li data-start=\"678\" data-end=\"756\"><strong data-start=\"680\" data-end=\"707\">Fabriqu\u00e9 en cristal de haute qualit\u00e9<\/strong> pour une brillance exceptionnelle<\/li>\n<li data-start=\"757\" data-end=\"834\"><strong data-start=\"759\" data-end=\"779\">Facile \u00e0 nettoyer<\/strong>\u00a0: Compatible lave-vaisselle pour un entretien pratique<\/li>\n<li data-start=\"835\" data-end=\"917\"><strong data-start=\"837\" data-end=\"862\">Usin\u00e9<\/strong> avec pr\u00e9cision, avec des tol\u00e9rances dimensionnelles minimales<\/li>\n<li data-start=\"918\" data-end=\"984\"><strong data-start=\"920\" data-end=\"944\">Une \u00e9l\u00e9gance intemporelle<\/strong> qui enrichit chaque table et chaque occasion<\/li>\n<\/ul>\n<p data-start=\"986\" data-end=\"1179\" data-is-last-node=\"\" data-is-only-node=\"\">ViNOVA allie fonctionnalit\u00e9 et design moderne pour un plaisir du vin parfait. Un excellent choix pour les amateurs de vin et un cadeau id\u00e9al pour ceux qui appr\u00e9cient l&#8217;art de la d\u00e9gustation.<\/p>\n<p data-start=\"823\" data-end=\"1042\" data-is-last-node=\"\" data-is-only-node=\"\">Capacit\u00e9\u00a0: 550,0\u00a0cm3<br \/>\nHauteur : 240,0 mm<\/p>\n<\/div>\n<\/div>\n<\/div>\n<\/div>\n<\/div>\n<\/div>\n<\/div>\n<\/div>\n<\/article>\n<\/div>\n<\/div>\n<\/div>\n<\/div>\n","protected":false},"excerpt":{"rendered":"<p>Ensemble de verres \u00e0 vin rouge ViNOVA \u2013 4 pi\u00e8ces D\u00e9couvrez l&#8217;\u00e9l\u00e9gance moderne avec l&#8217;ensemble de verres \u00e0 vin rouge<\/p>\n","protected":false},"featured_media":481835,"template":"","meta":{"_acf_changed":false,"inline_featured_image":false},"product_cat":[14460,12754],"product_tag":[25086,23910,23660,25021,24415,21821,12826,15730,21985,23682],"acf":[],"yoast_head":"<!-- This site is optimized with the Yoast SEO Premium plugin v18.6 (Yoast SEO v19.13) - https:\/\/yoast.com\/wordpress\/plugins\/seo\/ -->\n<title>RIEDEL ViNova Ensemble de 4 verres \u00e0 vin rouge - Erresse Shop<\/title>\n<meta name=\"description\" content=\"Ensemble de verres \u00e0 vin rouge ViNOVA \u2013 4 pi\u00e8ces D\u00e9couvrez l&#039;\u00e9l\u00e9gance moderne avec l&#039;ensemble de verres \u00e0 vin rouge ViNOVA, id\u00e9al pour une vari\u00e9t\u00e9 de vins\" \/>\n<meta name=\"robots\" content=\"index, follow, max-snippet:-1, max-image-preview:large, max-video-preview:-1\" \/>\n<link rel=\"canonical\" href=\"https:\/\/www.erresse-shop.it\/fr\/shop\/table-fr-2\/vin\/riedel-vinova-ensemble-de-4-verres-a-vin-rouge\/\" \/>\n<meta property=\"og:locale\" content=\"fr_FR\" \/>\n<meta property=\"og:type\" content=\"article\" \/>\n<meta property=\"og:title\" content=\"RIEDEL ViNova Ensemble de 4 verres \u00e0 vin rouge\" \/>\n<meta property=\"og:description\" content=\"Ensemble de verres \u00e0 vin rouge ViNOVA \u2013 4 pi\u00e8ces D\u00e9couvrez l&#039;\u00e9l\u00e9gance moderne avec l&#039;ensemble de verres \u00e0 vin rouge ViNOVA, id\u00e9al pour une vari\u00e9t\u00e9 de vins\" \/>\n<meta property=\"og:url\" content=\"https:\/\/www.erresse-shop.it\/fr\/shop\/table-fr-2\/vin\/riedel-vinova-ensemble-de-4-verres-a-vin-rouge\/\" \/>\n<meta property=\"og:site_name\" content=\"Erresse Shop\" \/>\n<meta property=\"article:modified_time\" content=\"2026-02-17T10:27:33+00:00\" \/>\n<meta property=\"og:image\" content=\"https:\/\/www.erresse-shop.it\/wp-content\/uploads\/2025\/03\/RIEDEL-Vinova-Set-4-Bicchieri-Vino-Rosso.jpg\" \/>\n\t<meta property=\"og:image:width\" content=\"1200\" \/>\n\t<meta property=\"og:image:height\" content=\"1200\" \/>\n\t<meta property=\"og:image:type\" content=\"image\/jpeg\" \/>\n<meta name=\"twitter:card\" content=\"summary_large_image\" \/>\n<script type=\"application\/ld+json\" class=\"yoast-schema-graph\">{\"@context\":\"https:\/\/schema.org\",\"@graph\":[{\"@type\":\"WebPage\",\"@id\":\"https:\/\/www.erresse-shop.it\/fr\/shop\/table-fr-2\/vin\/riedel-vinova-ensemble-de-4-verres-a-vin-rouge\/\",\"url\":\"https:\/\/www.erresse-shop.it\/fr\/shop\/table-fr-2\/vin\/riedel-vinova-ensemble-de-4-verres-a-vin-rouge\/\",\"name\":\"RIEDEL ViNova Ensemble de 4 verres \u00e0 vin rouge - Erresse Shop\",\"isPartOf\":{\"@id\":\"https:\/\/www.erresse-shop.it\/fr\/#website\"},\"datePublished\":\"2025-03-20T10:31:32+00:00\",\"dateModified\":\"2026-02-17T10:27:33+00:00\",\"description\":\"Ensemble de verres \u00e0 vin rouge ViNOVA \u2013 4 pi\u00e8ces D\u00e9couvrez l'\u00e9l\u00e9gance moderne avec l'ensemble de verres \u00e0 vin rouge ViNOVA, id\u00e9al pour une vari\u00e9t\u00e9 de vins\",\"breadcrumb\":{\"@id\":\"https:\/\/www.erresse-shop.it\/fr\/shop\/table-fr-2\/vin\/riedel-vinova-ensemble-de-4-verres-a-vin-rouge\/#breadcrumb\"},\"inLanguage\":\"fr-FR\",\"potentialAction\":[{\"@type\":\"ReadAction\",\"target\":[\"https:\/\/www.erresse-shop.it\/fr\/shop\/table-fr-2\/vin\/riedel-vinova-ensemble-de-4-verres-a-vin-rouge\/\"]}]},{\"@type\":\"BreadcrumbList\",\"@id\":\"https:\/\/www.erresse-shop.it\/fr\/shop\/table-fr-2\/vin\/riedel-vinova-ensemble-de-4-verres-a-vin-rouge\/#breadcrumb\",\"itemListElement\":[{\"@type\":\"ListItem\",\"position\":1,\"name\":\"Home\",\"item\":\"https:\/\/www.erresse-shop.it\/fr\/\"},{\"@type\":\"ListItem\",\"position\":2,\"name\":\"Shop\",\"item\":\"https:\/\/www.erresse-shop.it\/fr\/shop\/\"},{\"@type\":\"ListItem\",\"position\":3,\"name\":\"RIEDEL ViNova Ensemble de 4 verres \u00e0 vin rouge\"}]},{\"@type\":\"WebSite\",\"@id\":\"https:\/\/www.erresse-shop.it\/fr\/#website\",\"url\":\"https:\/\/www.erresse-shop.it\/fr\/\",\"name\":\"Erresse Shop\",\"description\":\"Articoli di qualit\u00e0 per la casa\",\"potentialAction\":[{\"@type\":\"SearchAction\",\"target\":{\"@type\":\"EntryPoint\",\"urlTemplate\":\"https:\/\/www.erresse-shop.it\/fr\/?s={search_term_string}\"},\"query-input\":\"required name=search_term_string\"}],\"inLanguage\":\"fr-FR\"}]}<\/script>\n<!-- \/ Yoast SEO Premium plugin. -->","yoast_head_json":{"title":"RIEDEL ViNova Ensemble de 4 verres \u00e0 vin rouge - Erresse Shop","description":"Ensemble de verres \u00e0 vin rouge ViNOVA \u2013 4 pi\u00e8ces D\u00e9couvrez l'\u00e9l\u00e9gance moderne avec l'ensemble de verres \u00e0 vin rouge ViNOVA, id\u00e9al pour une vari\u00e9t\u00e9 de vins","robots":{"index":"index","follow":"follow","max-snippet":"max-snippet:-1","max-image-preview":"max-image-preview:large","max-video-preview":"max-video-preview:-1"},"canonical":"https:\/\/www.erresse-shop.it\/fr\/shop\/table-fr-2\/vin\/riedel-vinova-ensemble-de-4-verres-a-vin-rouge\/","og_locale":"fr_FR","og_type":"article","og_title":"RIEDEL ViNova Ensemble de 4 verres \u00e0 vin rouge","og_description":"Ensemble de verres \u00e0 vin rouge ViNOVA \u2013 4 pi\u00e8ces D\u00e9couvrez l'\u00e9l\u00e9gance moderne avec l'ensemble de verres \u00e0 vin rouge ViNOVA, id\u00e9al pour une vari\u00e9t\u00e9 de vins","og_url":"https:\/\/www.erresse-shop.it\/fr\/shop\/table-fr-2\/vin\/riedel-vinova-ensemble-de-4-verres-a-vin-rouge\/","og_site_name":"Erresse Shop","article_modified_time":"2026-02-17T10:27:33+00:00","og_image":[{"width":1200,"height":1200,"url":"https:\/\/www.erresse-shop.it\/wp-content\/uploads\/2025\/03\/RIEDEL-Vinova-Set-4-Bicchieri-Vino-Rosso.jpg","type":"image\/jpeg"}],"twitter_card":"summary_large_image","schema":{"@context":"https:\/\/schema.org","@graph":[{"@type":"WebPage","@id":"https:\/\/www.erresse-shop.it\/fr\/shop\/table-fr-2\/vin\/riedel-vinova-ensemble-de-4-verres-a-vin-rouge\/","url":"https:\/\/www.erresse-shop.it\/fr\/shop\/table-fr-2\/vin\/riedel-vinova-ensemble-de-4-verres-a-vin-rouge\/","name":"RIEDEL ViNova Ensemble de 4 verres \u00e0 vin rouge - Erresse Shop","isPartOf":{"@id":"https:\/\/www.erresse-shop.it\/fr\/#website"},"datePublished":"2025-03-20T10:31:32+00:00","dateModified":"2026-02-17T10:27:33+00:00","description":"Ensemble de verres \u00e0 vin rouge ViNOVA \u2013 4 pi\u00e8ces D\u00e9couvrez l'\u00e9l\u00e9gance moderne avec l'ensemble de verres \u00e0 vin rouge ViNOVA, id\u00e9al pour une vari\u00e9t\u00e9 de vins","breadcrumb":{"@id":"https:\/\/www.erresse-shop.it\/fr\/shop\/table-fr-2\/vin\/riedel-vinova-ensemble-de-4-verres-a-vin-rouge\/#breadcrumb"},"inLanguage":"fr-FR","potentialAction":[{"@type":"ReadAction","target":["https:\/\/www.erresse-shop.it\/fr\/shop\/table-fr-2\/vin\/riedel-vinova-ensemble-de-4-verres-a-vin-rouge\/"]}]},{"@type":"BreadcrumbList","@id":"https:\/\/www.erresse-shop.it\/fr\/shop\/table-fr-2\/vin\/riedel-vinova-ensemble-de-4-verres-a-vin-rouge\/#breadcrumb","itemListElement":[{"@type":"ListItem","position":1,"name":"Home","item":"https:\/\/www.erresse-shop.it\/fr\/"},{"@type":"ListItem","position":2,"name":"Shop","item":"https:\/\/www.erresse-shop.it\/fr\/shop\/"},{"@type":"ListItem","position":3,"name":"RIEDEL ViNova Ensemble de 4 verres \u00e0 vin rouge"}]},{"@type":"WebSite","@id":"https:\/\/www.erresse-shop.it\/fr\/#website","url":"https:\/\/www.erresse-shop.it\/fr\/","name":"Erresse Shop","description":"Articoli di qualit\u00e0 per la casa","potentialAction":[{"@type":"SearchAction","target":{"@type":"EntryPoint","urlTemplate":"https:\/\/www.erresse-shop.it\/fr\/?s={search_term_string}"},"query-input":"required name=search_term_string"}],"inLanguage":"fr-FR"}]}},"df_price":14.805,"df_sale_price":14.805,"df_regular_price":32.9,"df_image_link":"https:\/\/www.erresse-shop.it\/wp-content\/uploads\/2025\/03\/RIEDEL-Vinova-Set-4-Bicchieri-Vino-Rosso-300x300.jpg","_links":{"self":[{"href":"https:\/\/www.erresse-shop.it\/fr\/wp-json\/wp\/v2\/product\/481806"}],"collection":[{"href":"https:\/\/www.erresse-shop.it\/fr\/wp-json\/wp\/v2\/product"}],"about":[{"href":"https:\/\/www.erresse-shop.it\/fr\/wp-json\/wp\/v2\/types\/product"}],"wp:featuredmedia":[{"embeddable":true,"href":"https:\/\/www.erresse-shop.it\/fr\/wp-json\/wp\/v2\/media\/481835"}],"wp:attachment":[{"href":"https:\/\/www.erresse-shop.it\/fr\/wp-json\/wp\/v2\/media?parent=481806"}],"wp:term":[{"taxonomy":"product_cat","embeddable":true,"href":"https:\/\/www.erresse-shop.it\/fr\/wp-json\/wp\/v2\/product_cat?post=481806"},{"taxonomy":"product_tag","embeddable":true,"href":"https:\/\/www.erresse-shop.it\/fr\/wp-json\/wp\/v2\/product_tag?post=481806"}],"curies":[{"name":"wp","href":"https:\/\/api.w.org\/{rel}","templated":true}]}}