{"id":481765,"date":"2025-03-20T10:18:51","date_gmt":"2025-03-20T10:19:02","guid":{"rendered":"https:\/\/www.erresse-shop.it\/?post_type=product&#038;p=481765"},"modified":"2026-01-09T11:26:06","modified_gmt":"2026-01-09T11:26:06","slug":"riedel-ensemble-de-2-flutes-a-champagne-copia","status":"publish","type":"product","link":"https:\/\/www.erresse-shop.it\/fr\/shop\/table-fr-2\/vin\/riedel-ensemble-de-2-flutes-a-champagne-copia\/","title":{"rendered":"RIEDEL ViNova Set 4 Balloon Vin rouge"},"content":{"rendered":"<div class=\"flex flex-1 croissance base-auto flex-col d\u00e9bordement-masqu\u00e9\">\n<div class=\"relative h-plein\">\n<div class=\"flex h-plein flex-col d\u00e9bordement-y-auto [scrollbar-gutter:stable]\">\n<div class=\"mt-1.5 flex flex-col texte-sm @thread-xl\/thread:pt-header-height md:pb-9\">\n<article class=\"groupe\/tourner w-plein texte-jeton-texte-primaire focus-visible:outline-2 focus-visible:outline-offset-[-4px]\" dir=\"auto\" tabindex=\"-1\" data-testid=\"conversation-tourner-28\" data-scroll-anchor=\"true\">\n<div class=\"texte-base my-auto mx-auto py-[18px] px-6\">\n<div class=\"mx-auto flex flex-1 texte-base \u00e9cart-4 md:\u00e9cart-5 lg:gap-6 md:max-w-3xl\">\n<div class=\"group\/conversation-turn relative flex w-full min-w-0 flex-col agent-turn @xs\/thread:px-0 @sm\/thread:px-1.5 @md\/thread:px-4\">\n<div class=\"flex-col gap-1 md:gap-3\">\n<div class=\"flex max-w-full flex-col flex-grow\">\n<div class=\"min-h-8 text-message relative flex w-full flex-col items-end gap-2 whitespace-normal break-words text-start [.text-message+&amp;]:mt-5\" dir=\"auto\" data-message-author-role=\"assistant\" data-message-id=\"0be73d8d-d48d-4334-901a-7a04bf24ba78\" data-message-model-slug=\"gpt-4o-mini\">\n<div class=\"flex w-full flex-col gap-1 empty:hidden first:pt-[3px]\">\n<div class=\"markdown prose w-full break-words dark:prose-invert dark\">\n<p data-start=\"0\" data-end=\"58\"><strong data-start=\"0\" data-end=\"58\">Coffret de verres \u00e0 vin rouge ViNOVA \u2013 4 pi\u00e8ces<\/strong><\/p>\n<p data-start=\"60\" data-end=\"466\">D\u00e9couvrez l&#8217;\u00e9l\u00e9gance intemporelle et la fonctionnalit\u00e9 du coffret de verres \u00e0 vin rouge ViNOVA. Sa forme en losange, aux angles prononc\u00e9s, est id\u00e9ale pour les vins rouges cors\u00e9s du Nouveau Monde, leur offrant tout l&#8217;espace n\u00e9cessaire pour d\u00e9velopper et lib\u00e9rer leurs ar\u00f4mes. Ce verre rehausse le caract\u00e8re fruit\u00e9 des vins rouges, \u00e9quilibre les tanins et favorise une d\u00e9gustation plus riche et harmonieuse.<\/p>\n<p data-start=\"468\" data-end=\"501\"><strong data-start=\"468\" data-end=\"501\">Caract\u00e9ristiques du produit\u00a0:<\/strong><\/p>\n<ul data-start=\"502\" data-end=\"894\">\n<li data-start=\"502\" data-end=\"545\">Coffret de 4 verres \u00e0 vin rouge<\/li>\n<li data-start=\"546\" data-end=\"603\">Design diamant favorisant le d\u00e9veloppement des ar\u00f4mes<\/li>\n<li data-start=\"604\" data-end=\"677\">Fabriqu\u00e9 en cristal de haute qualit\u00e9 pour une brillance in\u00e9gal\u00e9e<\/li>\n<li data-start=\"678\" data-end=\"742\">Verres \u00e9l\u00e9gants et fonctionnels pour une d\u00e9gustation exceptionnelle<\/li>\n<li data-start=\"743\" data-end=\"798\">Lavable au lave-vaisselle pour un entretien facile.<\/li>\n<li data-start=\"799\" data-end=\"894\">Usin\u00e9 avec pr\u00e9cision (de l\u00e9g\u00e8res tol\u00e9rances dimensionnelles peuvent exister).<\/li>\n<\/ul>\n<p data-start=\"896\" data-end=\"1090\" data-is-last-node=\"\" data-is-only-node=\"\">La collection ViNOVA allie modernit\u00e9 et sophistication, cr\u00e9ant une exp\u00e9rience de d\u00e9gustation unique pour chaque amateur de vin. Id\u00e9al pour embellir votre table ou comme cadeau raffin\u00e9.<\/p>\n<p data-start=\"823\" data-end=\"1042\" data-is-last-node=\"\" data-is-only-node=\"\">Capacit\u00e9\u00a0: 840,0\u00a0cm\u00b3<br \/>\nHauteur\u00a0: 240,0\u00a0mm<\/p>\n<\/div>\n<\/div>\n<\/div>\n<\/div>\n<\/div>\n<\/div>\n<\/div>\n<\/article>\n<\/div>\n<\/div>\n<\/div>\n<\/div>\n<\/div>\n<div class=\"isolate w-full basis-auto has-[[data-has-thread-error]]:pt-2 has-[[data-has-thread-error]]:[box-shadow:var(--sharp-edge-bottom-shadow)] dark:border-white\/20 md:border-transparent md:pt-0 md:dark:border-transparent\">\n<div class=\"text-base mx-auto px-3 md:px-4 w-full md:px-5 lg:px-4 xl:px-5\">\n<div class=\"mx-auto flex flex-1 text-base gap-4 md:gap-5 lg:gap-6 md:max-w-3xl\">\n<form class=\"w-full\" aria-haspopup=\"dialog\" aria-expanded=\"false\" aria-controls=\"radix-:r6:\" data-state=\"closed\">\n<div class=\"relative z-[1] flex h-full max-w-full flex-1 flex-col\">\n<div class=\"group relative z-[1] flex w-full items-center\">\n<div class=\"w-full\">\n<div id=\"composer-background\" class=\"flex w-full cursor-text flex-col rounded-t-3xl border-t border-token-border-light duration-150 ease-in-out contain-inline-size motion-safe:transition-[couleur,couleur-arri\u00e8re-plan,couleur-bordure,couleur-d\u00e9coration-texte,remplissage,contour,ombre-cadre,bas] dark:border-none dark:shadow-none shadow-[0_9px_9px_0px_rgba(0,0,0,0.01),_0_2px_5px_0px_rgba(0,0,0,0.06)] has-[:focus]:shadow-[0_2px_12px_0px_rgba(0,0,0,0.04),_0_9px_9px_0px_rgba(0,0,0,0.01),_0_2px_5px_0px_rgba(0,0,0,0.06)] bg-token-main-surface-primary dark:bg-[#303030] rounded-b-3xl border-b\">\n<div class=\"px-3 py-1\">\n<div class=\"flex flex-col justify-start\">\n<div class=\"flex min-h-[44px] items-start pl-1\">\n<div class=\"min-w-0 max-w-full flex-1\">\n<div class=\"_prosemirror-parent_11fu7_1 text-token-text-primary max-h-[25dvh] max-h-52 overflow-auto [scrollbar-width:thin] default-browser\">\n<div id=\"prompt-textarea\" class=\"ProseMirror\" contenteditable=\"true\" translate=\"no\" data-virtualkeyboard=\"true\"><\/div>\n<\/div>\n<\/div>\n<div class=\"w-[32px] pt-1\"><\/div>\n<\/div>\n<\/div>\n<\/div>\n<\/div>\n<\/div>\n<\/div>\n<\/div>\n<\/form>\n<\/div>\n<\/div>\n<\/div>\n","protected":false},"excerpt":{"rendered":"<p>Coffret de verres \u00e0 vin rouge ViNOVA \u2013 4 pi\u00e8ces D\u00e9couvrez l&#8217;\u00e9l\u00e9gance intemporelle et la fonctionnalit\u00e9 du coffret de verres<\/p>\n","protected":false},"featured_media":481794,"template":"","meta":{"_acf_changed":false,"inline_featured_image":false},"product_cat":[14460,12754],"product_tag":[25086,23910,23660,25021,24415,21821,12826,15730,21985,23682],"acf":[],"yoast_head":"<!-- This site is optimized with the Yoast SEO Premium plugin v18.6 (Yoast SEO v19.13) - https:\/\/yoast.com\/wordpress\/plugins\/seo\/ -->\n<title>RIEDEL Veritas Ensemble 2 Verres \u00e0 Chardonnay Barrique<\/title>\n<meta name=\"description\" content=\"D\u00e9couvrez RIEDEL Veritas Ensemble 2 Verres \u00e0 Chardonnay Barrique sur ErresseShop. Qualit\u00e9, prix r\u00e9duits et achat s\u00e9curis\u00e9 \u2013 commandez d\u00e8s maintenant en ligne !\" \/>\n<meta name=\"robots\" content=\"index, follow, max-snippet:-1, max-image-preview:large, max-video-preview:-1\" \/>\n<link rel=\"canonical\" href=\"https:\/\/www.erresse-shop.it\/fr\/shop\/table-fr-2\/vin\/riedel-ensemble-de-2-flutes-a-champagne-copia\/\" \/>\n<meta property=\"og:locale\" content=\"fr_FR\" \/>\n<meta property=\"og:type\" content=\"article\" \/>\n<meta property=\"og:title\" content=\"RIEDEL ViNova Set 4 Balloon Vin rouge\" \/>\n<meta property=\"og:description\" content=\"D\u00e9couvrez RIEDEL Veritas Ensemble 2 Verres \u00e0 Chardonnay Barrique sur ErresseShop. Qualit\u00e9, prix r\u00e9duits et achat s\u00e9curis\u00e9 \u2013 commandez d\u00e8s maintenant en ligne !\" \/>\n<meta property=\"og:url\" content=\"https:\/\/www.erresse-shop.it\/fr\/shop\/table-fr-2\/vin\/riedel-ensemble-de-2-flutes-a-champagne-copia\/\" \/>\n<meta property=\"og:site_name\" content=\"Erresse Shop\" \/>\n<meta property=\"article:modified_time\" content=\"2026-01-09T11:26:06+00:00\" \/>\n<meta property=\"og:image\" content=\"https:\/\/www.erresse-shop.it\/wp-content\/uploads\/2025\/03\/RIEDEL-Vinova-Set-4-Balloon-Vino-Rosso.jpg\" \/>\n\t<meta property=\"og:image:width\" content=\"1200\" \/>\n\t<meta property=\"og:image:height\" content=\"1200\" \/>\n\t<meta property=\"og:image:type\" content=\"image\/jpeg\" \/>\n<meta name=\"twitter:card\" content=\"summary_large_image\" \/>\n<script type=\"application\/ld+json\" class=\"yoast-schema-graph\">{\"@context\":\"https:\/\/schema.org\",\"@graph\":[{\"@type\":\"WebPage\",\"@id\":\"https:\/\/www.erresse-shop.it\/fr\/shop\/table-fr-2\/vin\/riedel-ensemble-de-2-flutes-a-champagne-copia\/\",\"url\":\"https:\/\/www.erresse-shop.it\/fr\/shop\/table-fr-2\/vin\/riedel-ensemble-de-2-flutes-a-champagne-copia\/\",\"name\":\"RIEDEL Veritas Ensemble 2 Verres \u00e0 Chardonnay Barrique\",\"isPartOf\":{\"@id\":\"https:\/\/www.erresse-shop.it\/fr\/#website\"},\"datePublished\":\"2025-03-20T10:19:02+00:00\",\"dateModified\":\"2026-01-09T11:26:06+00:00\",\"description\":\"D\u00e9couvrez RIEDEL Veritas Ensemble 2 Verres \u00e0 Chardonnay Barrique sur ErresseShop. Qualit\u00e9, prix r\u00e9duits et achat s\u00e9curis\u00e9 \u2013 commandez d\u00e8s maintenant en ligne !\",\"breadcrumb\":{\"@id\":\"https:\/\/www.erresse-shop.it\/fr\/shop\/table-fr-2\/vin\/riedel-ensemble-de-2-flutes-a-champagne-copia\/#breadcrumb\"},\"inLanguage\":\"fr-FR\",\"potentialAction\":[{\"@type\":\"ReadAction\",\"target\":[\"https:\/\/www.erresse-shop.it\/fr\/shop\/table-fr-2\/vin\/riedel-ensemble-de-2-flutes-a-champagne-copia\/\"]}]},{\"@type\":\"BreadcrumbList\",\"@id\":\"https:\/\/www.erresse-shop.it\/fr\/shop\/table-fr-2\/vin\/riedel-ensemble-de-2-flutes-a-champagne-copia\/#breadcrumb\",\"itemListElement\":[{\"@type\":\"ListItem\",\"position\":1,\"name\":\"Home\",\"item\":\"https:\/\/www.erresse-shop.it\/fr\/\"},{\"@type\":\"ListItem\",\"position\":2,\"name\":\"Shop\",\"item\":\"https:\/\/www.erresse-shop.it\/fr\/shop\/\"},{\"@type\":\"ListItem\",\"position\":3,\"name\":\"RIEDEL ViNova Set 4 Balloon Vin rouge\"}]},{\"@type\":\"WebSite\",\"@id\":\"https:\/\/www.erresse-shop.it\/fr\/#website\",\"url\":\"https:\/\/www.erresse-shop.it\/fr\/\",\"name\":\"Erresse Shop\",\"description\":\"Articoli di qualit\u00e0 per la casa\",\"potentialAction\":[{\"@type\":\"SearchAction\",\"target\":{\"@type\":\"EntryPoint\",\"urlTemplate\":\"https:\/\/www.erresse-shop.it\/fr\/?s={search_term_string}\"},\"query-input\":\"required name=search_term_string\"}],\"inLanguage\":\"fr-FR\"}]}<\/script>\n<!-- \/ Yoast SEO Premium plugin. -->","yoast_head_json":{"title":"RIEDEL Veritas Ensemble 2 Verres \u00e0 Chardonnay Barrique","description":"D\u00e9couvrez RIEDEL Veritas Ensemble 2 Verres \u00e0 Chardonnay Barrique sur ErresseShop. Qualit\u00e9, prix r\u00e9duits et achat s\u00e9curis\u00e9 \u2013 commandez d\u00e8s maintenant en ligne !","robots":{"index":"index","follow":"follow","max-snippet":"max-snippet:-1","max-image-preview":"max-image-preview:large","max-video-preview":"max-video-preview:-1"},"canonical":"https:\/\/www.erresse-shop.it\/fr\/shop\/table-fr-2\/vin\/riedel-ensemble-de-2-flutes-a-champagne-copia\/","og_locale":"fr_FR","og_type":"article","og_title":"RIEDEL ViNova Set 4 Balloon Vin rouge","og_description":"D\u00e9couvrez RIEDEL Veritas Ensemble 2 Verres \u00e0 Chardonnay Barrique sur ErresseShop. Qualit\u00e9, prix r\u00e9duits et achat s\u00e9curis\u00e9 \u2013 commandez d\u00e8s maintenant en ligne !","og_url":"https:\/\/www.erresse-shop.it\/fr\/shop\/table-fr-2\/vin\/riedel-ensemble-de-2-flutes-a-champagne-copia\/","og_site_name":"Erresse Shop","article_modified_time":"2026-01-09T11:26:06+00:00","og_image":[{"width":1200,"height":1200,"url":"https:\/\/www.erresse-shop.it\/wp-content\/uploads\/2025\/03\/RIEDEL-Vinova-Set-4-Balloon-Vino-Rosso.jpg","type":"image\/jpeg"}],"twitter_card":"summary_large_image","schema":{"@context":"https:\/\/schema.org","@graph":[{"@type":"WebPage","@id":"https:\/\/www.erresse-shop.it\/fr\/shop\/table-fr-2\/vin\/riedel-ensemble-de-2-flutes-a-champagne-copia\/","url":"https:\/\/www.erresse-shop.it\/fr\/shop\/table-fr-2\/vin\/riedel-ensemble-de-2-flutes-a-champagne-copia\/","name":"RIEDEL Veritas Ensemble 2 Verres \u00e0 Chardonnay Barrique","isPartOf":{"@id":"https:\/\/www.erresse-shop.it\/fr\/#website"},"datePublished":"2025-03-20T10:19:02+00:00","dateModified":"2026-01-09T11:26:06+00:00","description":"D\u00e9couvrez RIEDEL Veritas Ensemble 2 Verres \u00e0 Chardonnay Barrique sur ErresseShop. Qualit\u00e9, prix r\u00e9duits et achat s\u00e9curis\u00e9 \u2013 commandez d\u00e8s maintenant en ligne !","breadcrumb":{"@id":"https:\/\/www.erresse-shop.it\/fr\/shop\/table-fr-2\/vin\/riedel-ensemble-de-2-flutes-a-champagne-copia\/#breadcrumb"},"inLanguage":"fr-FR","potentialAction":[{"@type":"ReadAction","target":["https:\/\/www.erresse-shop.it\/fr\/shop\/table-fr-2\/vin\/riedel-ensemble-de-2-flutes-a-champagne-copia\/"]}]},{"@type":"BreadcrumbList","@id":"https:\/\/www.erresse-shop.it\/fr\/shop\/table-fr-2\/vin\/riedel-ensemble-de-2-flutes-a-champagne-copia\/#breadcrumb","itemListElement":[{"@type":"ListItem","position":1,"name":"Home","item":"https:\/\/www.erresse-shop.it\/fr\/"},{"@type":"ListItem","position":2,"name":"Shop","item":"https:\/\/www.erresse-shop.it\/fr\/shop\/"},{"@type":"ListItem","position":3,"name":"RIEDEL ViNova Set 4 Balloon Vin rouge"}]},{"@type":"WebSite","@id":"https:\/\/www.erresse-shop.it\/fr\/#website","url":"https:\/\/www.erresse-shop.it\/fr\/","name":"Erresse Shop","description":"Articoli di qualit\u00e0 per la casa","potentialAction":[{"@type":"SearchAction","target":{"@type":"EntryPoint","urlTemplate":"https:\/\/www.erresse-shop.it\/fr\/?s={search_term_string}"},"query-input":"required name=search_term_string"}],"inLanguage":"fr-FR"}]}},"df_price":14.805,"df_sale_price":14.805,"df_regular_price":32.9,"df_image_link":"https:\/\/www.erresse-shop.it\/wp-content\/uploads\/2025\/03\/RIEDEL-Vinova-Set-4-Balloon-Vino-Rosso-300x300.jpg","_links":{"self":[{"href":"https:\/\/www.erresse-shop.it\/fr\/wp-json\/wp\/v2\/product\/481765"}],"collection":[{"href":"https:\/\/www.erresse-shop.it\/fr\/wp-json\/wp\/v2\/product"}],"about":[{"href":"https:\/\/www.erresse-shop.it\/fr\/wp-json\/wp\/v2\/types\/product"}],"wp:featuredmedia":[{"embeddable":true,"href":"https:\/\/www.erresse-shop.it\/fr\/wp-json\/wp\/v2\/media\/481794"}],"wp:attachment":[{"href":"https:\/\/www.erresse-shop.it\/fr\/wp-json\/wp\/v2\/media?parent=481765"}],"wp:term":[{"taxonomy":"product_cat","embeddable":true,"href":"https:\/\/www.erresse-shop.it\/fr\/wp-json\/wp\/v2\/product_cat?post=481765"},{"taxonomy":"product_tag","embeddable":true,"href":"https:\/\/www.erresse-shop.it\/fr\/wp-json\/wp\/v2\/product_tag?post=481765"}],"curies":[{"name":"wp","href":"https:\/\/api.w.org\/{rel}","templated":true}]}}