{"id":481641,"date":"2025-03-20T09:27:39","date_gmt":"2025-03-20T09:27:43","guid":{"rendered":"https:\/\/www.erresse-shop.it\/?post_type=product&#038;p=481641"},"modified":"2026-02-17T10:30:21","modified_gmt":"2026-02-17T10:30:21","slug":"riedel-resort-double-rocks","status":"publish","type":"product","link":"https:\/\/www.erresse-shop.it\/fr\/shop\/table-fr-2\/verres\/riedel-resort-double-rocks\/","title":{"rendered":"RIEDEL Resort Double Rocks"},"content":{"rendered":"<p data-start=\"0\" data-end=\"52\"><strong data-start=\"0\" data-end=\"52\">Ensemble de 2 verres RIEDEL Resort Double Rocks<\/strong><\/p>\n<p data-start=\"54\" data-end=\"429\">D\u00e9couvrez le luxe et la fonctionnalit\u00e9 avec le verre RIEDEL Resort Double Rocks, issu de la collection innovante alliant \u00e9l\u00e9gance, robustesse et praticit\u00e9. Fabriqu\u00e9 en Eastman Tritan\u2122 incassable, ce verre est id\u00e9al pour une utilisation en ext\u00e9rieur, au bord de la piscine ou dans les spas, offrant la brillance et la clart\u00e9 du cristal sans risque de casse.<\/p>\n<p data-start=\"431\" data-end=\"709\">Avec une capacit\u00e9 de 411 ml, une hauteur de 103 mm et un diam\u00e8tre de 83 mm, ce verre est parfait en toute occasion. Sa conception empilable facilite son transport et son stockage, tandis que sa durabilit\u00e9 et sa s\u00e9curit\u00e9 alimentaire (sans BPA) en font un choix fiable.<\/p>\n<p data-start=\"711\" data-end=\"1021\">La collection RIEDEL Resort allie le design fonctionnel des verres Drink Specific, cr\u00e9\u00e9s par Zane Harris, \u00e0 la durabilit\u00e9 du mat\u00e9riau Tritan\u2122. Id\u00e9al pour ceux qui recherchent une exp\u00e9rience en plein air \u00e9l\u00e9gante et s\u00fbre, Double Rocks est l&#8217;accessoire id\u00e9al pour toutes vos r\u00e9unions, toasts ou moments de d\u00e9tente.<\/p>\n<p data-start=\"1023\" data-end=\"1056\"><strong data-start=\"1023\" data-end=\"1056\">Caract\u00e9ristiques du produit\u00a0:<\/strong><\/p>\n<ul data-start=\"1057\" data-end=\"1403\">\n<li data-start=\"1057\" data-end=\"1102\">Lot de 2 verres RIEDEL Resort Double Rocks<\/li>\n<li data-start=\"1103\" data-end=\"1190\">Fabriqu\u00e9 en Tritan\u2122 incassable d&#8217;Eastman, de qualit\u00e9 alimentaire et sans BPA<\/li>\n<li data-start=\"1191\" data-end=\"1249\">Clart\u00e9 et brillance exceptionnelles, r\u00e9sistant \u00e0 la casse<\/li>\n<li data-start=\"1250\" data-end=\"1294\">Conception empilable pour un rangement pratique<\/li>\n<li data-start=\"1295\" data-end=\"1350\">Passe au lave-vaisselle pour un entretien facile<\/li>\n<\/ul>\n<p data-start=\"1405\" data-end=\"1578\" data-is-last-node=\"\" data-is-only-node=\"\">Ajoutez une touche de luxe et de durabilit\u00e9 \u00e0 vos moments en plein air avec l&#8217;ensemble RIEDEL Resort Double Rocks, parfait pour toutes les occasions \u00e9l\u00e9gantes et pratiques.<\/p>\n","protected":false},"excerpt":{"rendered":"<p>Ensemble de 2 verres RIEDEL Resort Double Rocks D\u00e9couvrez le luxe et la fonctionnalit\u00e9 avec le verre RIEDEL Resort Double<\/p>\n","protected":false},"featured_media":481670,"template":"","meta":{"_acf_changed":false,"inline_featured_image":false},"product_cat":[12782,12784],"product_tag":[25086,23910,14413,25021,21821,12826,15730,22555],"acf":[],"yoast_head":"<!-- This site is optimized with the Yoast SEO Premium plugin v18.6 (Yoast SEO v19.13) - https:\/\/yoast.com\/wordpress\/plugins\/seo\/ -->\n<title>RIEDEL Resort Double Rocks - Erresse Shop<\/title>\n<meta name=\"description\" content=\"Ensemble de 2 verres RIEDEL Resort Double Rocks D\u00e9couvrez le luxe et la fonctionnalit\u00e9 avec le verre RIEDEL Resort Double Rocks, issu de la collection\" \/>\n<meta name=\"robots\" content=\"index, follow, max-snippet:-1, max-image-preview:large, max-video-preview:-1\" \/>\n<link rel=\"canonical\" href=\"https:\/\/www.erresse-shop.it\/fr\/shop\/table-fr-2\/verres\/riedel-resort-double-rocks\/\" \/>\n<meta property=\"og:locale\" content=\"fr_FR\" \/>\n<meta property=\"og:type\" content=\"article\" \/>\n<meta property=\"og:title\" content=\"RIEDEL Resort Double Rocks\" \/>\n<meta property=\"og:description\" content=\"Ensemble de 2 verres RIEDEL Resort Double Rocks D\u00e9couvrez le luxe et la fonctionnalit\u00e9 avec le verre RIEDEL Resort Double Rocks, issu de la collection\" \/>\n<meta property=\"og:url\" content=\"https:\/\/www.erresse-shop.it\/fr\/shop\/table-fr-2\/verres\/riedel-resort-double-rocks\/\" \/>\n<meta property=\"og:site_name\" content=\"Erresse Shop\" \/>\n<meta property=\"article:modified_time\" content=\"2026-02-17T10:30:21+00:00\" \/>\n<meta property=\"og:image\" content=\"https:\/\/www.erresse-shop.it\/wp-content\/uploads\/2025\/03\/RIEDEL-Resort-Double-Rocks.jpg\" \/>\n\t<meta property=\"og:image:width\" content=\"1200\" \/>\n\t<meta property=\"og:image:height\" content=\"1200\" \/>\n\t<meta property=\"og:image:type\" content=\"image\/jpeg\" \/>\n<meta name=\"twitter:card\" content=\"summary_large_image\" \/>\n<script type=\"application\/ld+json\" class=\"yoast-schema-graph\">{\"@context\":\"https:\/\/schema.org\",\"@graph\":[{\"@type\":\"WebPage\",\"@id\":\"https:\/\/www.erresse-shop.it\/fr\/shop\/table-fr-2\/verres\/riedel-resort-double-rocks\/\",\"url\":\"https:\/\/www.erresse-shop.it\/fr\/shop\/table-fr-2\/verres\/riedel-resort-double-rocks\/\",\"name\":\"RIEDEL Resort Double Rocks - Erresse Shop\",\"isPartOf\":{\"@id\":\"https:\/\/www.erresse-shop.it\/fr\/#website\"},\"datePublished\":\"2025-03-20T09:27:43+00:00\",\"dateModified\":\"2026-02-17T10:30:21+00:00\",\"description\":\"Ensemble de 2 verres RIEDEL Resort Double Rocks D\u00e9couvrez le luxe et la fonctionnalit\u00e9 avec le verre RIEDEL Resort Double Rocks, issu de la collection\",\"breadcrumb\":{\"@id\":\"https:\/\/www.erresse-shop.it\/fr\/shop\/table-fr-2\/verres\/riedel-resort-double-rocks\/#breadcrumb\"},\"inLanguage\":\"fr-FR\",\"potentialAction\":[{\"@type\":\"ReadAction\",\"target\":[\"https:\/\/www.erresse-shop.it\/fr\/shop\/table-fr-2\/verres\/riedel-resort-double-rocks\/\"]}]},{\"@type\":\"BreadcrumbList\",\"@id\":\"https:\/\/www.erresse-shop.it\/fr\/shop\/table-fr-2\/verres\/riedel-resort-double-rocks\/#breadcrumb\",\"itemListElement\":[{\"@type\":\"ListItem\",\"position\":1,\"name\":\"Home\",\"item\":\"https:\/\/www.erresse-shop.it\/fr\/\"},{\"@type\":\"ListItem\",\"position\":2,\"name\":\"Shop\",\"item\":\"https:\/\/www.erresse-shop.it\/fr\/shop\/\"},{\"@type\":\"ListItem\",\"position\":3,\"name\":\"RIEDEL Resort Double Rocks\"}]},{\"@type\":\"WebSite\",\"@id\":\"https:\/\/www.erresse-shop.it\/fr\/#website\",\"url\":\"https:\/\/www.erresse-shop.it\/fr\/\",\"name\":\"Erresse Shop\",\"description\":\"Articoli di qualit\u00e0 per la casa\",\"potentialAction\":[{\"@type\":\"SearchAction\",\"target\":{\"@type\":\"EntryPoint\",\"urlTemplate\":\"https:\/\/www.erresse-shop.it\/fr\/?s={search_term_string}\"},\"query-input\":\"required name=search_term_string\"}],\"inLanguage\":\"fr-FR\"}]}<\/script>\n<!-- \/ Yoast SEO Premium plugin. -->","yoast_head_json":{"title":"RIEDEL Resort Double Rocks - Erresse Shop","description":"Ensemble de 2 verres RIEDEL Resort Double Rocks D\u00e9couvrez le luxe et la fonctionnalit\u00e9 avec le verre RIEDEL Resort Double Rocks, issu de la collection","robots":{"index":"index","follow":"follow","max-snippet":"max-snippet:-1","max-image-preview":"max-image-preview:large","max-video-preview":"max-video-preview:-1"},"canonical":"https:\/\/www.erresse-shop.it\/fr\/shop\/table-fr-2\/verres\/riedel-resort-double-rocks\/","og_locale":"fr_FR","og_type":"article","og_title":"RIEDEL Resort Double Rocks","og_description":"Ensemble de 2 verres RIEDEL Resort Double Rocks D\u00e9couvrez le luxe et la fonctionnalit\u00e9 avec le verre RIEDEL Resort Double Rocks, issu de la collection","og_url":"https:\/\/www.erresse-shop.it\/fr\/shop\/table-fr-2\/verres\/riedel-resort-double-rocks\/","og_site_name":"Erresse Shop","article_modified_time":"2026-02-17T10:30:21+00:00","og_image":[{"width":1200,"height":1200,"url":"https:\/\/www.erresse-shop.it\/wp-content\/uploads\/2025\/03\/RIEDEL-Resort-Double-Rocks.jpg","type":"image\/jpeg"}],"twitter_card":"summary_large_image","schema":{"@context":"https:\/\/schema.org","@graph":[{"@type":"WebPage","@id":"https:\/\/www.erresse-shop.it\/fr\/shop\/table-fr-2\/verres\/riedel-resort-double-rocks\/","url":"https:\/\/www.erresse-shop.it\/fr\/shop\/table-fr-2\/verres\/riedel-resort-double-rocks\/","name":"RIEDEL Resort Double Rocks - Erresse Shop","isPartOf":{"@id":"https:\/\/www.erresse-shop.it\/fr\/#website"},"datePublished":"2025-03-20T09:27:43+00:00","dateModified":"2026-02-17T10:30:21+00:00","description":"Ensemble de 2 verres RIEDEL Resort Double Rocks D\u00e9couvrez le luxe et la fonctionnalit\u00e9 avec le verre RIEDEL Resort Double Rocks, issu de la collection","breadcrumb":{"@id":"https:\/\/www.erresse-shop.it\/fr\/shop\/table-fr-2\/verres\/riedel-resort-double-rocks\/#breadcrumb"},"inLanguage":"fr-FR","potentialAction":[{"@type":"ReadAction","target":["https:\/\/www.erresse-shop.it\/fr\/shop\/table-fr-2\/verres\/riedel-resort-double-rocks\/"]}]},{"@type":"BreadcrumbList","@id":"https:\/\/www.erresse-shop.it\/fr\/shop\/table-fr-2\/verres\/riedel-resort-double-rocks\/#breadcrumb","itemListElement":[{"@type":"ListItem","position":1,"name":"Home","item":"https:\/\/www.erresse-shop.it\/fr\/"},{"@type":"ListItem","position":2,"name":"Shop","item":"https:\/\/www.erresse-shop.it\/fr\/shop\/"},{"@type":"ListItem","position":3,"name":"RIEDEL Resort Double Rocks"}]},{"@type":"WebSite","@id":"https:\/\/www.erresse-shop.it\/fr\/#website","url":"https:\/\/www.erresse-shop.it\/fr\/","name":"Erresse Shop","description":"Articoli di qualit\u00e0 per la casa","potentialAction":[{"@type":"SearchAction","target":{"@type":"EntryPoint","urlTemplate":"https:\/\/www.erresse-shop.it\/fr\/?s={search_term_string}"},"query-input":"required name=search_term_string"}],"inLanguage":"fr-FR"}]}},"df_price":20.25,"df_sale_price":20.25,"df_regular_price":45,"df_image_link":"https:\/\/www.erresse-shop.it\/wp-content\/uploads\/2025\/03\/RIEDEL-Resort-Double-Rocks-300x300.jpg","_links":{"self":[{"href":"https:\/\/www.erresse-shop.it\/fr\/wp-json\/wp\/v2\/product\/481641"}],"collection":[{"href":"https:\/\/www.erresse-shop.it\/fr\/wp-json\/wp\/v2\/product"}],"about":[{"href":"https:\/\/www.erresse-shop.it\/fr\/wp-json\/wp\/v2\/types\/product"}],"wp:featuredmedia":[{"embeddable":true,"href":"https:\/\/www.erresse-shop.it\/fr\/wp-json\/wp\/v2\/media\/481670"}],"wp:attachment":[{"href":"https:\/\/www.erresse-shop.it\/fr\/wp-json\/wp\/v2\/media?parent=481641"}],"wp:term":[{"taxonomy":"product_cat","embeddable":true,"href":"https:\/\/www.erresse-shop.it\/fr\/wp-json\/wp\/v2\/product_cat?post=481641"},{"taxonomy":"product_tag","embeddable":true,"href":"https:\/\/www.erresse-shop.it\/fr\/wp-json\/wp\/v2\/product_tag?post=481641"}],"curies":[{"name":"wp","href":"https:\/\/api.w.org\/{rel}","templated":true}]}}