{"id":481566,"date":"2025-03-20T08:50:13","date_gmt":"2025-03-20T08:50:29","guid":{"rendered":"https:\/\/www.erresse-shop.it\/?post_type=product&#038;p=481566"},"modified":"2026-02-17T10:34:58","modified_gmt":"2026-02-17T10:34:58","slug":"riedel-ouverture-verres-a-biere","status":"publish","type":"product","link":"https:\/\/www.erresse-shop.it\/fr\/shop\/table-fr-2\/verres\/riedel-ouverture-verres-a-biere\/","title":{"rendered":"RIEDEL Ouverture Verres \u00e0 bi\u00e8re"},"content":{"rendered":"<article class=\"group\/turn w-full text-token-text-primary focus-visible:outline-2 focus-visible:outline-offset-[-4px]\" dir=\"auto\" tabindex=\"-1\" data-testid=\"conversation-turn-10\" data-scroll-anchor=\"true\">\n<div class=\"text-base my-auto mx-auto py-[18px] px-6\">\n<div class=\"mx-auto flex flex-1 text-base gap-4 md:gap-5 lg:gap-6 md:max-w-3xl\">\n<div class=\"group\/conversation-turn relative flex w-full min-w-0 flex-col agent-turn @xs\/thread:px-0 @sm\/thread:px-1.5 @md\/thread:px-4\">\n<div class=\"flex-col gap-1 md:gap-3\">\n<div class=\"flex max-w-full flex-col flex-grow\">\n<div class=\"min-h-8 text-message relative flex w-full flex-col items-end gap-2 whitespace-normal break-words text-start [.text-message+&amp;]:mt-5\" dir=\"auto\" data-message-author-role=\"assistant\" data-message-id=\"8f2a676c-74ea-4120-a2ff-e9546a300ccf\" data-message-model-slug=\"gpt-4o-mini\">\n<div class=\"flex w-full flex-col gap-1 empty:hidden first:pt-[3px]\">\n<div class=\"markdown prose w-full break-words dark:prose-invert dark\">\n<p data-start=\"0\" data-end=\"53\"><strong data-start=\"0\" data-end=\"53\">Ensemble de verres \u00e0 bi\u00e8re RIEDEL Ouverture \u2013 2 pi\u00e8ces<\/strong><\/p>\n<p data-start=\"55\" data-end=\"422\">Am\u00e9liorez votre exp\u00e9rience gustative avec le verre \u00e0 bi\u00e8re RIEDEL Ouverture, id\u00e9al pour r\u00e9v\u00e9ler la couleur, d\u00e9velopper les ar\u00f4mes et prolonger la sensation en bouche. Sa forme tulipe capture toute la palette aromatique de la bi\u00e8re, dissipe l&#8217;exc\u00e8s de carbonatation et contribue \u00e0 maintenir la mousse, sublimant chaque gorg\u00e9e.<\/p>\n<p data-start=\"424\" data-end=\"713\">Issu de la s\u00e9rie RIEDEL Ouverture, ce verre est con\u00e7u pour ceux qui recherchent la qualit\u00e9 sans se limiter \u00e0 un seul c\u00e9page. Ouverture propose des verres polyvalents pour le vin, la bi\u00e8re et les spiritueux, tous fabriqu\u00e9s en cristal clair, pour une d\u00e9gustation parfaite \u00e0 chaque fois.<\/p>\n<p data-start=\"715\" data-end=\"748\"><strong data-start=\"715\" data-end=\"748\">Caract\u00e9ristiques du produit\u00a0:<\/strong><\/p>\n<ul data-start=\"749\" data-end=\"1118\">\n<li data-start=\"749\" data-end=\"804\">Lot de 2 verres \u00e0 bi\u00e8re RIEDEL Ouverture<\/li>\n<li data-start=\"805\" data-end=\"884\">Forme tulipe pour capturer les ar\u00f4mes et prolonger la sensation en bouche<\/li>\n<li data-start=\"885\" data-end=\"938\">Fabriqu\u00e9 en cristal clair de haute qualit\u00e9<\/li>\n<li data-start=\"939\" data-end=\"988\">Fabriqu\u00e9 \u00e0 la machine pour une pr\u00e9cision irr\u00e9prochable<\/li>\n<li data-start=\"989\" data-end=\"1044\">Compatible lave-vaisselle pour un entretien facile.<\/li>\n<li data-start=\"1045\" data-end=\"1118\">Parfait pour ceux qui recherchent des verres polyvalents pour la bi\u00e8re, le vin et les spiritueux.<\/li>\n<\/ul>\n<p data-start=\"1120\" data-end=\"1254\" data-is-last-node=\"\" data-is-only-node=\"\">Ajoutez le service RIEDEL Ouverture \u00e0 votre collection pour d\u00e9guster bi\u00e8re, vin et spiritueux avec un confort et une qualit\u00e9 optimaux.<\/p>\n<\/div>\n<\/div>\n<\/div>\n<\/div>\n<\/div>\n<\/div>\n<\/div>\n<\/div>\n<\/article>\n<p data-start=\"1366\" data-end=\"1628\" data-is-last-node=\"\" data-is-only-node=\"\">Capacit\u00e9\u00a0: 500,0\u00a0cm\u00b3<br \/>\nHauteur\u00a0: 170,0\u00a0mm<\/p>\n","protected":false},"excerpt":{"rendered":"<p>Ensemble de verres \u00e0 bi\u00e8re RIEDEL Ouverture \u2013 2 pi\u00e8ces Am\u00e9liorez votre exp\u00e9rience gustative avec le verre \u00e0 bi\u00e8re RIEDEL<\/p>\n","protected":false},"featured_media":481589,"template":"","meta":{"_acf_changed":false,"inline_featured_image":false},"product_cat":[12782,12784],"product_tag":[25086,23910,15668,14413,25021,17758,21821,12826,15730,22555],"acf":[],"yoast_head":"<!-- This site is optimized with the Yoast SEO Premium plugin v18.6 (Yoast SEO v19.13) - https:\/\/yoast.com\/wordpress\/plugins\/seo\/ -->\n<title>RIEDEL Ouverture Verres \u00e0 bi\u00e8re - Erresse Shop<\/title>\n<meta name=\"description\" content=\"Ensemble de verres \u00e0 bi\u00e8re RIEDEL Ouverture \u2013 2 pi\u00e8ces Am\u00e9liorez votre exp\u00e9rience gustative avec le verre \u00e0 bi\u00e8re RIEDEL Ouverture, id\u00e9al pour r\u00e9v\u00e9ler la\" \/>\n<meta name=\"robots\" content=\"index, follow, max-snippet:-1, max-image-preview:large, max-video-preview:-1\" \/>\n<link rel=\"canonical\" href=\"https:\/\/www.erresse-shop.it\/fr\/shop\/table-fr-2\/verres\/riedel-ouverture-verres-a-biere\/\" \/>\n<meta property=\"og:locale\" content=\"fr_FR\" \/>\n<meta property=\"og:type\" content=\"article\" \/>\n<meta property=\"og:title\" content=\"RIEDEL Ouverture Verres \u00e0 bi\u00e8re\" \/>\n<meta property=\"og:description\" content=\"Ensemble de verres \u00e0 bi\u00e8re RIEDEL Ouverture \u2013 2 pi\u00e8ces Am\u00e9liorez votre exp\u00e9rience gustative avec le verre \u00e0 bi\u00e8re RIEDEL Ouverture, id\u00e9al pour r\u00e9v\u00e9ler la\" \/>\n<meta property=\"og:url\" content=\"https:\/\/www.erresse-shop.it\/fr\/shop\/table-fr-2\/verres\/riedel-ouverture-verres-a-biere\/\" \/>\n<meta property=\"og:site_name\" content=\"Erresse Shop\" \/>\n<meta property=\"article:modified_time\" content=\"2026-02-17T10:34:58+00:00\" \/>\n<meta property=\"og:image\" content=\"https:\/\/www.erresse-shop.it\/wp-content\/uploads\/2025\/03\/RIEDEL-Ouverture-Bicchieri-Birra.jpg\" \/>\n\t<meta property=\"og:image:width\" content=\"1200\" \/>\n\t<meta property=\"og:image:height\" content=\"1200\" \/>\n\t<meta property=\"og:image:type\" content=\"image\/jpeg\" \/>\n<meta name=\"twitter:card\" content=\"summary_large_image\" \/>\n<script type=\"application\/ld+json\" class=\"yoast-schema-graph\">{\"@context\":\"https:\/\/schema.org\",\"@graph\":[{\"@type\":\"WebPage\",\"@id\":\"https:\/\/www.erresse-shop.it\/fr\/shop\/table-fr-2\/verres\/riedel-ouverture-verres-a-biere\/\",\"url\":\"https:\/\/www.erresse-shop.it\/fr\/shop\/table-fr-2\/verres\/riedel-ouverture-verres-a-biere\/\",\"name\":\"RIEDEL Ouverture Verres \u00e0 bi\u00e8re - Erresse Shop\",\"isPartOf\":{\"@id\":\"https:\/\/www.erresse-shop.it\/fr\/#website\"},\"datePublished\":\"2025-03-20T08:50:29+00:00\",\"dateModified\":\"2026-02-17T10:34:58+00:00\",\"description\":\"Ensemble de verres \u00e0 bi\u00e8re RIEDEL Ouverture \u2013 2 pi\u00e8ces Am\u00e9liorez votre exp\u00e9rience gustative avec le verre \u00e0 bi\u00e8re RIEDEL Ouverture, id\u00e9al pour r\u00e9v\u00e9ler la\",\"breadcrumb\":{\"@id\":\"https:\/\/www.erresse-shop.it\/fr\/shop\/table-fr-2\/verres\/riedel-ouverture-verres-a-biere\/#breadcrumb\"},\"inLanguage\":\"fr-FR\",\"potentialAction\":[{\"@type\":\"ReadAction\",\"target\":[\"https:\/\/www.erresse-shop.it\/fr\/shop\/table-fr-2\/verres\/riedel-ouverture-verres-a-biere\/\"]}]},{\"@type\":\"BreadcrumbList\",\"@id\":\"https:\/\/www.erresse-shop.it\/fr\/shop\/table-fr-2\/verres\/riedel-ouverture-verres-a-biere\/#breadcrumb\",\"itemListElement\":[{\"@type\":\"ListItem\",\"position\":1,\"name\":\"Home\",\"item\":\"https:\/\/www.erresse-shop.it\/fr\/\"},{\"@type\":\"ListItem\",\"position\":2,\"name\":\"Shop\",\"item\":\"https:\/\/www.erresse-shop.it\/fr\/shop\/\"},{\"@type\":\"ListItem\",\"position\":3,\"name\":\"RIEDEL Ouverture Verres \u00e0 bi\u00e8re\"}]},{\"@type\":\"WebSite\",\"@id\":\"https:\/\/www.erresse-shop.it\/fr\/#website\",\"url\":\"https:\/\/www.erresse-shop.it\/fr\/\",\"name\":\"Erresse Shop\",\"description\":\"Articoli di qualit\u00e0 per la casa\",\"potentialAction\":[{\"@type\":\"SearchAction\",\"target\":{\"@type\":\"EntryPoint\",\"urlTemplate\":\"https:\/\/www.erresse-shop.it\/fr\/?s={search_term_string}\"},\"query-input\":\"required name=search_term_string\"}],\"inLanguage\":\"fr-FR\"}]}<\/script>\n<!-- \/ Yoast SEO Premium plugin. -->","yoast_head_json":{"title":"RIEDEL Ouverture Verres \u00e0 bi\u00e8re - Erresse Shop","description":"Ensemble de verres \u00e0 bi\u00e8re RIEDEL Ouverture \u2013 2 pi\u00e8ces Am\u00e9liorez votre exp\u00e9rience gustative avec le verre \u00e0 bi\u00e8re RIEDEL Ouverture, id\u00e9al pour r\u00e9v\u00e9ler la","robots":{"index":"index","follow":"follow","max-snippet":"max-snippet:-1","max-image-preview":"max-image-preview:large","max-video-preview":"max-video-preview:-1"},"canonical":"https:\/\/www.erresse-shop.it\/fr\/shop\/table-fr-2\/verres\/riedel-ouverture-verres-a-biere\/","og_locale":"fr_FR","og_type":"article","og_title":"RIEDEL Ouverture Verres \u00e0 bi\u00e8re","og_description":"Ensemble de verres \u00e0 bi\u00e8re RIEDEL Ouverture \u2013 2 pi\u00e8ces Am\u00e9liorez votre exp\u00e9rience gustative avec le verre \u00e0 bi\u00e8re RIEDEL Ouverture, id\u00e9al pour r\u00e9v\u00e9ler la","og_url":"https:\/\/www.erresse-shop.it\/fr\/shop\/table-fr-2\/verres\/riedel-ouverture-verres-a-biere\/","og_site_name":"Erresse Shop","article_modified_time":"2026-02-17T10:34:58+00:00","og_image":[{"width":1200,"height":1200,"url":"https:\/\/www.erresse-shop.it\/wp-content\/uploads\/2025\/03\/RIEDEL-Ouverture-Bicchieri-Birra.jpg","type":"image\/jpeg"}],"twitter_card":"summary_large_image","schema":{"@context":"https:\/\/schema.org","@graph":[{"@type":"WebPage","@id":"https:\/\/www.erresse-shop.it\/fr\/shop\/table-fr-2\/verres\/riedel-ouverture-verres-a-biere\/","url":"https:\/\/www.erresse-shop.it\/fr\/shop\/table-fr-2\/verres\/riedel-ouverture-verres-a-biere\/","name":"RIEDEL Ouverture Verres \u00e0 bi\u00e8re - Erresse Shop","isPartOf":{"@id":"https:\/\/www.erresse-shop.it\/fr\/#website"},"datePublished":"2025-03-20T08:50:29+00:00","dateModified":"2026-02-17T10:34:58+00:00","description":"Ensemble de verres \u00e0 bi\u00e8re RIEDEL Ouverture \u2013 2 pi\u00e8ces Am\u00e9liorez votre exp\u00e9rience gustative avec le verre \u00e0 bi\u00e8re RIEDEL Ouverture, id\u00e9al pour r\u00e9v\u00e9ler la","breadcrumb":{"@id":"https:\/\/www.erresse-shop.it\/fr\/shop\/table-fr-2\/verres\/riedel-ouverture-verres-a-biere\/#breadcrumb"},"inLanguage":"fr-FR","potentialAction":[{"@type":"ReadAction","target":["https:\/\/www.erresse-shop.it\/fr\/shop\/table-fr-2\/verres\/riedel-ouverture-verres-a-biere\/"]}]},{"@type":"BreadcrumbList","@id":"https:\/\/www.erresse-shop.it\/fr\/shop\/table-fr-2\/verres\/riedel-ouverture-verres-a-biere\/#breadcrumb","itemListElement":[{"@type":"ListItem","position":1,"name":"Home","item":"https:\/\/www.erresse-shop.it\/fr\/"},{"@type":"ListItem","position":2,"name":"Shop","item":"https:\/\/www.erresse-shop.it\/fr\/shop\/"},{"@type":"ListItem","position":3,"name":"RIEDEL Ouverture Verres \u00e0 bi\u00e8re"}]},{"@type":"WebSite","@id":"https:\/\/www.erresse-shop.it\/fr\/#website","url":"https:\/\/www.erresse-shop.it\/fr\/","name":"Erresse Shop","description":"Articoli di qualit\u00e0 per la casa","potentialAction":[{"@type":"SearchAction","target":{"@type":"EntryPoint","urlTemplate":"https:\/\/www.erresse-shop.it\/fr\/?s={search_term_string}"},"query-input":"required name=search_term_string"}],"inLanguage":"fr-FR"}]}},"df_price":19.95,"df_sale_price":19.95,"df_regular_price":24.9,"df_image_link":"https:\/\/www.erresse-shop.it\/wp-content\/uploads\/2025\/03\/RIEDEL-Ouverture-Bicchieri-Birra-300x300.jpg","_links":{"self":[{"href":"https:\/\/www.erresse-shop.it\/fr\/wp-json\/wp\/v2\/product\/481566"}],"collection":[{"href":"https:\/\/www.erresse-shop.it\/fr\/wp-json\/wp\/v2\/product"}],"about":[{"href":"https:\/\/www.erresse-shop.it\/fr\/wp-json\/wp\/v2\/types\/product"}],"wp:featuredmedia":[{"embeddable":true,"href":"https:\/\/www.erresse-shop.it\/fr\/wp-json\/wp\/v2\/media\/481589"}],"wp:attachment":[{"href":"https:\/\/www.erresse-shop.it\/fr\/wp-json\/wp\/v2\/media?parent=481566"}],"wp:term":[{"taxonomy":"product_cat","embeddable":true,"href":"https:\/\/www.erresse-shop.it\/fr\/wp-json\/wp\/v2\/product_cat?post=481566"},{"taxonomy":"product_tag","embeddable":true,"href":"https:\/\/www.erresse-shop.it\/fr\/wp-json\/wp\/v2\/product_tag?post=481566"}],"curies":[{"name":"wp","href":"https:\/\/api.w.org\/{rel}","templated":true}]}}