{"id":481485,"date":"2025-03-20T08:19:59","date_gmt":"2025-03-20T08:20:23","guid":{"rendered":"https:\/\/www.erresse-shop.it\/?post_type=product&#038;p=481485"},"modified":"2026-02-17T10:39:46","modified_gmt":"2026-02-17T10:39:46","slug":"riedel-veritas-pay-3-get-4-old-world-pinot-noir","status":"publish","type":"product","link":"https:\/\/www.erresse-shop.it\/fr\/shop\/table-fr-2\/verres\/riedel-veritas-pay-3-get-4-old-world-pinot-noir\/","title":{"rendered":"RIEDEL Veritas Pay 3 Get 4 Old World Pinot Noir"},"content":{"rendered":"<article class=\"group\/turn w-full text-token-text-primary focus-visible:outline-2 focus-visible:outline-offset-[-4px]\" dir=\"auto\" tabindex=\"-1\" data-testid=\"conversation-turn-10\" data-scroll-anchor=\"true\">\n<div class=\"text-base my-auto mx-auto py-[18px] px-6\">\n<div class=\"mx-auto flex flex-1 text-base gap-4 md:gap-5 lg:gap-6 md:max-w-3xl\">\n<div class=\"group\/conversation-turn relative flex w-full min-w-0 flex-col agent-turn @xs\/thread:px-0 @sm\/thread:px-1.5 @md\/thread:px-4\">\n<div class=\"flex-col gap-1 md:gap-3\">\n<div class=\"flex max-w-full flex-col flex-grow\">\n<div class=\"min-h-8 text-message relative flex w-full flex-col items-end gap-2 whitespace-normal break-words text-start [.text-message+&amp;]:mt-5\" dir=\"auto\" data-message-author-role=\"assistant\" data-message-id=\"8f2a676c-74ea-4120-a2ff-e9546a300ccf\" data-message-model-slug=\"gpt-4o-mini\">\n<div class=\"flex w-full flex-col gap-1 empty:hidden first:pt-[3px]\">\n<div class=\"markdown prose w-full break-words dark:prose-invert dark\">\n<p data-start=\"0\" data-end=\"76\"><strong data-start=\"0\" data-end=\"76\">Coffret RIEDEL Veritas Pinot Noir Old World \u2013 4 verres au prix de 3<\/strong><\/p>\n<p data-start=\"78\" data-end=\"515\">Le verre RIEDEL Pinot Noir Old World est id\u00e9al pour les vins rouges l\u00e9gers, \u00e0 l&#8217;acidit\u00e9 \u00e9lev\u00e9e et aux tanins mod\u00e9r\u00e9s. La forme ballon de sa coupe est con\u00e7ue pour sublimer les notes fruit\u00e9es et mod\u00e9rer l&#8217;acidit\u00e9, permettant ainsi aux nuances aromatiques du vin de s&#8217;exprimer pleinement. Parfait pour le Pinot Noir et autres vins rouges \u00e9l\u00e9gants, ce verre sublime chaque d\u00e9tail du bouquet.<\/p>\n<p data-start=\"517\" data-end=\"887\">Issu de la s\u00e9rie RIEDEL Veritas, lanc\u00e9e en 2014, ce verre est le fruit d&#8217;une recherche continue en mati\u00e8re d&#8217;innovation dans le domaine du verre \u00e0 vin. Cr\u00e9\u00e9 par Georg J. Riedel, membre de la dixi\u00e8me g\u00e9n\u00e9ration de cette famille historique, ce mod\u00e8le est con\u00e7u pour \u00eatre visuellement \u00e9poustouflant, confortable \u00e0 tenir et \u00e0 un prix comp\u00e9titif, garantissant une exp\u00e9rience de d\u00e9gustation unique.<\/p>\n<p data-start=\"889\" data-end=\"922\"><strong data-start=\"889\" data-end=\"922\">Caract\u00e9ristiques du produit\u00a0:<\/strong><\/p>\n<ul data-start=\"923\" data-end=\"1349\">\n<li data-start=\"923\" data-end=\"1025\">Coffret de 4 verres \u00e0 Pinot Noir RIEDEL Veritas Old World (4 pour le prix de 3)<\/li>\n<li data-start=\"1026\" data-end=\"1096\">Id\u00e9al pour les vins rouges l\u00e9gers \u00e0 forte acidit\u00e9 et aux tanins mod\u00e9r\u00e9s<\/li>\n<li data-start=\"1097\" data-end=\"1150\">Fabriqu\u00e9 en cristal clair de haute qualit\u00e9<\/li>\n<li data-start=\"1151\" data-end=\"1200\">Fabriqu\u00e9 \u00e0 la machine pour une pr\u00e9cision irr\u00e9prochable<\/li>\n<li data-start=\"1201\" data-end=\"1246\">Facile \u00e0 nettoyer\u00a0: passe au lave-vaisselle<\/li>\n<li data-start=\"1247\" data-end=\"1349\"><strong data-start=\"1249\" data-end=\"1260\">Premium<\/strong>\u00a0: verre souffl\u00e9 \u00e0 la machine pour une pr\u00e9cision sup\u00e9rieure \u00e0 celle du verre artisanal<\/li>\n<\/ul>\n<p data-start=\"1351\" data-end=\"1553\" data-is-last-node=\"\" data-is-only-node=\"\">Ajoutez ce coffret RIEDEL Veritas \u00e0 votre collection pour sublimer la d\u00e9gustation de vos vins rouges pr\u00e9f\u00e9r\u00e9s. Profitez de cette offre avantageuse et recevez 4 verres au prix de 3\u00a0!<\/p>\n<\/div>\n<\/div>\n<\/div>\n<\/div>\n<\/div>\n<\/div>\n<\/div>\n<\/div>\n<\/article>\n<p data-start=\"1366\" data-end=\"1628\" data-is-last-node=\"\" data-is-only-node=\"\">Capacit\u00e9\u00a0: 738,0\u00a0cm\u00b3<br \/>\nHauteur\u00a0: 235,0\u00a0mm<\/p>\n","protected":false},"excerpt":{"rendered":"<p>Coffret RIEDEL Veritas Pinot Noir Old World \u2013 4 verres au prix de 3 Le verre RIEDEL Pinot Noir Old<\/p>\n","protected":false},"featured_media":481514,"template":"","meta":{"_acf_changed":false,"inline_featured_image":false},"product_cat":[12782,12784],"product_tag":[25086,23910,15668,14413,25021,17758,21821,12826,15730,22555],"acf":[],"yoast_head":"<!-- This site is optimized with the Yoast SEO Premium plugin v18.6 (Yoast SEO v19.13) - https:\/\/yoast.com\/wordpress\/plugins\/seo\/ -->\n<title>RIEDEL Veritas Pay 3 Get 4 Old World Pinot Noir - Erresse Shop<\/title>\n<meta name=\"description\" content=\"Coffret RIEDEL Veritas Pinot Noir Old World \u2013 4 verres au prix de 3 Le verre RIEDEL Pinot Noir Old World est id\u00e9al pour les vins rouges l\u00e9gers, \u00e0\" \/>\n<meta name=\"robots\" content=\"index, follow, max-snippet:-1, max-image-preview:large, max-video-preview:-1\" \/>\n<link rel=\"canonical\" href=\"https:\/\/www.erresse-shop.it\/fr\/shop\/table-fr-2\/verres\/riedel-veritas-pay-3-get-4-old-world-pinot-noir\/\" \/>\n<meta property=\"og:locale\" content=\"fr_FR\" \/>\n<meta property=\"og:type\" content=\"article\" \/>\n<meta property=\"og:title\" content=\"RIEDEL Veritas Pay 3 Get 4 Old World Pinot Noir\" \/>\n<meta property=\"og:description\" content=\"Coffret RIEDEL Veritas Pinot Noir Old World \u2013 4 verres au prix de 3 Le verre RIEDEL Pinot Noir Old World est id\u00e9al pour les vins rouges l\u00e9gers, \u00e0\" \/>\n<meta property=\"og:url\" content=\"https:\/\/www.erresse-shop.it\/fr\/shop\/table-fr-2\/verres\/riedel-veritas-pay-3-get-4-old-world-pinot-noir\/\" \/>\n<meta property=\"og:site_name\" content=\"Erresse Shop\" \/>\n<meta property=\"article:modified_time\" content=\"2026-02-17T10:39:46+00:00\" \/>\n<meta property=\"og:image\" content=\"https:\/\/www.erresse-shop.it\/wp-content\/uploads\/2025\/03\/RIEDEL-Veritas-Pay-3-Get-4-Pinot-Nero-Vecchio-Mondo.jpg\" \/>\n\t<meta property=\"og:image:width\" content=\"1200\" \/>\n\t<meta property=\"og:image:height\" content=\"1200\" \/>\n\t<meta property=\"og:image:type\" content=\"image\/jpeg\" \/>\n<meta name=\"twitter:card\" content=\"summary_large_image\" \/>\n<script type=\"application\/ld+json\" class=\"yoast-schema-graph\">{\"@context\":\"https:\/\/schema.org\",\"@graph\":[{\"@type\":\"WebPage\",\"@id\":\"https:\/\/www.erresse-shop.it\/fr\/shop\/table-fr-2\/verres\/riedel-veritas-pay-3-get-4-old-world-pinot-noir\/\",\"url\":\"https:\/\/www.erresse-shop.it\/fr\/shop\/table-fr-2\/verres\/riedel-veritas-pay-3-get-4-old-world-pinot-noir\/\",\"name\":\"RIEDEL Veritas Pay 3 Get 4 Old World Pinot Noir - Erresse Shop\",\"isPartOf\":{\"@id\":\"https:\/\/www.erresse-shop.it\/fr\/#website\"},\"datePublished\":\"2025-03-20T08:20:23+00:00\",\"dateModified\":\"2026-02-17T10:39:46+00:00\",\"description\":\"Coffret RIEDEL Veritas Pinot Noir Old World \u2013 4 verres au prix de 3 Le verre RIEDEL Pinot Noir Old World est id\u00e9al pour les vins rouges l\u00e9gers, \u00e0\",\"breadcrumb\":{\"@id\":\"https:\/\/www.erresse-shop.it\/fr\/shop\/table-fr-2\/verres\/riedel-veritas-pay-3-get-4-old-world-pinot-noir\/#breadcrumb\"},\"inLanguage\":\"fr-FR\",\"potentialAction\":[{\"@type\":\"ReadAction\",\"target\":[\"https:\/\/www.erresse-shop.it\/fr\/shop\/table-fr-2\/verres\/riedel-veritas-pay-3-get-4-old-world-pinot-noir\/\"]}]},{\"@type\":\"BreadcrumbList\",\"@id\":\"https:\/\/www.erresse-shop.it\/fr\/shop\/table-fr-2\/verres\/riedel-veritas-pay-3-get-4-old-world-pinot-noir\/#breadcrumb\",\"itemListElement\":[{\"@type\":\"ListItem\",\"position\":1,\"name\":\"Home\",\"item\":\"https:\/\/www.erresse-shop.it\/fr\/\"},{\"@type\":\"ListItem\",\"position\":2,\"name\":\"Shop\",\"item\":\"https:\/\/www.erresse-shop.it\/fr\/shop\/\"},{\"@type\":\"ListItem\",\"position\":3,\"name\":\"RIEDEL Veritas Pay 3 Get 4 Old World Pinot Noir\"}]},{\"@type\":\"WebSite\",\"@id\":\"https:\/\/www.erresse-shop.it\/fr\/#website\",\"url\":\"https:\/\/www.erresse-shop.it\/fr\/\",\"name\":\"Erresse Shop\",\"description\":\"Articoli di qualit\u00e0 per la casa\",\"potentialAction\":[{\"@type\":\"SearchAction\",\"target\":{\"@type\":\"EntryPoint\",\"urlTemplate\":\"https:\/\/www.erresse-shop.it\/fr\/?s={search_term_string}\"},\"query-input\":\"required name=search_term_string\"}],\"inLanguage\":\"fr-FR\"}]}<\/script>\n<!-- \/ Yoast SEO Premium plugin. -->","yoast_head_json":{"title":"RIEDEL Veritas Pay 3 Get 4 Old World Pinot Noir - Erresse Shop","description":"Coffret RIEDEL Veritas Pinot Noir Old World \u2013 4 verres au prix de 3 Le verre RIEDEL Pinot Noir Old World est id\u00e9al pour les vins rouges l\u00e9gers, \u00e0","robots":{"index":"index","follow":"follow","max-snippet":"max-snippet:-1","max-image-preview":"max-image-preview:large","max-video-preview":"max-video-preview:-1"},"canonical":"https:\/\/www.erresse-shop.it\/fr\/shop\/table-fr-2\/verres\/riedel-veritas-pay-3-get-4-old-world-pinot-noir\/","og_locale":"fr_FR","og_type":"article","og_title":"RIEDEL Veritas Pay 3 Get 4 Old World Pinot Noir","og_description":"Coffret RIEDEL Veritas Pinot Noir Old World \u2013 4 verres au prix de 3 Le verre RIEDEL Pinot Noir Old World est id\u00e9al pour les vins rouges l\u00e9gers, \u00e0","og_url":"https:\/\/www.erresse-shop.it\/fr\/shop\/table-fr-2\/verres\/riedel-veritas-pay-3-get-4-old-world-pinot-noir\/","og_site_name":"Erresse Shop","article_modified_time":"2026-02-17T10:39:46+00:00","og_image":[{"width":1200,"height":1200,"url":"https:\/\/www.erresse-shop.it\/wp-content\/uploads\/2025\/03\/RIEDEL-Veritas-Pay-3-Get-4-Pinot-Nero-Vecchio-Mondo.jpg","type":"image\/jpeg"}],"twitter_card":"summary_large_image","schema":{"@context":"https:\/\/schema.org","@graph":[{"@type":"WebPage","@id":"https:\/\/www.erresse-shop.it\/fr\/shop\/table-fr-2\/verres\/riedel-veritas-pay-3-get-4-old-world-pinot-noir\/","url":"https:\/\/www.erresse-shop.it\/fr\/shop\/table-fr-2\/verres\/riedel-veritas-pay-3-get-4-old-world-pinot-noir\/","name":"RIEDEL Veritas Pay 3 Get 4 Old World Pinot Noir - Erresse Shop","isPartOf":{"@id":"https:\/\/www.erresse-shop.it\/fr\/#website"},"datePublished":"2025-03-20T08:20:23+00:00","dateModified":"2026-02-17T10:39:46+00:00","description":"Coffret RIEDEL Veritas Pinot Noir Old World \u2013 4 verres au prix de 3 Le verre RIEDEL Pinot Noir Old World est id\u00e9al pour les vins rouges l\u00e9gers, \u00e0","breadcrumb":{"@id":"https:\/\/www.erresse-shop.it\/fr\/shop\/table-fr-2\/verres\/riedel-veritas-pay-3-get-4-old-world-pinot-noir\/#breadcrumb"},"inLanguage":"fr-FR","potentialAction":[{"@type":"ReadAction","target":["https:\/\/www.erresse-shop.it\/fr\/shop\/table-fr-2\/verres\/riedel-veritas-pay-3-get-4-old-world-pinot-noir\/"]}]},{"@type":"BreadcrumbList","@id":"https:\/\/www.erresse-shop.it\/fr\/shop\/table-fr-2\/verres\/riedel-veritas-pay-3-get-4-old-world-pinot-noir\/#breadcrumb","itemListElement":[{"@type":"ListItem","position":1,"name":"Home","item":"https:\/\/www.erresse-shop.it\/fr\/"},{"@type":"ListItem","position":2,"name":"Shop","item":"https:\/\/www.erresse-shop.it\/fr\/shop\/"},{"@type":"ListItem","position":3,"name":"RIEDEL Veritas Pay 3 Get 4 Old World Pinot Noir"}]},{"@type":"WebSite","@id":"https:\/\/www.erresse-shop.it\/fr\/#website","url":"https:\/\/www.erresse-shop.it\/fr\/","name":"Erresse Shop","description":"Articoli di qualit\u00e0 per la casa","potentialAction":[{"@type":"SearchAction","target":{"@type":"EntryPoint","urlTemplate":"https:\/\/www.erresse-shop.it\/fr\/?s={search_term_string}"},"query-input":"required name=search_term_string"}],"inLanguage":"fr-FR"}]}},"df_price":39.825,"df_sale_price":39.825,"df_regular_price":88.5,"df_image_link":"https:\/\/www.erresse-shop.it\/wp-content\/uploads\/2025\/03\/RIEDEL-Veritas-Pay-3-Get-4-Pinot-Nero-Vecchio-Mondo-300x300.jpg","_links":{"self":[{"href":"https:\/\/www.erresse-shop.it\/fr\/wp-json\/wp\/v2\/product\/481485"}],"collection":[{"href":"https:\/\/www.erresse-shop.it\/fr\/wp-json\/wp\/v2\/product"}],"about":[{"href":"https:\/\/www.erresse-shop.it\/fr\/wp-json\/wp\/v2\/types\/product"}],"wp:featuredmedia":[{"embeddable":true,"href":"https:\/\/www.erresse-shop.it\/fr\/wp-json\/wp\/v2\/media\/481514"}],"wp:attachment":[{"href":"https:\/\/www.erresse-shop.it\/fr\/wp-json\/wp\/v2\/media?parent=481485"}],"wp:term":[{"taxonomy":"product_cat","embeddable":true,"href":"https:\/\/www.erresse-shop.it\/fr\/wp-json\/wp\/v2\/product_cat?post=481485"},{"taxonomy":"product_tag","embeddable":true,"href":"https:\/\/www.erresse-shop.it\/fr\/wp-json\/wp\/v2\/product_tag?post=481485"}],"curies":[{"name":"wp","href":"https:\/\/api.w.org\/{rel}","templated":true}]}}