{"id":481443,"date":"2025-03-20T08:05:03","date_gmt":"2025-03-20T08:05:09","guid":{"rendered":"https:\/\/www.erresse-shop.it\/?post_type=product&#038;p=481443"},"modified":"2026-02-17T10:42:25","modified_gmt":"2026-02-17T10:42:25","slug":"riedel-veritas-pay-3-get-4-verres-a-vin-a-champagne","status":"publish","type":"product","link":"https:\/\/www.erresse-shop.it\/fr\/shop\/table-fr-2\/verres\/riedel-veritas-pay-3-get-4-verres-a-vin-a-champagne\/","title":{"rendered":"RIEDEL Veritas Pay 3 Get 4 Verres \u00e0 vin \u00e0 champagne"},"content":{"rendered":"<article class=\"group\/turn w-full text-token-text-primary focus-visible:outline-2 focus-visible:outline-offset-[-4px]\" dir=\"auto\" tabindex=\"-1\" data-testid=\"conversation-turn-10\" data-scroll-anchor=\"true\">\n<div class=\"text-base my-auto mx-auto py-[18px] px-6\">\n<div class=\"mx-auto flex flex-1 text-base gap-4 md:gap-5 lg:gap-6 md:max-w-3xl\">\n<div class=\"group\/conversation-turn relative flex w-full min-w-0 flex-col agent-turn @xs\/thread:px-0 @sm\/thread:px-1.5 @md\/thread:px-4\">\n<div class=\"flex-col gap-1 md:gap-3\">\n<div class=\"flex max-w-full flex-col flex-grow\">\n<div class=\"min-h-8 text-message relative flex w-full flex-col items-end gap-2 whitespace-normal break-words text-start [.text-message+&amp;]:mt-5\" dir=\"auto\" data-message-author-role=\"assistant\" data-message-id=\"8f2a676c-74ea-4120-a2ff-e9546a300ccf\" data-message-model-slug=\"gpt-4o-mini\">\n<div class=\"flex w-full flex-col gap-1 empty:hidden first:pt-[3px]\">\n<div class=\"markdown prose w-full break-words dark:prose-invert dark\">\n<p data-start=\"0\" data-end=\"74\"><strong data-start=\"0\" data-end=\"74\">Coffret de fl\u00fbtes \u00e0 champagne RIEDEL Veritas \u2013 4 fl\u00fbtes au prix de 3<\/strong><\/p>\n<p data-start=\"76\" data-end=\"626\">Sublimez les bulles avec le verre \u00e0 champagne RIEDEL Veritas, con\u00e7u pour sublimer la complexit\u00e9 des champagnes et des vins effervescents. Gr\u00e2ce \u00e0 son design, ce verre permet aux ar\u00f4mes de se d\u00e9velopper et de s&#8217;intensifier, gr\u00e2ce \u00e0 son bord plus large qui lib\u00e8re les notes aromatiques de mani\u00e8re unique, plus large qu&#8217;un verre traditionnel. Le point de mousse favorise \u00e9galement la formation des bulles, accentuant l&#8217;effervescence et la fra\u00eecheur typiques des champagnes secs, frais et l\u00e9gers.<\/p>\n<p data-start=\"628\" data-end=\"995\">Issu de la s\u00e9rie r\u00e9volutionnaire RIEDEL Veritas, lanc\u00e9e en 2014, ce verre \u00e9tablit une fois de plus les normes d&#8217;excellence en mati\u00e8re de verrerie \u00e0 vin. Cr\u00e9\u00e9e par Georg J. Riedel, dixi\u00e8me g\u00e9n\u00e9ration de la famille historique, cette s\u00e9rie allie esth\u00e9tique, confort et prix comp\u00e9titif, cr\u00e9ant des verres parfaits pour tous les amateurs de vin.<\/p>\n<p data-start=\"997\" data-end=\"1030\"><strong data-start=\"997\" data-end=\"1030\">Caract\u00e9ristiques du produit\u00a0:<\/strong><\/p>\n<ul data-start=\"1031\" data-end=\"1542\">\n<li data-start=\"1031\" data-end=\"1121\">Coffret de 4 fl\u00fbtes \u00e0 champagne RIEDEL Veritas (offre\u00a0: 4 pi\u00e8ces pour le prix de 3)<\/li>\n<li data-start=\"1122\" data-end=\"1181\">Id\u00e9al pour les champagnes et les vins mousseux secs, frais et l\u00e9gers<\/li>\n<li data-start=\"1182\" data-end=\"1235\">Fabriqu\u00e9 en cristal transparent de haute qualit\u00e9<\/li>\n<li data-start=\"1236\" data-end=\"1285\">Fabriqu\u00e9 \u00e0 la machine pour une pr\u00e9cision irr\u00e9prochable<\/li>\n<li data-start=\"1286\" data-end=\"1324\">Facilement lavable au lave-vaisselle<\/li>\n<li data-start=\"1325\" data-end=\"1402\">Sa conception optimise la formation des bulles gr\u00e2ce au point mousse<\/li>\n<li data-start=\"1403\" data-end=\"1542\"><strong data-start=\"1405\" data-end=\"1416\">Premium<\/strong>\u00a0: l&#8217;avantage d&#8217;un verre RIEDEL en verre souffl\u00e9 \u00e0 la machine, pour une pr\u00e9cision sup\u00e9rieure \u00e0 celle des verres artisanaux<\/li>\n<\/ul>\n<p data-start=\"1544\" data-end=\"1767\" data-is-last-node=\"\" data-is-only-node=\"\">Ajoutez \u00e9l\u00e9gance et fonctionnalit\u00e9 \u00e0 votre collection avec le coffret RIEDEL Veritas de 2 verres \u00e0 champagne, parfait pour sublimer chaque gorg\u00e9e de champagne et de vin mousseux. Profitez de cette offre avantageuse et recevez 4 verres au prix de 3\u00a0!<\/p>\n<\/div>\n<\/div>\n<\/div>\n<\/div>\n<\/div>\n<\/div>\n<\/div>\n<\/div>\n<\/article>\n<p data-start=\"1366\" data-end=\"1628\" data-is-last-node=\"\" data-is-only-node=\"\">Capacit\u00e9\u00a0: 449,0\u00a0cm\u00b3<br \/>\nHauteur\u00a0: 235,0\u00a0mm<\/p>\n","protected":false},"excerpt":{"rendered":"<p>Coffret de fl\u00fbtes \u00e0 champagne RIEDEL Veritas \u2013 4 fl\u00fbtes au prix de 3 Sublimez les bulles avec le verre<\/p>\n","protected":false},"featured_media":481472,"template":"","meta":{"_acf_changed":false,"inline_featured_image":false},"product_cat":[12782,12784],"product_tag":[25086,23910,15668,14413,25021,17758,21821,12826,15730,22555],"acf":[],"yoast_head":"<!-- This site is optimized with the Yoast SEO Premium plugin v18.6 (Yoast SEO v19.13) - https:\/\/yoast.com\/wordpress\/plugins\/seo\/ -->\n<title>RIEDEL Laudon Noir<\/title>\n<meta name=\"description\" content=\"D\u00e9couvrez RIEDEL Laudon Noir sur ErresseShop. Qualit\u00e9, prix r\u00e9duits et achat s\u00e9curis\u00e9 \u2013 commandez d\u00e8s maintenant en ligne !\" \/>\n<meta name=\"robots\" content=\"index, follow, max-snippet:-1, max-image-preview:large, max-video-preview:-1\" \/>\n<link rel=\"canonical\" href=\"https:\/\/www.erresse-shop.it\/fr\/shop\/table-fr-2\/verres\/riedel-veritas-pay-3-get-4-verres-a-vin-a-champagne\/\" \/>\n<meta property=\"og:locale\" content=\"fr_FR\" \/>\n<meta property=\"og:type\" content=\"article\" \/>\n<meta property=\"og:title\" content=\"RIEDEL Veritas Pay 3 Get 4 Verres \u00e0 vin \u00e0 champagne\" \/>\n<meta property=\"og:description\" content=\"D\u00e9couvrez RIEDEL Laudon Noir sur ErresseShop. Qualit\u00e9, prix r\u00e9duits et achat s\u00e9curis\u00e9 \u2013 commandez d\u00e8s maintenant en ligne !\" \/>\n<meta property=\"og:url\" content=\"https:\/\/www.erresse-shop.it\/fr\/shop\/table-fr-2\/verres\/riedel-veritas-pay-3-get-4-verres-a-vin-a-champagne\/\" \/>\n<meta property=\"og:site_name\" content=\"Erresse Shop\" \/>\n<meta property=\"article:modified_time\" content=\"2026-02-17T10:42:25+00:00\" \/>\n<meta property=\"og:image\" content=\"https:\/\/www.erresse-shop.it\/wp-content\/uploads\/2025\/03\/RIEDEL-Veritas-Pay-3-Get-4-Calici-da-vino-Champagne.jpg\" \/>\n\t<meta property=\"og:image:width\" content=\"1200\" \/>\n\t<meta property=\"og:image:height\" content=\"1200\" \/>\n\t<meta property=\"og:image:type\" content=\"image\/jpeg\" \/>\n<meta name=\"twitter:card\" content=\"summary_large_image\" \/>\n<script type=\"application\/ld+json\" class=\"yoast-schema-graph\">{\"@context\":\"https:\/\/schema.org\",\"@graph\":[{\"@type\":\"WebPage\",\"@id\":\"https:\/\/www.erresse-shop.it\/fr\/shop\/table-fr-2\/verres\/riedel-veritas-pay-3-get-4-verres-a-vin-a-champagne\/\",\"url\":\"https:\/\/www.erresse-shop.it\/fr\/shop\/table-fr-2\/verres\/riedel-veritas-pay-3-get-4-verres-a-vin-a-champagne\/\",\"name\":\"RIEDEL Laudon Noir\",\"isPartOf\":{\"@id\":\"https:\/\/www.erresse-shop.it\/fr\/#website\"},\"datePublished\":\"2025-03-20T08:05:09+00:00\",\"dateModified\":\"2026-02-17T10:42:25+00:00\",\"description\":\"D\u00e9couvrez RIEDEL Laudon Noir sur ErresseShop. Qualit\u00e9, prix r\u00e9duits et achat s\u00e9curis\u00e9 \u2013 commandez d\u00e8s maintenant en ligne !\",\"breadcrumb\":{\"@id\":\"https:\/\/www.erresse-shop.it\/fr\/shop\/table-fr-2\/verres\/riedel-veritas-pay-3-get-4-verres-a-vin-a-champagne\/#breadcrumb\"},\"inLanguage\":\"fr-FR\",\"potentialAction\":[{\"@type\":\"ReadAction\",\"target\":[\"https:\/\/www.erresse-shop.it\/fr\/shop\/table-fr-2\/verres\/riedel-veritas-pay-3-get-4-verres-a-vin-a-champagne\/\"]}]},{\"@type\":\"BreadcrumbList\",\"@id\":\"https:\/\/www.erresse-shop.it\/fr\/shop\/table-fr-2\/verres\/riedel-veritas-pay-3-get-4-verres-a-vin-a-champagne\/#breadcrumb\",\"itemListElement\":[{\"@type\":\"ListItem\",\"position\":1,\"name\":\"Home\",\"item\":\"https:\/\/www.erresse-shop.it\/fr\/\"},{\"@type\":\"ListItem\",\"position\":2,\"name\":\"Shop\",\"item\":\"https:\/\/www.erresse-shop.it\/fr\/shop\/\"},{\"@type\":\"ListItem\",\"position\":3,\"name\":\"RIEDEL Veritas Pay 3 Get 4 Verres \u00e0 vin \u00e0 champagne\"}]},{\"@type\":\"WebSite\",\"@id\":\"https:\/\/www.erresse-shop.it\/fr\/#website\",\"url\":\"https:\/\/www.erresse-shop.it\/fr\/\",\"name\":\"Erresse Shop\",\"description\":\"Articoli di qualit\u00e0 per la casa\",\"potentialAction\":[{\"@type\":\"SearchAction\",\"target\":{\"@type\":\"EntryPoint\",\"urlTemplate\":\"https:\/\/www.erresse-shop.it\/fr\/?s={search_term_string}\"},\"query-input\":\"required name=search_term_string\"}],\"inLanguage\":\"fr-FR\"}]}<\/script>\n<!-- \/ Yoast SEO Premium plugin. -->","yoast_head_json":{"title":"RIEDEL Laudon Noir","description":"D\u00e9couvrez RIEDEL Laudon Noir sur ErresseShop. Qualit\u00e9, prix r\u00e9duits et achat s\u00e9curis\u00e9 \u2013 commandez d\u00e8s maintenant en ligne !","robots":{"index":"index","follow":"follow","max-snippet":"max-snippet:-1","max-image-preview":"max-image-preview:large","max-video-preview":"max-video-preview:-1"},"canonical":"https:\/\/www.erresse-shop.it\/fr\/shop\/table-fr-2\/verres\/riedel-veritas-pay-3-get-4-verres-a-vin-a-champagne\/","og_locale":"fr_FR","og_type":"article","og_title":"RIEDEL Veritas Pay 3 Get 4 Verres \u00e0 vin \u00e0 champagne","og_description":"D\u00e9couvrez RIEDEL Laudon Noir sur ErresseShop. Qualit\u00e9, prix r\u00e9duits et achat s\u00e9curis\u00e9 \u2013 commandez d\u00e8s maintenant en ligne !","og_url":"https:\/\/www.erresse-shop.it\/fr\/shop\/table-fr-2\/verres\/riedel-veritas-pay-3-get-4-verres-a-vin-a-champagne\/","og_site_name":"Erresse Shop","article_modified_time":"2026-02-17T10:42:25+00:00","og_image":[{"width":1200,"height":1200,"url":"https:\/\/www.erresse-shop.it\/wp-content\/uploads\/2025\/03\/RIEDEL-Veritas-Pay-3-Get-4-Calici-da-vino-Champagne.jpg","type":"image\/jpeg"}],"twitter_card":"summary_large_image","schema":{"@context":"https:\/\/schema.org","@graph":[{"@type":"WebPage","@id":"https:\/\/www.erresse-shop.it\/fr\/shop\/table-fr-2\/verres\/riedel-veritas-pay-3-get-4-verres-a-vin-a-champagne\/","url":"https:\/\/www.erresse-shop.it\/fr\/shop\/table-fr-2\/verres\/riedel-veritas-pay-3-get-4-verres-a-vin-a-champagne\/","name":"RIEDEL Laudon Noir","isPartOf":{"@id":"https:\/\/www.erresse-shop.it\/fr\/#website"},"datePublished":"2025-03-20T08:05:09+00:00","dateModified":"2026-02-17T10:42:25+00:00","description":"D\u00e9couvrez RIEDEL Laudon Noir sur ErresseShop. Qualit\u00e9, prix r\u00e9duits et achat s\u00e9curis\u00e9 \u2013 commandez d\u00e8s maintenant en ligne !","breadcrumb":{"@id":"https:\/\/www.erresse-shop.it\/fr\/shop\/table-fr-2\/verres\/riedel-veritas-pay-3-get-4-verres-a-vin-a-champagne\/#breadcrumb"},"inLanguage":"fr-FR","potentialAction":[{"@type":"ReadAction","target":["https:\/\/www.erresse-shop.it\/fr\/shop\/table-fr-2\/verres\/riedel-veritas-pay-3-get-4-verres-a-vin-a-champagne\/"]}]},{"@type":"BreadcrumbList","@id":"https:\/\/www.erresse-shop.it\/fr\/shop\/table-fr-2\/verres\/riedel-veritas-pay-3-get-4-verres-a-vin-a-champagne\/#breadcrumb","itemListElement":[{"@type":"ListItem","position":1,"name":"Home","item":"https:\/\/www.erresse-shop.it\/fr\/"},{"@type":"ListItem","position":2,"name":"Shop","item":"https:\/\/www.erresse-shop.it\/fr\/shop\/"},{"@type":"ListItem","position":3,"name":"RIEDEL Veritas Pay 3 Get 4 Verres \u00e0 vin \u00e0 champagne"}]},{"@type":"WebSite","@id":"https:\/\/www.erresse-shop.it\/fr\/#website","url":"https:\/\/www.erresse-shop.it\/fr\/","name":"Erresse Shop","description":"Articoli di qualit\u00e0 per la casa","potentialAction":[{"@type":"SearchAction","target":{"@type":"EntryPoint","urlTemplate":"https:\/\/www.erresse-shop.it\/fr\/?s={search_term_string}"},"query-input":"required name=search_term_string"}],"inLanguage":"fr-FR"}]}},"df_price":39.825,"df_sale_price":39.825,"df_regular_price":88.5,"df_image_link":"https:\/\/www.erresse-shop.it\/wp-content\/uploads\/2025\/03\/RIEDEL-Veritas-Pay-3-Get-4-Calici-da-vino-Champagne-300x300.jpg","_links":{"self":[{"href":"https:\/\/www.erresse-shop.it\/fr\/wp-json\/wp\/v2\/product\/481443"}],"collection":[{"href":"https:\/\/www.erresse-shop.it\/fr\/wp-json\/wp\/v2\/product"}],"about":[{"href":"https:\/\/www.erresse-shop.it\/fr\/wp-json\/wp\/v2\/types\/product"}],"wp:featuredmedia":[{"embeddable":true,"href":"https:\/\/www.erresse-shop.it\/fr\/wp-json\/wp\/v2\/media\/481472"}],"wp:attachment":[{"href":"https:\/\/www.erresse-shop.it\/fr\/wp-json\/wp\/v2\/media?parent=481443"}],"wp:term":[{"taxonomy":"product_cat","embeddable":true,"href":"https:\/\/www.erresse-shop.it\/fr\/wp-json\/wp\/v2\/product_cat?post=481443"},{"taxonomy":"product_tag","embeddable":true,"href":"https:\/\/www.erresse-shop.it\/fr\/wp-json\/wp\/v2\/product_tag?post=481443"}],"curies":[{"name":"wp","href":"https:\/\/api.w.org\/{rel}","templated":true}]}}