{"id":481340,"date":"2025-03-20T07:16:50","date_gmt":"2025-03-20T07:17:06","guid":{"rendered":"https:\/\/www.erresse-shop.it\/?post_type=product&#038;p=481340"},"modified":"2025-03-20T07:28:49","modified_gmt":"2025-03-20T07:28:49","slug":"riedel-black-tie-chardonnay-copia","status":"publish","type":"product","link":"https:\/\/www.erresse-shop.it\/fr\/shop\/table-fr-2\/verres\/riedel-black-tie-chardonnay-copia\/","title":{"rendered":"RIEDEL Black Tie Bordeaux Grand Cru"},"content":{"rendered":"<p data-start=\"0\" data-end=\"62\"><strong data-start=\"0\" data-end=\"62\">Verre Bordeaux Grand Cru RIEDEL Artisanal Black Tie<\/strong><\/p>\n<p data-start=\"64\" data-end=\"565\">Le verre Bordeaux Grand Cru est con\u00e7u pour sublimer les vins rouges complexes, cors\u00e9s et riches en tanins. Cette forme, l&#8217;une des cr\u00e9ations originales de Claus J. RIEDEL, de la neuvi\u00e8me g\u00e9n\u00e9ration, est parfaite pour optimiser l&#8217;exp\u00e9rience sensorielle des vins plus structur\u00e9s. Les dimensions g\u00e9n\u00e9reuses du verre permettent au bouquet de s&#8217;exprimer pleinement, adoucissant les tanins plus rugueux et soulignant le caract\u00e8re fruit\u00e9 du vin, r\u00e9duisant l&#8217;amertume et am\u00e9liorant l&#8217;\u00e9quilibre g\u00e9n\u00e9ral.<\/p>\n<p data-start=\"567\" data-end=\"907\">Fabriqu\u00e9 artisanalement, ce verre est dot\u00e9 d&#8217;un pied en cristal clair et d&#8217;une base en cristal noir, cr\u00e9\u00e9s \u00e0 la main, qui lui conf\u00e8rent une touche d&#8217;\u00e9l\u00e9gance unique. La base d\u00e9corative attire le regard, tandis que le design global repr\u00e9sente une alliance parfaite entre savoir-faire traditionnel et pr\u00e9cision de la production moderne.<\/p>\n<p data-start=\"909\" data-end=\"942\"><strong data-start=\"909\" data-end=\"942\">Caract\u00e9ristiques du produit\u00a0:<\/strong><\/p>\n<ul data-start=\"943\" data-end=\"1249\">\n<li data-start=\"943\" data-end=\"967\">Verre fait main<\/li>\n<li data-start=\"968\" data-end=\"1043\">Pied en cristal transparent et base en cristal noir artisanal<\/li>\n<li data-start=\"1044\" data-end=\"1106\">Id\u00e9al pour les vins rouges complexes, cors\u00e9s et riches en tanins<\/li>\n<li data-start=\"1107\" data-end=\"1165\">Optimise l&#8217;expression du bouquet et \u00e9quilibre les tanins<\/li>\n<li data-start=\"1166\" data-end=\"1195\">Design \u00e9l\u00e9gant et raffin\u00e9<\/li>\n<li data-start=\"1196\" data-end=\"1223\">Passe au lave-vaisselle<\/li>\n<li data-start=\"1224\" data-end=\"1249\">Conditionnement\u00a0: 1 verre<\/li>\n<\/ul>\n<p data-start=\"1251\" data-end=\"1435\"><strong data-start=\"1251\" data-end=\"1259\">Remarque<\/strong>\u00a0: Le processus de fabrication \u00e9tant artisanal, chaque verre peut pr\u00e9senter de l\u00e9g\u00e8res imperfections, des variations de taille ou de surface, rendant chaque pi\u00e8ce unique.<\/p>\n<p data-start=\"1437\" data-end=\"1601\" data-is-last-node=\"\" data-is-only-node=\"\">Choisissez le verre RIEDEL Black Tie Bordeaux Grand Cru artisanal pour sublimer la d\u00e9gustation de votre vin rouge pr\u00e9f\u00e9r\u00e9 avec une touche d&#8217;\u00e9l\u00e9gance et de sophistication.<\/p>\n<p class=\"product-info__characteristics-paragraph flex justify-between\">Cylindr\u00e9e\u00a0: 953,0\u00a0cm\u00b3<br \/>\nHauteur\u00a0: 282,0\u00a0mm<\/p>\n","protected":false},"excerpt":{"rendered":"<p>Verre Bordeaux Grand Cru RIEDEL Artisanal Black Tie Le verre Bordeaux Grand Cru est con\u00e7u pour sublimer les vins rouges<\/p>\n","protected":false},"featured_media":481363,"template":"","meta":{"_acf_changed":false,"inline_featured_image":false},"product_cat":[12782,12784],"product_tag":[25086,23910,14413,25021,21821,12826,15730,22555],"acf":[],"yoast_head":"<!-- This site is optimized with the Yoast SEO Premium plugin v18.6 (Yoast SEO v19.13) - https:\/\/yoast.com\/wordpress\/plugins\/seo\/ -->\n<title>RIEDEL Laudon Noir<\/title>\n<meta name=\"description\" content=\"D\u00e9couvrez RIEDEL Laudon Noir sur ErresseShop. Qualit\u00e9, prix r\u00e9duits et achat s\u00e9curis\u00e9 \u2013 commandez d\u00e8s maintenant en ligne !\" \/>\n<meta name=\"robots\" content=\"index, follow, max-snippet:-1, max-image-preview:large, max-video-preview:-1\" \/>\n<link rel=\"canonical\" href=\"https:\/\/www.erresse-shop.it\/fr\/shop\/table-fr-2\/verres\/riedel-black-tie-chardonnay-copia\/\" \/>\n<meta property=\"og:locale\" content=\"fr_FR\" \/>\n<meta property=\"og:type\" content=\"article\" \/>\n<meta property=\"og:title\" content=\"RIEDEL Black Tie Bordeaux Grand Cru\" \/>\n<meta property=\"og:description\" content=\"D\u00e9couvrez RIEDEL Laudon Noir sur ErresseShop. Qualit\u00e9, prix r\u00e9duits et achat s\u00e9curis\u00e9 \u2013 commandez d\u00e8s maintenant en ligne !\" \/>\n<meta property=\"og:url\" content=\"https:\/\/www.erresse-shop.it\/fr\/shop\/table-fr-2\/verres\/riedel-black-tie-chardonnay-copia\/\" \/>\n<meta property=\"og:site_name\" content=\"Erresse Shop\" \/>\n<meta property=\"article:modified_time\" content=\"2025-03-20T07:28:49+00:00\" \/>\n<meta property=\"og:image\" content=\"https:\/\/www.erresse-shop.it\/wp-content\/uploads\/2025\/03\/RIEDEL-Black-Tie-Bordeaux-Grand-Cru.jpg\" \/>\n\t<meta property=\"og:image:width\" content=\"1200\" \/>\n\t<meta property=\"og:image:height\" content=\"1200\" \/>\n\t<meta property=\"og:image:type\" content=\"image\/jpeg\" \/>\n<meta name=\"twitter:card\" content=\"summary_large_image\" \/>\n<script type=\"application\/ld+json\" class=\"yoast-schema-graph\">{\"@context\":\"https:\/\/schema.org\",\"@graph\":[{\"@type\":\"WebPage\",\"@id\":\"https:\/\/www.erresse-shop.it\/fr\/shop\/table-fr-2\/verres\/riedel-black-tie-chardonnay-copia\/\",\"url\":\"https:\/\/www.erresse-shop.it\/fr\/shop\/table-fr-2\/verres\/riedel-black-tie-chardonnay-copia\/\",\"name\":\"RIEDEL Laudon Noir\",\"isPartOf\":{\"@id\":\"https:\/\/www.erresse-shop.it\/fr\/#website\"},\"datePublished\":\"2025-03-20T07:17:06+00:00\",\"dateModified\":\"2025-03-20T07:28:49+00:00\",\"description\":\"D\u00e9couvrez RIEDEL Laudon Noir sur ErresseShop. Qualit\u00e9, prix r\u00e9duits et achat s\u00e9curis\u00e9 \u2013 commandez d\u00e8s maintenant en ligne !\",\"breadcrumb\":{\"@id\":\"https:\/\/www.erresse-shop.it\/fr\/shop\/table-fr-2\/verres\/riedel-black-tie-chardonnay-copia\/#breadcrumb\"},\"inLanguage\":\"fr-FR\",\"potentialAction\":[{\"@type\":\"ReadAction\",\"target\":[\"https:\/\/www.erresse-shop.it\/fr\/shop\/table-fr-2\/verres\/riedel-black-tie-chardonnay-copia\/\"]}]},{\"@type\":\"BreadcrumbList\",\"@id\":\"https:\/\/www.erresse-shop.it\/fr\/shop\/table-fr-2\/verres\/riedel-black-tie-chardonnay-copia\/#breadcrumb\",\"itemListElement\":[{\"@type\":\"ListItem\",\"position\":1,\"name\":\"Home\",\"item\":\"https:\/\/www.erresse-shop.it\/fr\/\"},{\"@type\":\"ListItem\",\"position\":2,\"name\":\"Shop\",\"item\":\"https:\/\/www.erresse-shop.it\/fr\/shop\/\"},{\"@type\":\"ListItem\",\"position\":3,\"name\":\"RIEDEL Black Tie Bordeaux Grand Cru\"}]},{\"@type\":\"WebSite\",\"@id\":\"https:\/\/www.erresse-shop.it\/fr\/#website\",\"url\":\"https:\/\/www.erresse-shop.it\/fr\/\",\"name\":\"Erresse Shop\",\"description\":\"Articoli di qualit\u00e0 per la casa\",\"potentialAction\":[{\"@type\":\"SearchAction\",\"target\":{\"@type\":\"EntryPoint\",\"urlTemplate\":\"https:\/\/www.erresse-shop.it\/fr\/?s={search_term_string}\"},\"query-input\":\"required name=search_term_string\"}],\"inLanguage\":\"fr-FR\"}]}<\/script>\n<!-- \/ Yoast SEO Premium plugin. -->","yoast_head_json":{"title":"RIEDEL Laudon Noir","description":"D\u00e9couvrez RIEDEL Laudon Noir sur ErresseShop. Qualit\u00e9, prix r\u00e9duits et achat s\u00e9curis\u00e9 \u2013 commandez d\u00e8s maintenant en ligne !","robots":{"index":"index","follow":"follow","max-snippet":"max-snippet:-1","max-image-preview":"max-image-preview:large","max-video-preview":"max-video-preview:-1"},"canonical":"https:\/\/www.erresse-shop.it\/fr\/shop\/table-fr-2\/verres\/riedel-black-tie-chardonnay-copia\/","og_locale":"fr_FR","og_type":"article","og_title":"RIEDEL Black Tie Bordeaux Grand Cru","og_description":"D\u00e9couvrez RIEDEL Laudon Noir sur ErresseShop. Qualit\u00e9, prix r\u00e9duits et achat s\u00e9curis\u00e9 \u2013 commandez d\u00e8s maintenant en ligne !","og_url":"https:\/\/www.erresse-shop.it\/fr\/shop\/table-fr-2\/verres\/riedel-black-tie-chardonnay-copia\/","og_site_name":"Erresse Shop","article_modified_time":"2025-03-20T07:28:49+00:00","og_image":[{"width":1200,"height":1200,"url":"https:\/\/www.erresse-shop.it\/wp-content\/uploads\/2025\/03\/RIEDEL-Black-Tie-Bordeaux-Grand-Cru.jpg","type":"image\/jpeg"}],"twitter_card":"summary_large_image","schema":{"@context":"https:\/\/schema.org","@graph":[{"@type":"WebPage","@id":"https:\/\/www.erresse-shop.it\/fr\/shop\/table-fr-2\/verres\/riedel-black-tie-chardonnay-copia\/","url":"https:\/\/www.erresse-shop.it\/fr\/shop\/table-fr-2\/verres\/riedel-black-tie-chardonnay-copia\/","name":"RIEDEL Laudon Noir","isPartOf":{"@id":"https:\/\/www.erresse-shop.it\/fr\/#website"},"datePublished":"2025-03-20T07:17:06+00:00","dateModified":"2025-03-20T07:28:49+00:00","description":"D\u00e9couvrez RIEDEL Laudon Noir sur ErresseShop. Qualit\u00e9, prix r\u00e9duits et achat s\u00e9curis\u00e9 \u2013 commandez d\u00e8s maintenant en ligne !","breadcrumb":{"@id":"https:\/\/www.erresse-shop.it\/fr\/shop\/table-fr-2\/verres\/riedel-black-tie-chardonnay-copia\/#breadcrumb"},"inLanguage":"fr-FR","potentialAction":[{"@type":"ReadAction","target":["https:\/\/www.erresse-shop.it\/fr\/shop\/table-fr-2\/verres\/riedel-black-tie-chardonnay-copia\/"]}]},{"@type":"BreadcrumbList","@id":"https:\/\/www.erresse-shop.it\/fr\/shop\/table-fr-2\/verres\/riedel-black-tie-chardonnay-copia\/#breadcrumb","itemListElement":[{"@type":"ListItem","position":1,"name":"Home","item":"https:\/\/www.erresse-shop.it\/fr\/"},{"@type":"ListItem","position":2,"name":"Shop","item":"https:\/\/www.erresse-shop.it\/fr\/shop\/"},{"@type":"ListItem","position":3,"name":"RIEDEL Black Tie Bordeaux Grand Cru"}]},{"@type":"WebSite","@id":"https:\/\/www.erresse-shop.it\/fr\/#website","url":"https:\/\/www.erresse-shop.it\/fr\/","name":"Erresse Shop","description":"Articoli di qualit\u00e0 per la casa","potentialAction":[{"@type":"SearchAction","target":{"@type":"EntryPoint","urlTemplate":"https:\/\/www.erresse-shop.it\/fr\/?s={search_term_string}"},"query-input":"required name=search_term_string"}],"inLanguage":"fr-FR"}]}},"df_price":31.05,"df_sale_price":31.05,"df_regular_price":69,"df_image_link":"https:\/\/www.erresse-shop.it\/wp-content\/uploads\/2025\/03\/RIEDEL-Black-Tie-Bordeaux-Grand-Cru-300x300.jpg","_links":{"self":[{"href":"https:\/\/www.erresse-shop.it\/fr\/wp-json\/wp\/v2\/product\/481340"}],"collection":[{"href":"https:\/\/www.erresse-shop.it\/fr\/wp-json\/wp\/v2\/product"}],"about":[{"href":"https:\/\/www.erresse-shop.it\/fr\/wp-json\/wp\/v2\/types\/product"}],"wp:featuredmedia":[{"embeddable":true,"href":"https:\/\/www.erresse-shop.it\/fr\/wp-json\/wp\/v2\/media\/481363"}],"wp:attachment":[{"href":"https:\/\/www.erresse-shop.it\/fr\/wp-json\/wp\/v2\/media?parent=481340"}],"wp:term":[{"taxonomy":"product_cat","embeddable":true,"href":"https:\/\/www.erresse-shop.it\/fr\/wp-json\/wp\/v2\/product_cat?post=481340"},{"taxonomy":"product_tag","embeddable":true,"href":"https:\/\/www.erresse-shop.it\/fr\/wp-json\/wp\/v2\/product_tag?post=481340"}],"curies":[{"name":"wp","href":"https:\/\/api.w.org\/{rel}","templated":true}]}}