{"id":481276,"date":"2025-03-20T06:54:48","date_gmt":"2025-03-20T06:54:53","guid":{"rendered":"https:\/\/www.erresse-shop.it\/?post_type=product&#038;p=481276"},"modified":"2025-03-20T07:11:26","modified_gmt":"2025-03-20T07:11:26","slug":"riedel-black-tie-riesling-copia","status":"publish","type":"product","link":"https:\/\/www.erresse-shop.it\/fr\/shop\/table-fr-2\/verres\/riedel-black-tie-riesling-copia\/","title":{"rendered":"RIEDEL Black Tie Chardonnay"},"content":{"rendered":"<p data-start=\"0\" data-end=\"54\"><strong data-start=\"0\" data-end=\"54\">Verre \u00e0 Chardonnay RIEDEL Fatto a Mano Black Tie<\/strong><\/p>\n<p data-start=\"56\" data-end=\"460\">Id\u00e9al pour les Chardonnay \u00e9lev\u00e9s en f\u00fbt, le verre RIEDEL Fatto a Mano Black Tie est con\u00e7u pour sublimer l&#8217;intensit\u00e9 et la complexit\u00e9 aromatique des vins blancs cors\u00e9s. Les dimensions g\u00e9n\u00e9reuses de sa coupe large et ouverte permettent au bouquet riche de se d\u00e9velopper et de r\u00e9v\u00e9ler sa diversit\u00e9 aromatique, \u00e9vitant ainsi aux vins les plus structur\u00e9s de devenir trop concentr\u00e9s.<\/p>\n<p data-start=\"462\" data-end=\"836\">Ce verre \u00e9l\u00e9gant est dot\u00e9 d&#8217;un pied en cristal clair et d&#8217;une base en cristal noir fabriqu\u00e9e \u00e0 la main. Son design sophistiqu\u00e9, alliant savoir-faire traditionnel et pr\u00e9cision de la production m\u00e9canique moderne, est un v\u00e9ritable chef-d&#8217;\u0153uvre d&#8217;\u00e9l\u00e9gance et de sophistication. Sa base noire attire tous les regards et en fait le verre id\u00e9al pour toute occasion sp\u00e9ciale.<\/p>\n<p data-start=\"838\" data-end=\"1074\">Chaque verre est fabriqu\u00e9 \u00e0 la main par des ma\u00eetres verriers, ce qui conf\u00e8re \u00e0 chaque pi\u00e8ce un caract\u00e8re unique. Le processus artisanal \u00e9tant d\u00e9licat, chaque article peut pr\u00e9senter de l\u00e9g\u00e8res variations de taille, de poids et de surface.<\/p>\n<p data-start=\"1076\" data-end=\"1109\"><strong data-start=\"1076\" data-end=\"1109\">Caract\u00e9ristiques du produit\u00a0:<\/strong><\/p>\n<ul data-start=\"1110\" data-end=\"1344\">\n<li data-start=\"1110\" data-end=\"1134\">Verre fait main<\/li>\n<li data-start=\"1135\" data-end=\"1210\">Pied en cristal clair et base en cristal noir artisanal<\/li>\n<li data-start=\"1211\" data-end=\"1260\">Convient aux Chardonnay \u00e9lev\u00e9s en barrique<\/li>\n<li data-start=\"1261\" data-end=\"1290\">Design \u00e9l\u00e9gant et raffin\u00e9<\/li>\n<li data-start=\"1291\" data-end=\"1318\">Lavable au lave-vaisselle<\/li>\n<li data-start=\"1319\" data-end=\"1344\">Contenu : 1 verre<\/li>\n<\/ul>\n<p data-start=\"1346\" data-end=\"1459\"><strong data-start=\"1346\" data-end=\"1354\">Remarque<\/strong>\u00a0: En raison de la fabrication artisanale du verre, de l\u00e9g\u00e8res imperfections ou variations de design peuvent appara\u00eetre.<\/p>\n<p data-start=\"1461\" data-end=\"1620\" data-is-last-node=\"\" data-is-only-node=\"\">Ajoutez une touche d&#8217;\u00e9l\u00e9gance \u00e0 votre collection de verres avec le verre RIEDEL Fatto a Mano Black Tie, id\u00e9al pour d\u00e9guster vos grands crus.<\/p>\n<p class=\"product-info__characteristics-paragraph flex justify-between\">Capacit\u00e9\u00a0: 660,0 ccm<br \/>\nHauteur\u00a0: 234,0 mm<\/p>\n","protected":false},"excerpt":{"rendered":"<p>Verre \u00e0 Chardonnay RIEDEL Fatto a Mano Black Tie Id\u00e9al pour les Chardonnay \u00e9lev\u00e9s en f\u00fbt, le verre RIEDEL Fatto<\/p>\n","protected":false},"featured_media":481329,"template":"","meta":{"_acf_changed":false,"inline_featured_image":false},"product_cat":[12782,12784],"product_tag":[25086,23910,14413,25021,21821,12826,15730,22555],"acf":[],"yoast_head":"<!-- This site is optimized with the Yoast SEO Premium plugin v18.6 (Yoast SEO v19.13) - https:\/\/yoast.com\/wordpress\/plugins\/seo\/ -->\n<title>RIEDEL Laudon Noir<\/title>\n<meta name=\"description\" content=\"D\u00e9couvrez RIEDEL Laudon Noir sur ErresseShop. Qualit\u00e9, prix r\u00e9duits et achat s\u00e9curis\u00e9 \u2013 commandez d\u00e8s maintenant en ligne !\" \/>\n<meta name=\"robots\" content=\"index, follow, max-snippet:-1, max-image-preview:large, max-video-preview:-1\" \/>\n<link rel=\"canonical\" href=\"https:\/\/www.erresse-shop.it\/fr\/shop\/table-fr-2\/verres\/riedel-black-tie-riesling-copia\/\" \/>\n<meta property=\"og:locale\" content=\"fr_FR\" \/>\n<meta property=\"og:type\" content=\"article\" \/>\n<meta property=\"og:title\" content=\"RIEDEL Black Tie Chardonnay\" \/>\n<meta property=\"og:description\" content=\"D\u00e9couvrez RIEDEL Laudon Noir sur ErresseShop. Qualit\u00e9, prix r\u00e9duits et achat s\u00e9curis\u00e9 \u2013 commandez d\u00e8s maintenant en ligne !\" \/>\n<meta property=\"og:url\" content=\"https:\/\/www.erresse-shop.it\/fr\/shop\/table-fr-2\/verres\/riedel-black-tie-riesling-copia\/\" \/>\n<meta property=\"og:site_name\" content=\"Erresse Shop\" \/>\n<meta property=\"article:modified_time\" content=\"2025-03-20T07:11:26+00:00\" \/>\n<meta property=\"og:image\" content=\"https:\/\/www.erresse-shop.it\/wp-content\/uploads\/2025\/03\/RIEDEL-Black-Tie-Riesling-Chardonnay.jpg\" \/>\n\t<meta property=\"og:image:width\" content=\"1200\" \/>\n\t<meta property=\"og:image:height\" content=\"1200\" \/>\n\t<meta property=\"og:image:type\" content=\"image\/jpeg\" \/>\n<meta name=\"twitter:card\" content=\"summary_large_image\" \/>\n<script type=\"application\/ld+json\" class=\"yoast-schema-graph\">{\"@context\":\"https:\/\/schema.org\",\"@graph\":[{\"@type\":\"WebPage\",\"@id\":\"https:\/\/www.erresse-shop.it\/fr\/shop\/table-fr-2\/verres\/riedel-black-tie-riesling-copia\/\",\"url\":\"https:\/\/www.erresse-shop.it\/fr\/shop\/table-fr-2\/verres\/riedel-black-tie-riesling-copia\/\",\"name\":\"RIEDEL Laudon Noir\",\"isPartOf\":{\"@id\":\"https:\/\/www.erresse-shop.it\/fr\/#website\"},\"datePublished\":\"2025-03-20T06:54:53+00:00\",\"dateModified\":\"2025-03-20T07:11:26+00:00\",\"description\":\"D\u00e9couvrez RIEDEL Laudon Noir sur ErresseShop. Qualit\u00e9, prix r\u00e9duits et achat s\u00e9curis\u00e9 \u2013 commandez d\u00e8s maintenant en ligne !\",\"breadcrumb\":{\"@id\":\"https:\/\/www.erresse-shop.it\/fr\/shop\/table-fr-2\/verres\/riedel-black-tie-riesling-copia\/#breadcrumb\"},\"inLanguage\":\"fr-FR\",\"potentialAction\":[{\"@type\":\"ReadAction\",\"target\":[\"https:\/\/www.erresse-shop.it\/fr\/shop\/table-fr-2\/verres\/riedel-black-tie-riesling-copia\/\"]}]},{\"@type\":\"BreadcrumbList\",\"@id\":\"https:\/\/www.erresse-shop.it\/fr\/shop\/table-fr-2\/verres\/riedel-black-tie-riesling-copia\/#breadcrumb\",\"itemListElement\":[{\"@type\":\"ListItem\",\"position\":1,\"name\":\"Home\",\"item\":\"https:\/\/www.erresse-shop.it\/fr\/\"},{\"@type\":\"ListItem\",\"position\":2,\"name\":\"Shop\",\"item\":\"https:\/\/www.erresse-shop.it\/fr\/shop\/\"},{\"@type\":\"ListItem\",\"position\":3,\"name\":\"RIEDEL Black Tie Chardonnay\"}]},{\"@type\":\"WebSite\",\"@id\":\"https:\/\/www.erresse-shop.it\/fr\/#website\",\"url\":\"https:\/\/www.erresse-shop.it\/fr\/\",\"name\":\"Erresse Shop\",\"description\":\"Articoli di qualit\u00e0 per la casa\",\"potentialAction\":[{\"@type\":\"SearchAction\",\"target\":{\"@type\":\"EntryPoint\",\"urlTemplate\":\"https:\/\/www.erresse-shop.it\/fr\/?s={search_term_string}\"},\"query-input\":\"required name=search_term_string\"}],\"inLanguage\":\"fr-FR\"}]}<\/script>\n<!-- \/ Yoast SEO Premium plugin. -->","yoast_head_json":{"title":"RIEDEL Laudon Noir","description":"D\u00e9couvrez RIEDEL Laudon Noir sur ErresseShop. Qualit\u00e9, prix r\u00e9duits et achat s\u00e9curis\u00e9 \u2013 commandez d\u00e8s maintenant en ligne !","robots":{"index":"index","follow":"follow","max-snippet":"max-snippet:-1","max-image-preview":"max-image-preview:large","max-video-preview":"max-video-preview:-1"},"canonical":"https:\/\/www.erresse-shop.it\/fr\/shop\/table-fr-2\/verres\/riedel-black-tie-riesling-copia\/","og_locale":"fr_FR","og_type":"article","og_title":"RIEDEL Black Tie Chardonnay","og_description":"D\u00e9couvrez RIEDEL Laudon Noir sur ErresseShop. Qualit\u00e9, prix r\u00e9duits et achat s\u00e9curis\u00e9 \u2013 commandez d\u00e8s maintenant en ligne !","og_url":"https:\/\/www.erresse-shop.it\/fr\/shop\/table-fr-2\/verres\/riedel-black-tie-riesling-copia\/","og_site_name":"Erresse Shop","article_modified_time":"2025-03-20T07:11:26+00:00","og_image":[{"width":1200,"height":1200,"url":"https:\/\/www.erresse-shop.it\/wp-content\/uploads\/2025\/03\/RIEDEL-Black-Tie-Riesling-Chardonnay.jpg","type":"image\/jpeg"}],"twitter_card":"summary_large_image","schema":{"@context":"https:\/\/schema.org","@graph":[{"@type":"WebPage","@id":"https:\/\/www.erresse-shop.it\/fr\/shop\/table-fr-2\/verres\/riedel-black-tie-riesling-copia\/","url":"https:\/\/www.erresse-shop.it\/fr\/shop\/table-fr-2\/verres\/riedel-black-tie-riesling-copia\/","name":"RIEDEL Laudon Noir","isPartOf":{"@id":"https:\/\/www.erresse-shop.it\/fr\/#website"},"datePublished":"2025-03-20T06:54:53+00:00","dateModified":"2025-03-20T07:11:26+00:00","description":"D\u00e9couvrez RIEDEL Laudon Noir sur ErresseShop. Qualit\u00e9, prix r\u00e9duits et achat s\u00e9curis\u00e9 \u2013 commandez d\u00e8s maintenant en ligne !","breadcrumb":{"@id":"https:\/\/www.erresse-shop.it\/fr\/shop\/table-fr-2\/verres\/riedel-black-tie-riesling-copia\/#breadcrumb"},"inLanguage":"fr-FR","potentialAction":[{"@type":"ReadAction","target":["https:\/\/www.erresse-shop.it\/fr\/shop\/table-fr-2\/verres\/riedel-black-tie-riesling-copia\/"]}]},{"@type":"BreadcrumbList","@id":"https:\/\/www.erresse-shop.it\/fr\/shop\/table-fr-2\/verres\/riedel-black-tie-riesling-copia\/#breadcrumb","itemListElement":[{"@type":"ListItem","position":1,"name":"Home","item":"https:\/\/www.erresse-shop.it\/fr\/"},{"@type":"ListItem","position":2,"name":"Shop","item":"https:\/\/www.erresse-shop.it\/fr\/shop\/"},{"@type":"ListItem","position":3,"name":"RIEDEL Black Tie Chardonnay"}]},{"@type":"WebSite","@id":"https:\/\/www.erresse-shop.it\/fr\/#website","url":"https:\/\/www.erresse-shop.it\/fr\/","name":"Erresse Shop","description":"Articoli di qualit\u00e0 per la casa","potentialAction":[{"@type":"SearchAction","target":{"@type":"EntryPoint","urlTemplate":"https:\/\/www.erresse-shop.it\/fr\/?s={search_term_string}"},"query-input":"required name=search_term_string"}],"inLanguage":"fr-FR"}]}},"df_price":31.05,"df_sale_price":31.05,"df_regular_price":69,"df_image_link":"https:\/\/www.erresse-shop.it\/wp-content\/uploads\/2025\/03\/RIEDEL-Black-Tie-Chardonnay-300x300.jpg","_links":{"self":[{"href":"https:\/\/www.erresse-shop.it\/fr\/wp-json\/wp\/v2\/product\/481276"}],"collection":[{"href":"https:\/\/www.erresse-shop.it\/fr\/wp-json\/wp\/v2\/product"}],"about":[{"href":"https:\/\/www.erresse-shop.it\/fr\/wp-json\/wp\/v2\/types\/product"}],"wp:featuredmedia":[{"embeddable":true,"href":"https:\/\/www.erresse-shop.it\/fr\/wp-json\/wp\/v2\/media\/481329"}],"wp:attachment":[{"href":"https:\/\/www.erresse-shop.it\/fr\/wp-json\/wp\/v2\/media?parent=481276"}],"wp:term":[{"taxonomy":"product_cat","embeddable":true,"href":"https:\/\/www.erresse-shop.it\/fr\/wp-json\/wp\/v2\/product_cat?post=481276"},{"taxonomy":"product_tag","embeddable":true,"href":"https:\/\/www.erresse-shop.it\/fr\/wp-json\/wp\/v2\/product_tag?post=481276"}],"curies":[{"name":"wp","href":"https:\/\/api.w.org\/{rel}","templated":true}]}}