{"id":481237,"date":"2025-03-19T14:37:05","date_gmt":"2025-03-19T14:37:10","guid":{"rendered":"https:\/\/www.erresse-shop.it\/?post_type=product&#038;p=481237"},"modified":"2026-02-23T07:54:37","modified_gmt":"2026-02-23T07:54:37","slug":"riedel-black-tie-riesling","status":"publish","type":"product","link":"https:\/\/www.erresse-shop.it\/fr\/shop\/table-fr-2\/verres\/riedel-black-tie-riesling\/","title":{"rendered":"RIEDEL Black Tie Riesling"},"content":{"rendered":"<p data-start=\"0\" data-end=\"56\"><strong data-start=\"0\" data-end=\"56\">Verre \u00e0 Riesling RIEDEL Black Tie artisanal<\/strong><\/p>\n<p data-start=\"58\" data-end=\"507\">Le verre \u00e0 Riesling RIEDEL a \u00e9t\u00e9 con\u00e7u pour \u00e9quilibrer l&#8217;acidit\u00e9 \u00e9lev\u00e9e et les sucres r\u00e9siduels des vins blancs fruit\u00e9s. Sa forme \u00e9volu\u00e9e am\u00e9liore l&#8217;exp\u00e9rience sensorielle, soulignant la fra\u00eecheur et la min\u00e9ralit\u00e9 des vins, tandis que sa taille plus grande permet une d\u00e9gustation plus aromatique et plus compl\u00e8te. Parfait pour le Riesling et autres vins blancs aromatiques, ce verre est id\u00e9al pour sublimer les notes fra\u00eeches et fruit\u00e9es.<\/p>\n<p data-start=\"509\" data-end=\"529\"><strong data-start=\"509\" data-end=\"529\">Caract\u00e9ristiques\u00a0:<\/strong><\/p>\n<ul data-start=\"530\" data-end=\"890\">\n<li data-start=\"530\" data-end=\"625\"><strong data-start=\"532\" data-end=\"552\">Design exclusif<\/strong>\u00a0: Forme qui sublime l&#8217;exp\u00e9rience aromatique et \u00e9quilibre acidit\u00e9-doux.<\/li>\n<li data-start=\"626\" data-end=\"703\"><strong data-start=\"628\" data-end=\"652\">Base noire d\u00e9corative<\/strong>\u00a0: \u00c9l\u00e9gante base en cristal noir fabriqu\u00e9e \u00e0 la main.<\/li>\n<li data-start=\"704\" data-end=\"748\"><strong data-start=\"706\" data-end=\"727\">Pied transparent<\/strong>\u00a0: Fin et \u00e9l\u00e9gant<\/li>\n<li data-start=\"749\" data-end=\"828\"><strong data-start=\"751\" data-end=\"767\">Fait main<\/strong>\u00a0: Chaque verre est unique, fabriqu\u00e9 par des verriers experts (chaque pi\u00e8ce \u00e9tant fabriqu\u00e9e \u00e0 la main, de l\u00e9g\u00e8res diff\u00e9rences de taille et de poids peuvent appara\u00eetre).<\/li>\n<li data-start=\"829\" data-end=\"890\"><strong data-start=\"831\" data-end=\"860\">Passe au lave-vaisselle<\/strong> pour un entretien facile<\/li>\n<\/ul>\n<p data-start=\"892\" data-end=\"1033\"><strong data-start=\"1009\" data-end=\"1023\">Contenu de l&#8217;emballage<\/strong>\u00a0: 1 pi\u00e8ce.<\/p>\n<p data-start=\"1035\" data-end=\"1158\" data-is-last-node=\"\" data-is-only-node=\"\">\u00c9l\u00e9gant et fonctionnel, ce verre est l&#8217;alli\u00e9 id\u00e9al d&#8217;une d\u00e9gustation raffin\u00e9e et de chaque occasion sp\u00e9ciale.<\/p>\n<p class=\"product-info__characteristics-paragraph flex justify-between\">Capacit\u00e9\u00a0: 400,0\u00a0cc<br \/>\nHauteur\u00a0: 252,0\u00a0mm<\/p>\n","protected":false},"excerpt":{"rendered":"<p>Verre \u00e0 Riesling RIEDEL Black Tie artisanal Le verre \u00e0 Riesling RIEDEL a \u00e9t\u00e9 con\u00e7u pour \u00e9quilibrer l&#8217;acidit\u00e9 \u00e9lev\u00e9e et<\/p>\n","protected":false},"featured_media":481260,"template":"","meta":{"_acf_changed":false,"inline_featured_image":false},"product_cat":[12782,12784],"product_tag":[25086,23910,14413,25021,21821,12826,15730,22555],"acf":[],"yoast_head":"<!-- This site is optimized with the Yoast SEO Premium plugin v18.6 (Yoast SEO v19.13) - https:\/\/yoast.com\/wordpress\/plugins\/seo\/ -->\n<title>RIEDEL Black Tie Riesling - Erresse Shop<\/title>\n<meta name=\"description\" content=\"Verre \u00e0 Riesling RIEDEL Black Tie artisanal Le verre \u00e0 Riesling RIEDEL a \u00e9t\u00e9 con\u00e7u pour \u00e9quilibrer l&#039;acidit\u00e9 \u00e9lev\u00e9e et les sucres r\u00e9siduels des vins\" \/>\n<meta name=\"robots\" content=\"index, follow, max-snippet:-1, max-image-preview:large, max-video-preview:-1\" \/>\n<link rel=\"canonical\" href=\"https:\/\/www.erresse-shop.it\/fr\/shop\/table-fr-2\/verres\/riedel-black-tie-riesling\/\" \/>\n<meta property=\"og:locale\" content=\"fr_FR\" \/>\n<meta property=\"og:type\" content=\"article\" \/>\n<meta property=\"og:title\" content=\"RIEDEL Black Tie Riesling\" \/>\n<meta property=\"og:description\" content=\"Verre \u00e0 Riesling RIEDEL Black Tie artisanal Le verre \u00e0 Riesling RIEDEL a \u00e9t\u00e9 con\u00e7u pour \u00e9quilibrer l&#039;acidit\u00e9 \u00e9lev\u00e9e et les sucres r\u00e9siduels des vins\" \/>\n<meta property=\"og:url\" content=\"https:\/\/www.erresse-shop.it\/fr\/shop\/table-fr-2\/verres\/riedel-black-tie-riesling\/\" \/>\n<meta property=\"og:site_name\" content=\"Erresse Shop\" \/>\n<meta property=\"article:modified_time\" content=\"2026-02-23T07:54:37+00:00\" \/>\n<meta property=\"og:image\" content=\"https:\/\/www.erresse-shop.it\/wp-content\/uploads\/2025\/03\/RIEDEL-Black-Tie-Riesling.jpg\" \/>\n\t<meta property=\"og:image:width\" content=\"1200\" \/>\n\t<meta property=\"og:image:height\" content=\"1200\" \/>\n\t<meta property=\"og:image:type\" content=\"image\/jpeg\" \/>\n<meta name=\"twitter:card\" content=\"summary_large_image\" \/>\n<script type=\"application\/ld+json\" class=\"yoast-schema-graph\">{\"@context\":\"https:\/\/schema.org\",\"@graph\":[{\"@type\":\"WebPage\",\"@id\":\"https:\/\/www.erresse-shop.it\/fr\/shop\/table-fr-2\/verres\/riedel-black-tie-riesling\/\",\"url\":\"https:\/\/www.erresse-shop.it\/fr\/shop\/table-fr-2\/verres\/riedel-black-tie-riesling\/\",\"name\":\"RIEDEL Black Tie Riesling - Erresse Shop\",\"isPartOf\":{\"@id\":\"https:\/\/www.erresse-shop.it\/fr\/#website\"},\"datePublished\":\"2025-03-19T14:37:10+00:00\",\"dateModified\":\"2026-02-23T07:54:37+00:00\",\"description\":\"Verre \u00e0 Riesling RIEDEL Black Tie artisanal Le verre \u00e0 Riesling RIEDEL a \u00e9t\u00e9 con\u00e7u pour \u00e9quilibrer l'acidit\u00e9 \u00e9lev\u00e9e et les sucres r\u00e9siduels des vins\",\"breadcrumb\":{\"@id\":\"https:\/\/www.erresse-shop.it\/fr\/shop\/table-fr-2\/verres\/riedel-black-tie-riesling\/#breadcrumb\"},\"inLanguage\":\"fr-FR\",\"potentialAction\":[{\"@type\":\"ReadAction\",\"target\":[\"https:\/\/www.erresse-shop.it\/fr\/shop\/table-fr-2\/verres\/riedel-black-tie-riesling\/\"]}]},{\"@type\":\"BreadcrumbList\",\"@id\":\"https:\/\/www.erresse-shop.it\/fr\/shop\/table-fr-2\/verres\/riedel-black-tie-riesling\/#breadcrumb\",\"itemListElement\":[{\"@type\":\"ListItem\",\"position\":1,\"name\":\"Home\",\"item\":\"https:\/\/www.erresse-shop.it\/fr\/\"},{\"@type\":\"ListItem\",\"position\":2,\"name\":\"Shop\",\"item\":\"https:\/\/www.erresse-shop.it\/fr\/shop\/\"},{\"@type\":\"ListItem\",\"position\":3,\"name\":\"RIEDEL Black Tie Riesling\"}]},{\"@type\":\"WebSite\",\"@id\":\"https:\/\/www.erresse-shop.it\/fr\/#website\",\"url\":\"https:\/\/www.erresse-shop.it\/fr\/\",\"name\":\"Erresse Shop\",\"description\":\"Articoli di qualit\u00e0 per la casa\",\"potentialAction\":[{\"@type\":\"SearchAction\",\"target\":{\"@type\":\"EntryPoint\",\"urlTemplate\":\"https:\/\/www.erresse-shop.it\/fr\/?s={search_term_string}\"},\"query-input\":\"required name=search_term_string\"}],\"inLanguage\":\"fr-FR\"}]}<\/script>\n<!-- \/ Yoast SEO Premium plugin. -->","yoast_head_json":{"title":"RIEDEL Black Tie Riesling - Erresse Shop","description":"Verre \u00e0 Riesling RIEDEL Black Tie artisanal Le verre \u00e0 Riesling RIEDEL a \u00e9t\u00e9 con\u00e7u pour \u00e9quilibrer l'acidit\u00e9 \u00e9lev\u00e9e et les sucres r\u00e9siduels des vins","robots":{"index":"index","follow":"follow","max-snippet":"max-snippet:-1","max-image-preview":"max-image-preview:large","max-video-preview":"max-video-preview:-1"},"canonical":"https:\/\/www.erresse-shop.it\/fr\/shop\/table-fr-2\/verres\/riedel-black-tie-riesling\/","og_locale":"fr_FR","og_type":"article","og_title":"RIEDEL Black Tie Riesling","og_description":"Verre \u00e0 Riesling RIEDEL Black Tie artisanal Le verre \u00e0 Riesling RIEDEL a \u00e9t\u00e9 con\u00e7u pour \u00e9quilibrer l'acidit\u00e9 \u00e9lev\u00e9e et les sucres r\u00e9siduels des vins","og_url":"https:\/\/www.erresse-shop.it\/fr\/shop\/table-fr-2\/verres\/riedel-black-tie-riesling\/","og_site_name":"Erresse Shop","article_modified_time":"2026-02-23T07:54:37+00:00","og_image":[{"width":1200,"height":1200,"url":"https:\/\/www.erresse-shop.it\/wp-content\/uploads\/2025\/03\/RIEDEL-Black-Tie-Riesling.jpg","type":"image\/jpeg"}],"twitter_card":"summary_large_image","schema":{"@context":"https:\/\/schema.org","@graph":[{"@type":"WebPage","@id":"https:\/\/www.erresse-shop.it\/fr\/shop\/table-fr-2\/verres\/riedel-black-tie-riesling\/","url":"https:\/\/www.erresse-shop.it\/fr\/shop\/table-fr-2\/verres\/riedel-black-tie-riesling\/","name":"RIEDEL Black Tie Riesling - Erresse Shop","isPartOf":{"@id":"https:\/\/www.erresse-shop.it\/fr\/#website"},"datePublished":"2025-03-19T14:37:10+00:00","dateModified":"2026-02-23T07:54:37+00:00","description":"Verre \u00e0 Riesling RIEDEL Black Tie artisanal Le verre \u00e0 Riesling RIEDEL a \u00e9t\u00e9 con\u00e7u pour \u00e9quilibrer l'acidit\u00e9 \u00e9lev\u00e9e et les sucres r\u00e9siduels des vins","breadcrumb":{"@id":"https:\/\/www.erresse-shop.it\/fr\/shop\/table-fr-2\/verres\/riedel-black-tie-riesling\/#breadcrumb"},"inLanguage":"fr-FR","potentialAction":[{"@type":"ReadAction","target":["https:\/\/www.erresse-shop.it\/fr\/shop\/table-fr-2\/verres\/riedel-black-tie-riesling\/"]}]},{"@type":"BreadcrumbList","@id":"https:\/\/www.erresse-shop.it\/fr\/shop\/table-fr-2\/verres\/riedel-black-tie-riesling\/#breadcrumb","itemListElement":[{"@type":"ListItem","position":1,"name":"Home","item":"https:\/\/www.erresse-shop.it\/fr\/"},{"@type":"ListItem","position":2,"name":"Shop","item":"https:\/\/www.erresse-shop.it\/fr\/shop\/"},{"@type":"ListItem","position":3,"name":"RIEDEL Black Tie Riesling"}]},{"@type":"WebSite","@id":"https:\/\/www.erresse-shop.it\/fr\/#website","url":"https:\/\/www.erresse-shop.it\/fr\/","name":"Erresse Shop","description":"Articoli di qualit\u00e0 per la casa","potentialAction":[{"@type":"SearchAction","target":{"@type":"EntryPoint","urlTemplate":"https:\/\/www.erresse-shop.it\/fr\/?s={search_term_string}"},"query-input":"required name=search_term_string"}],"inLanguage":"fr-FR"}]}},"df_price":52.95,"df_sale_price":52.95,"df_regular_price":69,"df_image_link":"https:\/\/www.erresse-shop.it\/wp-content\/uploads\/2025\/03\/RIEDEL-Black-Tie-Riesling-300x300.jpg","_links":{"self":[{"href":"https:\/\/www.erresse-shop.it\/fr\/wp-json\/wp\/v2\/product\/481237"}],"collection":[{"href":"https:\/\/www.erresse-shop.it\/fr\/wp-json\/wp\/v2\/product"}],"about":[{"href":"https:\/\/www.erresse-shop.it\/fr\/wp-json\/wp\/v2\/types\/product"}],"wp:featuredmedia":[{"embeddable":true,"href":"https:\/\/www.erresse-shop.it\/fr\/wp-json\/wp\/v2\/media\/481260"}],"wp:attachment":[{"href":"https:\/\/www.erresse-shop.it\/fr\/wp-json\/wp\/v2\/media?parent=481237"}],"wp:term":[{"taxonomy":"product_cat","embeddable":true,"href":"https:\/\/www.erresse-shop.it\/fr\/wp-json\/wp\/v2\/product_cat?post=481237"},{"taxonomy":"product_tag","embeddable":true,"href":"https:\/\/www.erresse-shop.it\/fr\/wp-json\/wp\/v2\/product_tag?post=481237"}],"curies":[{"name":"wp","href":"https:\/\/api.w.org\/{rel}","templated":true}]}}