{"id":481203,"date":"2025-03-19T14:17:57","date_gmt":"2025-03-19T14:18:00","guid":{"rendered":"https:\/\/www.erresse-shop.it\/?post_type=product&#038;p=481203"},"modified":"2025-03-19T14:35:49","modified_gmt":"2025-03-19T14:35:49","slug":"riedel-resort-highball-copia","status":"publish","type":"product","link":"https:\/\/www.erresse-shop.it\/fr\/shop\/table-fr-2\/verres\/riedel-resort-highball-copia\/","title":{"rendered":"RIEDEL Black Tie Verre \u00e0 vin Champagne\/Sauvignon Blanc"},"content":{"rendered":"<p data-start=\"0\" data-end=\"75\"><strong data-start=\"0\" data-end=\"75\">Verre \u00e0 champagne et sauvignon blanc artisanal RIEDEL Black Tie<\/strong><\/p>\n<p data-start=\"77\" data-end=\"616\">Ce verre RIEDEL est con\u00e7u pour mettre en valeur les notes distinctives du Champagne, du Sauvignon Blanc et d&#8217;autres vins mousseux et aromatiques. Sa forme ovo\u00efde permet de lib\u00e9rer compl\u00e8tement le bouquet, sublimant l&#8217;exp\u00e9rience sensorielle avec un perlage captivant et un \u00e9quilibre parfait entre fra\u00eecheur, fruit\u00e9 et min\u00e9ralit\u00e9. Id\u00e9al pour le Champagne l\u00e9ger et sec, le Prosecco et le Sauvignon Blanc, ce verre c\u00e9l\u00e8bre l&#8217;\u00e9volution des vins du Nouveau Monde, fruit d&#8217;une collaboration avec les plus belles r\u00e9gions viticoles du monde.<\/p>\n<p data-start=\"618\" data-end=\"638\"><strong data-start=\"618\" data-end=\"638\">Caract\u00e9ristiques\u00a0:<\/strong><\/p>\n<ul data-start=\"639\" data-end=\"976\">\n<li data-start=\"639\" data-end=\"717\"><strong data-start=\"641\" data-end=\"661\">Design exclusif<\/strong>\u00a0: Coupe ovo\u00efde qui intensifie les nuances aromatiques<\/li>\n<li data-start=\"718\" data-end=\"795\"><strong data-start=\"720\" data-end=\"744\">Base noire d\u00e9corative<\/strong>\u00a0: \u00e9l\u00e9gante base en cristal noir fabriqu\u00e9e \u00e0 la main<\/li>\n<li data-start=\"796\" data-end=\"840\"><strong data-start=\"798\" data-end=\"819\">Tige transparente<\/strong>\u00a0: Fine et raffin\u00e9e<\/li>\n<li data-start=\"841\" data-end=\"916\"><strong data-start=\"843\" data-end=\"859\">Fait main<\/strong>\u00a0: chaque pi\u00e8ce est unique, r\u00e9alis\u00e9e par des verriers experts (chaque verre peut pr\u00e9senter de l\u00e9g\u00e8res diff\u00e9rences de taille et de poids en raison de la fabrication artisanale.)<\/li>\n<li data-start=\"917\" data-end=\"976\"><strong data-start=\"919\" data-end=\"948\">Lavable au lave-vaisselle<\/strong> pour un entretien facile<\/li>\n<\/ul>\n<p data-start=\"978\" data-end=\"1129\"><strong data-start=\"1105\" data-end=\"1119\">Paquet<\/strong>\u00a0: 1 pi\u00e8ce.<\/p>\n<p data-start=\"1131\" data-end=\"1251\" data-is-last-node=\"\" data-is-only-node=\"\">Parfait pour ceux qui recherchent une exp\u00e9rience de d\u00e9gustation unique, ce verre est un chef-d&#8217;\u0153uvre d&#8217;\u00e9l\u00e9gance et de fonctionnalit\u00e9.<\/p>\n<p class=\"product-info__characteristics-paragraph flex justify-between\">Capacit\u00e9\u00a0: 464,0\u00a0cm3<br \/>\nHauteur : 260,0 mm<\/p>\n","protected":false},"excerpt":{"rendered":"<p>Verre \u00e0 champagne et sauvignon blanc artisanal RIEDEL Black Tie Ce verre RIEDEL est con\u00e7u pour mettre en valeur les<\/p>\n","protected":false},"featured_media":481226,"template":"","meta":{"_acf_changed":false,"inline_featured_image":false},"product_cat":[12782,12784],"product_tag":[25086,23910,14413,25021,21821,12826,15730,22555],"acf":[],"yoast_head":"<!-- This site is optimized with the Yoast SEO Premium plugin v18.6 (Yoast SEO v19.13) - https:\/\/yoast.com\/wordpress\/plugins\/seo\/ -->\n<title>RIEDEL Laudon Noir<\/title>\n<meta name=\"description\" content=\"D\u00e9couvrez RIEDEL Laudon Noir sur ErresseShop. Qualit\u00e9, prix r\u00e9duits et achat s\u00e9curis\u00e9 \u2013 commandez d\u00e8s maintenant en ligne !\" \/>\n<meta name=\"robots\" content=\"index, follow, max-snippet:-1, max-image-preview:large, max-video-preview:-1\" \/>\n<link rel=\"canonical\" href=\"https:\/\/www.erresse-shop.it\/fr\/shop\/table-fr-2\/verres\/riedel-resort-highball-copia\/\" \/>\n<meta property=\"og:locale\" content=\"fr_FR\" \/>\n<meta property=\"og:type\" content=\"article\" \/>\n<meta property=\"og:title\" content=\"RIEDEL Black Tie Verre \u00e0 vin Champagne\/Sauvignon Blanc\" \/>\n<meta property=\"og:description\" content=\"D\u00e9couvrez RIEDEL Laudon Noir sur ErresseShop. Qualit\u00e9, prix r\u00e9duits et achat s\u00e9curis\u00e9 \u2013 commandez d\u00e8s maintenant en ligne !\" \/>\n<meta property=\"og:url\" content=\"https:\/\/www.erresse-shop.it\/fr\/shop\/table-fr-2\/verres\/riedel-resort-highball-copia\/\" \/>\n<meta property=\"og:site_name\" content=\"Erresse Shop\" \/>\n<meta property=\"article:modified_time\" content=\"2025-03-19T14:35:49+00:00\" \/>\n<meta property=\"og:image\" content=\"https:\/\/www.erresse-shop.it\/wp-content\/uploads\/2025\/03\/RIEDEL-Black-Tie-Bicchiere-da-Vino-Champagne_Sauvignon-Blanc.jpg\" \/>\n\t<meta property=\"og:image:width\" content=\"1200\" \/>\n\t<meta property=\"og:image:height\" content=\"1200\" \/>\n\t<meta property=\"og:image:type\" content=\"image\/jpeg\" \/>\n<meta name=\"twitter:card\" content=\"summary_large_image\" \/>\n<script type=\"application\/ld+json\" class=\"yoast-schema-graph\">{\"@context\":\"https:\/\/schema.org\",\"@graph\":[{\"@type\":\"WebPage\",\"@id\":\"https:\/\/www.erresse-shop.it\/fr\/shop\/table-fr-2\/verres\/riedel-resort-highball-copia\/\",\"url\":\"https:\/\/www.erresse-shop.it\/fr\/shop\/table-fr-2\/verres\/riedel-resort-highball-copia\/\",\"name\":\"RIEDEL Laudon Noir\",\"isPartOf\":{\"@id\":\"https:\/\/www.erresse-shop.it\/fr\/#website\"},\"datePublished\":\"2025-03-19T14:18:00+00:00\",\"dateModified\":\"2025-03-19T14:35:49+00:00\",\"description\":\"D\u00e9couvrez RIEDEL Laudon Noir sur ErresseShop. Qualit\u00e9, prix r\u00e9duits et achat s\u00e9curis\u00e9 \u2013 commandez d\u00e8s maintenant en ligne !\",\"breadcrumb\":{\"@id\":\"https:\/\/www.erresse-shop.it\/fr\/shop\/table-fr-2\/verres\/riedel-resort-highball-copia\/#breadcrumb\"},\"inLanguage\":\"fr-FR\",\"potentialAction\":[{\"@type\":\"ReadAction\",\"target\":[\"https:\/\/www.erresse-shop.it\/fr\/shop\/table-fr-2\/verres\/riedel-resort-highball-copia\/\"]}]},{\"@type\":\"BreadcrumbList\",\"@id\":\"https:\/\/www.erresse-shop.it\/fr\/shop\/table-fr-2\/verres\/riedel-resort-highball-copia\/#breadcrumb\",\"itemListElement\":[{\"@type\":\"ListItem\",\"position\":1,\"name\":\"Home\",\"item\":\"https:\/\/www.erresse-shop.it\/fr\/\"},{\"@type\":\"ListItem\",\"position\":2,\"name\":\"Shop\",\"item\":\"https:\/\/www.erresse-shop.it\/fr\/shop\/\"},{\"@type\":\"ListItem\",\"position\":3,\"name\":\"RIEDEL Black Tie Verre \u00e0 vin Champagne\/Sauvignon Blanc\"}]},{\"@type\":\"WebSite\",\"@id\":\"https:\/\/www.erresse-shop.it\/fr\/#website\",\"url\":\"https:\/\/www.erresse-shop.it\/fr\/\",\"name\":\"Erresse Shop\",\"description\":\"Articoli di qualit\u00e0 per la casa\",\"potentialAction\":[{\"@type\":\"SearchAction\",\"target\":{\"@type\":\"EntryPoint\",\"urlTemplate\":\"https:\/\/www.erresse-shop.it\/fr\/?s={search_term_string}\"},\"query-input\":\"required name=search_term_string\"}],\"inLanguage\":\"fr-FR\"}]}<\/script>\n<!-- \/ Yoast SEO Premium plugin. -->","yoast_head_json":{"title":"RIEDEL Laudon Noir","description":"D\u00e9couvrez RIEDEL Laudon Noir sur ErresseShop. Qualit\u00e9, prix r\u00e9duits et achat s\u00e9curis\u00e9 \u2013 commandez d\u00e8s maintenant en ligne !","robots":{"index":"index","follow":"follow","max-snippet":"max-snippet:-1","max-image-preview":"max-image-preview:large","max-video-preview":"max-video-preview:-1"},"canonical":"https:\/\/www.erresse-shop.it\/fr\/shop\/table-fr-2\/verres\/riedel-resort-highball-copia\/","og_locale":"fr_FR","og_type":"article","og_title":"RIEDEL Black Tie Verre \u00e0 vin Champagne\/Sauvignon Blanc","og_description":"D\u00e9couvrez RIEDEL Laudon Noir sur ErresseShop. Qualit\u00e9, prix r\u00e9duits et achat s\u00e9curis\u00e9 \u2013 commandez d\u00e8s maintenant en ligne !","og_url":"https:\/\/www.erresse-shop.it\/fr\/shop\/table-fr-2\/verres\/riedel-resort-highball-copia\/","og_site_name":"Erresse Shop","article_modified_time":"2025-03-19T14:35:49+00:00","og_image":[{"width":1200,"height":1200,"url":"https:\/\/www.erresse-shop.it\/wp-content\/uploads\/2025\/03\/RIEDEL-Black-Tie-Bicchiere-da-Vino-Champagne_Sauvignon-Blanc.jpg","type":"image\/jpeg"}],"twitter_card":"summary_large_image","schema":{"@context":"https:\/\/schema.org","@graph":[{"@type":"WebPage","@id":"https:\/\/www.erresse-shop.it\/fr\/shop\/table-fr-2\/verres\/riedel-resort-highball-copia\/","url":"https:\/\/www.erresse-shop.it\/fr\/shop\/table-fr-2\/verres\/riedel-resort-highball-copia\/","name":"RIEDEL Laudon Noir","isPartOf":{"@id":"https:\/\/www.erresse-shop.it\/fr\/#website"},"datePublished":"2025-03-19T14:18:00+00:00","dateModified":"2025-03-19T14:35:49+00:00","description":"D\u00e9couvrez RIEDEL Laudon Noir sur ErresseShop. Qualit\u00e9, prix r\u00e9duits et achat s\u00e9curis\u00e9 \u2013 commandez d\u00e8s maintenant en ligne !","breadcrumb":{"@id":"https:\/\/www.erresse-shop.it\/fr\/shop\/table-fr-2\/verres\/riedel-resort-highball-copia\/#breadcrumb"},"inLanguage":"fr-FR","potentialAction":[{"@type":"ReadAction","target":["https:\/\/www.erresse-shop.it\/fr\/shop\/table-fr-2\/verres\/riedel-resort-highball-copia\/"]}]},{"@type":"BreadcrumbList","@id":"https:\/\/www.erresse-shop.it\/fr\/shop\/table-fr-2\/verres\/riedel-resort-highball-copia\/#breadcrumb","itemListElement":[{"@type":"ListItem","position":1,"name":"Home","item":"https:\/\/www.erresse-shop.it\/fr\/"},{"@type":"ListItem","position":2,"name":"Shop","item":"https:\/\/www.erresse-shop.it\/fr\/shop\/"},{"@type":"ListItem","position":3,"name":"RIEDEL Black Tie Verre \u00e0 vin Champagne\/Sauvignon Blanc"}]},{"@type":"WebSite","@id":"https:\/\/www.erresse-shop.it\/fr\/#website","url":"https:\/\/www.erresse-shop.it\/fr\/","name":"Erresse Shop","description":"Articoli di qualit\u00e0 per la casa","potentialAction":[{"@type":"SearchAction","target":{"@type":"EntryPoint","urlTemplate":"https:\/\/www.erresse-shop.it\/fr\/?s={search_term_string}"},"query-input":"required name=search_term_string"}],"inLanguage":"fr-FR"}]}},"df_price":20.25,"df_sale_price":20.25,"df_regular_price":45,"df_image_link":"https:\/\/www.erresse-shop.it\/wp-content\/uploads\/2025\/03\/RIEDEL-Black-Tie-Bicchiere-da-Vino-Champagne_Sauvignon-Blanc-300x300.jpg","_links":{"self":[{"href":"https:\/\/www.erresse-shop.it\/fr\/wp-json\/wp\/v2\/product\/481203"}],"collection":[{"href":"https:\/\/www.erresse-shop.it\/fr\/wp-json\/wp\/v2\/product"}],"about":[{"href":"https:\/\/www.erresse-shop.it\/fr\/wp-json\/wp\/v2\/types\/product"}],"wp:featuredmedia":[{"embeddable":true,"href":"https:\/\/www.erresse-shop.it\/fr\/wp-json\/wp\/v2\/media\/481226"}],"wp:attachment":[{"href":"https:\/\/www.erresse-shop.it\/fr\/wp-json\/wp\/v2\/media?parent=481203"}],"wp:term":[{"taxonomy":"product_cat","embeddable":true,"href":"https:\/\/www.erresse-shop.it\/fr\/wp-json\/wp\/v2\/product_cat?post=481203"},{"taxonomy":"product_tag","embeddable":true,"href":"https:\/\/www.erresse-shop.it\/fr\/wp-json\/wp\/v2\/product_tag?post=481203"}],"curies":[{"name":"wp","href":"https:\/\/api.w.org\/{rel}","templated":true}]}}