{"id":481169,"date":"2025-03-19T14:02:24","date_gmt":"2025-03-19T14:02:28","guid":{"rendered":"https:\/\/www.erresse-shop.it\/?post_type=product&#038;p=481169"},"modified":"2026-02-23T07:57:09","modified_gmt":"2026-02-23T07:57:09","slug":"riedel-resort-highball","status":"publish","type":"product","link":"https:\/\/www.erresse-shop.it\/fr\/shop\/table-fr-2\/verres\/riedel-resort-highball\/","title":{"rendered":"RIEDEL Resort Highball"},"content":{"rendered":"<p data-start=\"0\" data-end=\"467\">Le verre \u00e0 whisky RIEDEL Resort allie \u00e9l\u00e9gance et durabilit\u00e9. Fabriqu\u00e9 en Eastman Tritan\u2122 incassable, un mat\u00e9riau innovant offrant clart\u00e9, brillance et durabilit\u00e9. Sans BPA et de qualit\u00e9 alimentaire, ce verre est id\u00e9al pour les espaces ext\u00e9rieurs, comme les piscines et les spas, o\u00f9 les verres \u00e0 pied traditionnels ne conviennent pas. Gr\u00e2ce \u00e0 son design fonctionnel et empilable, il est pratique \u00e0 ranger et parfait en toute occasion.<\/p>\n<p data-start=\"822\" data-end=\"911\" data-is-last-node=\"\" data-is-only-node=\"\">Parfait pour ceux qui recherchent l&#8217;\u00e9l\u00e9gance et la praticit\u00e9 dans un verre durable et de haute qualit\u00e9.<\/p>\n<p><strong>D\u00e9tails du produit\u00a0:<\/strong><\/p>\n<ul>\n<li>Ce produit est fabriqu\u00e9 en machine.<\/li>\n<li>Les produits d\u00e9cor\u00e9s ne passent pas au lave-vaisselle.<\/li>\n<li>L&#8217;utilisation de d\u00e9tergents agressifs en machine peut endommager l&#8217;article d\u00e9cor\u00e9.<\/li>\n<li>Lavez ces articles uniquement \u00e0 la main avec un chiffon doux. Vous pourrez ainsi profiter de l&#8217;\u00e9l\u00e9gance et de l&#8217;\u00e9clat de vos produits pr\u00e9f\u00e9r\u00e9s pendant de nombreuses ann\u00e9es.<\/li>\n<\/ul>\n<p class=\"product-info__characteristics-paragraph flex justify-between\">Capacit\u00e9\u00a0: 447,0\u00a0cm\u00b3<br \/>\nHauteur\u00a0: 156,0\u00a0mm<\/p>\n","protected":false},"excerpt":{"rendered":"<p>Le verre \u00e0 whisky RIEDEL Resort allie \u00e9l\u00e9gance et durabilit\u00e9. Fabriqu\u00e9 en Eastman Tritan\u2122 incassable, un mat\u00e9riau innovant offrant clart\u00e9,<\/p>\n","protected":false},"featured_media":481192,"template":"","meta":{"_acf_changed":false,"inline_featured_image":false},"product_cat":[12782,12784],"product_tag":[25086,23910,14413,25021,21821,12826,15730,22555],"acf":[],"yoast_head":"<!-- This site is optimized with the Yoast SEO Premium plugin v18.6 (Yoast SEO v19.13) - https:\/\/yoast.com\/wordpress\/plugins\/seo\/ -->\n<title>RIEDEL Resort Highball - Erresse Shop<\/title>\n<meta name=\"description\" content=\"Le verre \u00e0 whisky RIEDEL Resort allie \u00e9l\u00e9gance et durabilit\u00e9. Fabriqu\u00e9 en Eastman Tritan\u2122 incassable, un mat\u00e9riau innovant offrant clart\u00e9, brillance et\" \/>\n<meta name=\"robots\" content=\"index, follow, max-snippet:-1, max-image-preview:large, max-video-preview:-1\" \/>\n<link rel=\"canonical\" href=\"https:\/\/www.erresse-shop.it\/fr\/shop\/table-fr-2\/verres\/riedel-resort-highball\/\" \/>\n<meta property=\"og:locale\" content=\"fr_FR\" \/>\n<meta property=\"og:type\" content=\"article\" \/>\n<meta property=\"og:title\" content=\"RIEDEL Resort Highball\" \/>\n<meta property=\"og:description\" content=\"Le verre \u00e0 whisky RIEDEL Resort allie \u00e9l\u00e9gance et durabilit\u00e9. Fabriqu\u00e9 en Eastman Tritan\u2122 incassable, un mat\u00e9riau innovant offrant clart\u00e9, brillance et\" \/>\n<meta property=\"og:url\" content=\"https:\/\/www.erresse-shop.it\/fr\/shop\/table-fr-2\/verres\/riedel-resort-highball\/\" \/>\n<meta property=\"og:site_name\" content=\"Erresse Shop\" \/>\n<meta property=\"article:modified_time\" content=\"2026-02-23T07:57:09+00:00\" \/>\n<meta property=\"og:image\" content=\"https:\/\/www.erresse-shop.it\/wp-content\/uploads\/2025\/03\/RIEDEL-Resort-Highball.jpg\" \/>\n\t<meta property=\"og:image:width\" content=\"1200\" \/>\n\t<meta property=\"og:image:height\" content=\"1200\" \/>\n\t<meta property=\"og:image:type\" content=\"image\/jpeg\" \/>\n<meta name=\"twitter:card\" content=\"summary_large_image\" \/>\n<script type=\"application\/ld+json\" class=\"yoast-schema-graph\">{\"@context\":\"https:\/\/schema.org\",\"@graph\":[{\"@type\":\"WebPage\",\"@id\":\"https:\/\/www.erresse-shop.it\/fr\/shop\/table-fr-2\/verres\/riedel-resort-highball\/\",\"url\":\"https:\/\/www.erresse-shop.it\/fr\/shop\/table-fr-2\/verres\/riedel-resort-highball\/\",\"name\":\"RIEDEL Resort Highball - Erresse Shop\",\"isPartOf\":{\"@id\":\"https:\/\/www.erresse-shop.it\/fr\/#website\"},\"datePublished\":\"2025-03-19T14:02:28+00:00\",\"dateModified\":\"2026-02-23T07:57:09+00:00\",\"description\":\"Le verre \u00e0 whisky RIEDEL Resort allie \u00e9l\u00e9gance et durabilit\u00e9. Fabriqu\u00e9 en Eastman Tritan\u2122 incassable, un mat\u00e9riau innovant offrant clart\u00e9, brillance et\",\"breadcrumb\":{\"@id\":\"https:\/\/www.erresse-shop.it\/fr\/shop\/table-fr-2\/verres\/riedel-resort-highball\/#breadcrumb\"},\"inLanguage\":\"fr-FR\",\"potentialAction\":[{\"@type\":\"ReadAction\",\"target\":[\"https:\/\/www.erresse-shop.it\/fr\/shop\/table-fr-2\/verres\/riedel-resort-highball\/\"]}]},{\"@type\":\"BreadcrumbList\",\"@id\":\"https:\/\/www.erresse-shop.it\/fr\/shop\/table-fr-2\/verres\/riedel-resort-highball\/#breadcrumb\",\"itemListElement\":[{\"@type\":\"ListItem\",\"position\":1,\"name\":\"Home\",\"item\":\"https:\/\/www.erresse-shop.it\/fr\/\"},{\"@type\":\"ListItem\",\"position\":2,\"name\":\"Shop\",\"item\":\"https:\/\/www.erresse-shop.it\/fr\/shop\/\"},{\"@type\":\"ListItem\",\"position\":3,\"name\":\"RIEDEL Resort Highball\"}]},{\"@type\":\"WebSite\",\"@id\":\"https:\/\/www.erresse-shop.it\/fr\/#website\",\"url\":\"https:\/\/www.erresse-shop.it\/fr\/\",\"name\":\"Erresse Shop\",\"description\":\"Articoli di qualit\u00e0 per la casa\",\"potentialAction\":[{\"@type\":\"SearchAction\",\"target\":{\"@type\":\"EntryPoint\",\"urlTemplate\":\"https:\/\/www.erresse-shop.it\/fr\/?s={search_term_string}\"},\"query-input\":\"required name=search_term_string\"}],\"inLanguage\":\"fr-FR\"}]}<\/script>\n<!-- \/ Yoast SEO Premium plugin. -->","yoast_head_json":{"title":"RIEDEL Resort Highball - Erresse Shop","description":"Le verre \u00e0 whisky RIEDEL Resort allie \u00e9l\u00e9gance et durabilit\u00e9. Fabriqu\u00e9 en Eastman Tritan\u2122 incassable, un mat\u00e9riau innovant offrant clart\u00e9, brillance et","robots":{"index":"index","follow":"follow","max-snippet":"max-snippet:-1","max-image-preview":"max-image-preview:large","max-video-preview":"max-video-preview:-1"},"canonical":"https:\/\/www.erresse-shop.it\/fr\/shop\/table-fr-2\/verres\/riedel-resort-highball\/","og_locale":"fr_FR","og_type":"article","og_title":"RIEDEL Resort Highball","og_description":"Le verre \u00e0 whisky RIEDEL Resort allie \u00e9l\u00e9gance et durabilit\u00e9. Fabriqu\u00e9 en Eastman Tritan\u2122 incassable, un mat\u00e9riau innovant offrant clart\u00e9, brillance et","og_url":"https:\/\/www.erresse-shop.it\/fr\/shop\/table-fr-2\/verres\/riedel-resort-highball\/","og_site_name":"Erresse Shop","article_modified_time":"2026-02-23T07:57:09+00:00","og_image":[{"width":1200,"height":1200,"url":"https:\/\/www.erresse-shop.it\/wp-content\/uploads\/2025\/03\/RIEDEL-Resort-Highball.jpg","type":"image\/jpeg"}],"twitter_card":"summary_large_image","schema":{"@context":"https:\/\/schema.org","@graph":[{"@type":"WebPage","@id":"https:\/\/www.erresse-shop.it\/fr\/shop\/table-fr-2\/verres\/riedel-resort-highball\/","url":"https:\/\/www.erresse-shop.it\/fr\/shop\/table-fr-2\/verres\/riedel-resort-highball\/","name":"RIEDEL Resort Highball - Erresse Shop","isPartOf":{"@id":"https:\/\/www.erresse-shop.it\/fr\/#website"},"datePublished":"2025-03-19T14:02:28+00:00","dateModified":"2026-02-23T07:57:09+00:00","description":"Le verre \u00e0 whisky RIEDEL Resort allie \u00e9l\u00e9gance et durabilit\u00e9. Fabriqu\u00e9 en Eastman Tritan\u2122 incassable, un mat\u00e9riau innovant offrant clart\u00e9, brillance et","breadcrumb":{"@id":"https:\/\/www.erresse-shop.it\/fr\/shop\/table-fr-2\/verres\/riedel-resort-highball\/#breadcrumb"},"inLanguage":"fr-FR","potentialAction":[{"@type":"ReadAction","target":["https:\/\/www.erresse-shop.it\/fr\/shop\/table-fr-2\/verres\/riedel-resort-highball\/"]}]},{"@type":"BreadcrumbList","@id":"https:\/\/www.erresse-shop.it\/fr\/shop\/table-fr-2\/verres\/riedel-resort-highball\/#breadcrumb","itemListElement":[{"@type":"ListItem","position":1,"name":"Home","item":"https:\/\/www.erresse-shop.it\/fr\/"},{"@type":"ListItem","position":2,"name":"Shop","item":"https:\/\/www.erresse-shop.it\/fr\/shop\/"},{"@type":"ListItem","position":3,"name":"RIEDEL Resort Highball"}]},{"@type":"WebSite","@id":"https:\/\/www.erresse-shop.it\/fr\/#website","url":"https:\/\/www.erresse-shop.it\/fr\/","name":"Erresse Shop","description":"Articoli di qualit\u00e0 per la casa","potentialAction":[{"@type":"SearchAction","target":{"@type":"EntryPoint","urlTemplate":"https:\/\/www.erresse-shop.it\/fr\/?s={search_term_string}"},"query-input":"required name=search_term_string"}],"inLanguage":"fr-FR"}]}},"df_price":20.25,"df_sale_price":20.25,"df_regular_price":45,"df_image_link":"https:\/\/www.erresse-shop.it\/wp-content\/uploads\/2025\/03\/RIEDEL-Resort-Highball-300x300.jpg","_links":{"self":[{"href":"https:\/\/www.erresse-shop.it\/fr\/wp-json\/wp\/v2\/product\/481169"}],"collection":[{"href":"https:\/\/www.erresse-shop.it\/fr\/wp-json\/wp\/v2\/product"}],"about":[{"href":"https:\/\/www.erresse-shop.it\/fr\/wp-json\/wp\/v2\/types\/product"}],"wp:featuredmedia":[{"embeddable":true,"href":"https:\/\/www.erresse-shop.it\/fr\/wp-json\/wp\/v2\/media\/481192"}],"wp:attachment":[{"href":"https:\/\/www.erresse-shop.it\/fr\/wp-json\/wp\/v2\/media?parent=481169"}],"wp:term":[{"taxonomy":"product_cat","embeddable":true,"href":"https:\/\/www.erresse-shop.it\/fr\/wp-json\/wp\/v2\/product_cat?post=481169"},{"taxonomy":"product_tag","embeddable":true,"href":"https:\/\/www.erresse-shop.it\/fr\/wp-json\/wp\/v2\/product_tag?post=481169"}],"curies":[{"name":"wp","href":"https:\/\/api.w.org\/{rel}","templated":true}]}}