{"id":481141,"date":"2025-03-19T13:42:39","date_gmt":"2025-03-19T13:42:42","guid":{"rendered":"https:\/\/www.erresse-shop.it\/?post_type=product&#038;p=481141"},"modified":"2026-02-23T08:00:35","modified_gmt":"2026-02-23T08:00:35","slug":"riedel-lot-de-2-verres-a-martini-cocktail","status":"publish","type":"product","link":"https:\/\/www.erresse-shop.it\/fr\/shop\/table-fr-2\/vin\/riedel-lot-de-2-verres-a-martini-cocktail\/","title":{"rendered":"RIEDEL Lot de 2 verres \u00e0 Martini\/Cocktail"},"content":{"rendered":"<p>Le verre \u00e0 cocktail usin\u00e9 en forme de diamant est le cadeau id\u00e9al ou un ajout parfait \u00e0 votre collection. Ses parois inclin\u00e9es et abruptes sont sp\u00e9cialement con\u00e7ues pour sublimer les saveurs et les ar\u00f4mes du Martini classique et d&#8217;autres cocktails similaires.<\/p>\n<p>Parfait pour une vari\u00e9t\u00e9 de vins, boissons et cocktails. Fabriqu\u00e9s avec soin pour garantir une pr\u00e9cision maximale selon la vari\u00e9t\u00e9, ces verres offrent le meilleur de la mixologie et du plaisir de la d\u00e9gustation.<\/p>\n<p><strong>D\u00e9tails du produit<\/strong>\u00a0:<\/p>\n<ul>\n<li>Ce produit est usin\u00e9.<\/li>\n<li>Ce produit passe au lave-vaisselle.<\/li>\n<li>Lot de 2.<\/li>\n<li>Ce produit est en cristal transparent.<\/li>\n<\/ul>\n<p class=\"product-info__characteristics-paragraph flex justify-between\">Capacit\u00e9\u00a0: 650,0\u00a0cm\u00b3<br \/>\nHauteur\u00a0: 215,0\u00a0mm<\/p>\n","protected":false},"excerpt":{"rendered":"<p>Le verre \u00e0 cocktail usin\u00e9 en forme de diamant est le cadeau id\u00e9al ou un ajout parfait \u00e0 votre collection.<\/p>\n","protected":false},"featured_media":481158,"template":"","meta":{"_acf_changed":false,"inline_featured_image":false},"product_cat":[14460,12754],"product_tag":[25086,23910,23660,25021,24415,21821,12826,15730,21985,23682],"acf":[],"yoast_head":"<!-- This site is optimized with the Yoast SEO Premium plugin v18.6 (Yoast SEO v19.13) - https:\/\/yoast.com\/wordpress\/plugins\/seo\/ -->\n<title>RIEDEL Lot de 2 verres \u00e0 Martini\/Cocktail - Erresse Shop<\/title>\n<meta name=\"description\" content=\"Le verre \u00e0 cocktail usin\u00e9 en forme de diamant est le cadeau id\u00e9al ou un ajout parfait \u00e0 votre collection. Ses parois inclin\u00e9es et abruptes sont\" \/>\n<meta name=\"robots\" content=\"index, follow, max-snippet:-1, max-image-preview:large, max-video-preview:-1\" \/>\n<link rel=\"canonical\" href=\"https:\/\/www.erresse-shop.it\/fr\/shop\/table-fr-2\/vin\/riedel-lot-de-2-verres-a-martini-cocktail\/\" \/>\n<meta property=\"og:locale\" content=\"fr_FR\" \/>\n<meta property=\"og:type\" content=\"article\" \/>\n<meta property=\"og:title\" content=\"RIEDEL Lot de 2 verres \u00e0 Martini\/Cocktail\" \/>\n<meta property=\"og:description\" content=\"Le verre \u00e0 cocktail usin\u00e9 en forme de diamant est le cadeau id\u00e9al ou un ajout parfait \u00e0 votre collection. Ses parois inclin\u00e9es et abruptes sont\" \/>\n<meta property=\"og:url\" content=\"https:\/\/www.erresse-shop.it\/fr\/shop\/table-fr-2\/vin\/riedel-lot-de-2-verres-a-martini-cocktail\/\" \/>\n<meta property=\"og:site_name\" content=\"Erresse Shop\" \/>\n<meta property=\"article:modified_time\" content=\"2026-02-23T08:00:35+00:00\" \/>\n<meta property=\"og:image\" content=\"https:\/\/www.erresse-shop.it\/wp-content\/uploads\/2025\/03\/RIEDEL-Set-2-Bicchieri-Martini_Cocktail.jpg\" \/>\n\t<meta property=\"og:image:width\" content=\"1200\" \/>\n\t<meta property=\"og:image:height\" content=\"1200\" \/>\n\t<meta property=\"og:image:type\" content=\"image\/jpeg\" \/>\n<meta name=\"twitter:card\" content=\"summary_large_image\" \/>\n<script type=\"application\/ld+json\" class=\"yoast-schema-graph\">{\"@context\":\"https:\/\/schema.org\",\"@graph\":[{\"@type\":\"WebPage\",\"@id\":\"https:\/\/www.erresse-shop.it\/fr\/shop\/table-fr-2\/vin\/riedel-lot-de-2-verres-a-martini-cocktail\/\",\"url\":\"https:\/\/www.erresse-shop.it\/fr\/shop\/table-fr-2\/vin\/riedel-lot-de-2-verres-a-martini-cocktail\/\",\"name\":\"RIEDEL Lot de 2 verres \u00e0 Martini\/Cocktail - Erresse Shop\",\"isPartOf\":{\"@id\":\"https:\/\/www.erresse-shop.it\/fr\/#website\"},\"datePublished\":\"2025-03-19T13:42:42+00:00\",\"dateModified\":\"2026-02-23T08:00:35+00:00\",\"description\":\"Le verre \u00e0 cocktail usin\u00e9 en forme de diamant est le cadeau id\u00e9al ou un ajout parfait \u00e0 votre collection. Ses parois inclin\u00e9es et abruptes sont\",\"breadcrumb\":{\"@id\":\"https:\/\/www.erresse-shop.it\/fr\/shop\/table-fr-2\/vin\/riedel-lot-de-2-verres-a-martini-cocktail\/#breadcrumb\"},\"inLanguage\":\"fr-FR\",\"potentialAction\":[{\"@type\":\"ReadAction\",\"target\":[\"https:\/\/www.erresse-shop.it\/fr\/shop\/table-fr-2\/vin\/riedel-lot-de-2-verres-a-martini-cocktail\/\"]}]},{\"@type\":\"BreadcrumbList\",\"@id\":\"https:\/\/www.erresse-shop.it\/fr\/shop\/table-fr-2\/vin\/riedel-lot-de-2-verres-a-martini-cocktail\/#breadcrumb\",\"itemListElement\":[{\"@type\":\"ListItem\",\"position\":1,\"name\":\"Home\",\"item\":\"https:\/\/www.erresse-shop.it\/fr\/\"},{\"@type\":\"ListItem\",\"position\":2,\"name\":\"Shop\",\"item\":\"https:\/\/www.erresse-shop.it\/fr\/shop\/\"},{\"@type\":\"ListItem\",\"position\":3,\"name\":\"RIEDEL Lot de 2 verres \u00e0 Martini\/Cocktail\"}]},{\"@type\":\"WebSite\",\"@id\":\"https:\/\/www.erresse-shop.it\/fr\/#website\",\"url\":\"https:\/\/www.erresse-shop.it\/fr\/\",\"name\":\"Erresse Shop\",\"description\":\"Articoli di qualit\u00e0 per la casa\",\"potentialAction\":[{\"@type\":\"SearchAction\",\"target\":{\"@type\":\"EntryPoint\",\"urlTemplate\":\"https:\/\/www.erresse-shop.it\/fr\/?s={search_term_string}\"},\"query-input\":\"required name=search_term_string\"}],\"inLanguage\":\"fr-FR\"}]}<\/script>\n<!-- \/ Yoast SEO Premium plugin. -->","yoast_head_json":{"title":"RIEDEL Lot de 2 verres \u00e0 Martini\/Cocktail - Erresse Shop","description":"Le verre \u00e0 cocktail usin\u00e9 en forme de diamant est le cadeau id\u00e9al ou un ajout parfait \u00e0 votre collection. Ses parois inclin\u00e9es et abruptes sont","robots":{"index":"index","follow":"follow","max-snippet":"max-snippet:-1","max-image-preview":"max-image-preview:large","max-video-preview":"max-video-preview:-1"},"canonical":"https:\/\/www.erresse-shop.it\/fr\/shop\/table-fr-2\/vin\/riedel-lot-de-2-verres-a-martini-cocktail\/","og_locale":"fr_FR","og_type":"article","og_title":"RIEDEL Lot de 2 verres \u00e0 Martini\/Cocktail","og_description":"Le verre \u00e0 cocktail usin\u00e9 en forme de diamant est le cadeau id\u00e9al ou un ajout parfait \u00e0 votre collection. Ses parois inclin\u00e9es et abruptes sont","og_url":"https:\/\/www.erresse-shop.it\/fr\/shop\/table-fr-2\/vin\/riedel-lot-de-2-verres-a-martini-cocktail\/","og_site_name":"Erresse Shop","article_modified_time":"2026-02-23T08:00:35+00:00","og_image":[{"width":1200,"height":1200,"url":"https:\/\/www.erresse-shop.it\/wp-content\/uploads\/2025\/03\/RIEDEL-Set-2-Bicchieri-Martini_Cocktail.jpg","type":"image\/jpeg"}],"twitter_card":"summary_large_image","schema":{"@context":"https:\/\/schema.org","@graph":[{"@type":"WebPage","@id":"https:\/\/www.erresse-shop.it\/fr\/shop\/table-fr-2\/vin\/riedel-lot-de-2-verres-a-martini-cocktail\/","url":"https:\/\/www.erresse-shop.it\/fr\/shop\/table-fr-2\/vin\/riedel-lot-de-2-verres-a-martini-cocktail\/","name":"RIEDEL Lot de 2 verres \u00e0 Martini\/Cocktail - Erresse Shop","isPartOf":{"@id":"https:\/\/www.erresse-shop.it\/fr\/#website"},"datePublished":"2025-03-19T13:42:42+00:00","dateModified":"2026-02-23T08:00:35+00:00","description":"Le verre \u00e0 cocktail usin\u00e9 en forme de diamant est le cadeau id\u00e9al ou un ajout parfait \u00e0 votre collection. Ses parois inclin\u00e9es et abruptes sont","breadcrumb":{"@id":"https:\/\/www.erresse-shop.it\/fr\/shop\/table-fr-2\/vin\/riedel-lot-de-2-verres-a-martini-cocktail\/#breadcrumb"},"inLanguage":"fr-FR","potentialAction":[{"@type":"ReadAction","target":["https:\/\/www.erresse-shop.it\/fr\/shop\/table-fr-2\/vin\/riedel-lot-de-2-verres-a-martini-cocktail\/"]}]},{"@type":"BreadcrumbList","@id":"https:\/\/www.erresse-shop.it\/fr\/shop\/table-fr-2\/vin\/riedel-lot-de-2-verres-a-martini-cocktail\/#breadcrumb","itemListElement":[{"@type":"ListItem","position":1,"name":"Home","item":"https:\/\/www.erresse-shop.it\/fr\/"},{"@type":"ListItem","position":2,"name":"Shop","item":"https:\/\/www.erresse-shop.it\/fr\/shop\/"},{"@type":"ListItem","position":3,"name":"RIEDEL Lot de 2 verres \u00e0 Martini\/Cocktail"}]},{"@type":"WebSite","@id":"https:\/\/www.erresse-shop.it\/fr\/#website","url":"https:\/\/www.erresse-shop.it\/fr\/","name":"Erresse Shop","description":"Articoli di qualit\u00e0 per la casa","potentialAction":[{"@type":"SearchAction","target":{"@type":"EntryPoint","urlTemplate":"https:\/\/www.erresse-shop.it\/fr\/?s={search_term_string}"},"query-input":"required name=search_term_string"}],"inLanguage":"fr-FR"}]}},"df_price":11.205,"df_sale_price":11.205,"df_regular_price":24.9,"df_image_link":"https:\/\/www.erresse-shop.it\/wp-content\/uploads\/2025\/03\/RIEDEL-Set-2-Bicchieri-Martini_Cocktail-300x300.jpg","_links":{"self":[{"href":"https:\/\/www.erresse-shop.it\/fr\/wp-json\/wp\/v2\/product\/481141"}],"collection":[{"href":"https:\/\/www.erresse-shop.it\/fr\/wp-json\/wp\/v2\/product"}],"about":[{"href":"https:\/\/www.erresse-shop.it\/fr\/wp-json\/wp\/v2\/types\/product"}],"wp:featuredmedia":[{"embeddable":true,"href":"https:\/\/www.erresse-shop.it\/fr\/wp-json\/wp\/v2\/media\/481158"}],"wp:attachment":[{"href":"https:\/\/www.erresse-shop.it\/fr\/wp-json\/wp\/v2\/media?parent=481141"}],"wp:term":[{"taxonomy":"product_cat","embeddable":true,"href":"https:\/\/www.erresse-shop.it\/fr\/wp-json\/wp\/v2\/product_cat?post=481141"},{"taxonomy":"product_tag","embeddable":true,"href":"https:\/\/www.erresse-shop.it\/fr\/wp-json\/wp\/v2\/product_tag?post=481141"}],"curies":[{"name":"wp","href":"https:\/\/api.w.org\/{rel}","templated":true}]}}