{"id":481114,"date":"2025-03-19T13:23:08","date_gmt":"2025-03-19T13:23:12","guid":{"rendered":"https:\/\/www.erresse-shop.it\/?post_type=product&#038;p=481114"},"modified":"2026-02-23T08:02:36","modified_gmt":"2026-02-23T08:02:36","slug":"riedel-ensemble-2-verres-a-chardonnay-gin-tonic","status":"publish","type":"product","link":"https:\/\/www.erresse-shop.it\/fr\/shop\/table-fr-2\/vin\/riedel-ensemble-2-verres-a-chardonnay-gin-tonic\/","title":{"rendered":"RIEDEL Ensemble 2 Verres \u00e0 Chardonnay\/Gin Tonic"},"content":{"rendered":"<p>Cet \u00e9l\u00e9gant verre \u00e0 Chardonnay\/Gin Tonic, fabriqu\u00e9 m\u00e9caniquement, offre aux amateurs de vin et de cocktails un design qui les sublimera. Son large calice sublime la texture cr\u00e9meuse du Chardonnay en bouche, tandis que sa forme polyvalente est parfaite pour mettre en valeur les notes botaniques rafra\u00eechissantes d&#8217;un Gin Tonic classique.<\/p>\n<p>Id\u00e9al pour une grande vari\u00e9t\u00e9 de vins, boissons et cocktails. Soigneusement con\u00e7us pour garantir une pr\u00e9cision maximale en fonction du c\u00e9page, ces verres offrent le meilleur de la mixologie et du plaisir de la d\u00e9gustation.<\/p>\n<p><strong>D\u00e9tails du produit<\/strong>\u00a0:<\/p>\n<ul>\n<li>Ce produit est fabriqu\u00e9 m\u00e9caniquement.<\/li>\n<li>Ce produit passe au lave-vaisselle.<\/li>\n<li>Lot de 2.<\/li>\n<\/ul>\n<p class=\"product-info__characteristics-paragraph flex justify-between\">Capacit\u00e9\u00a0: 650,0\u00a0cm\u00b3<br \/>\nHauteur\u00a0: 215,0\u00a0mm<\/p>\n","protected":false},"excerpt":{"rendered":"<p>Cet \u00e9l\u00e9gant verre \u00e0 Chardonnay\/Gin Tonic, fabriqu\u00e9 m\u00e9caniquement, offre aux amateurs de vin et de cocktails un design qui les<\/p>\n","protected":false},"featured_media":481131,"template":"","meta":{"_acf_changed":false,"inline_featured_image":false},"product_cat":[14460,12754],"product_tag":[25086,23910,23660,25021,24415,21821,12826,15730,21985,23682],"acf":[],"yoast_head":"<!-- This site is optimized with the Yoast SEO Premium plugin v18.6 (Yoast SEO v19.13) - https:\/\/yoast.com\/wordpress\/plugins\/seo\/ -->\n<title>RIEDEL Ensemble 2 Verres \u00e0 Chardonnay\/Gin Tonic - Erresse Shop<\/title>\n<meta name=\"description\" content=\"Cet \u00e9l\u00e9gant verre \u00e0 Chardonnay\/Gin Tonic, fabriqu\u00e9 m\u00e9caniquement, offre aux amateurs de vin et de cocktails un design qui les sublimera. Son large calice\" \/>\n<meta name=\"robots\" content=\"index, follow, max-snippet:-1, max-image-preview:large, max-video-preview:-1\" \/>\n<link rel=\"canonical\" href=\"https:\/\/www.erresse-shop.it\/fr\/shop\/table-fr-2\/vin\/riedel-ensemble-2-verres-a-chardonnay-gin-tonic\/\" \/>\n<meta property=\"og:locale\" content=\"fr_FR\" \/>\n<meta property=\"og:type\" content=\"article\" \/>\n<meta property=\"og:title\" content=\"RIEDEL Ensemble 2 Verres \u00e0 Chardonnay\/Gin Tonic\" \/>\n<meta property=\"og:description\" content=\"Cet \u00e9l\u00e9gant verre \u00e0 Chardonnay\/Gin Tonic, fabriqu\u00e9 m\u00e9caniquement, offre aux amateurs de vin et de cocktails un design qui les sublimera. Son large calice\" \/>\n<meta property=\"og:url\" content=\"https:\/\/www.erresse-shop.it\/fr\/shop\/table-fr-2\/vin\/riedel-ensemble-2-verres-a-chardonnay-gin-tonic\/\" \/>\n<meta property=\"og:site_name\" content=\"Erresse Shop\" \/>\n<meta property=\"article:modified_time\" content=\"2026-02-23T08:02:36+00:00\" \/>\n<meta property=\"og:image\" content=\"https:\/\/www.erresse-shop.it\/wp-content\/uploads\/2025\/03\/RIEDEL-Set-2-Calici-Chardonnay_Gin-Tonic.jpg\" \/>\n\t<meta property=\"og:image:width\" content=\"1200\" \/>\n\t<meta property=\"og:image:height\" content=\"1200\" \/>\n\t<meta property=\"og:image:type\" content=\"image\/jpeg\" \/>\n<meta name=\"twitter:card\" content=\"summary_large_image\" \/>\n<script type=\"application\/ld+json\" class=\"yoast-schema-graph\">{\"@context\":\"https:\/\/schema.org\",\"@graph\":[{\"@type\":\"WebPage\",\"@id\":\"https:\/\/www.erresse-shop.it\/fr\/shop\/table-fr-2\/vin\/riedel-ensemble-2-verres-a-chardonnay-gin-tonic\/\",\"url\":\"https:\/\/www.erresse-shop.it\/fr\/shop\/table-fr-2\/vin\/riedel-ensemble-2-verres-a-chardonnay-gin-tonic\/\",\"name\":\"RIEDEL Ensemble 2 Verres \u00e0 Chardonnay\/Gin Tonic - Erresse Shop\",\"isPartOf\":{\"@id\":\"https:\/\/www.erresse-shop.it\/fr\/#website\"},\"datePublished\":\"2025-03-19T13:23:12+00:00\",\"dateModified\":\"2026-02-23T08:02:36+00:00\",\"description\":\"Cet \u00e9l\u00e9gant verre \u00e0 Chardonnay\/Gin Tonic, fabriqu\u00e9 m\u00e9caniquement, offre aux amateurs de vin et de cocktails un design qui les sublimera. Son large calice\",\"breadcrumb\":{\"@id\":\"https:\/\/www.erresse-shop.it\/fr\/shop\/table-fr-2\/vin\/riedel-ensemble-2-verres-a-chardonnay-gin-tonic\/#breadcrumb\"},\"inLanguage\":\"fr-FR\",\"potentialAction\":[{\"@type\":\"ReadAction\",\"target\":[\"https:\/\/www.erresse-shop.it\/fr\/shop\/table-fr-2\/vin\/riedel-ensemble-2-verres-a-chardonnay-gin-tonic\/\"]}]},{\"@type\":\"BreadcrumbList\",\"@id\":\"https:\/\/www.erresse-shop.it\/fr\/shop\/table-fr-2\/vin\/riedel-ensemble-2-verres-a-chardonnay-gin-tonic\/#breadcrumb\",\"itemListElement\":[{\"@type\":\"ListItem\",\"position\":1,\"name\":\"Home\",\"item\":\"https:\/\/www.erresse-shop.it\/fr\/\"},{\"@type\":\"ListItem\",\"position\":2,\"name\":\"Shop\",\"item\":\"https:\/\/www.erresse-shop.it\/fr\/shop\/\"},{\"@type\":\"ListItem\",\"position\":3,\"name\":\"RIEDEL Ensemble 2 Verres \u00e0 Chardonnay\/Gin Tonic\"}]},{\"@type\":\"WebSite\",\"@id\":\"https:\/\/www.erresse-shop.it\/fr\/#website\",\"url\":\"https:\/\/www.erresse-shop.it\/fr\/\",\"name\":\"Erresse Shop\",\"description\":\"Articoli di qualit\u00e0 per la casa\",\"potentialAction\":[{\"@type\":\"SearchAction\",\"target\":{\"@type\":\"EntryPoint\",\"urlTemplate\":\"https:\/\/www.erresse-shop.it\/fr\/?s={search_term_string}\"},\"query-input\":\"required name=search_term_string\"}],\"inLanguage\":\"fr-FR\"}]}<\/script>\n<!-- \/ Yoast SEO Premium plugin. -->","yoast_head_json":{"title":"RIEDEL Ensemble 2 Verres \u00e0 Chardonnay\/Gin Tonic - Erresse Shop","description":"Cet \u00e9l\u00e9gant verre \u00e0 Chardonnay\/Gin Tonic, fabriqu\u00e9 m\u00e9caniquement, offre aux amateurs de vin et de cocktails un design qui les sublimera. Son large calice","robots":{"index":"index","follow":"follow","max-snippet":"max-snippet:-1","max-image-preview":"max-image-preview:large","max-video-preview":"max-video-preview:-1"},"canonical":"https:\/\/www.erresse-shop.it\/fr\/shop\/table-fr-2\/vin\/riedel-ensemble-2-verres-a-chardonnay-gin-tonic\/","og_locale":"fr_FR","og_type":"article","og_title":"RIEDEL Ensemble 2 Verres \u00e0 Chardonnay\/Gin Tonic","og_description":"Cet \u00e9l\u00e9gant verre \u00e0 Chardonnay\/Gin Tonic, fabriqu\u00e9 m\u00e9caniquement, offre aux amateurs de vin et de cocktails un design qui les sublimera. Son large calice","og_url":"https:\/\/www.erresse-shop.it\/fr\/shop\/table-fr-2\/vin\/riedel-ensemble-2-verres-a-chardonnay-gin-tonic\/","og_site_name":"Erresse Shop","article_modified_time":"2026-02-23T08:02:36+00:00","og_image":[{"width":1200,"height":1200,"url":"https:\/\/www.erresse-shop.it\/wp-content\/uploads\/2025\/03\/RIEDEL-Set-2-Calici-Chardonnay_Gin-Tonic.jpg","type":"image\/jpeg"}],"twitter_card":"summary_large_image","schema":{"@context":"https:\/\/schema.org","@graph":[{"@type":"WebPage","@id":"https:\/\/www.erresse-shop.it\/fr\/shop\/table-fr-2\/vin\/riedel-ensemble-2-verres-a-chardonnay-gin-tonic\/","url":"https:\/\/www.erresse-shop.it\/fr\/shop\/table-fr-2\/vin\/riedel-ensemble-2-verres-a-chardonnay-gin-tonic\/","name":"RIEDEL Ensemble 2 Verres \u00e0 Chardonnay\/Gin Tonic - Erresse Shop","isPartOf":{"@id":"https:\/\/www.erresse-shop.it\/fr\/#website"},"datePublished":"2025-03-19T13:23:12+00:00","dateModified":"2026-02-23T08:02:36+00:00","description":"Cet \u00e9l\u00e9gant verre \u00e0 Chardonnay\/Gin Tonic, fabriqu\u00e9 m\u00e9caniquement, offre aux amateurs de vin et de cocktails un design qui les sublimera. Son large calice","breadcrumb":{"@id":"https:\/\/www.erresse-shop.it\/fr\/shop\/table-fr-2\/vin\/riedel-ensemble-2-verres-a-chardonnay-gin-tonic\/#breadcrumb"},"inLanguage":"fr-FR","potentialAction":[{"@type":"ReadAction","target":["https:\/\/www.erresse-shop.it\/fr\/shop\/table-fr-2\/vin\/riedel-ensemble-2-verres-a-chardonnay-gin-tonic\/"]}]},{"@type":"BreadcrumbList","@id":"https:\/\/www.erresse-shop.it\/fr\/shop\/table-fr-2\/vin\/riedel-ensemble-2-verres-a-chardonnay-gin-tonic\/#breadcrumb","itemListElement":[{"@type":"ListItem","position":1,"name":"Home","item":"https:\/\/www.erresse-shop.it\/fr\/"},{"@type":"ListItem","position":2,"name":"Shop","item":"https:\/\/www.erresse-shop.it\/fr\/shop\/"},{"@type":"ListItem","position":3,"name":"RIEDEL Ensemble 2 Verres \u00e0 Chardonnay\/Gin Tonic"}]},{"@type":"WebSite","@id":"https:\/\/www.erresse-shop.it\/fr\/#website","url":"https:\/\/www.erresse-shop.it\/fr\/","name":"Erresse Shop","description":"Articoli di qualit\u00e0 per la casa","potentialAction":[{"@type":"SearchAction","target":{"@type":"EntryPoint","urlTemplate":"https:\/\/www.erresse-shop.it\/fr\/?s={search_term_string}"},"query-input":"required name=search_term_string"}],"inLanguage":"fr-FR"}]}},"df_price":11.205,"df_sale_price":11.205,"df_regular_price":24.9,"df_image_link":"https:\/\/www.erresse-shop.it\/wp-content\/uploads\/2025\/03\/RIEDEL-Set-2-Calici-Chardonnay_Gin-Tonic-300x300.jpg","_links":{"self":[{"href":"https:\/\/www.erresse-shop.it\/fr\/wp-json\/wp\/v2\/product\/481114"}],"collection":[{"href":"https:\/\/www.erresse-shop.it\/fr\/wp-json\/wp\/v2\/product"}],"about":[{"href":"https:\/\/www.erresse-shop.it\/fr\/wp-json\/wp\/v2\/types\/product"}],"wp:featuredmedia":[{"embeddable":true,"href":"https:\/\/www.erresse-shop.it\/fr\/wp-json\/wp\/v2\/media\/481131"}],"wp:attachment":[{"href":"https:\/\/www.erresse-shop.it\/fr\/wp-json\/wp\/v2\/media?parent=481114"}],"wp:term":[{"taxonomy":"product_cat","embeddable":true,"href":"https:\/\/www.erresse-shop.it\/fr\/wp-json\/wp\/v2\/product_cat?post=481114"},{"taxonomy":"product_tag","embeddable":true,"href":"https:\/\/www.erresse-shop.it\/fr\/wp-json\/wp\/v2\/product_tag?post=481114"}],"curies":[{"name":"wp","href":"https:\/\/api.w.org\/{rel}","templated":true}]}}