{"id":481087,"date":"2025-03-19T13:04:03","date_gmt":"2025-03-19T13:04:47","guid":{"rendered":"https:\/\/www.erresse-shop.it\/?post_type=product&#038;p=481087"},"modified":"2025-07-08T06:37:25","modified_gmt":"2025-07-08T06:37:25","slug":"riedel-amedeo-decanteur-vert-blanc-rouge-copia","status":"publish","type":"product","link":"https:\/\/www.erresse-shop.it\/fr\/shop\/table-fr-2\/vin\/riedel-amedeo-decanteur-vert-blanc-rouge-copia\/","title":{"rendered":"RIEDEL Amedeo D\u00e9canteur Bleu Blanc Rouge"},"content":{"rendered":"<p><strong>RIEDEL<\/strong> propose une large gamme d&#8217;\u00e9l\u00e9gantes carafes souffl\u00e9es \u00e0 la bouche, adapt\u00e9es \u00e0 tous les styles de vie. Une carafe est un incontournable pour tout amateur de vin, et toutes les carafes RIEDEL sont fabriqu\u00e9es en cristal fin pour offrir aux grands vins le traitement qu&#8217;ils m\u00e9ritent. Les vins, jeunes comme vieux, peuvent b\u00e9n\u00e9ficier d&#8217;une d\u00e9cantation, que ce soit pour \u00e9liminer les d\u00e9p\u00f4ts ou pour les rendre plus onctueux et ronds.<\/p>\n<p>La carafe <strong>Amadeo<\/strong> a \u00e9t\u00e9 lanc\u00e9e en 2006 pour c\u00e9l\u00e9brer le 250e anniversaire de RIEDEL. Elle porte le nom du compositeur autrichien Wolfgang Amadeus Mozart, qui a \u00e9galement f\u00eat\u00e9 son 250e anniversaire cette ann\u00e9e-l\u00e0. Cette carafe souffl\u00e9e \u00e0 la bouche, en forme de lyre, permet de verser le vin avec une grande fluidit\u00e9. Le vin se d\u00e9cante facilement par l&#8217;ouverture plus large du r\u00e9cipient et se d\u00e9verse dans le verre par le goulot plus \u00e9troit.<\/p>\n<p>Cette carafe peut contenir une bouteille de vin standard.<\/p>\n<p>Cette version arbore un design sophistiqu\u00e9 avec trois bandes altern\u00e9es aux nuances attrayantes de bleu, blanc et rouge, s&#8217;int\u00e9grant parfaitement \u00e0 la silhouette embl\u00e9matique d&#8217;Amadeo. Cette combinaison de couleurs \u00e0 la fois audacieuse et \u00e9l\u00e9gante met en valeur la forme unique de la carafe, la transformant en une pi\u00e8ce ma\u00eetresse \u00e9l\u00e9gante et intemporelle de votre verrerie.<\/p>\n<p>Fabriqu\u00e9 \u00e0 la main. Lavage \u00e0 la main uniquement.<\/p>\n<p class=\"product-info__characteristics-paragraph flex justify-between\">Hauteur\u00a0: 350,0 mm<br \/>\nCapacit\u00e9\u00a0: 750,0 cm3<\/p>\n","protected":false},"excerpt":{"rendered":"<p>RIEDEL propose une large gamme d&#8217;\u00e9l\u00e9gantes carafes souffl\u00e9es \u00e0 la bouche, adapt\u00e9es \u00e0 tous les styles de vie. Une carafe<\/p>\n","protected":false},"featured_media":481104,"template":"","meta":{"_acf_changed":false,"inline_featured_image":false},"product_cat":[18539,12782,12754],"product_tag":[22550,24680,14889,23682],"acf":[],"yoast_head":"<!-- This site is optimized with the Yoast SEO Premium plugin v18.6 (Yoast SEO v19.13) - https:\/\/yoast.com\/wordpress\/plugins\/seo\/ -->\n<title>RIEDEL Amedeo D\u00e9canteur<\/title>\n<meta name=\"description\" content=\"D\u00e9couvrez RIEDEL Amedeo D\u00e9canteur sur ErresseShop. Qualit\u00e9, prix r\u00e9duits et achat s\u00e9curis\u00e9 \u2013 commandez d\u00e8s maintenant en ligne !\" \/>\n<meta name=\"robots\" content=\"index, follow, max-snippet:-1, max-image-preview:large, max-video-preview:-1\" \/>\n<link rel=\"canonical\" href=\"https:\/\/www.erresse-shop.it\/fr\/shop\/table-fr-2\/vin\/riedel-amedeo-decanteur-vert-blanc-rouge-copia\/\" \/>\n<meta property=\"og:locale\" content=\"fr_FR\" \/>\n<meta property=\"og:type\" content=\"article\" \/>\n<meta property=\"og:title\" content=\"RIEDEL Amedeo D\u00e9canteur Bleu Blanc Rouge\" \/>\n<meta property=\"og:description\" content=\"D\u00e9couvrez RIEDEL Amedeo D\u00e9canteur sur ErresseShop. Qualit\u00e9, prix r\u00e9duits et achat s\u00e9curis\u00e9 \u2013 commandez d\u00e8s maintenant en ligne !\" \/>\n<meta property=\"og:url\" content=\"https:\/\/www.erresse-shop.it\/fr\/shop\/table-fr-2\/vin\/riedel-amedeo-decanteur-vert-blanc-rouge-copia\/\" \/>\n<meta property=\"og:site_name\" content=\"Erresse Shop\" \/>\n<meta property=\"article:modified_time\" content=\"2025-07-08T06:37:25+00:00\" \/>\n<meta property=\"og:image\" content=\"https:\/\/www.erresse-shop.it\/wp-content\/uploads\/2025\/03\/RIEDEL-Amadeo-Decanter-Blu-Bianco-Rosso.jpg\" \/>\n\t<meta property=\"og:image:width\" content=\"1200\" \/>\n\t<meta property=\"og:image:height\" content=\"1200\" \/>\n\t<meta property=\"og:image:type\" content=\"image\/jpeg\" \/>\n<meta name=\"twitter:card\" content=\"summary_large_image\" \/>\n<script type=\"application\/ld+json\" class=\"yoast-schema-graph\">{\"@context\":\"https:\/\/schema.org\",\"@graph\":[{\"@type\":\"WebPage\",\"@id\":\"https:\/\/www.erresse-shop.it\/fr\/shop\/table-fr-2\/vin\/riedel-amedeo-decanteur-vert-blanc-rouge-copia\/\",\"url\":\"https:\/\/www.erresse-shop.it\/fr\/shop\/table-fr-2\/vin\/riedel-amedeo-decanteur-vert-blanc-rouge-copia\/\",\"name\":\"RIEDEL Amedeo D\u00e9canteur\",\"isPartOf\":{\"@id\":\"https:\/\/www.erresse-shop.it\/fr\/#website\"},\"datePublished\":\"2025-03-19T13:04:47+00:00\",\"dateModified\":\"2025-07-08T06:37:25+00:00\",\"description\":\"D\u00e9couvrez RIEDEL Amedeo D\u00e9canteur sur ErresseShop. Qualit\u00e9, prix r\u00e9duits et achat s\u00e9curis\u00e9 \u2013 commandez d\u00e8s maintenant en ligne !\",\"breadcrumb\":{\"@id\":\"https:\/\/www.erresse-shop.it\/fr\/shop\/table-fr-2\/vin\/riedel-amedeo-decanteur-vert-blanc-rouge-copia\/#breadcrumb\"},\"inLanguage\":\"fr-FR\",\"potentialAction\":[{\"@type\":\"ReadAction\",\"target\":[\"https:\/\/www.erresse-shop.it\/fr\/shop\/table-fr-2\/vin\/riedel-amedeo-decanteur-vert-blanc-rouge-copia\/\"]}]},{\"@type\":\"BreadcrumbList\",\"@id\":\"https:\/\/www.erresse-shop.it\/fr\/shop\/table-fr-2\/vin\/riedel-amedeo-decanteur-vert-blanc-rouge-copia\/#breadcrumb\",\"itemListElement\":[{\"@type\":\"ListItem\",\"position\":1,\"name\":\"Home\",\"item\":\"https:\/\/www.erresse-shop.it\/fr\/\"},{\"@type\":\"ListItem\",\"position\":2,\"name\":\"Shop\",\"item\":\"https:\/\/www.erresse-shop.it\/fr\/shop\/\"},{\"@type\":\"ListItem\",\"position\":3,\"name\":\"RIEDEL Amedeo D\u00e9canteur Bleu Blanc Rouge\"}]},{\"@type\":\"WebSite\",\"@id\":\"https:\/\/www.erresse-shop.it\/fr\/#website\",\"url\":\"https:\/\/www.erresse-shop.it\/fr\/\",\"name\":\"Erresse Shop\",\"description\":\"Articoli di qualit\u00e0 per la casa\",\"potentialAction\":[{\"@type\":\"SearchAction\",\"target\":{\"@type\":\"EntryPoint\",\"urlTemplate\":\"https:\/\/www.erresse-shop.it\/fr\/?s={search_term_string}\"},\"query-input\":\"required name=search_term_string\"}],\"inLanguage\":\"fr-FR\"}]}<\/script>\n<!-- \/ Yoast SEO Premium plugin. -->","yoast_head_json":{"title":"RIEDEL Amedeo D\u00e9canteur","description":"D\u00e9couvrez RIEDEL Amedeo D\u00e9canteur sur ErresseShop. Qualit\u00e9, prix r\u00e9duits et achat s\u00e9curis\u00e9 \u2013 commandez d\u00e8s maintenant en ligne !","robots":{"index":"index","follow":"follow","max-snippet":"max-snippet:-1","max-image-preview":"max-image-preview:large","max-video-preview":"max-video-preview:-1"},"canonical":"https:\/\/www.erresse-shop.it\/fr\/shop\/table-fr-2\/vin\/riedel-amedeo-decanteur-vert-blanc-rouge-copia\/","og_locale":"fr_FR","og_type":"article","og_title":"RIEDEL Amedeo D\u00e9canteur Bleu Blanc Rouge","og_description":"D\u00e9couvrez RIEDEL Amedeo D\u00e9canteur sur ErresseShop. Qualit\u00e9, prix r\u00e9duits et achat s\u00e9curis\u00e9 \u2013 commandez d\u00e8s maintenant en ligne !","og_url":"https:\/\/www.erresse-shop.it\/fr\/shop\/table-fr-2\/vin\/riedel-amedeo-decanteur-vert-blanc-rouge-copia\/","og_site_name":"Erresse Shop","article_modified_time":"2025-07-08T06:37:25+00:00","og_image":[{"width":1200,"height":1200,"url":"https:\/\/www.erresse-shop.it\/wp-content\/uploads\/2025\/03\/RIEDEL-Amadeo-Decanter-Blu-Bianco-Rosso.jpg","type":"image\/jpeg"}],"twitter_card":"summary_large_image","schema":{"@context":"https:\/\/schema.org","@graph":[{"@type":"WebPage","@id":"https:\/\/www.erresse-shop.it\/fr\/shop\/table-fr-2\/vin\/riedel-amedeo-decanteur-vert-blanc-rouge-copia\/","url":"https:\/\/www.erresse-shop.it\/fr\/shop\/table-fr-2\/vin\/riedel-amedeo-decanteur-vert-blanc-rouge-copia\/","name":"RIEDEL Amedeo D\u00e9canteur","isPartOf":{"@id":"https:\/\/www.erresse-shop.it\/fr\/#website"},"datePublished":"2025-03-19T13:04:47+00:00","dateModified":"2025-07-08T06:37:25+00:00","description":"D\u00e9couvrez RIEDEL Amedeo D\u00e9canteur sur ErresseShop. Qualit\u00e9, prix r\u00e9duits et achat s\u00e9curis\u00e9 \u2013 commandez d\u00e8s maintenant en ligne !","breadcrumb":{"@id":"https:\/\/www.erresse-shop.it\/fr\/shop\/table-fr-2\/vin\/riedel-amedeo-decanteur-vert-blanc-rouge-copia\/#breadcrumb"},"inLanguage":"fr-FR","potentialAction":[{"@type":"ReadAction","target":["https:\/\/www.erresse-shop.it\/fr\/shop\/table-fr-2\/vin\/riedel-amedeo-decanteur-vert-blanc-rouge-copia\/"]}]},{"@type":"BreadcrumbList","@id":"https:\/\/www.erresse-shop.it\/fr\/shop\/table-fr-2\/vin\/riedel-amedeo-decanteur-vert-blanc-rouge-copia\/#breadcrumb","itemListElement":[{"@type":"ListItem","position":1,"name":"Home","item":"https:\/\/www.erresse-shop.it\/fr\/"},{"@type":"ListItem","position":2,"name":"Shop","item":"https:\/\/www.erresse-shop.it\/fr\/shop\/"},{"@type":"ListItem","position":3,"name":"RIEDEL Amedeo D\u00e9canteur Bleu Blanc Rouge"}]},{"@type":"WebSite","@id":"https:\/\/www.erresse-shop.it\/fr\/#website","url":"https:\/\/www.erresse-shop.it\/fr\/","name":"Erresse Shop","description":"Articoli di qualit\u00e0 per la casa","potentialAction":[{"@type":"SearchAction","target":{"@type":"EntryPoint","urlTemplate":"https:\/\/www.erresse-shop.it\/fr\/?s={search_term_string}"},"query-input":"required name=search_term_string"}],"inLanguage":"fr-FR"}]}},"df_price":168.75,"df_sale_price":168.75,"df_regular_price":375,"df_image_link":"https:\/\/www.erresse-shop.it\/wp-content\/uploads\/2025\/03\/RIEDEL-Amadeo-Decanter-Blu-Bianco-Rosso-300x300.jpg","_links":{"self":[{"href":"https:\/\/www.erresse-shop.it\/fr\/wp-json\/wp\/v2\/product\/481087"}],"collection":[{"href":"https:\/\/www.erresse-shop.it\/fr\/wp-json\/wp\/v2\/product"}],"about":[{"href":"https:\/\/www.erresse-shop.it\/fr\/wp-json\/wp\/v2\/types\/product"}],"wp:featuredmedia":[{"embeddable":true,"href":"https:\/\/www.erresse-shop.it\/fr\/wp-json\/wp\/v2\/media\/481104"}],"wp:attachment":[{"href":"https:\/\/www.erresse-shop.it\/fr\/wp-json\/wp\/v2\/media?parent=481087"}],"wp:term":[{"taxonomy":"product_cat","embeddable":true,"href":"https:\/\/www.erresse-shop.it\/fr\/wp-json\/wp\/v2\/product_cat?post=481087"},{"taxonomy":"product_tag","embeddable":true,"href":"https:\/\/www.erresse-shop.it\/fr\/wp-json\/wp\/v2\/product_tag?post=481087"}],"curies":[{"name":"wp","href":"https:\/\/api.w.org\/{rel}","templated":true}]}}