{"id":481059,"date":"2025-03-19T11:45:06","date_gmt":"2025-03-19T11:45:11","guid":{"rendered":"https:\/\/www.erresse-shop.it\/?post_type=product&#038;p=481059"},"modified":"2025-03-19T13:20:22","modified_gmt":"2025-03-19T13:20:22","slug":"riedel-amedeo-decanteur-copia","status":"publish","type":"product","link":"https:\/\/www.erresse-shop.it\/fr\/shop\/table-fr-2\/vin\/riedel-amedeo-decanteur-copia\/","title":{"rendered":"RIEDEL Amedeo D\u00e9canteur Vert Blanc Rouge"},"content":{"rendered":"<p><strong>RIEDEL<\/strong> propose une large gamme de carafes \u00e9l\u00e9gantes en verre souffl\u00e9 \u00e0 la main adapt\u00e9es \u00e0 tous les styles de vie. Une carafe est un \u00e9l\u00e9ment essentiel pour tout amateur de vin, et toutes les carafes RIEDEL sont fabriqu\u00e9es en cristal fin pour offrir aux grands vins le traitement qu&#8217;ils m\u00e9ritent. Les vins jeunes comme les vins \u00e2g\u00e9s peuvent b\u00e9n\u00e9ficier d&#8217;une d\u00e9cantation, que ce soit pour \u00e9liminer les s\u00e9diments ou pour les rendre plus doux et plus ronds.<\/p>\n<p>La carafe <strong>Amadeo<\/strong> a \u00e9t\u00e9 lanc\u00e9e en 2006 pour c\u00e9l\u00e9brer le 250e anniversaire de RIEDEL. Il tire son nom du compositeur autrichien Wolfgang Amadeus Mozart, qui c\u00e9l\u00e9brait \u00e9galement son 250e anniversaire la m\u00eame ann\u00e9e. Cette carafe en verre souffl\u00e9 \u00e0 la main a la forme d&#8217;une lyre et verse le vin comme un r\u00eave. Le vin se d\u00e9cante facilement par l&#8217;ouverture la plus large du r\u00e9cipient et se verse dans le verre par l&#8217;embouchure la plus \u00e9troite.<\/p>\n<p>Cette carafe peut contenir une bouteille de vin standard.<\/p>\n<p>Cette version pr\u00e9sente un design sophistiqu\u00e9 avec trois bandes altern\u00e9es dans des tons accrocheurs de vert, blanc et rouge, s&#8217;int\u00e9grant parfaitement \u00e0 la silhouette embl\u00e9matique d&#8217;Amadeo. La combinaison de couleurs audacieuses mais \u00e9l\u00e9gantes met en valeur la forme unique de la carafe, ce qui en fait une pi\u00e8ce ma\u00eetresse \u00e9poustouflante et une pi\u00e8ce intemporelle de votre verrerie.<\/p>\n<p>Fait \u00e0 la main. Lavage \u00e0 la main seulement.<\/p>\n<p class=\"product-info__characteristics-paragraph flex justify-between\">Hauteur\u00a0: 350\u00a0mm<br \/>\nCylindr\u00e9e\u00a0: 750\u00a0cm\u00b3<\/p>\n","protected":false},"excerpt":{"rendered":"<p>RIEDEL propose une large gamme de carafes \u00e9l\u00e9gantes en verre souffl\u00e9 \u00e0 la main adapt\u00e9es \u00e0 tous les styles de<\/p>\n","protected":false},"featured_media":481076,"template":"","meta":{"_acf_changed":false,"inline_featured_image":false},"product_cat":[18539,12782,12754],"product_tag":[22550,24680,14889,23682],"acf":[],"yoast_head":"<!-- This site is optimized with the Yoast SEO Premium plugin v18.6 (Yoast SEO v19.13) - https:\/\/yoast.com\/wordpress\/plugins\/seo\/ -->\n<title>RIEDEL Amedeo D\u00e9canteur<\/title>\n<meta name=\"description\" content=\"D\u00e9couvrez RIEDEL Amedeo D\u00e9canteur sur ErresseShop. Qualit\u00e9, prix r\u00e9duits et achat s\u00e9curis\u00e9 \u2013 commandez d\u00e8s maintenant en ligne !\" \/>\n<meta name=\"robots\" content=\"index, follow, max-snippet:-1, max-image-preview:large, max-video-preview:-1\" \/>\n<link rel=\"canonical\" href=\"https:\/\/www.erresse-shop.it\/fr\/shop\/table-fr-2\/vin\/riedel-amedeo-decanteur-copia\/\" \/>\n<meta property=\"og:locale\" content=\"fr_FR\" \/>\n<meta property=\"og:type\" content=\"article\" \/>\n<meta property=\"og:title\" content=\"RIEDEL Amedeo D\u00e9canteur Vert Blanc Rouge\" \/>\n<meta property=\"og:description\" content=\"D\u00e9couvrez RIEDEL Amedeo D\u00e9canteur sur ErresseShop. Qualit\u00e9, prix r\u00e9duits et achat s\u00e9curis\u00e9 \u2013 commandez d\u00e8s maintenant en ligne !\" \/>\n<meta property=\"og:url\" content=\"https:\/\/www.erresse-shop.it\/fr\/shop\/table-fr-2\/vin\/riedel-amedeo-decanteur-copia\/\" \/>\n<meta property=\"og:site_name\" content=\"Erresse Shop\" \/>\n<meta property=\"article:modified_time\" content=\"2025-03-19T13:20:22+00:00\" \/>\n<meta property=\"og:image\" content=\"https:\/\/www.erresse-shop.it\/wp-content\/uploads\/2025\/03\/RIEDEL-Amadeo-Decanter-Verde-Bianco-Rosso.jpg\" \/>\n\t<meta property=\"og:image:width\" content=\"1200\" \/>\n\t<meta property=\"og:image:height\" content=\"1200\" \/>\n\t<meta property=\"og:image:type\" content=\"image\/jpeg\" \/>\n<meta name=\"twitter:card\" content=\"summary_large_image\" \/>\n<script type=\"application\/ld+json\" class=\"yoast-schema-graph\">{\"@context\":\"https:\/\/schema.org\",\"@graph\":[{\"@type\":\"WebPage\",\"@id\":\"https:\/\/www.erresse-shop.it\/fr\/shop\/table-fr-2\/vin\/riedel-amedeo-decanteur-copia\/\",\"url\":\"https:\/\/www.erresse-shop.it\/fr\/shop\/table-fr-2\/vin\/riedel-amedeo-decanteur-copia\/\",\"name\":\"RIEDEL Amedeo D\u00e9canteur\",\"isPartOf\":{\"@id\":\"https:\/\/www.erresse-shop.it\/fr\/#website\"},\"datePublished\":\"2025-03-19T11:45:11+00:00\",\"dateModified\":\"2025-03-19T13:20:22+00:00\",\"description\":\"D\u00e9couvrez RIEDEL Amedeo D\u00e9canteur sur ErresseShop. Qualit\u00e9, prix r\u00e9duits et achat s\u00e9curis\u00e9 \u2013 commandez d\u00e8s maintenant en ligne !\",\"breadcrumb\":{\"@id\":\"https:\/\/www.erresse-shop.it\/fr\/shop\/table-fr-2\/vin\/riedel-amedeo-decanteur-copia\/#breadcrumb\"},\"inLanguage\":\"fr-FR\",\"potentialAction\":[{\"@type\":\"ReadAction\",\"target\":[\"https:\/\/www.erresse-shop.it\/fr\/shop\/table-fr-2\/vin\/riedel-amedeo-decanteur-copia\/\"]}]},{\"@type\":\"BreadcrumbList\",\"@id\":\"https:\/\/www.erresse-shop.it\/fr\/shop\/table-fr-2\/vin\/riedel-amedeo-decanteur-copia\/#breadcrumb\",\"itemListElement\":[{\"@type\":\"ListItem\",\"position\":1,\"name\":\"Home\",\"item\":\"https:\/\/www.erresse-shop.it\/fr\/\"},{\"@type\":\"ListItem\",\"position\":2,\"name\":\"Shop\",\"item\":\"https:\/\/www.erresse-shop.it\/fr\/shop\/\"},{\"@type\":\"ListItem\",\"position\":3,\"name\":\"RIEDEL Amedeo D\u00e9canteur Vert Blanc Rouge\"}]},{\"@type\":\"WebSite\",\"@id\":\"https:\/\/www.erresse-shop.it\/fr\/#website\",\"url\":\"https:\/\/www.erresse-shop.it\/fr\/\",\"name\":\"Erresse Shop\",\"description\":\"Articoli di qualit\u00e0 per la casa\",\"potentialAction\":[{\"@type\":\"SearchAction\",\"target\":{\"@type\":\"EntryPoint\",\"urlTemplate\":\"https:\/\/www.erresse-shop.it\/fr\/?s={search_term_string}\"},\"query-input\":\"required name=search_term_string\"}],\"inLanguage\":\"fr-FR\"}]}<\/script>\n<!-- \/ Yoast SEO Premium plugin. -->","yoast_head_json":{"title":"RIEDEL Amedeo D\u00e9canteur","description":"D\u00e9couvrez RIEDEL Amedeo D\u00e9canteur sur ErresseShop. Qualit\u00e9, prix r\u00e9duits et achat s\u00e9curis\u00e9 \u2013 commandez d\u00e8s maintenant en ligne !","robots":{"index":"index","follow":"follow","max-snippet":"max-snippet:-1","max-image-preview":"max-image-preview:large","max-video-preview":"max-video-preview:-1"},"canonical":"https:\/\/www.erresse-shop.it\/fr\/shop\/table-fr-2\/vin\/riedel-amedeo-decanteur-copia\/","og_locale":"fr_FR","og_type":"article","og_title":"RIEDEL Amedeo D\u00e9canteur Vert Blanc Rouge","og_description":"D\u00e9couvrez RIEDEL Amedeo D\u00e9canteur sur ErresseShop. Qualit\u00e9, prix r\u00e9duits et achat s\u00e9curis\u00e9 \u2013 commandez d\u00e8s maintenant en ligne !","og_url":"https:\/\/www.erresse-shop.it\/fr\/shop\/table-fr-2\/vin\/riedel-amedeo-decanteur-copia\/","og_site_name":"Erresse Shop","article_modified_time":"2025-03-19T13:20:22+00:00","og_image":[{"width":1200,"height":1200,"url":"https:\/\/www.erresse-shop.it\/wp-content\/uploads\/2025\/03\/RIEDEL-Amadeo-Decanter-Verde-Bianco-Rosso.jpg","type":"image\/jpeg"}],"twitter_card":"summary_large_image","schema":{"@context":"https:\/\/schema.org","@graph":[{"@type":"WebPage","@id":"https:\/\/www.erresse-shop.it\/fr\/shop\/table-fr-2\/vin\/riedel-amedeo-decanteur-copia\/","url":"https:\/\/www.erresse-shop.it\/fr\/shop\/table-fr-2\/vin\/riedel-amedeo-decanteur-copia\/","name":"RIEDEL Amedeo D\u00e9canteur","isPartOf":{"@id":"https:\/\/www.erresse-shop.it\/fr\/#website"},"datePublished":"2025-03-19T11:45:11+00:00","dateModified":"2025-03-19T13:20:22+00:00","description":"D\u00e9couvrez RIEDEL Amedeo D\u00e9canteur sur ErresseShop. Qualit\u00e9, prix r\u00e9duits et achat s\u00e9curis\u00e9 \u2013 commandez d\u00e8s maintenant en ligne !","breadcrumb":{"@id":"https:\/\/www.erresse-shop.it\/fr\/shop\/table-fr-2\/vin\/riedel-amedeo-decanteur-copia\/#breadcrumb"},"inLanguage":"fr-FR","potentialAction":[{"@type":"ReadAction","target":["https:\/\/www.erresse-shop.it\/fr\/shop\/table-fr-2\/vin\/riedel-amedeo-decanteur-copia\/"]}]},{"@type":"BreadcrumbList","@id":"https:\/\/www.erresse-shop.it\/fr\/shop\/table-fr-2\/vin\/riedel-amedeo-decanteur-copia\/#breadcrumb","itemListElement":[{"@type":"ListItem","position":1,"name":"Home","item":"https:\/\/www.erresse-shop.it\/fr\/"},{"@type":"ListItem","position":2,"name":"Shop","item":"https:\/\/www.erresse-shop.it\/fr\/shop\/"},{"@type":"ListItem","position":3,"name":"RIEDEL Amedeo D\u00e9canteur Vert Blanc Rouge"}]},{"@type":"WebSite","@id":"https:\/\/www.erresse-shop.it\/fr\/#website","url":"https:\/\/www.erresse-shop.it\/fr\/","name":"Erresse Shop","description":"Articoli di qualit\u00e0 per la casa","potentialAction":[{"@type":"SearchAction","target":{"@type":"EntryPoint","urlTemplate":"https:\/\/www.erresse-shop.it\/fr\/?s={search_term_string}"},"query-input":"required name=search_term_string"}],"inLanguage":"fr-FR"}]}},"df_price":168.75,"df_sale_price":168.75,"df_regular_price":375,"df_image_link":"https:\/\/www.erresse-shop.it\/wp-content\/uploads\/2025\/03\/RIEDEL-Amadeo-Decanter-Verde-Bianco-Rosso-300x300.jpg","_links":{"self":[{"href":"https:\/\/www.erresse-shop.it\/fr\/wp-json\/wp\/v2\/product\/481059"}],"collection":[{"href":"https:\/\/www.erresse-shop.it\/fr\/wp-json\/wp\/v2\/product"}],"about":[{"href":"https:\/\/www.erresse-shop.it\/fr\/wp-json\/wp\/v2\/types\/product"}],"wp:featuredmedia":[{"embeddable":true,"href":"https:\/\/www.erresse-shop.it\/fr\/wp-json\/wp\/v2\/media\/481076"}],"wp:attachment":[{"href":"https:\/\/www.erresse-shop.it\/fr\/wp-json\/wp\/v2\/media?parent=481059"}],"wp:term":[{"taxonomy":"product_cat","embeddable":true,"href":"https:\/\/www.erresse-shop.it\/fr\/wp-json\/wp\/v2\/product_cat?post=481059"},{"taxonomy":"product_tag","embeddable":true,"href":"https:\/\/www.erresse-shop.it\/fr\/wp-json\/wp\/v2\/product_tag?post=481059"}],"curies":[{"name":"wp","href":"https:\/\/api.w.org\/{rel}","templated":true}]}}