{"id":480964,"date":"2025-03-19T10:49:51","date_gmt":"2025-03-19T10:49:58","guid":{"rendered":"https:\/\/www.erresse-shop.it\/?post_type=product&#038;p=480964"},"modified":"2026-02-23T08:04:59","modified_gmt":"2026-02-23T08:04:59","slug":"riedel-noblesse-lot-de-4-verres-universels","status":"publish","type":"product","link":"https:\/\/www.erresse-shop.it\/fr\/shop\/table-fr-2\/verres\/riedel-noblesse-lot-de-4-verres-universels\/","title":{"rendered":"RIEDEL Noblesse Lot de 4 verres universels"},"content":{"rendered":"<p>Ce verre universel convient \u00e0 tous les types de boissons, y compris le vin et les cocktails. Gr\u00e2ce \u00e0 sa taille pratique et \u00e0 sa forme polyvalente, il peut \u00e9galement \u00eatre utilis\u00e9 pour des boissons non alcoolis\u00e9es comme les jus de fruits ou l&#8217;eau.<\/p>\n<p>La s\u00e9rie Noblesse apporte une touche d&#8217;\u00e9l\u00e9gance \u00e0 votre int\u00e9rieur et c\u00e9l\u00e8bre le retour du design classique. Fabriqu\u00e9s en cristal de qualit\u00e9 sup\u00e9rieure, ces produits sont indispensables pour tous ceux qui souhaitent apporter un nouvel \u00e9clat \u00e0 leur int\u00e9rieur.<\/p>\n<p><strong>D\u00e9tails du produit<\/strong>\u00a0:<\/p>\n<ul>\n<li>Ce produit est fabriqu\u00e9 \u00e0 la machine. Des tol\u00e9rances dimensionnelles minimales peuvent exister en raison du processus de fabrication.<\/li>\n<li>Ce produit est en verre, qui peut se briser et cr\u00e9er des fragments tranchants en cas de basculement ou de chute.<\/li>\n<li>Cet article passe au lave-vaisselle.<\/li>\n<\/ul>\n<p>Capacit\u00e9\u00a0: 350,0\u00a0cm\u00b3<br \/>\nHauteur\u00a0: 147,0\u00a0mm<\/p>\n","protected":false},"excerpt":{"rendered":"<p>Ce verre universel convient \u00e0 tous les types de boissons, y compris le vin et les cocktails. Gr\u00e2ce \u00e0 sa<\/p>\n","protected":false},"featured_media":480993,"template":"","meta":{"_acf_changed":false,"inline_featured_image":false},"product_cat":[12782,12784],"product_tag":[25086,23910,14413,25021,21821,12826,15730,22555],"acf":[],"yoast_head":"<!-- This site is optimized with the Yoast SEO Premium plugin v18.6 (Yoast SEO v19.13) - https:\/\/yoast.com\/wordpress\/plugins\/seo\/ -->\n<title>RIEDEL Noblesse Lot de 4 verres universels - Erresse Shop<\/title>\n<meta name=\"description\" content=\"Ce verre universel convient \u00e0 tous les types de boissons, y compris le vin et les cocktails. Gr\u00e2ce \u00e0 sa taille pratique et \u00e0 sa forme polyvalente, il peut\" \/>\n<meta name=\"robots\" content=\"index, follow, max-snippet:-1, max-image-preview:large, max-video-preview:-1\" \/>\n<link rel=\"canonical\" href=\"https:\/\/www.erresse-shop.it\/fr\/shop\/table-fr-2\/verres\/riedel-noblesse-lot-de-4-verres-universels\/\" \/>\n<meta property=\"og:locale\" content=\"fr_FR\" \/>\n<meta property=\"og:type\" content=\"article\" \/>\n<meta property=\"og:title\" content=\"RIEDEL Noblesse Lot de 4 verres universels\" \/>\n<meta property=\"og:description\" content=\"Ce verre universel convient \u00e0 tous les types de boissons, y compris le vin et les cocktails. Gr\u00e2ce \u00e0 sa taille pratique et \u00e0 sa forme polyvalente, il peut\" \/>\n<meta property=\"og:url\" content=\"https:\/\/www.erresse-shop.it\/fr\/shop\/table-fr-2\/verres\/riedel-noblesse-lot-de-4-verres-universels\/\" \/>\n<meta property=\"og:site_name\" content=\"Erresse Shop\" \/>\n<meta property=\"article:modified_time\" content=\"2026-02-23T08:04:59+00:00\" \/>\n<meta property=\"og:image\" content=\"https:\/\/www.erresse-shop.it\/wp-content\/uploads\/2025\/03\/RIEDEL-Noblesse-Set-4-Bicchieri-Universali.jpg\" \/>\n\t<meta property=\"og:image:width\" content=\"1200\" \/>\n\t<meta property=\"og:image:height\" content=\"1200\" \/>\n\t<meta property=\"og:image:type\" content=\"image\/jpeg\" \/>\n<meta name=\"twitter:card\" content=\"summary_large_image\" \/>\n<script type=\"application\/ld+json\" class=\"yoast-schema-graph\">{\"@context\":\"https:\/\/schema.org\",\"@graph\":[{\"@type\":\"WebPage\",\"@id\":\"https:\/\/www.erresse-shop.it\/fr\/shop\/table-fr-2\/verres\/riedel-noblesse-lot-de-4-verres-universels\/\",\"url\":\"https:\/\/www.erresse-shop.it\/fr\/shop\/table-fr-2\/verres\/riedel-noblesse-lot-de-4-verres-universels\/\",\"name\":\"RIEDEL Noblesse Lot de 4 verres universels - Erresse Shop\",\"isPartOf\":{\"@id\":\"https:\/\/www.erresse-shop.it\/fr\/#website\"},\"datePublished\":\"2025-03-19T10:49:58+00:00\",\"dateModified\":\"2026-02-23T08:04:59+00:00\",\"description\":\"Ce verre universel convient \u00e0 tous les types de boissons, y compris le vin et les cocktails. Gr\u00e2ce \u00e0 sa taille pratique et \u00e0 sa forme polyvalente, il peut\",\"breadcrumb\":{\"@id\":\"https:\/\/www.erresse-shop.it\/fr\/shop\/table-fr-2\/verres\/riedel-noblesse-lot-de-4-verres-universels\/#breadcrumb\"},\"inLanguage\":\"fr-FR\",\"potentialAction\":[{\"@type\":\"ReadAction\",\"target\":[\"https:\/\/www.erresse-shop.it\/fr\/shop\/table-fr-2\/verres\/riedel-noblesse-lot-de-4-verres-universels\/\"]}]},{\"@type\":\"BreadcrumbList\",\"@id\":\"https:\/\/www.erresse-shop.it\/fr\/shop\/table-fr-2\/verres\/riedel-noblesse-lot-de-4-verres-universels\/#breadcrumb\",\"itemListElement\":[{\"@type\":\"ListItem\",\"position\":1,\"name\":\"Home\",\"item\":\"https:\/\/www.erresse-shop.it\/fr\/\"},{\"@type\":\"ListItem\",\"position\":2,\"name\":\"Shop\",\"item\":\"https:\/\/www.erresse-shop.it\/fr\/shop\/\"},{\"@type\":\"ListItem\",\"position\":3,\"name\":\"RIEDEL Noblesse Lot de 4 verres universels\"}]},{\"@type\":\"WebSite\",\"@id\":\"https:\/\/www.erresse-shop.it\/fr\/#website\",\"url\":\"https:\/\/www.erresse-shop.it\/fr\/\",\"name\":\"Erresse Shop\",\"description\":\"Articoli di qualit\u00e0 per la casa\",\"potentialAction\":[{\"@type\":\"SearchAction\",\"target\":{\"@type\":\"EntryPoint\",\"urlTemplate\":\"https:\/\/www.erresse-shop.it\/fr\/?s={search_term_string}\"},\"query-input\":\"required name=search_term_string\"}],\"inLanguage\":\"fr-FR\"}]}<\/script>\n<!-- \/ Yoast SEO Premium plugin. -->","yoast_head_json":{"title":"RIEDEL Noblesse Lot de 4 verres universels - Erresse Shop","description":"Ce verre universel convient \u00e0 tous les types de boissons, y compris le vin et les cocktails. Gr\u00e2ce \u00e0 sa taille pratique et \u00e0 sa forme polyvalente, il peut","robots":{"index":"index","follow":"follow","max-snippet":"max-snippet:-1","max-image-preview":"max-image-preview:large","max-video-preview":"max-video-preview:-1"},"canonical":"https:\/\/www.erresse-shop.it\/fr\/shop\/table-fr-2\/verres\/riedel-noblesse-lot-de-4-verres-universels\/","og_locale":"fr_FR","og_type":"article","og_title":"RIEDEL Noblesse Lot de 4 verres universels","og_description":"Ce verre universel convient \u00e0 tous les types de boissons, y compris le vin et les cocktails. Gr\u00e2ce \u00e0 sa taille pratique et \u00e0 sa forme polyvalente, il peut","og_url":"https:\/\/www.erresse-shop.it\/fr\/shop\/table-fr-2\/verres\/riedel-noblesse-lot-de-4-verres-universels\/","og_site_name":"Erresse Shop","article_modified_time":"2026-02-23T08:04:59+00:00","og_image":[{"width":1200,"height":1200,"url":"https:\/\/www.erresse-shop.it\/wp-content\/uploads\/2025\/03\/RIEDEL-Noblesse-Set-4-Bicchieri-Universali.jpg","type":"image\/jpeg"}],"twitter_card":"summary_large_image","schema":{"@context":"https:\/\/schema.org","@graph":[{"@type":"WebPage","@id":"https:\/\/www.erresse-shop.it\/fr\/shop\/table-fr-2\/verres\/riedel-noblesse-lot-de-4-verres-universels\/","url":"https:\/\/www.erresse-shop.it\/fr\/shop\/table-fr-2\/verres\/riedel-noblesse-lot-de-4-verres-universels\/","name":"RIEDEL Noblesse Lot de 4 verres universels - Erresse Shop","isPartOf":{"@id":"https:\/\/www.erresse-shop.it\/fr\/#website"},"datePublished":"2025-03-19T10:49:58+00:00","dateModified":"2026-02-23T08:04:59+00:00","description":"Ce verre universel convient \u00e0 tous les types de boissons, y compris le vin et les cocktails. Gr\u00e2ce \u00e0 sa taille pratique et \u00e0 sa forme polyvalente, il peut","breadcrumb":{"@id":"https:\/\/www.erresse-shop.it\/fr\/shop\/table-fr-2\/verres\/riedel-noblesse-lot-de-4-verres-universels\/#breadcrumb"},"inLanguage":"fr-FR","potentialAction":[{"@type":"ReadAction","target":["https:\/\/www.erresse-shop.it\/fr\/shop\/table-fr-2\/verres\/riedel-noblesse-lot-de-4-verres-universels\/"]}]},{"@type":"BreadcrumbList","@id":"https:\/\/www.erresse-shop.it\/fr\/shop\/table-fr-2\/verres\/riedel-noblesse-lot-de-4-verres-universels\/#breadcrumb","itemListElement":[{"@type":"ListItem","position":1,"name":"Home","item":"https:\/\/www.erresse-shop.it\/fr\/"},{"@type":"ListItem","position":2,"name":"Shop","item":"https:\/\/www.erresse-shop.it\/fr\/shop\/"},{"@type":"ListItem","position":3,"name":"RIEDEL Noblesse Lot de 4 verres universels"}]},{"@type":"WebSite","@id":"https:\/\/www.erresse-shop.it\/fr\/#website","url":"https:\/\/www.erresse-shop.it\/fr\/","name":"Erresse Shop","description":"Articoli di qualit\u00e0 per la casa","potentialAction":[{"@type":"SearchAction","target":{"@type":"EntryPoint","urlTemplate":"https:\/\/www.erresse-shop.it\/fr\/?s={search_term_string}"},"query-input":"required name=search_term_string"}],"inLanguage":"fr-FR"}]}},"df_price":13.905,"df_sale_price":13.905,"df_regular_price":30.9,"df_image_link":"https:\/\/www.erresse-shop.it\/wp-content\/uploads\/2025\/03\/RIEDEL-Noblesse-Set-4-Bicchieri-Universali-300x300.jpg","_links":{"self":[{"href":"https:\/\/www.erresse-shop.it\/fr\/wp-json\/wp\/v2\/product\/480964"}],"collection":[{"href":"https:\/\/www.erresse-shop.it\/fr\/wp-json\/wp\/v2\/product"}],"about":[{"href":"https:\/\/www.erresse-shop.it\/fr\/wp-json\/wp\/v2\/types\/product"}],"wp:featuredmedia":[{"embeddable":true,"href":"https:\/\/www.erresse-shop.it\/fr\/wp-json\/wp\/v2\/media\/480993"}],"wp:attachment":[{"href":"https:\/\/www.erresse-shop.it\/fr\/wp-json\/wp\/v2\/media?parent=480964"}],"wp:term":[{"taxonomy":"product_cat","embeddable":true,"href":"https:\/\/www.erresse-shop.it\/fr\/wp-json\/wp\/v2\/product_cat?post=480964"},{"taxonomy":"product_tag","embeddable":true,"href":"https:\/\/www.erresse-shop.it\/fr\/wp-json\/wp\/v2\/product_tag?post=480964"}],"curies":[{"name":"wp","href":"https:\/\/api.w.org\/{rel}","templated":true}]}}