{"id":480930,"date":"2025-03-19T09:55:46","date_gmt":"2025-03-19T09:55:49","guid":{"rendered":"https:\/\/www.erresse-shop.it\/?post_type=product&#038;p=480930"},"modified":"2026-02-23T08:07:21","modified_gmt":"2026-02-23T08:07:21","slug":"riedel-highland-ensemble-de-4-gobelets","status":"publish","type":"product","link":"https:\/\/www.erresse-shop.it\/fr\/shop\/table-fr-2\/verres\/riedel-highland-ensemble-de-4-gobelets\/","title":{"rendered":"RIEDEL Highland Ensemble de 4 gobelets"},"content":{"rendered":"<p>Ces gobelets sont parfaits pour ajouter une touche de luxe \u00e0 votre maison.<br \/>\nCes splendides verres, en cristal fin, sont un incontournable pour tous ceux qui souhaitent faire briller leur coin bar d&#8217;une lumi\u00e8re nouvelle.<\/p>\n<p>La s\u00e9rie Highland est parfaite pour les d\u00eeners, car chaque ensemble comprend quatre mod\u00e8les distincts : \u00ab Cross \u00bb, \u00ab Diamond \u00bb, \u00ab Square \u00bb et \u00ab Straight \u00bb. De conception classique mais originale, ils sont la v\u00e9ritable expression de votre style de vie personnel. Ces verres \u00e9l\u00e9gants et de haute qualit\u00e9 ajoutent une touche de classe et de lumi\u00e8re suppl\u00e9mentaire \u00e0 votre coin bar ou \u00e0 votre table.<\/p>\n<p><strong>D\u00e9tails du produit\u00a0:<\/strong><\/p>\n<ul>\n<li>Ce produit est fabriqu\u00e9 \u00e0 la machine. Il peut y avoir des tol\u00e9rances minimales dans les dimensions en raison du processus de fabrication.<\/li>\n<li>Ce produit est fabriqu\u00e9 en verre, qui peut se briser et cr\u00e9er des fragments tranchants en cas de basculement ou de chute.<\/li>\n<li>Cet article va au lave-vaisselle.<\/li>\n<\/ul>\n<p>Cylindr\u00e9e : 345,0 cm3<br \/>\nHauteur : 102,0 mm<\/p>\n","protected":false},"excerpt":{"rendered":"<p>Ces gobelets sont parfaits pour ajouter une touche de luxe \u00e0 votre maison. Ces splendides verres, en cristal fin, sont<\/p>\n","protected":false},"featured_media":480953,"template":"","meta":{"_acf_changed":false,"inline_featured_image":false},"product_cat":[12782,12784],"product_tag":[25086,23910,14413,25021,21821,12826,15730,22555],"acf":[],"yoast_head":"<!-- This site is optimized with the Yoast SEO Premium plugin v18.6 (Yoast SEO v19.13) - https:\/\/yoast.com\/wordpress\/plugins\/seo\/ -->\n<title>RIEDEL Highland Ensemble de 4 gobelets - Erresse Shop<\/title>\n<meta name=\"description\" content=\"Ces gobelets sont parfaits pour ajouter une touche de luxe \u00e0 votre maison. Ces splendides verres, en cristal fin, sont un incontournable pour tous ceux\" \/>\n<meta name=\"robots\" content=\"index, follow, max-snippet:-1, max-image-preview:large, max-video-preview:-1\" \/>\n<link rel=\"canonical\" href=\"https:\/\/www.erresse-shop.it\/fr\/shop\/table-fr-2\/verres\/riedel-highland-ensemble-de-4-gobelets\/\" \/>\n<meta property=\"og:locale\" content=\"fr_FR\" \/>\n<meta property=\"og:type\" content=\"article\" \/>\n<meta property=\"og:title\" content=\"RIEDEL Highland Ensemble de 4 gobelets\" \/>\n<meta property=\"og:description\" content=\"Ces gobelets sont parfaits pour ajouter une touche de luxe \u00e0 votre maison. Ces splendides verres, en cristal fin, sont un incontournable pour tous ceux\" \/>\n<meta property=\"og:url\" content=\"https:\/\/www.erresse-shop.it\/fr\/shop\/table-fr-2\/verres\/riedel-highland-ensemble-de-4-gobelets\/\" \/>\n<meta property=\"og:site_name\" content=\"Erresse Shop\" \/>\n<meta property=\"article:modified_time\" content=\"2026-02-23T08:07:21+00:00\" \/>\n<meta property=\"og:image\" content=\"https:\/\/www.erresse-shop.it\/wp-content\/uploads\/2025\/03\/RIEDEL-Highland-Set-4-Tumbler.jpg\" \/>\n\t<meta property=\"og:image:width\" content=\"1200\" \/>\n\t<meta property=\"og:image:height\" content=\"1200\" \/>\n\t<meta property=\"og:image:type\" content=\"image\/jpeg\" \/>\n<meta name=\"twitter:card\" content=\"summary_large_image\" \/>\n<script type=\"application\/ld+json\" class=\"yoast-schema-graph\">{\"@context\":\"https:\/\/schema.org\",\"@graph\":[{\"@type\":\"WebPage\",\"@id\":\"https:\/\/www.erresse-shop.it\/fr\/shop\/table-fr-2\/verres\/riedel-highland-ensemble-de-4-gobelets\/\",\"url\":\"https:\/\/www.erresse-shop.it\/fr\/shop\/table-fr-2\/verres\/riedel-highland-ensemble-de-4-gobelets\/\",\"name\":\"RIEDEL Highland Ensemble de 4 gobelets - Erresse Shop\",\"isPartOf\":{\"@id\":\"https:\/\/www.erresse-shop.it\/fr\/#website\"},\"datePublished\":\"2025-03-19T09:55:49+00:00\",\"dateModified\":\"2026-02-23T08:07:21+00:00\",\"description\":\"Ces gobelets sont parfaits pour ajouter une touche de luxe \u00e0 votre maison. Ces splendides verres, en cristal fin, sont un incontournable pour tous ceux\",\"breadcrumb\":{\"@id\":\"https:\/\/www.erresse-shop.it\/fr\/shop\/table-fr-2\/verres\/riedel-highland-ensemble-de-4-gobelets\/#breadcrumb\"},\"inLanguage\":\"fr-FR\",\"potentialAction\":[{\"@type\":\"ReadAction\",\"target\":[\"https:\/\/www.erresse-shop.it\/fr\/shop\/table-fr-2\/verres\/riedel-highland-ensemble-de-4-gobelets\/\"]}]},{\"@type\":\"BreadcrumbList\",\"@id\":\"https:\/\/www.erresse-shop.it\/fr\/shop\/table-fr-2\/verres\/riedel-highland-ensemble-de-4-gobelets\/#breadcrumb\",\"itemListElement\":[{\"@type\":\"ListItem\",\"position\":1,\"name\":\"Home\",\"item\":\"https:\/\/www.erresse-shop.it\/fr\/\"},{\"@type\":\"ListItem\",\"position\":2,\"name\":\"Shop\",\"item\":\"https:\/\/www.erresse-shop.it\/fr\/shop\/\"},{\"@type\":\"ListItem\",\"position\":3,\"name\":\"RIEDEL Highland Ensemble de 4 gobelets\"}]},{\"@type\":\"WebSite\",\"@id\":\"https:\/\/www.erresse-shop.it\/fr\/#website\",\"url\":\"https:\/\/www.erresse-shop.it\/fr\/\",\"name\":\"Erresse Shop\",\"description\":\"Articoli di qualit\u00e0 per la casa\",\"potentialAction\":[{\"@type\":\"SearchAction\",\"target\":{\"@type\":\"EntryPoint\",\"urlTemplate\":\"https:\/\/www.erresse-shop.it\/fr\/?s={search_term_string}\"},\"query-input\":\"required name=search_term_string\"}],\"inLanguage\":\"fr-FR\"}]}<\/script>\n<!-- \/ Yoast SEO Premium plugin. -->","yoast_head_json":{"title":"RIEDEL Highland Ensemble de 4 gobelets - Erresse Shop","description":"Ces gobelets sont parfaits pour ajouter une touche de luxe \u00e0 votre maison. Ces splendides verres, en cristal fin, sont un incontournable pour tous ceux","robots":{"index":"index","follow":"follow","max-snippet":"max-snippet:-1","max-image-preview":"max-image-preview:large","max-video-preview":"max-video-preview:-1"},"canonical":"https:\/\/www.erresse-shop.it\/fr\/shop\/table-fr-2\/verres\/riedel-highland-ensemble-de-4-gobelets\/","og_locale":"fr_FR","og_type":"article","og_title":"RIEDEL Highland Ensemble de 4 gobelets","og_description":"Ces gobelets sont parfaits pour ajouter une touche de luxe \u00e0 votre maison. Ces splendides verres, en cristal fin, sont un incontournable pour tous ceux","og_url":"https:\/\/www.erresse-shop.it\/fr\/shop\/table-fr-2\/verres\/riedel-highland-ensemble-de-4-gobelets\/","og_site_name":"Erresse Shop","article_modified_time":"2026-02-23T08:07:21+00:00","og_image":[{"width":1200,"height":1200,"url":"https:\/\/www.erresse-shop.it\/wp-content\/uploads\/2025\/03\/RIEDEL-Highland-Set-4-Tumbler.jpg","type":"image\/jpeg"}],"twitter_card":"summary_large_image","schema":{"@context":"https:\/\/schema.org","@graph":[{"@type":"WebPage","@id":"https:\/\/www.erresse-shop.it\/fr\/shop\/table-fr-2\/verres\/riedel-highland-ensemble-de-4-gobelets\/","url":"https:\/\/www.erresse-shop.it\/fr\/shop\/table-fr-2\/verres\/riedel-highland-ensemble-de-4-gobelets\/","name":"RIEDEL Highland Ensemble de 4 gobelets - Erresse Shop","isPartOf":{"@id":"https:\/\/www.erresse-shop.it\/fr\/#website"},"datePublished":"2025-03-19T09:55:49+00:00","dateModified":"2026-02-23T08:07:21+00:00","description":"Ces gobelets sont parfaits pour ajouter une touche de luxe \u00e0 votre maison. Ces splendides verres, en cristal fin, sont un incontournable pour tous ceux","breadcrumb":{"@id":"https:\/\/www.erresse-shop.it\/fr\/shop\/table-fr-2\/verres\/riedel-highland-ensemble-de-4-gobelets\/#breadcrumb"},"inLanguage":"fr-FR","potentialAction":[{"@type":"ReadAction","target":["https:\/\/www.erresse-shop.it\/fr\/shop\/table-fr-2\/verres\/riedel-highland-ensemble-de-4-gobelets\/"]}]},{"@type":"BreadcrumbList","@id":"https:\/\/www.erresse-shop.it\/fr\/shop\/table-fr-2\/verres\/riedel-highland-ensemble-de-4-gobelets\/#breadcrumb","itemListElement":[{"@type":"ListItem","position":1,"name":"Home","item":"https:\/\/www.erresse-shop.it\/fr\/"},{"@type":"ListItem","position":2,"name":"Shop","item":"https:\/\/www.erresse-shop.it\/fr\/shop\/"},{"@type":"ListItem","position":3,"name":"RIEDEL Highland Ensemble de 4 gobelets"}]},{"@type":"WebSite","@id":"https:\/\/www.erresse-shop.it\/fr\/#website","url":"https:\/\/www.erresse-shop.it\/fr\/","name":"Erresse Shop","description":"Articoli di qualit\u00e0 per la casa","potentialAction":[{"@type":"SearchAction","target":{"@type":"EntryPoint","urlTemplate":"https:\/\/www.erresse-shop.it\/fr\/?s={search_term_string}"},"query-input":"required name=search_term_string"}],"inLanguage":"fr-FR"}]}},"df_price":13.455,"df_sale_price":13.455,"df_regular_price":29.9,"df_image_link":"https:\/\/www.erresse-shop.it\/wp-content\/uploads\/2025\/03\/RIEDEL-Highland-Set-4-Tumbler-300x300.jpg","_links":{"self":[{"href":"https:\/\/www.erresse-shop.it\/fr\/wp-json\/wp\/v2\/product\/480930"}],"collection":[{"href":"https:\/\/www.erresse-shop.it\/fr\/wp-json\/wp\/v2\/product"}],"about":[{"href":"https:\/\/www.erresse-shop.it\/fr\/wp-json\/wp\/v2\/types\/product"}],"wp:featuredmedia":[{"embeddable":true,"href":"https:\/\/www.erresse-shop.it\/fr\/wp-json\/wp\/v2\/media\/480953"}],"wp:attachment":[{"href":"https:\/\/www.erresse-shop.it\/fr\/wp-json\/wp\/v2\/media?parent=480930"}],"wp:term":[{"taxonomy":"product_cat","embeddable":true,"href":"https:\/\/www.erresse-shop.it\/fr\/wp-json\/wp\/v2\/product_cat?post=480930"},{"taxonomy":"product_tag","embeddable":true,"href":"https:\/\/www.erresse-shop.it\/fr\/wp-json\/wp\/v2\/product_tag?post=480930"}],"curies":[{"name":"wp","href":"https:\/\/api.w.org\/{rel}","templated":true}]}}