{"id":480896,"date":"2025-03-19T09:34:48","date_gmt":"2025-03-19T09:34:52","guid":{"rendered":"https:\/\/www.erresse-shop.it\/?post_type=product&#038;p=480896"},"modified":"2026-02-23T08:10:46","modified_gmt":"2026-02-23T08:10:46","slug":"riedel-noblesse-chope-a-biere","status":"publish","type":"product","link":"https:\/\/www.erresse-shop.it\/fr\/shop\/table-fr-2\/verres\/riedel-noblesse-chope-a-biere\/","title":{"rendered":"RIEDEL Noblesse Chope \u00e0 bi\u00e8re"},"content":{"rendered":"<p>Cette chope \u00e0 bi\u00e8re est le compagnon id\u00e9al des amateurs de bi\u00e8re. Con\u00e7ue pour ceux qui savourent chaque gorg\u00e9e, sa construction robuste garde votre bi\u00e8re au frais plus longtemps, vous assurant une exp\u00e9rience rafra\u00eechissante jusqu&#8217;\u00e0 la derni\u00e8re goutte. Sublimez vos r\u00e9ceptions, barbecues et soir\u00e9es jeux. \u00c0 la bi\u00e8re parfaite\u00a0!<\/p>\n<p>La s\u00e9rie Noblesse apporte une touche d&#8217;\u00e9l\u00e9gance \u00e0 votre int\u00e9rieur et c\u00e9l\u00e8bre le retour du design classique. Fabriqu\u00e9s en cristal de qualit\u00e9 sup\u00e9rieure magnifiquement taill\u00e9, ces produits sont indispensables pour ceux qui souhaitent \u00e9gayer leur int\u00e9rieur.<\/p>\n<p><strong>D\u00e9tails du produit<\/strong>\u00a0:<\/p>\n<ul>\n<li>Fabriqu\u00e9 \u00e0 la machine. De l\u00e9g\u00e8res tol\u00e9rances dimensionnelles peuvent exister en raison du processus de fabrication.<\/li>\n<li>Fabriqu\u00e9 en verre, il peut se briser et cr\u00e9er des fragments tranchants en cas de basculement ou de chute.<\/li>\n<li>Passe au lave-vaisselle.<\/li>\n<\/ul>\n<p>Capacit\u00e9\u00a0: 600,0\u00a0cm\u00b3<br \/>\nHauteur\u00a0: 139,0\u00a0mm<\/p>\n","protected":false},"excerpt":{"rendered":"<p>Cette chope \u00e0 bi\u00e8re est le compagnon id\u00e9al des amateurs de bi\u00e8re. Con\u00e7ue pour ceux qui savourent chaque gorg\u00e9e, sa<\/p>\n","protected":false},"featured_media":480919,"template":"","meta":{"_acf_changed":false,"inline_featured_image":false},"product_cat":[12782,12784],"product_tag":[25086,23910,14413,25021,21821,12826,15730,22555],"acf":[],"yoast_head":"<!-- This site is optimized with the Yoast SEO Premium plugin v18.6 (Yoast SEO v19.13) - https:\/\/yoast.com\/wordpress\/plugins\/seo\/ -->\n<title>RIEDEL Noblesse Chope \u00e0 bi\u00e8re - Erresse Shop<\/title>\n<meta name=\"description\" content=\"Cette chope \u00e0 bi\u00e8re est le compagnon id\u00e9al des amateurs de bi\u00e8re. Con\u00e7ue pour ceux qui savourent chaque gorg\u00e9e, sa construction robuste garde votre bi\u00e8re\" \/>\n<meta name=\"robots\" content=\"index, follow, max-snippet:-1, max-image-preview:large, max-video-preview:-1\" \/>\n<link rel=\"canonical\" href=\"https:\/\/www.erresse-shop.it\/fr\/shop\/table-fr-2\/verres\/riedel-noblesse-chope-a-biere\/\" \/>\n<meta property=\"og:locale\" content=\"fr_FR\" \/>\n<meta property=\"og:type\" content=\"article\" \/>\n<meta property=\"og:title\" content=\"RIEDEL Noblesse Chope \u00e0 bi\u00e8re\" \/>\n<meta property=\"og:description\" content=\"Cette chope \u00e0 bi\u00e8re est le compagnon id\u00e9al des amateurs de bi\u00e8re. Con\u00e7ue pour ceux qui savourent chaque gorg\u00e9e, sa construction robuste garde votre bi\u00e8re\" \/>\n<meta property=\"og:url\" content=\"https:\/\/www.erresse-shop.it\/fr\/shop\/table-fr-2\/verres\/riedel-noblesse-chope-a-biere\/\" \/>\n<meta property=\"og:site_name\" content=\"Erresse Shop\" \/>\n<meta property=\"article:modified_time\" content=\"2026-02-23T08:10:46+00:00\" \/>\n<meta property=\"og:image\" content=\"https:\/\/www.erresse-shop.it\/wp-content\/uploads\/2025\/03\/RIEDEL-Noblesse-Boccale-da-Birra.jpg\" \/>\n\t<meta property=\"og:image:width\" content=\"1200\" \/>\n\t<meta property=\"og:image:height\" content=\"1200\" \/>\n\t<meta property=\"og:image:type\" content=\"image\/jpeg\" \/>\n<meta name=\"twitter:card\" content=\"summary_large_image\" \/>\n<script type=\"application\/ld+json\" class=\"yoast-schema-graph\">{\"@context\":\"https:\/\/schema.org\",\"@graph\":[{\"@type\":\"WebPage\",\"@id\":\"https:\/\/www.erresse-shop.it\/fr\/shop\/table-fr-2\/verres\/riedel-noblesse-chope-a-biere\/\",\"url\":\"https:\/\/www.erresse-shop.it\/fr\/shop\/table-fr-2\/verres\/riedel-noblesse-chope-a-biere\/\",\"name\":\"RIEDEL Noblesse Chope \u00e0 bi\u00e8re - Erresse Shop\",\"isPartOf\":{\"@id\":\"https:\/\/www.erresse-shop.it\/fr\/#website\"},\"datePublished\":\"2025-03-19T09:34:52+00:00\",\"dateModified\":\"2026-02-23T08:10:46+00:00\",\"description\":\"Cette chope \u00e0 bi\u00e8re est le compagnon id\u00e9al des amateurs de bi\u00e8re. Con\u00e7ue pour ceux qui savourent chaque gorg\u00e9e, sa construction robuste garde votre bi\u00e8re\",\"breadcrumb\":{\"@id\":\"https:\/\/www.erresse-shop.it\/fr\/shop\/table-fr-2\/verres\/riedel-noblesse-chope-a-biere\/#breadcrumb\"},\"inLanguage\":\"fr-FR\",\"potentialAction\":[{\"@type\":\"ReadAction\",\"target\":[\"https:\/\/www.erresse-shop.it\/fr\/shop\/table-fr-2\/verres\/riedel-noblesse-chope-a-biere\/\"]}]},{\"@type\":\"BreadcrumbList\",\"@id\":\"https:\/\/www.erresse-shop.it\/fr\/shop\/table-fr-2\/verres\/riedel-noblesse-chope-a-biere\/#breadcrumb\",\"itemListElement\":[{\"@type\":\"ListItem\",\"position\":1,\"name\":\"Home\",\"item\":\"https:\/\/www.erresse-shop.it\/fr\/\"},{\"@type\":\"ListItem\",\"position\":2,\"name\":\"Shop\",\"item\":\"https:\/\/www.erresse-shop.it\/fr\/shop\/\"},{\"@type\":\"ListItem\",\"position\":3,\"name\":\"RIEDEL Noblesse Chope \u00e0 bi\u00e8re\"}]},{\"@type\":\"WebSite\",\"@id\":\"https:\/\/www.erresse-shop.it\/fr\/#website\",\"url\":\"https:\/\/www.erresse-shop.it\/fr\/\",\"name\":\"Erresse Shop\",\"description\":\"Articoli di qualit\u00e0 per la casa\",\"potentialAction\":[{\"@type\":\"SearchAction\",\"target\":{\"@type\":\"EntryPoint\",\"urlTemplate\":\"https:\/\/www.erresse-shop.it\/fr\/?s={search_term_string}\"},\"query-input\":\"required name=search_term_string\"}],\"inLanguage\":\"fr-FR\"}]}<\/script>\n<!-- \/ Yoast SEO Premium plugin. -->","yoast_head_json":{"title":"RIEDEL Noblesse Chope \u00e0 bi\u00e8re - Erresse Shop","description":"Cette chope \u00e0 bi\u00e8re est le compagnon id\u00e9al des amateurs de bi\u00e8re. Con\u00e7ue pour ceux qui savourent chaque gorg\u00e9e, sa construction robuste garde votre bi\u00e8re","robots":{"index":"index","follow":"follow","max-snippet":"max-snippet:-1","max-image-preview":"max-image-preview:large","max-video-preview":"max-video-preview:-1"},"canonical":"https:\/\/www.erresse-shop.it\/fr\/shop\/table-fr-2\/verres\/riedel-noblesse-chope-a-biere\/","og_locale":"fr_FR","og_type":"article","og_title":"RIEDEL Noblesse Chope \u00e0 bi\u00e8re","og_description":"Cette chope \u00e0 bi\u00e8re est le compagnon id\u00e9al des amateurs de bi\u00e8re. Con\u00e7ue pour ceux qui savourent chaque gorg\u00e9e, sa construction robuste garde votre bi\u00e8re","og_url":"https:\/\/www.erresse-shop.it\/fr\/shop\/table-fr-2\/verres\/riedel-noblesse-chope-a-biere\/","og_site_name":"Erresse Shop","article_modified_time":"2026-02-23T08:10:46+00:00","og_image":[{"width":1200,"height":1200,"url":"https:\/\/www.erresse-shop.it\/wp-content\/uploads\/2025\/03\/RIEDEL-Noblesse-Boccale-da-Birra.jpg","type":"image\/jpeg"}],"twitter_card":"summary_large_image","schema":{"@context":"https:\/\/schema.org","@graph":[{"@type":"WebPage","@id":"https:\/\/www.erresse-shop.it\/fr\/shop\/table-fr-2\/verres\/riedel-noblesse-chope-a-biere\/","url":"https:\/\/www.erresse-shop.it\/fr\/shop\/table-fr-2\/verres\/riedel-noblesse-chope-a-biere\/","name":"RIEDEL Noblesse Chope \u00e0 bi\u00e8re - Erresse Shop","isPartOf":{"@id":"https:\/\/www.erresse-shop.it\/fr\/#website"},"datePublished":"2025-03-19T09:34:52+00:00","dateModified":"2026-02-23T08:10:46+00:00","description":"Cette chope \u00e0 bi\u00e8re est le compagnon id\u00e9al des amateurs de bi\u00e8re. Con\u00e7ue pour ceux qui savourent chaque gorg\u00e9e, sa construction robuste garde votre bi\u00e8re","breadcrumb":{"@id":"https:\/\/www.erresse-shop.it\/fr\/shop\/table-fr-2\/verres\/riedel-noblesse-chope-a-biere\/#breadcrumb"},"inLanguage":"fr-FR","potentialAction":[{"@type":"ReadAction","target":["https:\/\/www.erresse-shop.it\/fr\/shop\/table-fr-2\/verres\/riedel-noblesse-chope-a-biere\/"]}]},{"@type":"BreadcrumbList","@id":"https:\/\/www.erresse-shop.it\/fr\/shop\/table-fr-2\/verres\/riedel-noblesse-chope-a-biere\/#breadcrumb","itemListElement":[{"@type":"ListItem","position":1,"name":"Home","item":"https:\/\/www.erresse-shop.it\/fr\/"},{"@type":"ListItem","position":2,"name":"Shop","item":"https:\/\/www.erresse-shop.it\/fr\/shop\/"},{"@type":"ListItem","position":3,"name":"RIEDEL Noblesse Chope \u00e0 bi\u00e8re"}]},{"@type":"WebSite","@id":"https:\/\/www.erresse-shop.it\/fr\/#website","url":"https:\/\/www.erresse-shop.it\/fr\/","name":"Erresse Shop","description":"Articoli di qualit\u00e0 per la casa","potentialAction":[{"@type":"SearchAction","target":{"@type":"EntryPoint","urlTemplate":"https:\/\/www.erresse-shop.it\/fr\/?s={search_term_string}"},"query-input":"required name=search_term_string"}],"inLanguage":"fr-FR"}]}},"df_price":19.95,"df_sale_price":19.95,"df_regular_price":21.5,"df_image_link":"https:\/\/www.erresse-shop.it\/wp-content\/uploads\/2025\/03\/RIEDEL-Noblesse-Boccale-da-Birra-300x300.jpg","_links":{"self":[{"href":"https:\/\/www.erresse-shop.it\/fr\/wp-json\/wp\/v2\/product\/480896"}],"collection":[{"href":"https:\/\/www.erresse-shop.it\/fr\/wp-json\/wp\/v2\/product"}],"about":[{"href":"https:\/\/www.erresse-shop.it\/fr\/wp-json\/wp\/v2\/types\/product"}],"wp:featuredmedia":[{"embeddable":true,"href":"https:\/\/www.erresse-shop.it\/fr\/wp-json\/wp\/v2\/media\/480919"}],"wp:attachment":[{"href":"https:\/\/www.erresse-shop.it\/fr\/wp-json\/wp\/v2\/media?parent=480896"}],"wp:term":[{"taxonomy":"product_cat","embeddable":true,"href":"https:\/\/www.erresse-shop.it\/fr\/wp-json\/wp\/v2\/product_cat?post=480896"},{"taxonomy":"product_tag","embeddable":true,"href":"https:\/\/www.erresse-shop.it\/fr\/wp-json\/wp\/v2\/product_tag?post=480896"}],"curies":[{"name":"wp","href":"https:\/\/api.w.org\/{rel}","templated":true}]}}