{"id":480812,"date":"2025-03-19T08:41:24","date_gmt":"2025-03-19T08:41:28","guid":{"rendered":"https:\/\/www.erresse-shop.it\/?post_type=product&#038;p=480812"},"modified":"2025-03-19T09:02:33","modified_gmt":"2025-03-19T09:02:33","slug":"wd-lifestyle-theiere-en-verre-avec-filtre-et-anse-verte-copia-2","status":"publish","type":"product","link":"https:\/\/www.erresse-shop.it\/fr\/shop\/table-fr-2\/tasses\/theieres-sucriers-pots-a-lait\/wd-lifestyle-theiere-en-verre-avec-filtre-et-anse-verte-copia-2\/","title":{"rendered":"LE CREUSET Th\u00e9i\u00e8re avec infuseur en m\u00e9tal 1.3 L Orange"},"content":{"rendered":"<div class=\"flex-shrink-0 flex flex-col relative items-end\">\n<div class=\"pt-0\">\n<div class=\"gizmo-bot-avatar flex h-8 w-8 items-center justify-center overflow-hidden rounded-full\">\n<div class=\"relative p-1 rounded-sm flex items-center justify-center bg-token-main-surface-primary text-token-text-primary h-8 w-8\">Servez votre boisson chaude pr\u00e9f\u00e9r\u00e9e dans notre th\u00e9i\u00e8re en acier inoxydable avec infuseur. Sa forme classique ajoute une touche vintage \u00e0 votre rituel du th\u00e9. Gr\u00e2ce \u00e0 cet \u00e9l\u00e9ment, les feuilles de th\u00e9 restent infus\u00e9es dans la th\u00e9i\u00e8re sans se m\u00e9langer \u00e0 l&#8217;eau.<\/div>\n<\/div>\n<\/div>\n<\/div>\n<div><\/div>\n<div><strong>D\u00e9tails du produit\u00a0:<\/strong><\/div>\n<div class=\"flex-shrink-0 flex flex-col relative items-end\">\n<div class=\"pt-0\">\n<div class=\"gizmo-bot-avatar flex h-8 w-8 items-center justify-center overflow-hidden round-full\">\n<ul>\n<li class=\"mb-3\">Toujours \u00e0 la pointe\u00a0: Notre gr\u00e8s vitrifi\u00e9 est r\u00e9sistant aux rayures et facile \u00e0 nettoyer.<\/li>\n<li class=\"mb-3\">Fabrication parfaite\u00a0: Fabriqu\u00e9s en c\u00e9ramique de haute qualit\u00e9, nos produits en gr\u00e8s vitrifi\u00e9 maintiennent une temp\u00e9rature uniforme et garantissent r\u00e9sistance et durabilit\u00e9 dans le temps.<\/li>\n<li class=\"mb-3\">Un arc-en-ciel de couleurs\u00a0: Disponible dans une large gamme de couleurs, notre gamme apportera une touche de couleur \u00e0 votre cuisine.<\/li>\n<li class=\"mb-3\">Convient au chaud comme au froid\u00a0: notre gr\u00e8s r\u00e9siste \u00e0 des temp\u00e9ratures allant de -23\u00a0\u00b0C \u00e0 +260\u00a0\u00b0C.<\/li>\n<li class=\"mb-3\">Le meilleur de sa cat\u00e9gorie\u00a0: nos produits sont fabriqu\u00e9s \u00e0 partir des meilleurs mat\u00e9riaux dans des usines du monde entier pour garantir la qualit\u00e9 que vous attendez de Le Creuset.<\/li>\n<\/ul>\n<div class=\"col-12 d-flex p-0 pt-1-2 border-image-top-2\">\n<div class=\"col-4 p-0 t-style-2 t-lyon\"><strong>Mat\u00e9riau\u00a0:<\/strong> Gr\u00e8s<\/div>\n<\/div>\n<div class=\"col-12 d-flex p-0 pt-1-2 border-image-top-2\">\n<div class=\"col-4 p-0 t-style-2 t-lyon\"><strong>Fabriqu\u00e9 en\u00a0:<\/strong> Chine<\/div>\n<\/div>\n<div class=\"col-12 d-flex p-0 pt-1-2 border-image-top-2\">\n<div class=\"col-4 p-0 t-style-2 t-lyon\"><strong>Garantie\u00a0:<\/strong> 10\u00a0ans<\/div>\n<\/div>\n<\/div>\n<\/div>\n<\/div>\n<div><\/div>\n<div>Capacit\u00e9\u00a0: 1,3\u00a0L<\/div>\n<div><\/div>\n<div><strong>Source de chaleur\u00a0:<\/strong><\/div>\n<div><\/div>\n<div>Four en mode gril<\/div>\n<div><\/div>\n<div><strong>Nettoyage et entretien\u00a0:<\/strong><\/div>\n<div>\n<ul>\n<li class=\"mb-3\">Attendez que le produit ait compl\u00e8tement refroidi avant de commencer le nettoyage.<\/li>\n<li class=\"mb-3\">Retirez tout r\u00e9sidu de la base et des parois du produit. Pour les r\u00e9sidus alimentaires tenaces, remplissez le produit d&#8217;eau chaude savonneuse et laissez-le tremper 15 \u00e0 20 minutes avant de le laver comme d&#8217;habitude.<\/li>\n<li class=\"mb-3\">Lavez et s\u00e9chez \u00e0 la main. Vous pouvez \u00e9galement mettre votre produit en gr\u00e8s au lave-vaisselle pour un cycle complet.<\/li>\n<\/ul>\n<\/div>\n","protected":false},"excerpt":{"rendered":"<p>Servez votre boisson chaude pr\u00e9f\u00e9r\u00e9e dans notre th\u00e9i\u00e8re en acier inoxydable avec infuseur. Sa forme classique ajoute une touche vintage<\/p>\n","protected":false},"featured_media":480843,"template":"","meta":{"_acf_changed":false,"inline_featured_image":false},"product_cat":[12782,12760],"product_tag":[13555,12817],"acf":[],"yoast_head":"<!-- This site is optimized with the Yoast SEO Premium plugin v18.6 (Yoast SEO v19.13) - https:\/\/yoast.com\/wordpress\/plugins\/seo\/ -->\n<title>LE CREUSET Th\u00e9i\u00e8re avec infuseur en m\u00e9tal 1.3 L Orange - Erresse Shop<\/title>\n<meta name=\"description\" content=\"Servez votre boisson chaude pr\u00e9f\u00e9r\u00e9e dans notre th\u00e9i\u00e8re en acier inoxydable avec infuseur. Sa forme classique ajoute une touche vintage \u00e0 votre rituel du\" \/>\n<meta name=\"robots\" content=\"index, follow, max-snippet:-1, max-image-preview:large, max-video-preview:-1\" \/>\n<link rel=\"canonical\" href=\"https:\/\/www.erresse-shop.it\/fr\/shop\/table-fr-2\/tasses\/theieres-sucriers-pots-a-lait\/wd-lifestyle-theiere-en-verre-avec-filtre-et-anse-verte-copia-2\/\" \/>\n<meta property=\"og:locale\" content=\"fr_FR\" \/>\n<meta property=\"og:type\" content=\"article\" \/>\n<meta property=\"og:title\" content=\"LE CREUSET Th\u00e9i\u00e8re avec infuseur en m\u00e9tal 1.3 L Orange\" \/>\n<meta property=\"og:description\" content=\"Servez votre boisson chaude pr\u00e9f\u00e9r\u00e9e dans notre th\u00e9i\u00e8re en acier inoxydable avec infuseur. Sa forme classique ajoute une touche vintage \u00e0 votre rituel du\" \/>\n<meta property=\"og:url\" content=\"https:\/\/www.erresse-shop.it\/fr\/shop\/table-fr-2\/tasses\/theieres-sucriers-pots-a-lait\/wd-lifestyle-theiere-en-verre-avec-filtre-et-anse-verte-copia-2\/\" \/>\n<meta property=\"og:site_name\" content=\"Erresse Shop\" \/>\n<meta property=\"article:modified_time\" content=\"2025-03-19T09:02:33+00:00\" \/>\n<meta property=\"og:image\" content=\"https:\/\/www.erresse-shop.it\/wp-content\/uploads\/2025\/03\/LE-CREUSET-Teiera-con-Infusore-di-Metallo-1.3-L-Arancio.jpg\" \/>\n\t<meta property=\"og:image:width\" content=\"1200\" \/>\n\t<meta property=\"og:image:height\" content=\"1200\" \/>\n\t<meta property=\"og:image:type\" content=\"image\/jpeg\" \/>\n<meta name=\"twitter:card\" content=\"summary_large_image\" \/>\n<script type=\"application\/ld+json\" class=\"yoast-schema-graph\">{\"@context\":\"https:\/\/schema.org\",\"@graph\":[{\"@type\":\"WebPage\",\"@id\":\"https:\/\/www.erresse-shop.it\/fr\/shop\/table-fr-2\/tasses\/theieres-sucriers-pots-a-lait\/wd-lifestyle-theiere-en-verre-avec-filtre-et-anse-verte-copia-2\/\",\"url\":\"https:\/\/www.erresse-shop.it\/fr\/shop\/table-fr-2\/tasses\/theieres-sucriers-pots-a-lait\/wd-lifestyle-theiere-en-verre-avec-filtre-et-anse-verte-copia-2\/\",\"name\":\"LE CREUSET Th\u00e9i\u00e8re avec infuseur en m\u00e9tal 1.3 L Orange - Erresse Shop\",\"isPartOf\":{\"@id\":\"https:\/\/www.erresse-shop.it\/fr\/#website\"},\"datePublished\":\"2025-03-19T08:41:28+00:00\",\"dateModified\":\"2025-03-19T09:02:33+00:00\",\"description\":\"Servez votre boisson chaude pr\u00e9f\u00e9r\u00e9e dans notre th\u00e9i\u00e8re en acier inoxydable avec infuseur. Sa forme classique ajoute une touche vintage \u00e0 votre rituel du\",\"breadcrumb\":{\"@id\":\"https:\/\/www.erresse-shop.it\/fr\/shop\/table-fr-2\/tasses\/theieres-sucriers-pots-a-lait\/wd-lifestyle-theiere-en-verre-avec-filtre-et-anse-verte-copia-2\/#breadcrumb\"},\"inLanguage\":\"fr-FR\",\"potentialAction\":[{\"@type\":\"ReadAction\",\"target\":[\"https:\/\/www.erresse-shop.it\/fr\/shop\/table-fr-2\/tasses\/theieres-sucriers-pots-a-lait\/wd-lifestyle-theiere-en-verre-avec-filtre-et-anse-verte-copia-2\/\"]}]},{\"@type\":\"BreadcrumbList\",\"@id\":\"https:\/\/www.erresse-shop.it\/fr\/shop\/table-fr-2\/tasses\/theieres-sucriers-pots-a-lait\/wd-lifestyle-theiere-en-verre-avec-filtre-et-anse-verte-copia-2\/#breadcrumb\",\"itemListElement\":[{\"@type\":\"ListItem\",\"position\":1,\"name\":\"Home\",\"item\":\"https:\/\/www.erresse-shop.it\/fr\/\"},{\"@type\":\"ListItem\",\"position\":2,\"name\":\"Shop\",\"item\":\"https:\/\/www.erresse-shop.it\/fr\/shop\/\"},{\"@type\":\"ListItem\",\"position\":3,\"name\":\"LE CREUSET Th\u00e9i\u00e8re avec infuseur en m\u00e9tal 1.3 L Orange\"}]},{\"@type\":\"WebSite\",\"@id\":\"https:\/\/www.erresse-shop.it\/fr\/#website\",\"url\":\"https:\/\/www.erresse-shop.it\/fr\/\",\"name\":\"Erresse Shop\",\"description\":\"Articoli di qualit\u00e0 per la casa\",\"potentialAction\":[{\"@type\":\"SearchAction\",\"target\":{\"@type\":\"EntryPoint\",\"urlTemplate\":\"https:\/\/www.erresse-shop.it\/fr\/?s={search_term_string}\"},\"query-input\":\"required name=search_term_string\"}],\"inLanguage\":\"fr-FR\"}]}<\/script>\n<!-- \/ Yoast SEO Premium plugin. -->","yoast_head_json":{"title":"LE CREUSET Th\u00e9i\u00e8re avec infuseur en m\u00e9tal 1.3 L Orange - Erresse Shop","description":"Servez votre boisson chaude pr\u00e9f\u00e9r\u00e9e dans notre th\u00e9i\u00e8re en acier inoxydable avec infuseur. Sa forme classique ajoute une touche vintage \u00e0 votre rituel du","robots":{"index":"index","follow":"follow","max-snippet":"max-snippet:-1","max-image-preview":"max-image-preview:large","max-video-preview":"max-video-preview:-1"},"canonical":"https:\/\/www.erresse-shop.it\/fr\/shop\/table-fr-2\/tasses\/theieres-sucriers-pots-a-lait\/wd-lifestyle-theiere-en-verre-avec-filtre-et-anse-verte-copia-2\/","og_locale":"fr_FR","og_type":"article","og_title":"LE CREUSET Th\u00e9i\u00e8re avec infuseur en m\u00e9tal 1.3 L Orange","og_description":"Servez votre boisson chaude pr\u00e9f\u00e9r\u00e9e dans notre th\u00e9i\u00e8re en acier inoxydable avec infuseur. Sa forme classique ajoute une touche vintage \u00e0 votre rituel du","og_url":"https:\/\/www.erresse-shop.it\/fr\/shop\/table-fr-2\/tasses\/theieres-sucriers-pots-a-lait\/wd-lifestyle-theiere-en-verre-avec-filtre-et-anse-verte-copia-2\/","og_site_name":"Erresse Shop","article_modified_time":"2025-03-19T09:02:33+00:00","og_image":[{"width":1200,"height":1200,"url":"https:\/\/www.erresse-shop.it\/wp-content\/uploads\/2025\/03\/LE-CREUSET-Teiera-con-Infusore-di-Metallo-1.3-L-Arancio.jpg","type":"image\/jpeg"}],"twitter_card":"summary_large_image","schema":{"@context":"https:\/\/schema.org","@graph":[{"@type":"WebPage","@id":"https:\/\/www.erresse-shop.it\/fr\/shop\/table-fr-2\/tasses\/theieres-sucriers-pots-a-lait\/wd-lifestyle-theiere-en-verre-avec-filtre-et-anse-verte-copia-2\/","url":"https:\/\/www.erresse-shop.it\/fr\/shop\/table-fr-2\/tasses\/theieres-sucriers-pots-a-lait\/wd-lifestyle-theiere-en-verre-avec-filtre-et-anse-verte-copia-2\/","name":"LE CREUSET Th\u00e9i\u00e8re avec infuseur en m\u00e9tal 1.3 L Orange - Erresse Shop","isPartOf":{"@id":"https:\/\/www.erresse-shop.it\/fr\/#website"},"datePublished":"2025-03-19T08:41:28+00:00","dateModified":"2025-03-19T09:02:33+00:00","description":"Servez votre boisson chaude pr\u00e9f\u00e9r\u00e9e dans notre th\u00e9i\u00e8re en acier inoxydable avec infuseur. Sa forme classique ajoute une touche vintage \u00e0 votre rituel du","breadcrumb":{"@id":"https:\/\/www.erresse-shop.it\/fr\/shop\/table-fr-2\/tasses\/theieres-sucriers-pots-a-lait\/wd-lifestyle-theiere-en-verre-avec-filtre-et-anse-verte-copia-2\/#breadcrumb"},"inLanguage":"fr-FR","potentialAction":[{"@type":"ReadAction","target":["https:\/\/www.erresse-shop.it\/fr\/shop\/table-fr-2\/tasses\/theieres-sucriers-pots-a-lait\/wd-lifestyle-theiere-en-verre-avec-filtre-et-anse-verte-copia-2\/"]}]},{"@type":"BreadcrumbList","@id":"https:\/\/www.erresse-shop.it\/fr\/shop\/table-fr-2\/tasses\/theieres-sucriers-pots-a-lait\/wd-lifestyle-theiere-en-verre-avec-filtre-et-anse-verte-copia-2\/#breadcrumb","itemListElement":[{"@type":"ListItem","position":1,"name":"Home","item":"https:\/\/www.erresse-shop.it\/fr\/"},{"@type":"ListItem","position":2,"name":"Shop","item":"https:\/\/www.erresse-shop.it\/fr\/shop\/"},{"@type":"ListItem","position":3,"name":"LE CREUSET Th\u00e9i\u00e8re avec infuseur en m\u00e9tal 1.3 L Orange"}]},{"@type":"WebSite","@id":"https:\/\/www.erresse-shop.it\/fr\/#website","url":"https:\/\/www.erresse-shop.it\/fr\/","name":"Erresse Shop","description":"Articoli di qualit\u00e0 per la casa","potentialAction":[{"@type":"SearchAction","target":{"@type":"EntryPoint","urlTemplate":"https:\/\/www.erresse-shop.it\/fr\/?s={search_term_string}"},"query-input":"required name=search_term_string"}],"inLanguage":"fr-FR"}]}},"df_price":45,"df_sale_price":45,"df_regular_price":75,"df_image_link":"https:\/\/www.erresse-shop.it\/wp-content\/uploads\/2025\/03\/LE-CREUSET-Teiera-con-Infusore-di-Metallo-1.3-L-Arancio-300x300.jpg","_links":{"self":[{"href":"https:\/\/www.erresse-shop.it\/fr\/wp-json\/wp\/v2\/product\/480812"}],"collection":[{"href":"https:\/\/www.erresse-shop.it\/fr\/wp-json\/wp\/v2\/product"}],"about":[{"href":"https:\/\/www.erresse-shop.it\/fr\/wp-json\/wp\/v2\/types\/product"}],"wp:featuredmedia":[{"embeddable":true,"href":"https:\/\/www.erresse-shop.it\/fr\/wp-json\/wp\/v2\/media\/480843"}],"wp:attachment":[{"href":"https:\/\/www.erresse-shop.it\/fr\/wp-json\/wp\/v2\/media?parent=480812"}],"wp:term":[{"taxonomy":"product_cat","embeddable":true,"href":"https:\/\/www.erresse-shop.it\/fr\/wp-json\/wp\/v2\/product_cat?post=480812"},{"taxonomy":"product_tag","embeddable":true,"href":"https:\/\/www.erresse-shop.it\/fr\/wp-json\/wp\/v2\/product_tag?post=480812"}],"curies":[{"name":"wp","href":"https:\/\/api.w.org\/{rel}","templated":true}]}}