{"id":480764,"date":"2025-03-19T08:30:34","date_gmt":"2025-03-19T08:30:36","guid":{"rendered":"https:\/\/www.erresse-shop.it\/?post_type=product&#038;p=480764"},"modified":"2025-03-19T08:38:24","modified_gmt":"2025-03-19T08:38:24","slug":"le-creuset-lot-de-4-mini-cocottes-10-cm-couleurs-chaudes-copia","status":"publish","type":"product","link":"https:\/\/www.erresse-shop.it\/fr\/shop\/poeles-pots\/marmites-et-cocottes-poeles-pots\/le-creuset-lot-de-4-mini-cocottes-10-cm-couleurs-chaudes-copia\/","title":{"rendered":"LE CREUSET Lot de 4 Mini Cocottes 10 cm Couleurs froides"},"content":{"rendered":"<p>Ce coffret de quatre mini-cocottes originales r\u00e9unit une palette de couleurs uniques Le Creuset\u00a0: Bleu Cara\u00efbes, Bleu Marseille, Vert Palmier et Menthe Fra\u00eeche. Utilisez-les comme pots de confiture, pour servir des en-cas, des desserts ou une petite entr\u00e9e. Pr\u00e9sent\u00e9es dans un joli coffret, elles constituent une id\u00e9e cadeau id\u00e9ale. <\/p>\n<p style=\"text-align: justify;\"><strong>D\u00e9tails du produit\u00a0:<\/strong><\/p>\n<ul>\n<li class=\"mb-3\">Toujours impeccable\u00a0: Notre c\u00e9ramique est r\u00e9sistante aux rayures et facile \u00e0 nettoyer.<\/li>\n<li class=\"mb-3\">Fabriqu\u00e9es avec soin\u00a0: Fabriqu\u00e9es en c\u00e9ramique de haute qualit\u00e9, nos c\u00e9ramiques maintiennent une temp\u00e9rature uniforme et sont durables.<\/li>\n<li class=\"mb-3\">Une ic\u00f4ne moderne\u00a0: Avec son design distinctif \u00e0 trois anneaux, ce produit s&#8217;harmonise avec nos ustensiles de cuisine embl\u00e9matiques en fonte, ce qui en fait le compl\u00e9ment id\u00e9al de votre collection Le Creuset.<\/li>\n<li class=\"mb-3\">Adapt\u00e9 au chaud comme au froid\u00a0: Notre c\u00e9ramique r\u00e9siste \u00e0 des temp\u00e9ratures allant de -23\u00a0\u00b0C \u00e0 +260\u00a0\u00b0C.<\/li>\n<li class=\"mb-3\">Le meilleur de sa cat\u00e9gorie\u00a0: Nos produits sont fabriqu\u00e9s \u00e0 partir des meilleurs mat\u00e9riaux, dans des usines du monde entier, pour garantir la qualit\u00e9 que vous attendez de Le Creuset.<\/li>\n<\/ul>\n<p>Mat\u00e9riau\u00a0: Gr\u00e8s<br \/>\nFabriqu\u00e9 en Tha\u00eflande<br \/>\nGarantie\u00a0: 10\u00a0ans<\/p>\n<p>Capacit\u00e9\u00a0: 0,25\u00a0L<\/p>\n<p><strong>Source de chaleur\u00a0:<\/strong><\/p>\n<ul>\n<li>Four<\/li>\n<li>Four \u00e0 micro-ondes<\/li>\n<li>Nettoyage et entretien\u00a0:<\/strong>\n<ul>\n<li class=\"mb-3\">Attendez que le produit ait compl\u00e8tement refroidi avant de commencer le nettoyage.<\/li>\n<li class=\"mb-3\">Enlevez tout r\u00e9sidu de la base et des parois du produit. Pour les r\u00e9sidus alimentaires tenaces, remplissez le produit d&#8217;eau chaude savonneuse et laissez-le tremper 15 \u00e0 20\u00a0minutes avant de le laver comme d&#8217;habitude.<\/li>\n<li class=\"mb-3\">Lavez et s\u00e9chez \u00e0 la main. Ou passez votre produit en gr\u00e8s vitrifi\u00e9 au lave-vaisselle pour un cycle complet.<\/li>\n<\/ul>\n","protected":false},"excerpt":{"rendered":"<p>Ce coffret de quatre mini-cocottes originales r\u00e9unit une palette de couleurs uniques Le Creuset\u00a0: Bleu Cara\u00efbes, Bleu Marseille, Vert Palmier<\/p>\n","protected":false},"featured_media":480800,"template":"","meta":{"_acf_changed":false,"inline_featured_image":false},"product_cat":[12458,14792],"product_tag":[21529,14826,12460,12461,12465,12466,12462,12468,12469,24391],"acf":[],"yoast_head":"<!-- This site is optimized with the Yoast SEO Premium plugin v18.6 (Yoast SEO v19.13) - https:\/\/yoast.com\/wordpress\/plugins\/seo\/ -->\n<title>LE CREUSET Lot de 4 Mini Cocottes 10 cm Couleurs froides - Erresse Shop<\/title>\n<meta name=\"description\" content=\"Ce coffret de quatre mini-cocottes originales r\u00e9unit une palette de couleurs uniques Le Creuset\u00a0: Bleu Cara\u00efbes, Bleu Marseille, Vert Palmier et Menthe\" \/>\n<meta name=\"robots\" content=\"index, follow, max-snippet:-1, max-image-preview:large, max-video-preview:-1\" \/>\n<link rel=\"canonical\" href=\"https:\/\/www.erresse-shop.it\/fr\/shop\/poeles-pots\/marmites-et-cocottes-poeles-pots\/le-creuset-lot-de-4-mini-cocottes-10-cm-couleurs-chaudes-copia\/\" \/>\n<meta property=\"og:locale\" content=\"fr_FR\" \/>\n<meta property=\"og:type\" content=\"article\" \/>\n<meta property=\"og:title\" content=\"LE CREUSET Lot de 4 Mini Cocottes 10 cm Couleurs froides\" \/>\n<meta property=\"og:description\" content=\"Ce coffret de quatre mini-cocottes originales r\u00e9unit une palette de couleurs uniques Le Creuset\u00a0: Bleu Cara\u00efbes, Bleu Marseille, Vert Palmier et Menthe\" \/>\n<meta property=\"og:url\" content=\"https:\/\/www.erresse-shop.it\/fr\/shop\/poeles-pots\/marmites-et-cocottes-poeles-pots\/le-creuset-lot-de-4-mini-cocottes-10-cm-couleurs-chaudes-copia\/\" \/>\n<meta property=\"og:site_name\" content=\"Erresse Shop\" \/>\n<meta property=\"article:modified_time\" content=\"2025-03-19T08:38:24+00:00\" \/>\n<meta property=\"og:image\" content=\"https:\/\/www.erresse-shop.it\/wp-content\/uploads\/2025\/03\/LE-CREUSET-Set-4-Mini-Cocotte-10-cm-Colori-Freddi.jpg\" \/>\n\t<meta property=\"og:image:width\" content=\"1200\" \/>\n\t<meta property=\"og:image:height\" content=\"1200\" \/>\n\t<meta property=\"og:image:type\" content=\"image\/jpeg\" \/>\n<meta name=\"twitter:card\" content=\"summary_large_image\" \/>\n<script type=\"application\/ld+json\" class=\"yoast-schema-graph\">{\"@context\":\"https:\/\/schema.org\",\"@graph\":[{\"@type\":\"WebPage\",\"@id\":\"https:\/\/www.erresse-shop.it\/fr\/shop\/poeles-pots\/marmites-et-cocottes-poeles-pots\/le-creuset-lot-de-4-mini-cocottes-10-cm-couleurs-chaudes-copia\/\",\"url\":\"https:\/\/www.erresse-shop.it\/fr\/shop\/poeles-pots\/marmites-et-cocottes-poeles-pots\/le-creuset-lot-de-4-mini-cocottes-10-cm-couleurs-chaudes-copia\/\",\"name\":\"LE CREUSET Lot de 4 Mini Cocottes 10 cm Couleurs froides - Erresse Shop\",\"isPartOf\":{\"@id\":\"https:\/\/www.erresse-shop.it\/fr\/#website\"},\"datePublished\":\"2025-03-19T08:30:36+00:00\",\"dateModified\":\"2025-03-19T08:38:24+00:00\",\"description\":\"Ce coffret de quatre mini-cocottes originales r\u00e9unit une palette de couleurs uniques Le Creuset\u00a0: Bleu Cara\u00efbes, Bleu Marseille, Vert Palmier et Menthe\",\"breadcrumb\":{\"@id\":\"https:\/\/www.erresse-shop.it\/fr\/shop\/poeles-pots\/marmites-et-cocottes-poeles-pots\/le-creuset-lot-de-4-mini-cocottes-10-cm-couleurs-chaudes-copia\/#breadcrumb\"},\"inLanguage\":\"fr-FR\",\"potentialAction\":[{\"@type\":\"ReadAction\",\"target\":[\"https:\/\/www.erresse-shop.it\/fr\/shop\/poeles-pots\/marmites-et-cocottes-poeles-pots\/le-creuset-lot-de-4-mini-cocottes-10-cm-couleurs-chaudes-copia\/\"]}]},{\"@type\":\"BreadcrumbList\",\"@id\":\"https:\/\/www.erresse-shop.it\/fr\/shop\/poeles-pots\/marmites-et-cocottes-poeles-pots\/le-creuset-lot-de-4-mini-cocottes-10-cm-couleurs-chaudes-copia\/#breadcrumb\",\"itemListElement\":[{\"@type\":\"ListItem\",\"position\":1,\"name\":\"Home\",\"item\":\"https:\/\/www.erresse-shop.it\/fr\/\"},{\"@type\":\"ListItem\",\"position\":2,\"name\":\"Shop\",\"item\":\"https:\/\/www.erresse-shop.it\/fr\/shop\/\"},{\"@type\":\"ListItem\",\"position\":3,\"name\":\"LE CREUSET Lot de 4 Mini Cocottes 10 cm Couleurs froides\"}]},{\"@type\":\"WebSite\",\"@id\":\"https:\/\/www.erresse-shop.it\/fr\/#website\",\"url\":\"https:\/\/www.erresse-shop.it\/fr\/\",\"name\":\"Erresse Shop\",\"description\":\"Articoli di qualit\u00e0 per la casa\",\"potentialAction\":[{\"@type\":\"SearchAction\",\"target\":{\"@type\":\"EntryPoint\",\"urlTemplate\":\"https:\/\/www.erresse-shop.it\/fr\/?s={search_term_string}\"},\"query-input\":\"required name=search_term_string\"}],\"inLanguage\":\"fr-FR\"}]}<\/script>\n<!-- \/ Yoast SEO Premium plugin. -->","yoast_head_json":{"title":"LE CREUSET Lot de 4 Mini Cocottes 10 cm Couleurs froides - Erresse Shop","description":"Ce coffret de quatre mini-cocottes originales r\u00e9unit une palette de couleurs uniques Le Creuset\u00a0: Bleu Cara\u00efbes, Bleu Marseille, Vert Palmier et Menthe","robots":{"index":"index","follow":"follow","max-snippet":"max-snippet:-1","max-image-preview":"max-image-preview:large","max-video-preview":"max-video-preview:-1"},"canonical":"https:\/\/www.erresse-shop.it\/fr\/shop\/poeles-pots\/marmites-et-cocottes-poeles-pots\/le-creuset-lot-de-4-mini-cocottes-10-cm-couleurs-chaudes-copia\/","og_locale":"fr_FR","og_type":"article","og_title":"LE CREUSET Lot de 4 Mini Cocottes 10 cm Couleurs froides","og_description":"Ce coffret de quatre mini-cocottes originales r\u00e9unit une palette de couleurs uniques Le Creuset\u00a0: Bleu Cara\u00efbes, Bleu Marseille, Vert Palmier et Menthe","og_url":"https:\/\/www.erresse-shop.it\/fr\/shop\/poeles-pots\/marmites-et-cocottes-poeles-pots\/le-creuset-lot-de-4-mini-cocottes-10-cm-couleurs-chaudes-copia\/","og_site_name":"Erresse Shop","article_modified_time":"2025-03-19T08:38:24+00:00","og_image":[{"width":1200,"height":1200,"url":"https:\/\/www.erresse-shop.it\/wp-content\/uploads\/2025\/03\/LE-CREUSET-Set-4-Mini-Cocotte-10-cm-Colori-Freddi.jpg","type":"image\/jpeg"}],"twitter_card":"summary_large_image","schema":{"@context":"https:\/\/schema.org","@graph":[{"@type":"WebPage","@id":"https:\/\/www.erresse-shop.it\/fr\/shop\/poeles-pots\/marmites-et-cocottes-poeles-pots\/le-creuset-lot-de-4-mini-cocottes-10-cm-couleurs-chaudes-copia\/","url":"https:\/\/www.erresse-shop.it\/fr\/shop\/poeles-pots\/marmites-et-cocottes-poeles-pots\/le-creuset-lot-de-4-mini-cocottes-10-cm-couleurs-chaudes-copia\/","name":"LE CREUSET Lot de 4 Mini Cocottes 10 cm Couleurs froides - Erresse Shop","isPartOf":{"@id":"https:\/\/www.erresse-shop.it\/fr\/#website"},"datePublished":"2025-03-19T08:30:36+00:00","dateModified":"2025-03-19T08:38:24+00:00","description":"Ce coffret de quatre mini-cocottes originales r\u00e9unit une palette de couleurs uniques Le Creuset\u00a0: Bleu Cara\u00efbes, Bleu Marseille, Vert Palmier et Menthe","breadcrumb":{"@id":"https:\/\/www.erresse-shop.it\/fr\/shop\/poeles-pots\/marmites-et-cocottes-poeles-pots\/le-creuset-lot-de-4-mini-cocottes-10-cm-couleurs-chaudes-copia\/#breadcrumb"},"inLanguage":"fr-FR","potentialAction":[{"@type":"ReadAction","target":["https:\/\/www.erresse-shop.it\/fr\/shop\/poeles-pots\/marmites-et-cocottes-poeles-pots\/le-creuset-lot-de-4-mini-cocottes-10-cm-couleurs-chaudes-copia\/"]}]},{"@type":"BreadcrumbList","@id":"https:\/\/www.erresse-shop.it\/fr\/shop\/poeles-pots\/marmites-et-cocottes-poeles-pots\/le-creuset-lot-de-4-mini-cocottes-10-cm-couleurs-chaudes-copia\/#breadcrumb","itemListElement":[{"@type":"ListItem","position":1,"name":"Home","item":"https:\/\/www.erresse-shop.it\/fr\/"},{"@type":"ListItem","position":2,"name":"Shop","item":"https:\/\/www.erresse-shop.it\/fr\/shop\/"},{"@type":"ListItem","position":3,"name":"LE CREUSET Lot de 4 Mini Cocottes 10 cm Couleurs froides"}]},{"@type":"WebSite","@id":"https:\/\/www.erresse-shop.it\/fr\/#website","url":"https:\/\/www.erresse-shop.it\/fr\/","name":"Erresse Shop","description":"Articoli di qualit\u00e0 per la casa","potentialAction":[{"@type":"SearchAction","target":{"@type":"EntryPoint","urlTemplate":"https:\/\/www.erresse-shop.it\/fr\/?s={search_term_string}"},"query-input":"required name=search_term_string"}],"inLanguage":"fr-FR"}]}},"df_price":40.050000000000004,"df_sale_price":40.050000000000004,"df_regular_price":89,"df_image_link":"https:\/\/www.erresse-shop.it\/wp-content\/uploads\/2025\/03\/LE-CREUSET-Set-4-Mini-Cocotte-10-cm-Colori-Freddi-300x300.jpg","_links":{"self":[{"href":"https:\/\/www.erresse-shop.it\/fr\/wp-json\/wp\/v2\/product\/480764"}],"collection":[{"href":"https:\/\/www.erresse-shop.it\/fr\/wp-json\/wp\/v2\/product"}],"about":[{"href":"https:\/\/www.erresse-shop.it\/fr\/wp-json\/wp\/v2\/types\/product"}],"wp:featuredmedia":[{"embeddable":true,"href":"https:\/\/www.erresse-shop.it\/fr\/wp-json\/wp\/v2\/media\/480800"}],"wp:attachment":[{"href":"https:\/\/www.erresse-shop.it\/fr\/wp-json\/wp\/v2\/media?parent=480764"}],"wp:term":[{"taxonomy":"product_cat","embeddable":true,"href":"https:\/\/www.erresse-shop.it\/fr\/wp-json\/wp\/v2\/product_cat?post=480764"},{"taxonomy":"product_tag","embeddable":true,"href":"https:\/\/www.erresse-shop.it\/fr\/wp-json\/wp\/v2\/product_tag?post=480764"}],"curies":[{"name":"wp","href":"https:\/\/api.w.org\/{rel}","templated":true}]}}