{"id":480463,"date":"2025-03-19T07:21:25","date_gmt":"2025-03-19T07:21:27","guid":{"rendered":"https:\/\/www.erresse-shop.it\/?post_type=product&#038;p=480463"},"modified":"2026-02-23T08:15:59","modified_gmt":"2026-02-23T08:15:59","slug":"le-creuset-mini-cocotte-14-cm-flint","status":"publish","type":"product","link":"https:\/\/www.erresse-shop.it\/fr\/shop\/poeles-pots\/marmites-et-cocottes-poeles-pots\/le-creuset-mini-cocotte-14-cm-flint\/","title":{"rendered":"LE CREUSET Mini Cocotte 14 cm Flint"},"content":{"rendered":"<p>Pratique et esth\u00e9tique, cette cocotte moyenne apporte fonctionnalit\u00e9 et style \u00e0 votre cuisine. Id\u00e9ale pour les portions individuelles, sucr\u00e9es ou sal\u00e9es, et pour servir de petits plats lors de vos d\u00eeners entre amis ou en famille. Dot\u00e9e d&#8217;un couvercle et de poign\u00e9es pratiques, elle est fabriqu\u00e9e en gr\u00e8s vitrifi\u00e9 de qualit\u00e9 sup\u00e9rieure qui r\u00e9partit uniform\u00e9ment la chaleur et maintient les aliments au chaud plus longtemps.<\/p>\n<p style=\"text-align: justify;\"><strong>D\u00e9tails du produit\u00a0:<\/strong><\/p>\n<ul>\n<li class=\"mb-3\">Toujours impeccable\u00a0: Notre c\u00e9ramique est r\u00e9sistante aux rayures et facile \u00e0 nettoyer.<\/li>\n<li class=\"mb-3\">Construction parfaite\u00a0: Fabriqu\u00e9s en c\u00e9ramique de haute qualit\u00e9, nos produits en c\u00e9ramique maintiennent une temp\u00e9rature uniforme et sont r\u00e9sistants et durables.<\/li>\n<li class=\"mb-3\">Adapt\u00e9s au chaud comme au froid\u00a0: Notre c\u00e9ramique r\u00e9siste \u00e0 des temp\u00e9ratures allant de -23\u00a0\u00b0C \u00e0 +260\u00a0\u00b0C.<\/li>\n<li class=\"mb-3\">Le meilleur de sa cat\u00e9gorie\u00a0: Nos produits sont fabriqu\u00e9s \u00e0 partir des meilleurs mat\u00e9riaux dans des usines du monde entier pour garantir la qualit\u00e9 que vous attendez de Le Creuset.<\/li>\n<\/ul>\n<p>Mat\u00e9riau\u00a0: C\u00e9ramique<br \/>\nFabriqu\u00e9 en\u00a0: Tha\u00eflande<br \/>\nGarantie\u00a0: 10\u00a0ans<\/p>\n<p>Capacit\u00e9\u00a0: 0,65\u00a0L<\/p>\n<p><strong>Chaleur Source\u00a0:<\/strong><\/p>\n<ul>\n<li>Four<\/li>\n<li>Four grill<\/li>\n<li>Micro-ondes<\/li>\n<\/ul>\n<p><strong>Nettoyage et entretien\u00a0:<\/strong><\/p>\n<ul>\n<li class=\"mb-3\">Attendez que le produit ait compl\u00e8tement refroidi avant de commencer le nettoyage.<\/li>\n<li class=\"mb-3\">Enlevez tout r\u00e9sidu de la base et des parois du produit. Pour les r\u00e9sidus alimentaires tenaces, remplissez le produit d&#8217;eau chaude savonneuse et laissez-le tremper 15 \u00e0 20 minutes avant de le laver comme d&#8217;habitude.<\/li>\n<li class=\"mb-3\">Lavez et s\u00e9chez \u00e0 la main. Vous pouvez \u00e9galement mettre votre produit en gr\u00e8s au lave-vaisselle pour un cycle complet.<\/li>\n<\/ul>\n","protected":false},"excerpt":{"rendered":"<p>Pratique et esth\u00e9tique, cette cocotte moyenne apporte fonctionnalit\u00e9 et style \u00e0 votre cuisine. Id\u00e9ale pour les portions individuelles, sucr\u00e9es ou<\/p>\n","protected":false},"featured_media":480493,"template":"","meta":{"_acf_changed":false,"inline_featured_image":false},"product_cat":[12458,14792],"product_tag":[21529,14826,12460,12461,12465,12466,12462,12468,12469,24391],"acf":[],"yoast_head":"<!-- This site is optimized with the Yoast SEO Premium plugin v18.6 (Yoast SEO v19.13) - https:\/\/yoast.com\/wordpress\/plugins\/seo\/ -->\n<title>LE CREUSET Mini Cocotte 14 cm Flint - Erresse Shop<\/title>\n<meta name=\"description\" content=\"Pratique et esth\u00e9tique, cette cocotte moyenne apporte fonctionnalit\u00e9 et style \u00e0 votre cuisine. Id\u00e9ale pour les portions individuelles, sucr\u00e9es ou sal\u00e9es,\" \/>\n<meta name=\"robots\" content=\"index, follow, max-snippet:-1, max-image-preview:large, max-video-preview:-1\" \/>\n<link rel=\"canonical\" href=\"https:\/\/www.erresse-shop.it\/fr\/shop\/poeles-pots\/marmites-et-cocottes-poeles-pots\/le-creuset-mini-cocotte-14-cm-flint\/\" \/>\n<meta property=\"og:locale\" content=\"fr_FR\" \/>\n<meta property=\"og:type\" content=\"article\" \/>\n<meta property=\"og:title\" content=\"LE CREUSET Mini Cocotte 14 cm Flint\" \/>\n<meta property=\"og:description\" content=\"Pratique et esth\u00e9tique, cette cocotte moyenne apporte fonctionnalit\u00e9 et style \u00e0 votre cuisine. Id\u00e9ale pour les portions individuelles, sucr\u00e9es ou sal\u00e9es,\" \/>\n<meta property=\"og:url\" content=\"https:\/\/www.erresse-shop.it\/fr\/shop\/poeles-pots\/marmites-et-cocottes-poeles-pots\/le-creuset-mini-cocotte-14-cm-flint\/\" \/>\n<meta property=\"og:site_name\" content=\"Erresse Shop\" \/>\n<meta property=\"article:modified_time\" content=\"2026-02-23T08:15:59+00:00\" \/>\n<meta property=\"og:image\" content=\"https:\/\/www.erresse-shop.it\/wp-content\/uploads\/2025\/03\/LE-CREUSET-Mini-Cocotte-14-cm-Flint.jpg\" \/>\n\t<meta property=\"og:image:width\" content=\"1200\" \/>\n\t<meta property=\"og:image:height\" content=\"1200\" \/>\n\t<meta property=\"og:image:type\" content=\"image\/jpeg\" \/>\n<meta name=\"twitter:card\" content=\"summary_large_image\" \/>\n<script type=\"application\/ld+json\" class=\"yoast-schema-graph\">{\"@context\":\"https:\/\/schema.org\",\"@graph\":[{\"@type\":\"WebPage\",\"@id\":\"https:\/\/www.erresse-shop.it\/fr\/shop\/poeles-pots\/marmites-et-cocottes-poeles-pots\/le-creuset-mini-cocotte-14-cm-flint\/\",\"url\":\"https:\/\/www.erresse-shop.it\/fr\/shop\/poeles-pots\/marmites-et-cocottes-poeles-pots\/le-creuset-mini-cocotte-14-cm-flint\/\",\"name\":\"LE CREUSET Mini Cocotte 14 cm Flint - Erresse Shop\",\"isPartOf\":{\"@id\":\"https:\/\/www.erresse-shop.it\/fr\/#website\"},\"datePublished\":\"2025-03-19T07:21:27+00:00\",\"dateModified\":\"2026-02-23T08:15:59+00:00\",\"description\":\"Pratique et esth\u00e9tique, cette cocotte moyenne apporte fonctionnalit\u00e9 et style \u00e0 votre cuisine. Id\u00e9ale pour les portions individuelles, sucr\u00e9es ou sal\u00e9es,\",\"breadcrumb\":{\"@id\":\"https:\/\/www.erresse-shop.it\/fr\/shop\/poeles-pots\/marmites-et-cocottes-poeles-pots\/le-creuset-mini-cocotte-14-cm-flint\/#breadcrumb\"},\"inLanguage\":\"fr-FR\",\"potentialAction\":[{\"@type\":\"ReadAction\",\"target\":[\"https:\/\/www.erresse-shop.it\/fr\/shop\/poeles-pots\/marmites-et-cocottes-poeles-pots\/le-creuset-mini-cocotte-14-cm-flint\/\"]}]},{\"@type\":\"BreadcrumbList\",\"@id\":\"https:\/\/www.erresse-shop.it\/fr\/shop\/poeles-pots\/marmites-et-cocottes-poeles-pots\/le-creuset-mini-cocotte-14-cm-flint\/#breadcrumb\",\"itemListElement\":[{\"@type\":\"ListItem\",\"position\":1,\"name\":\"Home\",\"item\":\"https:\/\/www.erresse-shop.it\/fr\/\"},{\"@type\":\"ListItem\",\"position\":2,\"name\":\"Shop\",\"item\":\"https:\/\/www.erresse-shop.it\/fr\/shop\/\"},{\"@type\":\"ListItem\",\"position\":3,\"name\":\"LE CREUSET Mini Cocotte 14 cm Flint\"}]},{\"@type\":\"WebSite\",\"@id\":\"https:\/\/www.erresse-shop.it\/fr\/#website\",\"url\":\"https:\/\/www.erresse-shop.it\/fr\/\",\"name\":\"Erresse Shop\",\"description\":\"Articoli di qualit\u00e0 per la casa\",\"potentialAction\":[{\"@type\":\"SearchAction\",\"target\":{\"@type\":\"EntryPoint\",\"urlTemplate\":\"https:\/\/www.erresse-shop.it\/fr\/?s={search_term_string}\"},\"query-input\":\"required name=search_term_string\"}],\"inLanguage\":\"fr-FR\"}]}<\/script>\n<!-- \/ Yoast SEO Premium plugin. -->","yoast_head_json":{"title":"LE CREUSET Mini Cocotte 14 cm Flint - Erresse Shop","description":"Pratique et esth\u00e9tique, cette cocotte moyenne apporte fonctionnalit\u00e9 et style \u00e0 votre cuisine. Id\u00e9ale pour les portions individuelles, sucr\u00e9es ou sal\u00e9es,","robots":{"index":"index","follow":"follow","max-snippet":"max-snippet:-1","max-image-preview":"max-image-preview:large","max-video-preview":"max-video-preview:-1"},"canonical":"https:\/\/www.erresse-shop.it\/fr\/shop\/poeles-pots\/marmites-et-cocottes-poeles-pots\/le-creuset-mini-cocotte-14-cm-flint\/","og_locale":"fr_FR","og_type":"article","og_title":"LE CREUSET Mini Cocotte 14 cm Flint","og_description":"Pratique et esth\u00e9tique, cette cocotte moyenne apporte fonctionnalit\u00e9 et style \u00e0 votre cuisine. Id\u00e9ale pour les portions individuelles, sucr\u00e9es ou sal\u00e9es,","og_url":"https:\/\/www.erresse-shop.it\/fr\/shop\/poeles-pots\/marmites-et-cocottes-poeles-pots\/le-creuset-mini-cocotte-14-cm-flint\/","og_site_name":"Erresse Shop","article_modified_time":"2026-02-23T08:15:59+00:00","og_image":[{"width":1200,"height":1200,"url":"https:\/\/www.erresse-shop.it\/wp-content\/uploads\/2025\/03\/LE-CREUSET-Mini-Cocotte-14-cm-Flint.jpg","type":"image\/jpeg"}],"twitter_card":"summary_large_image","schema":{"@context":"https:\/\/schema.org","@graph":[{"@type":"WebPage","@id":"https:\/\/www.erresse-shop.it\/fr\/shop\/poeles-pots\/marmites-et-cocottes-poeles-pots\/le-creuset-mini-cocotte-14-cm-flint\/","url":"https:\/\/www.erresse-shop.it\/fr\/shop\/poeles-pots\/marmites-et-cocottes-poeles-pots\/le-creuset-mini-cocotte-14-cm-flint\/","name":"LE CREUSET Mini Cocotte 14 cm Flint - Erresse Shop","isPartOf":{"@id":"https:\/\/www.erresse-shop.it\/fr\/#website"},"datePublished":"2025-03-19T07:21:27+00:00","dateModified":"2026-02-23T08:15:59+00:00","description":"Pratique et esth\u00e9tique, cette cocotte moyenne apporte fonctionnalit\u00e9 et style \u00e0 votre cuisine. Id\u00e9ale pour les portions individuelles, sucr\u00e9es ou sal\u00e9es,","breadcrumb":{"@id":"https:\/\/www.erresse-shop.it\/fr\/shop\/poeles-pots\/marmites-et-cocottes-poeles-pots\/le-creuset-mini-cocotte-14-cm-flint\/#breadcrumb"},"inLanguage":"fr-FR","potentialAction":[{"@type":"ReadAction","target":["https:\/\/www.erresse-shop.it\/fr\/shop\/poeles-pots\/marmites-et-cocottes-poeles-pots\/le-creuset-mini-cocotte-14-cm-flint\/"]}]},{"@type":"BreadcrumbList","@id":"https:\/\/www.erresse-shop.it\/fr\/shop\/poeles-pots\/marmites-et-cocottes-poeles-pots\/le-creuset-mini-cocotte-14-cm-flint\/#breadcrumb","itemListElement":[{"@type":"ListItem","position":1,"name":"Home","item":"https:\/\/www.erresse-shop.it\/fr\/"},{"@type":"ListItem","position":2,"name":"Shop","item":"https:\/\/www.erresse-shop.it\/fr\/shop\/"},{"@type":"ListItem","position":3,"name":"LE CREUSET Mini Cocotte 14 cm Flint"}]},{"@type":"WebSite","@id":"https:\/\/www.erresse-shop.it\/fr\/#website","url":"https:\/\/www.erresse-shop.it\/fr\/","name":"Erresse Shop","description":"Articoli di qualit\u00e0 per la casa","potentialAction":[{"@type":"SearchAction","target":{"@type":"EntryPoint","urlTemplate":"https:\/\/www.erresse-shop.it\/fr\/?s={search_term_string}"},"query-input":"required name=search_term_string"}],"inLanguage":"fr-FR"}]}},"df_price":39.95,"df_sale_price":39.95,"df_regular_price":48,"df_image_link":"https:\/\/www.erresse-shop.it\/wp-content\/uploads\/2025\/03\/LE-CREUSET-Mini-Cocotte-14-cm-Flint-300x300.jpg","_links":{"self":[{"href":"https:\/\/www.erresse-shop.it\/fr\/wp-json\/wp\/v2\/product\/480463"}],"collection":[{"href":"https:\/\/www.erresse-shop.it\/fr\/wp-json\/wp\/v2\/product"}],"about":[{"href":"https:\/\/www.erresse-shop.it\/fr\/wp-json\/wp\/v2\/types\/product"}],"wp:featuredmedia":[{"embeddable":true,"href":"https:\/\/www.erresse-shop.it\/fr\/wp-json\/wp\/v2\/media\/480493"}],"wp:attachment":[{"href":"https:\/\/www.erresse-shop.it\/fr\/wp-json\/wp\/v2\/media?parent=480463"}],"wp:term":[{"taxonomy":"product_cat","embeddable":true,"href":"https:\/\/www.erresse-shop.it\/fr\/wp-json\/wp\/v2\/product_cat?post=480463"},{"taxonomy":"product_tag","embeddable":true,"href":"https:\/\/www.erresse-shop.it\/fr\/wp-json\/wp\/v2\/product_tag?post=480463"}],"curies":[{"name":"wp","href":"https:\/\/api.w.org\/{rel}","templated":true}]}}