{"id":480018,"date":"2025-03-18T13:52:03","date_gmt":"2025-03-18T13:52:05","guid":{"rendered":"https:\/\/www.erresse-shop.it\/?post_type=product&#038;p=480018"},"modified":"2025-10-13T09:07:22","modified_gmt":"2025-10-13T09:07:22","slug":"le-creuset-moule-a-gateau-rond-tradition-en-fonte-24-cm-cerise-copia","status":"publish","type":"product","link":"https:\/\/www.erresse-shop.it\/fr\/shop\/poeles-pots\/plats-et-casseroles-a-four\/le-creuset-moule-a-gateau-rond-tradition-en-fonte-24-cm-cerise-copia\/","title":{"rendered":"LE CREUSET Moule \u00e0 g\u00e2teau rond Tradition en Gr\u00e8s 24 cm Orange"},"content":{"rendered":"<p>Cr\u00e9ez de d\u00e9licieuses tartes, quiches et g\u00e2teaux avec notre moule \u00e0 g\u00e2teau rond. Pratique et \u00e9l\u00e9gant, ses parois incurv\u00e9es ajoutent une touche de personnalit\u00e9 \u00e0 vos cr\u00e9ations et permettent une cuisson parfaite des bords de vos tartes. Le gr\u00e8s vitrifi\u00e9 r\u00e9partit la chaleur uniform\u00e9ment pour une cuisson parfaite.<\/p>\n<ul>\n<li class=\"mb-3\">Toujours impeccable\u00a0: Notre c\u00e9ramique est r\u00e9sistante aux rayures et facile \u00e0 nettoyer.<\/li>\n<li class=\"mb-3\">Construction parfaite\u00a0: Fabriqu\u00e9s en c\u00e9ramique de haute qualit\u00e9, nos produits en c\u00e9ramique maintiennent une temp\u00e9rature uniforme et sont r\u00e9sistants et durables dans le temps.<\/li>\n<li class=\"mb-3\">Adapt\u00e9s au chaud comme au froid\u00a0: Notre c\u00e9ramique r\u00e9siste \u00e0 des temp\u00e9ratures allant de -23\u00a0\u00b0C \u00e0 +260\u00a0\u00b0C.<\/li>\n<li class=\"mb-3\">Le meilleur de sa cat\u00e9gorie\u00a0: Nos produits sont fabriqu\u00e9s \u00e0 partir des meilleurs mat\u00e9riaux dans des usines du monde entier pour garantir la qualit\u00e9 que vous attendez de Le Creuset.<\/li>\n<\/ul>\n<p>Mat\u00e9riau\u00a0: Fonte \u00e9maill\u00e9e<br \/>\nFabriqu\u00e9 en\u00a0: Tha\u00eflande<br \/>\nGarantie\u00a0: 10\u00a0ans<\/p>\n<p><strong>Source de chaleur\u00a0:<\/strong><\/p>\n<ul>\n<li>Four<\/li>\n<li>Four \u00e0 grill<\/li>\n<li>Micro-ondes<\/li>\n<\/ul>\n<p><strong>Nettoyage et Entretien\u00a0:<\/strong><\/p>\n<ul>\n<li class=\"mb-3\">Attendez que le produit soit compl\u00e8tement refroidi avant de commencer le nettoyage.<\/li>\n<li class=\"mb-3\">\u00c9liminez tout r\u00e9sidu de la base et des parois du produit. Pour les r\u00e9sidus alimentaires tenaces, remplissez le produit d&#8217;eau chaude savonneuse et laissez-le tremper 15 \u00e0 20 minutes avant de le laver comme d&#8217;habitude.<\/li>\n<li class=\"mb-3\">Lavez et s\u00e9chez \u00e0 la main. Vous pouvez \u00e9galement mettre votre produit en gr\u00e8s au lave-vaisselle pour un cycle complet.<\/li>\n<\/ul>\n","protected":false},"excerpt":{"rendered":"<p>Cr\u00e9ez de d\u00e9licieuses tartes, quiches et g\u00e2teaux avec notre moule \u00e0 g\u00e2teau rond. Pratique et \u00e9l\u00e9gant, ses parois incurv\u00e9es ajoutent<\/p>\n","protected":false},"featured_media":480042,"template":"","meta":{"_acf_changed":false,"inline_featured_image":false},"product_cat":[12458,14810,14805],"product_tag":[12459,17107,18188,12461],"acf":[],"yoast_head":"<!-- This site is optimized with the Yoast SEO Premium plugin v18.6 (Yoast SEO v19.13) - https:\/\/yoast.com\/wordpress\/plugins\/seo\/ -->\n<title>LE CREUSET Tarte Tatin G\u00e2teau 25 cm Cerise<\/title>\n<meta name=\"description\" content=\"D\u00e9couvrez LE CREUSET Tarte Tatin G\u00e2teau 25 cm Cerise sur ErresseShop. Qualit\u00e9, prix r\u00e9duits et achat s\u00e9curis\u00e9 \u2013 commandez d\u00e8s maintenant en ligne !\" \/>\n<meta name=\"robots\" content=\"index, follow, max-snippet:-1, max-image-preview:large, max-video-preview:-1\" \/>\n<link rel=\"canonical\" href=\"https:\/\/www.erresse-shop.it\/fr\/shop\/poeles-pots\/plats-et-casseroles-a-four\/le-creuset-moule-a-gateau-rond-tradition-en-fonte-24-cm-cerise-copia\/\" \/>\n<meta property=\"og:locale\" content=\"fr_FR\" \/>\n<meta property=\"og:type\" content=\"article\" \/>\n<meta property=\"og:title\" content=\"LE CREUSET Moule \u00e0 g\u00e2teau rond Tradition en Gr\u00e8s 24 cm Orange\" \/>\n<meta property=\"og:description\" content=\"D\u00e9couvrez LE CREUSET Tarte Tatin G\u00e2teau 25 cm Cerise sur ErresseShop. Qualit\u00e9, prix r\u00e9duits et achat s\u00e9curis\u00e9 \u2013 commandez d\u00e8s maintenant en ligne !\" \/>\n<meta property=\"og:url\" content=\"https:\/\/www.erresse-shop.it\/fr\/shop\/poeles-pots\/plats-et-casseroles-a-four\/le-creuset-moule-a-gateau-rond-tradition-en-fonte-24-cm-cerise-copia\/\" \/>\n<meta property=\"og:site_name\" content=\"Erresse Shop\" \/>\n<meta property=\"article:modified_time\" content=\"2025-10-13T09:07:22+00:00\" \/>\n<meta property=\"og:image\" content=\"https:\/\/www.erresse-shop.it\/wp-content\/uploads\/2025\/03\/LE-CREUSET-Tortiera-Rotonda-Tradition-in-Ghisa-24-cm-Arancio.jpg\" \/>\n\t<meta property=\"og:image:width\" content=\"1200\" \/>\n\t<meta property=\"og:image:height\" content=\"1200\" \/>\n\t<meta property=\"og:image:type\" content=\"image\/jpeg\" \/>\n<meta name=\"twitter:card\" content=\"summary_large_image\" \/>\n<script type=\"application\/ld+json\" class=\"yoast-schema-graph\">{\"@context\":\"https:\/\/schema.org\",\"@graph\":[{\"@type\":\"WebPage\",\"@id\":\"https:\/\/www.erresse-shop.it\/fr\/shop\/poeles-pots\/plats-et-casseroles-a-four\/le-creuset-moule-a-gateau-rond-tradition-en-fonte-24-cm-cerise-copia\/\",\"url\":\"https:\/\/www.erresse-shop.it\/fr\/shop\/poeles-pots\/plats-et-casseroles-a-four\/le-creuset-moule-a-gateau-rond-tradition-en-fonte-24-cm-cerise-copia\/\",\"name\":\"LE CREUSET Tarte Tatin G\u00e2teau 25 cm Cerise\",\"isPartOf\":{\"@id\":\"https:\/\/www.erresse-shop.it\/fr\/#website\"},\"datePublished\":\"2025-03-18T13:52:05+00:00\",\"dateModified\":\"2025-10-13T09:07:22+00:00\",\"description\":\"D\u00e9couvrez LE CREUSET Tarte Tatin G\u00e2teau 25 cm Cerise sur ErresseShop. Qualit\u00e9, prix r\u00e9duits et achat s\u00e9curis\u00e9 \u2013 commandez d\u00e8s maintenant en ligne !\",\"breadcrumb\":{\"@id\":\"https:\/\/www.erresse-shop.it\/fr\/shop\/poeles-pots\/plats-et-casseroles-a-four\/le-creuset-moule-a-gateau-rond-tradition-en-fonte-24-cm-cerise-copia\/#breadcrumb\"},\"inLanguage\":\"fr-FR\",\"potentialAction\":[{\"@type\":\"ReadAction\",\"target\":[\"https:\/\/www.erresse-shop.it\/fr\/shop\/poeles-pots\/plats-et-casseroles-a-four\/le-creuset-moule-a-gateau-rond-tradition-en-fonte-24-cm-cerise-copia\/\"]}]},{\"@type\":\"BreadcrumbList\",\"@id\":\"https:\/\/www.erresse-shop.it\/fr\/shop\/poeles-pots\/plats-et-casseroles-a-four\/le-creuset-moule-a-gateau-rond-tradition-en-fonte-24-cm-cerise-copia\/#breadcrumb\",\"itemListElement\":[{\"@type\":\"ListItem\",\"position\":1,\"name\":\"Home\",\"item\":\"https:\/\/www.erresse-shop.it\/fr\/\"},{\"@type\":\"ListItem\",\"position\":2,\"name\":\"Shop\",\"item\":\"https:\/\/www.erresse-shop.it\/fr\/shop\/\"},{\"@type\":\"ListItem\",\"position\":3,\"name\":\"LE CREUSET Moule \u00e0 g\u00e2teau rond Tradition en Gr\u00e8s 24 cm Orange\"}]},{\"@type\":\"WebSite\",\"@id\":\"https:\/\/www.erresse-shop.it\/fr\/#website\",\"url\":\"https:\/\/www.erresse-shop.it\/fr\/\",\"name\":\"Erresse Shop\",\"description\":\"Articoli di qualit\u00e0 per la casa\",\"potentialAction\":[{\"@type\":\"SearchAction\",\"target\":{\"@type\":\"EntryPoint\",\"urlTemplate\":\"https:\/\/www.erresse-shop.it\/fr\/?s={search_term_string}\"},\"query-input\":\"required name=search_term_string\"}],\"inLanguage\":\"fr-FR\"}]}<\/script>\n<!-- \/ Yoast SEO Premium plugin. -->","yoast_head_json":{"title":"LE CREUSET Tarte Tatin G\u00e2teau 25 cm Cerise","description":"D\u00e9couvrez LE CREUSET Tarte Tatin G\u00e2teau 25 cm Cerise sur ErresseShop. Qualit\u00e9, prix r\u00e9duits et achat s\u00e9curis\u00e9 \u2013 commandez d\u00e8s maintenant en ligne !","robots":{"index":"index","follow":"follow","max-snippet":"max-snippet:-1","max-image-preview":"max-image-preview:large","max-video-preview":"max-video-preview:-1"},"canonical":"https:\/\/www.erresse-shop.it\/fr\/shop\/poeles-pots\/plats-et-casseroles-a-four\/le-creuset-moule-a-gateau-rond-tradition-en-fonte-24-cm-cerise-copia\/","og_locale":"fr_FR","og_type":"article","og_title":"LE CREUSET Moule \u00e0 g\u00e2teau rond Tradition en Gr\u00e8s 24 cm Orange","og_description":"D\u00e9couvrez LE CREUSET Tarte Tatin G\u00e2teau 25 cm Cerise sur ErresseShop. Qualit\u00e9, prix r\u00e9duits et achat s\u00e9curis\u00e9 \u2013 commandez d\u00e8s maintenant en ligne !","og_url":"https:\/\/www.erresse-shop.it\/fr\/shop\/poeles-pots\/plats-et-casseroles-a-four\/le-creuset-moule-a-gateau-rond-tradition-en-fonte-24-cm-cerise-copia\/","og_site_name":"Erresse Shop","article_modified_time":"2025-10-13T09:07:22+00:00","og_image":[{"width":1200,"height":1200,"url":"https:\/\/www.erresse-shop.it\/wp-content\/uploads\/2025\/03\/LE-CREUSET-Tortiera-Rotonda-Tradition-in-Ghisa-24-cm-Arancio.jpg","type":"image\/jpeg"}],"twitter_card":"summary_large_image","schema":{"@context":"https:\/\/schema.org","@graph":[{"@type":"WebPage","@id":"https:\/\/www.erresse-shop.it\/fr\/shop\/poeles-pots\/plats-et-casseroles-a-four\/le-creuset-moule-a-gateau-rond-tradition-en-fonte-24-cm-cerise-copia\/","url":"https:\/\/www.erresse-shop.it\/fr\/shop\/poeles-pots\/plats-et-casseroles-a-four\/le-creuset-moule-a-gateau-rond-tradition-en-fonte-24-cm-cerise-copia\/","name":"LE CREUSET Tarte Tatin G\u00e2teau 25 cm Cerise","isPartOf":{"@id":"https:\/\/www.erresse-shop.it\/fr\/#website"},"datePublished":"2025-03-18T13:52:05+00:00","dateModified":"2025-10-13T09:07:22+00:00","description":"D\u00e9couvrez LE CREUSET Tarte Tatin G\u00e2teau 25 cm Cerise sur ErresseShop. Qualit\u00e9, prix r\u00e9duits et achat s\u00e9curis\u00e9 \u2013 commandez d\u00e8s maintenant en ligne !","breadcrumb":{"@id":"https:\/\/www.erresse-shop.it\/fr\/shop\/poeles-pots\/plats-et-casseroles-a-four\/le-creuset-moule-a-gateau-rond-tradition-en-fonte-24-cm-cerise-copia\/#breadcrumb"},"inLanguage":"fr-FR","potentialAction":[{"@type":"ReadAction","target":["https:\/\/www.erresse-shop.it\/fr\/shop\/poeles-pots\/plats-et-casseroles-a-four\/le-creuset-moule-a-gateau-rond-tradition-en-fonte-24-cm-cerise-copia\/"]}]},{"@type":"BreadcrumbList","@id":"https:\/\/www.erresse-shop.it\/fr\/shop\/poeles-pots\/plats-et-casseroles-a-four\/le-creuset-moule-a-gateau-rond-tradition-en-fonte-24-cm-cerise-copia\/#breadcrumb","itemListElement":[{"@type":"ListItem","position":1,"name":"Home","item":"https:\/\/www.erresse-shop.it\/fr\/"},{"@type":"ListItem","position":2,"name":"Shop","item":"https:\/\/www.erresse-shop.it\/fr\/shop\/"},{"@type":"ListItem","position":3,"name":"LE CREUSET Moule \u00e0 g\u00e2teau rond Tradition en Gr\u00e8s 24 cm Orange"}]},{"@type":"WebSite","@id":"https:\/\/www.erresse-shop.it\/fr\/#website","url":"https:\/\/www.erresse-shop.it\/fr\/","name":"Erresse Shop","description":"Articoli di qualit\u00e0 per la casa","potentialAction":[{"@type":"SearchAction","target":{"@type":"EntryPoint","urlTemplate":"https:\/\/www.erresse-shop.it\/fr\/?s={search_term_string}"},"query-input":"required name=search_term_string"}],"inLanguage":"fr-FR"}]}},"df_price":46.95,"df_sale_price":46.95,"df_regular_price":49,"df_image_link":"https:\/\/www.erresse-shop.it\/wp-content\/uploads\/2025\/03\/LE-CREUSET-Tortiera-Rotonda-Tradition-in-Ghisa-24-cm-Arancio-300x300.jpg","_links":{"self":[{"href":"https:\/\/www.erresse-shop.it\/fr\/wp-json\/wp\/v2\/product\/480018"}],"collection":[{"href":"https:\/\/www.erresse-shop.it\/fr\/wp-json\/wp\/v2\/product"}],"about":[{"href":"https:\/\/www.erresse-shop.it\/fr\/wp-json\/wp\/v2\/types\/product"}],"wp:featuredmedia":[{"embeddable":true,"href":"https:\/\/www.erresse-shop.it\/fr\/wp-json\/wp\/v2\/media\/480042"}],"wp:attachment":[{"href":"https:\/\/www.erresse-shop.it\/fr\/wp-json\/wp\/v2\/media?parent=480018"}],"wp:term":[{"taxonomy":"product_cat","embeddable":true,"href":"https:\/\/www.erresse-shop.it\/fr\/wp-json\/wp\/v2\/product_cat?post=480018"},{"taxonomy":"product_tag","embeddable":true,"href":"https:\/\/www.erresse-shop.it\/fr\/wp-json\/wp\/v2\/product_tag?post=480018"}],"curies":[{"name":"wp","href":"https:\/\/api.w.org\/{rel}","templated":true}]}}