{"id":479821,"date":"2025-03-18T11:23:11","date_gmt":"2025-03-18T11:23:14","guid":{"rendered":"https:\/\/www.erresse-shop.it\/?post_type=product&#038;p=479821"},"modified":"2025-05-02T10:01:21","modified_gmt":"2025-05-02T10:01:21","slug":"le-creuset-bouilloire-tradition-acier-inoxydable-copia-2","status":"publish","type":"product","link":"https:\/\/www.erresse-shop.it\/fr\/shop\/cuisine\/bouilloires\/le-creuset-bouilloire-tradition-acier-inoxydable-copia-2\/","title":{"rendered":"LE CREUSET Bouilloire Tradition Sea Salt"},"content":{"rendered":"<p>Notre bouilloire Tradition pr\u00e9sente une ligne iconique. V\u00e9ritable classique, il est dot\u00e9 d&#8217;un fond magn\u00e9tique extra r\u00e9sistant (\u00e9galement pour induction), adapt\u00e9 pour un chauffage rapide et efficace. Et bien s\u00fbr, il siffle pour vous faire savoir quand l&#8217;eau est pr\u00eate. Lorsqu&#8217;il est temps de verser, la poign\u00e9e ergonomique et r\u00e9sistante \u00e0 la chaleur offre une prise s\u00fbre.<\/p>\n<p><strong>D\u00e9tails du produit<\/strong><br \/>\n<strong>D\u00e9tails<\/strong><\/p>\n<p class=\"mb-3\">Efficacit\u00e9 avanc\u00e9e : nos bouilloires ont une base large pour un chauffage plus efficace.<br \/>\nLe meilleur de sa cat\u00e9gorie : nos produits sont fabriqu\u00e9s \u00e0 partir des meilleurs mat\u00e9riaux dans des usines du monde entier pour offrir la qualit\u00e9 que vous attendez de Le Creuset.<\/p>\n<p><strong>Mat\u00e9riau\u00a0:<\/strong> acier inoxydable<br \/>\n<strong>Fabriqu\u00e9 en\u00a0:<\/strong> Chine<br \/>\n<strong>Garantie\u00a0:<\/strong> 5 ans<\/p>\n<p><strong>Source de chaleur<\/strong><br \/>\nPlaque de cuisson \u00e9lectrique<br \/>\nVerre c\u00e9ramique<br \/>\nPlaque de cuisson \u00e0 gaz<br \/>\nPlaque \u00e0 induction<\/p>\n<p><strong>Dimensions<\/strong><br \/>\nCapacit\u00e9 : 2,1 L<br \/>\nLongueur : 27,7 cm<br \/>\nLargeur : 21,1 cm<br \/>\nHauteur : 25,4 cm<\/p>\n<p><strong>Conseils d&#8217;utilisation<\/strong><br \/>\n<strong>Avant la premi\u00e8re utilisation<\/strong><\/p>\n<p class=\"mb-3\">Profitez du moment de d\u00e9baller votre nouvel achat ! Et assurez-vous de retirer toutes les \u00e9tiquettes et tous les emballages.<br \/>\nLavez votre produit Le Creuset \u00e0 l\u2019eau ti\u00e8de savonneuse, puis rincez et s\u00e9chez soigneusement.<br \/>\nAvant d\u2019utiliser la bouilloire pour la premi\u00e8re fois, retirez le couvercle, remplissez-la d\u2019eau propre, portez \u00e0 \u00e9bullition et jetez l\u2019eau.<br \/>\nNe pas remplir au-del\u00e0 de l&#8217;indicateur.<\/p>\n<p><strong>Cuisine<\/strong><\/p>\n<p class=\"mb-3\">Pour les plaques \u00e0 induction, \u00e9vitez d\u2019utiliser la fonction \u00ab booster \u00bb car elle ne doit \u00eatre utilis\u00e9e que pour chauffer rapidement de grands volumes d\u2019eau.<br \/>\nSoulevez la bouilloire lorsque vous la d\u00e9placez, ne la faites pas glisser sur la surface pour \u00e9viter d&#8217;endommager la base de la bouilloire ou la surface.<br \/>\nNe faites pas glisser le produit sur une plaque de cuisson en verre car cela pourrait endommager la base du produit et le verre. Soulevez toujours le produit lorsque vous le posez, le d\u00e9placez ou le retirez de la surface.<br \/>\nLorsqu&#8217;il est chaud, placez-le sur une surface r\u00e9sistante \u00e0 la chaleur.<\/p>\n<p><strong>Propre<\/strong><\/p>\n<p class=\"mb-3\">Nettoyez la bouilloire apr\u00e8s chaque utilisation en la lavant \u00e0 la main avec un d\u00e9tergent neutre. N&#8217;utilisez jamais de produits abrasifs ou de d\u00e9tergents agressifs, car ils pourraient endommager la surface. Fait? S\u00e9chez soigneusement la bouilloire pour \u00e9viter les d\u00e9p\u00f4ts min\u00e9raux.<br \/>\nNe laissez pas d\u2019eau dans la bouilloire lorsqu\u2019elle n\u2019est pas utilis\u00e9e.<br \/>\nUn nettoyant pour acier inoxydable peut \u00eatre utilis\u00e9 pour \u00e9liminer le calcaire et d\u2019autres marques, et pour traiter, polir et prot\u00e9ger les surfaces en acier inoxydable.<\/p>\n<p><strong>Utilisation<\/strong><\/p>\n<p class=\"mb-3\">Utilisez le produit sur la plaque de cuisson la plus adapt\u00e9e pour \u00e9viter tout dommage ou surchauffe.<br \/>\nSur les tables de cuisson \u00e0 induction, ne vous fiez pas \u00e0 la fonction d\u2019arr\u00eat automatique. En cas de dysfonctionnement, toute l&#8217;eau de la bouilloire peut s&#8217;\u00e9vaporer, provoquant des dommages par surchauffe.<br \/>\nPour les bouilloires avec une poign\u00e9e rabattable, pour \u00e9viter de surchauffer la poign\u00e9e, assurez-vous qu&#8217;elle est solidement fix\u00e9e en position verticale avant de placer la bouilloire sur la source de chaleur.<br \/>\nFermez herm\u00e9tiquement le couvercle pour prot\u00e9ger la poign\u00e9e de la vapeur.<br \/>\nAssurez-vous toujours que les encoches du bec verseur et du couvercle sont orient\u00e9es vers l\u2019ext\u00e9rieur, \u00e0 l\u2019oppos\u00e9 de vous et des autres.<br \/>\nNe laissez pas la bouilloire sur la source de chaleur jusqu&#8217;\u00e0 ce que l&#8217;eau soit \u00e9puis\u00e9e, car cela provoquerait une surchauffe rapide.<br \/>\nN&#8217;oubliez pas d&#8217;\u00e9teindre la source de chaleur lorsque l&#8217;eau commence \u00e0 bouillir et de retirer la bouilloire de la source de chaleur.<br \/>\nL&#8217;eau bout-elle ? Attendez 10 \u00e0 15 secondes avant de retirer la bouilloire de la source de chaleur, puis versez. Ne jamais retourner la bouilloire. Assurez-vous de fermer le couvercle en appuyant fermement sur le bouton.<br \/>\nLaissez la bouilloire refroidir compl\u00e8tement avant de la remplir d\u2019eau froide.<\/p>\n","protected":false},"excerpt":{"rendered":"<p>Notre bouilloire Tradition pr\u00e9sente une ligne iconique. V\u00e9ritable classique, il est dot\u00e9 d&#8217;un fond magn\u00e9tique extra r\u00e9sistant (\u00e9galement pour induction),<\/p>\n","protected":false},"featured_media":479874,"template":"","meta":{"_acf_changed":false,"inline_featured_image":false},"product_cat":[21073,12748],"product_tag":[13265,12461,12462],"acf":[],"yoast_head":"<!-- This site is optimized with the Yoast SEO Premium plugin v18.6 (Yoast SEO v19.13) - https:\/\/yoast.com\/wordpress\/plugins\/seo\/ -->\n<title>LE CREUSET Bouilloire Tradition Sea Salt - Erresse Shop<\/title>\n<meta name=\"description\" content=\"Notre bouilloire Tradition pr\u00e9sente une ligne iconique. V\u00e9ritable classique, il est dot\u00e9 d&#039;un fond magn\u00e9tique extra r\u00e9sistant (\u00e9galement pour induction),\" \/>\n<meta name=\"robots\" content=\"index, follow, max-snippet:-1, max-image-preview:large, max-video-preview:-1\" \/>\n<link rel=\"canonical\" href=\"https:\/\/www.erresse-shop.it\/fr\/shop\/cuisine\/bouilloires\/le-creuset-bouilloire-tradition-acier-inoxydable-copia-2\/\" \/>\n<meta property=\"og:locale\" content=\"fr_FR\" \/>\n<meta property=\"og:type\" content=\"article\" \/>\n<meta property=\"og:title\" content=\"LE CREUSET Bouilloire Tradition Sea Salt\" \/>\n<meta property=\"og:description\" content=\"Notre bouilloire Tradition pr\u00e9sente une ligne iconique. V\u00e9ritable classique, il est dot\u00e9 d&#039;un fond magn\u00e9tique extra r\u00e9sistant (\u00e9galement pour induction),\" \/>\n<meta property=\"og:url\" content=\"https:\/\/www.erresse-shop.it\/fr\/shop\/cuisine\/bouilloires\/le-creuset-bouilloire-tradition-acier-inoxydable-copia-2\/\" \/>\n<meta property=\"og:site_name\" content=\"Erresse Shop\" \/>\n<meta property=\"article:modified_time\" content=\"2025-05-02T10:01:21+00:00\" \/>\n<meta property=\"og:image\" content=\"https:\/\/www.erresse-shop.it\/wp-content\/uploads\/2025\/03\/LE-CREUSET-Bollitore-Tradition-Sea-Salt.jpg\" \/>\n\t<meta property=\"og:image:width\" content=\"1200\" \/>\n\t<meta property=\"og:image:height\" content=\"1200\" \/>\n\t<meta property=\"og:image:type\" content=\"image\/jpeg\" \/>\n<meta name=\"twitter:card\" content=\"summary_large_image\" \/>\n<script type=\"application\/ld+json\" class=\"yoast-schema-graph\">{\"@context\":\"https:\/\/schema.org\",\"@graph\":[{\"@type\":\"WebPage\",\"@id\":\"https:\/\/www.erresse-shop.it\/fr\/shop\/cuisine\/bouilloires\/le-creuset-bouilloire-tradition-acier-inoxydable-copia-2\/\",\"url\":\"https:\/\/www.erresse-shop.it\/fr\/shop\/cuisine\/bouilloires\/le-creuset-bouilloire-tradition-acier-inoxydable-copia-2\/\",\"name\":\"LE CREUSET Bouilloire Tradition Sea Salt - Erresse Shop\",\"isPartOf\":{\"@id\":\"https:\/\/www.erresse-shop.it\/fr\/#website\"},\"datePublished\":\"2025-03-18T11:23:14+00:00\",\"dateModified\":\"2025-05-02T10:01:21+00:00\",\"description\":\"Notre bouilloire Tradition pr\u00e9sente une ligne iconique. V\u00e9ritable classique, il est dot\u00e9 d'un fond magn\u00e9tique extra r\u00e9sistant (\u00e9galement pour induction),\",\"breadcrumb\":{\"@id\":\"https:\/\/www.erresse-shop.it\/fr\/shop\/cuisine\/bouilloires\/le-creuset-bouilloire-tradition-acier-inoxydable-copia-2\/#breadcrumb\"},\"inLanguage\":\"fr-FR\",\"potentialAction\":[{\"@type\":\"ReadAction\",\"target\":[\"https:\/\/www.erresse-shop.it\/fr\/shop\/cuisine\/bouilloires\/le-creuset-bouilloire-tradition-acier-inoxydable-copia-2\/\"]}]},{\"@type\":\"BreadcrumbList\",\"@id\":\"https:\/\/www.erresse-shop.it\/fr\/shop\/cuisine\/bouilloires\/le-creuset-bouilloire-tradition-acier-inoxydable-copia-2\/#breadcrumb\",\"itemListElement\":[{\"@type\":\"ListItem\",\"position\":1,\"name\":\"Home\",\"item\":\"https:\/\/www.erresse-shop.it\/fr\/\"},{\"@type\":\"ListItem\",\"position\":2,\"name\":\"Shop\",\"item\":\"https:\/\/www.erresse-shop.it\/fr\/shop\/\"},{\"@type\":\"ListItem\",\"position\":3,\"name\":\"LE CREUSET Bouilloire Tradition Sea Salt\"}]},{\"@type\":\"WebSite\",\"@id\":\"https:\/\/www.erresse-shop.it\/fr\/#website\",\"url\":\"https:\/\/www.erresse-shop.it\/fr\/\",\"name\":\"Erresse Shop\",\"description\":\"Articoli di qualit\u00e0 per la casa\",\"potentialAction\":[{\"@type\":\"SearchAction\",\"target\":{\"@type\":\"EntryPoint\",\"urlTemplate\":\"https:\/\/www.erresse-shop.it\/fr\/?s={search_term_string}\"},\"query-input\":\"required name=search_term_string\"}],\"inLanguage\":\"fr-FR\"}]}<\/script>\n<!-- \/ Yoast SEO Premium plugin. -->","yoast_head_json":{"title":"LE CREUSET Bouilloire Tradition Sea Salt - Erresse Shop","description":"Notre bouilloire Tradition pr\u00e9sente une ligne iconique. V\u00e9ritable classique, il est dot\u00e9 d'un fond magn\u00e9tique extra r\u00e9sistant (\u00e9galement pour induction),","robots":{"index":"index","follow":"follow","max-snippet":"max-snippet:-1","max-image-preview":"max-image-preview:large","max-video-preview":"max-video-preview:-1"},"canonical":"https:\/\/www.erresse-shop.it\/fr\/shop\/cuisine\/bouilloires\/le-creuset-bouilloire-tradition-acier-inoxydable-copia-2\/","og_locale":"fr_FR","og_type":"article","og_title":"LE CREUSET Bouilloire Tradition Sea Salt","og_description":"Notre bouilloire Tradition pr\u00e9sente une ligne iconique. V\u00e9ritable classique, il est dot\u00e9 d'un fond magn\u00e9tique extra r\u00e9sistant (\u00e9galement pour induction),","og_url":"https:\/\/www.erresse-shop.it\/fr\/shop\/cuisine\/bouilloires\/le-creuset-bouilloire-tradition-acier-inoxydable-copia-2\/","og_site_name":"Erresse Shop","article_modified_time":"2025-05-02T10:01:21+00:00","og_image":[{"width":1200,"height":1200,"url":"https:\/\/www.erresse-shop.it\/wp-content\/uploads\/2025\/03\/LE-CREUSET-Bollitore-Tradition-Sea-Salt.jpg","type":"image\/jpeg"}],"twitter_card":"summary_large_image","schema":{"@context":"https:\/\/schema.org","@graph":[{"@type":"WebPage","@id":"https:\/\/www.erresse-shop.it\/fr\/shop\/cuisine\/bouilloires\/le-creuset-bouilloire-tradition-acier-inoxydable-copia-2\/","url":"https:\/\/www.erresse-shop.it\/fr\/shop\/cuisine\/bouilloires\/le-creuset-bouilloire-tradition-acier-inoxydable-copia-2\/","name":"LE CREUSET Bouilloire Tradition Sea Salt - Erresse Shop","isPartOf":{"@id":"https:\/\/www.erresse-shop.it\/fr\/#website"},"datePublished":"2025-03-18T11:23:14+00:00","dateModified":"2025-05-02T10:01:21+00:00","description":"Notre bouilloire Tradition pr\u00e9sente une ligne iconique. V\u00e9ritable classique, il est dot\u00e9 d'un fond magn\u00e9tique extra r\u00e9sistant (\u00e9galement pour induction),","breadcrumb":{"@id":"https:\/\/www.erresse-shop.it\/fr\/shop\/cuisine\/bouilloires\/le-creuset-bouilloire-tradition-acier-inoxydable-copia-2\/#breadcrumb"},"inLanguage":"fr-FR","potentialAction":[{"@type":"ReadAction","target":["https:\/\/www.erresse-shop.it\/fr\/shop\/cuisine\/bouilloires\/le-creuset-bouilloire-tradition-acier-inoxydable-copia-2\/"]}]},{"@type":"BreadcrumbList","@id":"https:\/\/www.erresse-shop.it\/fr\/shop\/cuisine\/bouilloires\/le-creuset-bouilloire-tradition-acier-inoxydable-copia-2\/#breadcrumb","itemListElement":[{"@type":"ListItem","position":1,"name":"Home","item":"https:\/\/www.erresse-shop.it\/fr\/"},{"@type":"ListItem","position":2,"name":"Shop","item":"https:\/\/www.erresse-shop.it\/fr\/shop\/"},{"@type":"ListItem","position":3,"name":"LE CREUSET Bouilloire Tradition Sea Salt"}]},{"@type":"WebSite","@id":"https:\/\/www.erresse-shop.it\/fr\/#website","url":"https:\/\/www.erresse-shop.it\/fr\/","name":"Erresse Shop","description":"Articoli di qualit\u00e0 per la casa","potentialAction":[{"@type":"SearchAction","target":{"@type":"EntryPoint","urlTemplate":"https:\/\/www.erresse-shop.it\/fr\/?s={search_term_string}"},"query-input":"required name=search_term_string"}],"inLanguage":"fr-FR"}]}},"df_price":60.75,"df_sale_price":60.75,"df_regular_price":135,"df_image_link":"https:\/\/www.erresse-shop.it\/wp-content\/uploads\/2025\/03\/LE-CREUSET-Bollitore-Tradition-Sea-Salt-300x300.jpg","_links":{"self":[{"href":"https:\/\/www.erresse-shop.it\/fr\/wp-json\/wp\/v2\/product\/479821"}],"collection":[{"href":"https:\/\/www.erresse-shop.it\/fr\/wp-json\/wp\/v2\/product"}],"about":[{"href":"https:\/\/www.erresse-shop.it\/fr\/wp-json\/wp\/v2\/types\/product"}],"wp:featuredmedia":[{"embeddable":true,"href":"https:\/\/www.erresse-shop.it\/fr\/wp-json\/wp\/v2\/media\/479874"}],"wp:attachment":[{"href":"https:\/\/www.erresse-shop.it\/fr\/wp-json\/wp\/v2\/media?parent=479821"}],"wp:term":[{"taxonomy":"product_cat","embeddable":true,"href":"https:\/\/www.erresse-shop.it\/fr\/wp-json\/wp\/v2\/product_cat?post=479821"},{"taxonomy":"product_tag","embeddable":true,"href":"https:\/\/www.erresse-shop.it\/fr\/wp-json\/wp\/v2\/product_tag?post=479821"}],"curies":[{"name":"wp","href":"https:\/\/api.w.org\/{rel}","templated":true}]}}