{"id":479691,"date":"2025-03-18T10:42:03","date_gmt":"2025-03-18T10:42:06","guid":{"rendered":"https:\/\/www.erresse-shop.it\/?post_type=product&#038;p=479691"},"modified":"2025-09-13T06:22:06","modified_gmt":"2025-09-13T06:22:06","slug":"le-creuset-amour-cocotte-coeur-20-cm-sea-salt-copia","status":"publish","type":"product","link":"https:\/\/www.erresse-shop.it\/fr\/shop\/poeles-pots\/sauteuses-et-faitout\/le-creuset-amour-cocotte-coeur-20-cm-sea-salt-copia\/","title":{"rendered":"LE CREUSET Amour Po\u00eale basse en fonte en forme de c\u0153ur 20 cm Cerise"},"content":{"rendered":"<p>De mijoter des rago\u00fbts r\u00e9confortants \u00e0 cuire des pains plats a\u00e9riens, cette cocotte en forme de c\u0153ur est polyvalente. Fabriqu\u00e9e en fonte \u00e9maill\u00e9e de qualit\u00e9 sup\u00e9rieure et dot\u00e9e d&#8217;un bouton en forme de c\u0153ur, cette cocotte passe de la cuisini\u00e8re au four et apportera une touche romantique \u00e0 toutes les tables.<\/p>\n<p><strong>D\u00e9tails du produit\u00a0:<\/strong><\/p>\n<ul>\n<li class=\"mb-3\">Notre bouton r\u00e9sistant \u00e0 la chaleur (jusqu&#8217;\u00e0 260\u00a0\u00b0C) est con\u00e7u pour assurer une excellente prise en main, m\u00eame avec une manique.<\/li>\n<li class=\"mb-3\">Nettoyage rapide\u00a0: une fine couche d&#8217;\u00e9mail interne facilite le nettoyage.<\/li>\n<li class=\"mb-3\">Une v\u00e9ritable machine \u00e0 tout faire\u00a0: convient au four, \u00e0 la plaque de cuisson, \u00e0 l&#8217;induction ou au gril.<\/li>\n<li class=\"mb-3\">Excellentes saveurs\u00a0: la fonte \u00e9maill\u00e9e retient la chaleur pour une cuisson et un brunissement uniformes. Vos d\u00e9licieuses cr\u00e9ations resteront chaudes plus longtemps, m\u00eame \u00e0 table.<\/li>\n<li class=\"mb-3\">Pr\u00e9serve le go\u00fbt\u00a0: Notre couvercle retient la vapeur g\u00e9n\u00e9r\u00e9e par la cuisson des aliments et sublime les saveurs, pour des r\u00e9sultats de cuisson exceptionnels.<\/li>\n<li class=\"mb-3\">Prise en main facile\u00a0: Les poign\u00e9es \u00e9l\u00e9gantes et confortables vous permettent de soulever le produit en toute s\u00e9curit\u00e9.<\/li>\n<li class=\"mb-3\">Pas trop chaud\u00a0: Cuisez \u00e0 feu constant, de doux \u00e0 moyen, pour pr\u00e9server votre produit en fonte et obtenir des r\u00e9sultats d\u00e9licieux.<\/li>\n<li class=\"mb-3\">Le meilleur de sa cat\u00e9gorie\u00a0: Nos produits sont fabriqu\u00e9s avec les meilleurs mat\u00e9riaux pour garantir une qualit\u00e9 optimale.<\/li>\n<\/ul>\n<p>Mat\u00e9riau\u00a0: Fonte<br \/>\nFabriqu\u00e9 en\u00a0: France<br \/>\nGarantie\u00a0: \u00c0 vie<\/p>\n<p><strong>Source de chaleur\u00a0:<\/strong><\/p>\n<ul>\n<li>Four<\/li>\n<li>Four en mode gril<\/li>\n<li>Plaque de cuisson \u00e9lectrique<\/li>\n<li>Verre Vitroc\u00e9ramique\n<li>Plaque de cuisson \u00e0 gaz<\/li>\n<li>Plaque de cuisson \u00e0 induction<\/li>\n<\/ul>\n<p><strong>Nettoyage et entretien\u00a0:<\/strong><\/p>\n<ul>\n<li>Attendez que le produit refroidisse avant de commencer le nettoyage.<\/li>\n<li>Nettoyez les r\u00e9sidus alimentaires sur la base et les parois du produit. En cas de r\u00e9sidus alimentaires, remplissez le produit d&#8217;eau chaude savonneuse et laissez-le tremper 15 \u00e0 20 minutes avant de le laver comme d&#8217;habitude.<\/li>\n<li>N&#8217;utilisez pas de nettoyants abrasifs, ni d&#8217;\u00e9ponges ou de brosses m\u00e9talliques, abrasives ou tr\u00e8s dures sur les surfaces.<\/li>\n<li>S\u00e9chez soigneusement apr\u00e8s le lavage et rangez-le dans un endroit sec.<\/li>\n<\/ul>\n","protected":false},"excerpt":{"rendered":"<p>De mijoter des rago\u00fbts r\u00e9confortants \u00e0 cuire des pains plats a\u00e9riens, cette cocotte en forme de c\u0153ur est polyvalente. Fabriqu\u00e9e<\/p>\n","protected":false},"featured_media":479722,"template":"","meta":{"_acf_changed":false,"inline_featured_image":false},"product_cat":[12458,14797],"product_tag":[13270,21529,12994,12460,20023,12461,12465,13179],"acf":[],"yoast_head":"<!-- This site is optimized with the Yoast SEO Premium plugin v18.6 (Yoast SEO v19.13) - https:\/\/yoast.com\/wordpress\/plugins\/seo\/ -->\n<title>LE CREUSET Amour Cocotte C\u0153ur 20 cm Cerise<\/title>\n<meta name=\"description\" content=\"D\u00e9couvrez LE CREUSET Amour Cocotte C\u0153ur 20 cm Cerise sur ErresseShop. Qualit\u00e9, prix r\u00e9duits et achat s\u00e9curis\u00e9 \u2013 commandez d\u00e8s maintenant en ligne !\" \/>\n<meta name=\"robots\" content=\"index, follow, max-snippet:-1, max-image-preview:large, max-video-preview:-1\" \/>\n<link rel=\"canonical\" href=\"https:\/\/www.erresse-shop.it\/fr\/shop\/poeles-pots\/sauteuses-et-faitout\/le-creuset-amour-cocotte-coeur-20-cm-sea-salt-copia\/\" \/>\n<meta property=\"og:locale\" content=\"fr_FR\" \/>\n<meta property=\"og:type\" content=\"article\" \/>\n<meta property=\"og:title\" content=\"LE CREUSET Amour Po\u00eale basse en fonte en forme de c\u0153ur 20 cm Cerise\" \/>\n<meta property=\"og:description\" content=\"D\u00e9couvrez LE CREUSET Amour Cocotte C\u0153ur 20 cm Cerise sur ErresseShop. Qualit\u00e9, prix r\u00e9duits et achat s\u00e9curis\u00e9 \u2013 commandez d\u00e8s maintenant en ligne !\" \/>\n<meta property=\"og:url\" content=\"https:\/\/www.erresse-shop.it\/fr\/shop\/poeles-pots\/sauteuses-et-faitout\/le-creuset-amour-cocotte-coeur-20-cm-sea-salt-copia\/\" \/>\n<meta property=\"og:site_name\" content=\"Erresse Shop\" \/>\n<meta property=\"article:modified_time\" content=\"2025-09-13T06:22:06+00:00\" \/>\n<meta property=\"og:image\" content=\"https:\/\/www.erresse-shop.it\/wp-content\/uploads\/2025\/03\/LE-CREUSET-Amour-Tegame-Basso-a-Cuore-in-Ghisa-20-cm-Ciliegia.jpg\" \/>\n\t<meta property=\"og:image:width\" content=\"1200\" \/>\n\t<meta property=\"og:image:height\" content=\"1200\" \/>\n\t<meta property=\"og:image:type\" content=\"image\/jpeg\" \/>\n<meta name=\"twitter:card\" content=\"summary_large_image\" \/>\n<script type=\"application\/ld+json\" class=\"yoast-schema-graph\">{\"@context\":\"https:\/\/schema.org\",\"@graph\":[{\"@type\":\"WebPage\",\"@id\":\"https:\/\/www.erresse-shop.it\/fr\/shop\/poeles-pots\/sauteuses-et-faitout\/le-creuset-amour-cocotte-coeur-20-cm-sea-salt-copia\/\",\"url\":\"https:\/\/www.erresse-shop.it\/fr\/shop\/poeles-pots\/sauteuses-et-faitout\/le-creuset-amour-cocotte-coeur-20-cm-sea-salt-copia\/\",\"name\":\"LE CREUSET Amour Cocotte C\u0153ur 20 cm Cerise\",\"isPartOf\":{\"@id\":\"https:\/\/www.erresse-shop.it\/fr\/#website\"},\"datePublished\":\"2025-03-18T10:42:06+00:00\",\"dateModified\":\"2025-09-13T06:22:06+00:00\",\"description\":\"D\u00e9couvrez LE CREUSET Amour Cocotte C\u0153ur 20 cm Cerise sur ErresseShop. Qualit\u00e9, prix r\u00e9duits et achat s\u00e9curis\u00e9 \u2013 commandez d\u00e8s maintenant en ligne !\",\"breadcrumb\":{\"@id\":\"https:\/\/www.erresse-shop.it\/fr\/shop\/poeles-pots\/sauteuses-et-faitout\/le-creuset-amour-cocotte-coeur-20-cm-sea-salt-copia\/#breadcrumb\"},\"inLanguage\":\"fr-FR\",\"potentialAction\":[{\"@type\":\"ReadAction\",\"target\":[\"https:\/\/www.erresse-shop.it\/fr\/shop\/poeles-pots\/sauteuses-et-faitout\/le-creuset-amour-cocotte-coeur-20-cm-sea-salt-copia\/\"]}]},{\"@type\":\"BreadcrumbList\",\"@id\":\"https:\/\/www.erresse-shop.it\/fr\/shop\/poeles-pots\/sauteuses-et-faitout\/le-creuset-amour-cocotte-coeur-20-cm-sea-salt-copia\/#breadcrumb\",\"itemListElement\":[{\"@type\":\"ListItem\",\"position\":1,\"name\":\"Home\",\"item\":\"https:\/\/www.erresse-shop.it\/fr\/\"},{\"@type\":\"ListItem\",\"position\":2,\"name\":\"Shop\",\"item\":\"https:\/\/www.erresse-shop.it\/fr\/shop\/\"},{\"@type\":\"ListItem\",\"position\":3,\"name\":\"LE CREUSET Amour Po\u00eale basse en fonte en forme de c\u0153ur 20 cm Cerise\"}]},{\"@type\":\"WebSite\",\"@id\":\"https:\/\/www.erresse-shop.it\/fr\/#website\",\"url\":\"https:\/\/www.erresse-shop.it\/fr\/\",\"name\":\"Erresse Shop\",\"description\":\"Articoli di qualit\u00e0 per la casa\",\"potentialAction\":[{\"@type\":\"SearchAction\",\"target\":{\"@type\":\"EntryPoint\",\"urlTemplate\":\"https:\/\/www.erresse-shop.it\/fr\/?s={search_term_string}\"},\"query-input\":\"required name=search_term_string\"}],\"inLanguage\":\"fr-FR\"}]}<\/script>\n<!-- \/ Yoast SEO Premium plugin. -->","yoast_head_json":{"title":"LE CREUSET Amour Cocotte C\u0153ur 20 cm Cerise","description":"D\u00e9couvrez LE CREUSET Amour Cocotte C\u0153ur 20 cm Cerise sur ErresseShop. Qualit\u00e9, prix r\u00e9duits et achat s\u00e9curis\u00e9 \u2013 commandez d\u00e8s maintenant en ligne !","robots":{"index":"index","follow":"follow","max-snippet":"max-snippet:-1","max-image-preview":"max-image-preview:large","max-video-preview":"max-video-preview:-1"},"canonical":"https:\/\/www.erresse-shop.it\/fr\/shop\/poeles-pots\/sauteuses-et-faitout\/le-creuset-amour-cocotte-coeur-20-cm-sea-salt-copia\/","og_locale":"fr_FR","og_type":"article","og_title":"LE CREUSET Amour Po\u00eale basse en fonte en forme de c\u0153ur 20 cm Cerise","og_description":"D\u00e9couvrez LE CREUSET Amour Cocotte C\u0153ur 20 cm Cerise sur ErresseShop. Qualit\u00e9, prix r\u00e9duits et achat s\u00e9curis\u00e9 \u2013 commandez d\u00e8s maintenant en ligne !","og_url":"https:\/\/www.erresse-shop.it\/fr\/shop\/poeles-pots\/sauteuses-et-faitout\/le-creuset-amour-cocotte-coeur-20-cm-sea-salt-copia\/","og_site_name":"Erresse Shop","article_modified_time":"2025-09-13T06:22:06+00:00","og_image":[{"width":1200,"height":1200,"url":"https:\/\/www.erresse-shop.it\/wp-content\/uploads\/2025\/03\/LE-CREUSET-Amour-Tegame-Basso-a-Cuore-in-Ghisa-20-cm-Ciliegia.jpg","type":"image\/jpeg"}],"twitter_card":"summary_large_image","schema":{"@context":"https:\/\/schema.org","@graph":[{"@type":"WebPage","@id":"https:\/\/www.erresse-shop.it\/fr\/shop\/poeles-pots\/sauteuses-et-faitout\/le-creuset-amour-cocotte-coeur-20-cm-sea-salt-copia\/","url":"https:\/\/www.erresse-shop.it\/fr\/shop\/poeles-pots\/sauteuses-et-faitout\/le-creuset-amour-cocotte-coeur-20-cm-sea-salt-copia\/","name":"LE CREUSET Amour Cocotte C\u0153ur 20 cm Cerise","isPartOf":{"@id":"https:\/\/www.erresse-shop.it\/fr\/#website"},"datePublished":"2025-03-18T10:42:06+00:00","dateModified":"2025-09-13T06:22:06+00:00","description":"D\u00e9couvrez LE CREUSET Amour Cocotte C\u0153ur 20 cm Cerise sur ErresseShop. Qualit\u00e9, prix r\u00e9duits et achat s\u00e9curis\u00e9 \u2013 commandez d\u00e8s maintenant en ligne !","breadcrumb":{"@id":"https:\/\/www.erresse-shop.it\/fr\/shop\/poeles-pots\/sauteuses-et-faitout\/le-creuset-amour-cocotte-coeur-20-cm-sea-salt-copia\/#breadcrumb"},"inLanguage":"fr-FR","potentialAction":[{"@type":"ReadAction","target":["https:\/\/www.erresse-shop.it\/fr\/shop\/poeles-pots\/sauteuses-et-faitout\/le-creuset-amour-cocotte-coeur-20-cm-sea-salt-copia\/"]}]},{"@type":"BreadcrumbList","@id":"https:\/\/www.erresse-shop.it\/fr\/shop\/poeles-pots\/sauteuses-et-faitout\/le-creuset-amour-cocotte-coeur-20-cm-sea-salt-copia\/#breadcrumb","itemListElement":[{"@type":"ListItem","position":1,"name":"Home","item":"https:\/\/www.erresse-shop.it\/fr\/"},{"@type":"ListItem","position":2,"name":"Shop","item":"https:\/\/www.erresse-shop.it\/fr\/shop\/"},{"@type":"ListItem","position":3,"name":"LE CREUSET Amour Po\u00eale basse en fonte en forme de c\u0153ur 20 cm Cerise"}]},{"@type":"WebSite","@id":"https:\/\/www.erresse-shop.it\/fr\/#website","url":"https:\/\/www.erresse-shop.it\/fr\/","name":"Erresse Shop","description":"Articoli di qualit\u00e0 per la casa","potentialAction":[{"@type":"SearchAction","target":{"@type":"EntryPoint","urlTemplate":"https:\/\/www.erresse-shop.it\/fr\/?s={search_term_string}"},"query-input":"required name=search_term_string"}],"inLanguage":"fr-FR"}]}},"df_price":146.95,"df_sale_price":146.95,"df_regular_price":215,"df_image_link":"https:\/\/www.erresse-shop.it\/wp-content\/uploads\/2025\/03\/LE-CREUSET-Amour-Tegame-Basso-a-Cuore-in-Ghisa-20-cm-Ciliegia-300x300.jpg","_links":{"self":[{"href":"https:\/\/www.erresse-shop.it\/fr\/wp-json\/wp\/v2\/product\/479691"}],"collection":[{"href":"https:\/\/www.erresse-shop.it\/fr\/wp-json\/wp\/v2\/product"}],"about":[{"href":"https:\/\/www.erresse-shop.it\/fr\/wp-json\/wp\/v2\/types\/product"}],"wp:featuredmedia":[{"embeddable":true,"href":"https:\/\/www.erresse-shop.it\/fr\/wp-json\/wp\/v2\/media\/479722"}],"wp:attachment":[{"href":"https:\/\/www.erresse-shop.it\/fr\/wp-json\/wp\/v2\/media?parent=479691"}],"wp:term":[{"taxonomy":"product_cat","embeddable":true,"href":"https:\/\/www.erresse-shop.it\/fr\/wp-json\/wp\/v2\/product_cat?post=479691"},{"taxonomy":"product_tag","embeddable":true,"href":"https:\/\/www.erresse-shop.it\/fr\/wp-json\/wp\/v2\/product_tag?post=479691"}],"curies":[{"name":"wp","href":"https:\/\/api.w.org\/{rel}","templated":true}]}}