{"id":479292,"date":"2025-03-18T07:03:22","date_gmt":"2025-03-18T07:03:25","guid":{"rendered":"https:\/\/www.erresse-shop.it\/?post_type=product&#038;p=479292"},"modified":"2025-03-18T07:21:02","modified_gmt":"2025-03-18T07:21:02","slug":"le-creuset-gril-bistro-en-fonte-emaillee-32-cm-cerise-copia","status":"publish","type":"product","link":"https:\/\/www.erresse-shop.it\/fr\/shop\/poeles-pots\/grils-a-steak\/le-creuset-gril-bistro-en-fonte-emaillee-32-cm-cerise-copia\/","title":{"rendered":"LE CREUSET Gril rond extra large en fonte 32 cm Cerise"},"content":{"rendered":"<p>Ce gril robuste vous permet de pr\u00e9server la saveur d\u00e9licieuse de vos viandes grill\u00e9es et de vos poissons r\u00f4tis, dans le confort de votre cuisine. Profitez de sa grande surface de cuisson et grillez de grandes quantit\u00e9s de steaks, c\u00f4telettes, saucisses, crevettes, poulet, poisson et l\u00e9gumes.<\/p>\n<ul>\n<li class=\"mb-3\">Polyvalence\u00a0: Ce produit convient au four, \u00e0 la cuisini\u00e8re et au four en mode gril.<\/li>\n<li class=\"mb-3\">Des plats savoureux\u00a0: La fonte \u00e9maill\u00e9e retient la chaleur pour une cuisson et un brunissement uniformes. Vos d\u00e9licieuses cr\u00e9ations resteront chaudes plus longtemps \u00e0 table.<\/li>\n<li class=\"mb-3\">Rayures de la grille\u00a0: Cr\u00e9ez des rayures authentiques pour des plats d&#8217;une beaut\u00e9 exceptionnelle.<\/li>\n<li class=\"mb-3\">Pas trop chaud\u00a0: Cuisez \u00e0 feu doux \u00e0 moyen constant pour entretenir votre produit en fonte \u00e9maill\u00e9e et obtenir des r\u00e9sultats d\u00e9licieux.<\/li>\n<li class=\"mb-3\">S&#8217;am\u00e9liore avec le temps\u00a0: L&#8217;int\u00e9rieur en \u00e9mail d\u00e9veloppe une patine naturelle qui agit presque comme une surface antiadh\u00e9sive. Sa finition emp\u00eache les aliments d&#8217;attacher, m\u00eame avec une petite quantit\u00e9 d&#8217;huile. Lavez le produit uniquement \u00e0 l&#8217;eau pour permettre \u00e0 la patine de se d\u00e9velopper.<\/li>\n<li class=\"mb-3\">Le meilleur de sa cat\u00e9gorie\u00a0: Nos produits sont fabriqu\u00e9s \u00e0 partir des meilleurs mat\u00e9riaux dans des usines du monde entier pour garantir la qualit\u00e9 que vous attendez de Le Creuset.<\/li>\n<\/ul>\n<p>Mat\u00e9riau\u00a0: Fonte vitrifi\u00e9e<br \/>\nFabriqu\u00e9 en\u00a0: France<br \/>\nGarantie\u00a0: \u00c0 vie<\/p>\n<p><strong>Source de chaleur\u00a0:<\/strong><\/p>\n<ul>\n<li>Four<\/li>\n<li>Four grill<\/li>\n<li>Plaque de cuisson \u00e9lectrique<\/li>\n<li>Vitroc\u00e9ramique<\/li>\n<li>Plaque de cuisson \u00e0 gaz<\/li>\n<li>Plaque de cuisson \u00e0 induction<\/li>\n<\/ul>\n<p><strong>Nettoyage et entretien\u00a0:<\/strong><\/p>\n<ul>\n<li>Attendez que le produit refroidisse avant de commencer le nettoyage.<\/li>\n<li>Essuyez tout r\u00e9sidu sur la base et les parois du produit. Si des aliments sont coinc\u00e9s, remplissez le produit d&#8217;eau chaude savonneuse et laissez-le tremper 15 \u00e0 20 minutes avant de le laver comme d&#8217;habitude.<\/li>\n<li>N&#8217;utilisez pas de nettoyants abrasifs, ni d&#8217;\u00e9ponges ou de brosses m\u00e9talliques, abrasives ou tr\u00e8s dures sur les surfaces.<\/li>\n<li>S\u00e9chez soigneusement apr\u00e8s le lavage et rangez-le dans un endroit sec.<\/li>\n<\/ul>\n","protected":false},"excerpt":{"rendered":"<p>Ce gril robuste vous permet de pr\u00e9server la saveur d\u00e9licieuse de vos viandes grill\u00e9es et de vos poissons r\u00f4tis, dans<\/p>\n","protected":false},"featured_media":479316,"template":"","meta":{"_acf_changed":false,"inline_featured_image":false},"product_cat":[12458,12775],"product_tag":[25086,25021,12994,12460,13192,12858,12461,13387,12462,14873,13276],"acf":[],"yoast_head":"<!-- This site is optimized with the Yoast SEO Premium plugin v18.6 (Yoast SEO v19.13) - https:\/\/yoast.com\/wordpress\/plugins\/seo\/ -->\n<title>LE CREUSET Gril Bistro en fonte \u00e9maill\u00e9e 32 cm Cerise<\/title>\n<meta name=\"description\" content=\"D\u00e9couvrez LE CREUSET Gril Bistro en fonte \u00e9maill\u00e9e 32 cm Cerise sur ErresseShop. Qualit\u00e9, prix r\u00e9duits et achat s\u00e9curis\u00e9 \u2013 commandez d\u00e8s maintenant en ligne !\" \/>\n<meta name=\"robots\" content=\"index, follow, max-snippet:-1, max-image-preview:large, max-video-preview:-1\" \/>\n<link rel=\"canonical\" href=\"https:\/\/www.erresse-shop.it\/fr\/shop\/poeles-pots\/grils-a-steak\/le-creuset-gril-bistro-en-fonte-emaillee-32-cm-cerise-copia\/\" \/>\n<meta property=\"og:locale\" content=\"fr_FR\" \/>\n<meta property=\"og:type\" content=\"article\" \/>\n<meta property=\"og:title\" content=\"LE CREUSET Gril rond extra large en fonte 32 cm Cerise\" \/>\n<meta property=\"og:description\" content=\"D\u00e9couvrez LE CREUSET Gril Bistro en fonte \u00e9maill\u00e9e 32 cm Cerise sur ErresseShop. Qualit\u00e9, prix r\u00e9duits et achat s\u00e9curis\u00e9 \u2013 commandez d\u00e8s maintenant en ligne !\" \/>\n<meta property=\"og:url\" content=\"https:\/\/www.erresse-shop.it\/fr\/shop\/poeles-pots\/grils-a-steak\/le-creuset-gril-bistro-en-fonte-emaillee-32-cm-cerise-copia\/\" \/>\n<meta property=\"og:site_name\" content=\"Erresse Shop\" \/>\n<meta property=\"article:modified_time\" content=\"2025-03-18T07:21:02+00:00\" \/>\n<meta property=\"og:image\" content=\"https:\/\/www.erresse-shop.it\/wp-content\/uploads\/2025\/03\/LE-CREUSET-Grill-Rotondo-Extralarge-in-Ghisa-32-cm-Ciliegia.jpg\" \/>\n\t<meta property=\"og:image:width\" content=\"1200\" \/>\n\t<meta property=\"og:image:height\" content=\"1200\" \/>\n\t<meta property=\"og:image:type\" content=\"image\/jpeg\" \/>\n<meta name=\"twitter:card\" content=\"summary_large_image\" \/>\n<script type=\"application\/ld+json\" class=\"yoast-schema-graph\">{\"@context\":\"https:\/\/schema.org\",\"@graph\":[{\"@type\":\"WebPage\",\"@id\":\"https:\/\/www.erresse-shop.it\/fr\/shop\/poeles-pots\/grils-a-steak\/le-creuset-gril-bistro-en-fonte-emaillee-32-cm-cerise-copia\/\",\"url\":\"https:\/\/www.erresse-shop.it\/fr\/shop\/poeles-pots\/grils-a-steak\/le-creuset-gril-bistro-en-fonte-emaillee-32-cm-cerise-copia\/\",\"name\":\"LE CREUSET Gril Bistro en fonte \u00e9maill\u00e9e 32 cm Cerise\",\"isPartOf\":{\"@id\":\"https:\/\/www.erresse-shop.it\/fr\/#website\"},\"datePublished\":\"2025-03-18T07:03:25+00:00\",\"dateModified\":\"2025-03-18T07:21:02+00:00\",\"description\":\"D\u00e9couvrez LE CREUSET Gril Bistro en fonte \u00e9maill\u00e9e 32 cm Cerise sur ErresseShop. Qualit\u00e9, prix r\u00e9duits et achat s\u00e9curis\u00e9 \u2013 commandez d\u00e8s maintenant en ligne !\",\"breadcrumb\":{\"@id\":\"https:\/\/www.erresse-shop.it\/fr\/shop\/poeles-pots\/grils-a-steak\/le-creuset-gril-bistro-en-fonte-emaillee-32-cm-cerise-copia\/#breadcrumb\"},\"inLanguage\":\"fr-FR\",\"potentialAction\":[{\"@type\":\"ReadAction\",\"target\":[\"https:\/\/www.erresse-shop.it\/fr\/shop\/poeles-pots\/grils-a-steak\/le-creuset-gril-bistro-en-fonte-emaillee-32-cm-cerise-copia\/\"]}]},{\"@type\":\"BreadcrumbList\",\"@id\":\"https:\/\/www.erresse-shop.it\/fr\/shop\/poeles-pots\/grils-a-steak\/le-creuset-gril-bistro-en-fonte-emaillee-32-cm-cerise-copia\/#breadcrumb\",\"itemListElement\":[{\"@type\":\"ListItem\",\"position\":1,\"name\":\"Home\",\"item\":\"https:\/\/www.erresse-shop.it\/fr\/\"},{\"@type\":\"ListItem\",\"position\":2,\"name\":\"Shop\",\"item\":\"https:\/\/www.erresse-shop.it\/fr\/shop\/\"},{\"@type\":\"ListItem\",\"position\":3,\"name\":\"LE CREUSET Gril rond extra large en fonte 32 cm Cerise\"}]},{\"@type\":\"WebSite\",\"@id\":\"https:\/\/www.erresse-shop.it\/fr\/#website\",\"url\":\"https:\/\/www.erresse-shop.it\/fr\/\",\"name\":\"Erresse Shop\",\"description\":\"Articoli di qualit\u00e0 per la casa\",\"potentialAction\":[{\"@type\":\"SearchAction\",\"target\":{\"@type\":\"EntryPoint\",\"urlTemplate\":\"https:\/\/www.erresse-shop.it\/fr\/?s={search_term_string}\"},\"query-input\":\"required name=search_term_string\"}],\"inLanguage\":\"fr-FR\"}]}<\/script>\n<!-- \/ Yoast SEO Premium plugin. -->","yoast_head_json":{"title":"LE CREUSET Gril Bistro en fonte \u00e9maill\u00e9e 32 cm Cerise","description":"D\u00e9couvrez LE CREUSET Gril Bistro en fonte \u00e9maill\u00e9e 32 cm Cerise sur ErresseShop. Qualit\u00e9, prix r\u00e9duits et achat s\u00e9curis\u00e9 \u2013 commandez d\u00e8s maintenant en ligne !","robots":{"index":"index","follow":"follow","max-snippet":"max-snippet:-1","max-image-preview":"max-image-preview:large","max-video-preview":"max-video-preview:-1"},"canonical":"https:\/\/www.erresse-shop.it\/fr\/shop\/poeles-pots\/grils-a-steak\/le-creuset-gril-bistro-en-fonte-emaillee-32-cm-cerise-copia\/","og_locale":"fr_FR","og_type":"article","og_title":"LE CREUSET Gril rond extra large en fonte 32 cm Cerise","og_description":"D\u00e9couvrez LE CREUSET Gril Bistro en fonte \u00e9maill\u00e9e 32 cm Cerise sur ErresseShop. Qualit\u00e9, prix r\u00e9duits et achat s\u00e9curis\u00e9 \u2013 commandez d\u00e8s maintenant en ligne !","og_url":"https:\/\/www.erresse-shop.it\/fr\/shop\/poeles-pots\/grils-a-steak\/le-creuset-gril-bistro-en-fonte-emaillee-32-cm-cerise-copia\/","og_site_name":"Erresse Shop","article_modified_time":"2025-03-18T07:21:02+00:00","og_image":[{"width":1200,"height":1200,"url":"https:\/\/www.erresse-shop.it\/wp-content\/uploads\/2025\/03\/LE-CREUSET-Grill-Rotondo-Extralarge-in-Ghisa-32-cm-Ciliegia.jpg","type":"image\/jpeg"}],"twitter_card":"summary_large_image","schema":{"@context":"https:\/\/schema.org","@graph":[{"@type":"WebPage","@id":"https:\/\/www.erresse-shop.it\/fr\/shop\/poeles-pots\/grils-a-steak\/le-creuset-gril-bistro-en-fonte-emaillee-32-cm-cerise-copia\/","url":"https:\/\/www.erresse-shop.it\/fr\/shop\/poeles-pots\/grils-a-steak\/le-creuset-gril-bistro-en-fonte-emaillee-32-cm-cerise-copia\/","name":"LE CREUSET Gril Bistro en fonte \u00e9maill\u00e9e 32 cm Cerise","isPartOf":{"@id":"https:\/\/www.erresse-shop.it\/fr\/#website"},"datePublished":"2025-03-18T07:03:25+00:00","dateModified":"2025-03-18T07:21:02+00:00","description":"D\u00e9couvrez LE CREUSET Gril Bistro en fonte \u00e9maill\u00e9e 32 cm Cerise sur ErresseShop. Qualit\u00e9, prix r\u00e9duits et achat s\u00e9curis\u00e9 \u2013 commandez d\u00e8s maintenant en ligne !","breadcrumb":{"@id":"https:\/\/www.erresse-shop.it\/fr\/shop\/poeles-pots\/grils-a-steak\/le-creuset-gril-bistro-en-fonte-emaillee-32-cm-cerise-copia\/#breadcrumb"},"inLanguage":"fr-FR","potentialAction":[{"@type":"ReadAction","target":["https:\/\/www.erresse-shop.it\/fr\/shop\/poeles-pots\/grils-a-steak\/le-creuset-gril-bistro-en-fonte-emaillee-32-cm-cerise-copia\/"]}]},{"@type":"BreadcrumbList","@id":"https:\/\/www.erresse-shop.it\/fr\/shop\/poeles-pots\/grils-a-steak\/le-creuset-gril-bistro-en-fonte-emaillee-32-cm-cerise-copia\/#breadcrumb","itemListElement":[{"@type":"ListItem","position":1,"name":"Home","item":"https:\/\/www.erresse-shop.it\/fr\/"},{"@type":"ListItem","position":2,"name":"Shop","item":"https:\/\/www.erresse-shop.it\/fr\/shop\/"},{"@type":"ListItem","position":3,"name":"LE CREUSET Gril rond extra large en fonte 32 cm Cerise"}]},{"@type":"WebSite","@id":"https:\/\/www.erresse-shop.it\/fr\/#website","url":"https:\/\/www.erresse-shop.it\/fr\/","name":"Erresse Shop","description":"Articoli di qualit\u00e0 per la casa","potentialAction":[{"@type":"SearchAction","target":{"@type":"EntryPoint","urlTemplate":"https:\/\/www.erresse-shop.it\/fr\/?s={search_term_string}"},"query-input":"required name=search_term_string"}],"inLanguage":"fr-FR"}]}},"df_price":85.05,"df_sale_price":85.05,"df_regular_price":189,"df_image_link":"https:\/\/www.erresse-shop.it\/wp-content\/uploads\/2025\/03\/LE-CREUSET-Grill-Rotondo-Extralarge-in-Ghisa-32-cm-Ciliegia-300x300.jpg","_links":{"self":[{"href":"https:\/\/www.erresse-shop.it\/fr\/wp-json\/wp\/v2\/product\/479292"}],"collection":[{"href":"https:\/\/www.erresse-shop.it\/fr\/wp-json\/wp\/v2\/product"}],"about":[{"href":"https:\/\/www.erresse-shop.it\/fr\/wp-json\/wp\/v2\/types\/product"}],"wp:featuredmedia":[{"embeddable":true,"href":"https:\/\/www.erresse-shop.it\/fr\/wp-json\/wp\/v2\/media\/479316"}],"wp:attachment":[{"href":"https:\/\/www.erresse-shop.it\/fr\/wp-json\/wp\/v2\/media?parent=479292"}],"wp:term":[{"taxonomy":"product_cat","embeddable":true,"href":"https:\/\/www.erresse-shop.it\/fr\/wp-json\/wp\/v2\/product_cat?post=479292"},{"taxonomy":"product_tag","embeddable":true,"href":"https:\/\/www.erresse-shop.it\/fr\/wp-json\/wp\/v2\/product_tag?post=479292"}],"curies":[{"name":"wp","href":"https:\/\/api.w.org\/{rel}","templated":true}]}}