{"id":479198,"date":"2025-03-17T14:45:13","date_gmt":"2025-03-17T14:45:16","guid":{"rendered":"https:\/\/www.erresse-shop.it\/?post_type=product&#038;p=479198"},"modified":"2026-02-23T08:36:57","modified_gmt":"2026-02-23T08:36:57","slug":"le-creuset-gril-carre-bbq-outdoor-en-fonte-26-cm-noir","status":"publish","type":"product","link":"https:\/\/www.erresse-shop.it\/fr\/shop\/poeles-pots\/grils-a-steak\/le-creuset-gril-carre-bbq-outdoor-en-fonte-26-cm-noir\/","title":{"rendered":"LE CREUSET Gril carr\u00e9 BBQ Outdoor en fonte 26 cm Noir"},"content":{"rendered":"<p>Allez au-del\u00e0 de la cuisine avec le barbecue Quadrato, id\u00e9al pour cuisiner en ext\u00e9rieur. Gr\u00e2ce \u00e0 ses zones de cuisson s\u00e9par\u00e9es, vous pouvez cuire diff\u00e9rents aliments simultan\u00e9ment. Sa structure nervur\u00e9e \u00e9vacue l&#8217;exc\u00e8s de graisse pour une cuisson plus saine, ce qui le rend id\u00e9al pour la pr\u00e9paration de viandes et de poissons.<\/p>\n<ul>\n<li class=\"mb-3\">Excellentes saveurs\u00a0: La fonte \u00e9maill\u00e9e retient la chaleur pour une cuisson et un brunissage uniformes. Vos d\u00e9licieuses cr\u00e9ations resteront chaudes plus longtemps, m\u00eame \u00e0 table.<\/li>\n<li class=\"mb-3\">S&#8217;am\u00e9liore avec le temps\u00a0: L&#8217;int\u00e9rieur \u00e9maill\u00e9 d\u00e9veloppe une patine naturelle. Sa finition emp\u00eache les aliments d&#8217;attacher, m\u00eame avec un l\u00e9ger assaisonnement. Laver le produit de pr\u00e9f\u00e9rence \u00e0 l&#8217;eau uniquement.<\/li>\n<li class=\"mb-3\">Le meilleur de sa cat\u00e9gorie\u00a0: nos produits sont fabriqu\u00e9s \u00e0 partir des meilleurs mat\u00e9riaux, dans des usines du monde entier, pour garantir la qualit\u00e9 que vous attendez de Le Creuset.<\/li>\n<\/ul>\n<p>Mat\u00e9riau\u00a0: fonte \u00e9maill\u00e9e<br \/>\nFabriqu\u00e9 en\u00a0: France<br \/>\nGarantie\u00a0: \u00e0 vie<\/p>\n<p><strong>Source de chaleur\u00a0:<\/strong><\/p>\n<div class=\"text-center icons-align col-md-4 col-xl-2 pb-3 col-6 col-sm-2 heatsource-item\">\n<ul>\n<li>Four<\/li>\n<li>Barbecue<\/li>\n<li>Four \u00e0 bois<\/li>\n<li>Four \u00e0 pizza<\/li>\n<\/ul>\n<\/div>\n<p><strong>Nettoyage et entretien\u00a0:<\/strong><\/p>\n<ul>\n<li class=\"mb-3\">Attendre que le produit ait compl\u00e8tement refroidi avant de commencer le nettoyage.<\/li>\n<li class=\"mb-3\">Enlever tout r\u00e9sidu du fond et des bords du produit. Pour les r\u00e9sidus alimentaires tenaces, remplissez le produit d&#8217;eau chaude savonneuse et laissez-le tremper 15 \u00e0 20 minutes avant de le laver.<\/li>\n<li class=\"mb-3\">N&#8217;utilisez pas de d\u00e9tergents agressifs, d&#8217;\u00e9ponges abrasives et\/ou m\u00e9talliques, ni de brosses tr\u00e8s dures et rigides pour nettoyer les surfaces.<\/li>\n<li class=\"mb-3\">Apr\u00e8s le lavage, s\u00e9chez soigneusement le produit et rangez-le dans un endroit sec.<\/li>\n<\/ul>\n","protected":false},"excerpt":{"rendered":"<p>Allez au-del\u00e0 de la cuisine avec le barbecue Quadrato, id\u00e9al pour cuisiner en ext\u00e9rieur. Gr\u00e2ce \u00e0 ses zones de cuisson<\/p>\n","protected":false},"featured_media":479227,"template":"","meta":{"_acf_changed":false,"inline_featured_image":false},"product_cat":[12458,12775],"product_tag":[25086,25021,12994,12460,13269,12858,13192,12461],"acf":[],"yoast_head":"<!-- This site is optimized with the Yoast SEO Premium plugin v18.6 (Yoast SEO v19.13) - https:\/\/yoast.com\/wordpress\/plugins\/seo\/ -->\n<title>LE CREUSET Gril carr\u00e9 BBQ Outdoor en fonte 26 cm Noir - Erresse Shop<\/title>\n<meta name=\"description\" content=\"Allez au-del\u00e0 de la cuisine avec le barbecue Quadrato, id\u00e9al pour cuisiner en ext\u00e9rieur. Gr\u00e2ce \u00e0 ses zones de cuisson s\u00e9par\u00e9es, vous pouvez cuire\" \/>\n<meta name=\"robots\" content=\"index, follow, max-snippet:-1, max-image-preview:large, max-video-preview:-1\" \/>\n<link rel=\"canonical\" href=\"https:\/\/www.erresse-shop.it\/fr\/shop\/poeles-pots\/grils-a-steak\/le-creuset-gril-carre-bbq-outdoor-en-fonte-26-cm-noir\/\" \/>\n<meta property=\"og:locale\" content=\"fr_FR\" \/>\n<meta property=\"og:type\" content=\"article\" \/>\n<meta property=\"og:title\" content=\"LE CREUSET Gril carr\u00e9 BBQ Outdoor en fonte 26 cm Noir\" \/>\n<meta property=\"og:description\" content=\"Allez au-del\u00e0 de la cuisine avec le barbecue Quadrato, id\u00e9al pour cuisiner en ext\u00e9rieur. Gr\u00e2ce \u00e0 ses zones de cuisson s\u00e9par\u00e9es, vous pouvez cuire\" \/>\n<meta property=\"og:url\" content=\"https:\/\/www.erresse-shop.it\/fr\/shop\/poeles-pots\/grils-a-steak\/le-creuset-gril-carre-bbq-outdoor-en-fonte-26-cm-noir\/\" \/>\n<meta property=\"og:site_name\" content=\"Erresse Shop\" \/>\n<meta property=\"article:modified_time\" content=\"2026-02-23T08:36:57+00:00\" \/>\n<meta property=\"og:image\" content=\"https:\/\/www.erresse-shop.it\/wp-content\/uploads\/2025\/03\/LE-CREUSET-Grill-Quadrato-BBQ-Outdoor-in-Ghisa-26-cm-Nero.jpg\" \/>\n\t<meta property=\"og:image:width\" content=\"1200\" \/>\n\t<meta property=\"og:image:height\" content=\"1200\" \/>\n\t<meta property=\"og:image:type\" content=\"image\/jpeg\" \/>\n<meta name=\"twitter:card\" content=\"summary_large_image\" \/>\n<script type=\"application\/ld+json\" class=\"yoast-schema-graph\">{\"@context\":\"https:\/\/schema.org\",\"@graph\":[{\"@type\":\"WebPage\",\"@id\":\"https:\/\/www.erresse-shop.it\/fr\/shop\/poeles-pots\/grils-a-steak\/le-creuset-gril-carre-bbq-outdoor-en-fonte-26-cm-noir\/\",\"url\":\"https:\/\/www.erresse-shop.it\/fr\/shop\/poeles-pots\/grils-a-steak\/le-creuset-gril-carre-bbq-outdoor-en-fonte-26-cm-noir\/\",\"name\":\"LE CREUSET Gril carr\u00e9 BBQ Outdoor en fonte 26 cm Noir - Erresse Shop\",\"isPartOf\":{\"@id\":\"https:\/\/www.erresse-shop.it\/fr\/#website\"},\"datePublished\":\"2025-03-17T14:45:16+00:00\",\"dateModified\":\"2026-02-23T08:36:57+00:00\",\"description\":\"Allez au-del\u00e0 de la cuisine avec le barbecue Quadrato, id\u00e9al pour cuisiner en ext\u00e9rieur. Gr\u00e2ce \u00e0 ses zones de cuisson s\u00e9par\u00e9es, vous pouvez cuire\",\"breadcrumb\":{\"@id\":\"https:\/\/www.erresse-shop.it\/fr\/shop\/poeles-pots\/grils-a-steak\/le-creuset-gril-carre-bbq-outdoor-en-fonte-26-cm-noir\/#breadcrumb\"},\"inLanguage\":\"fr-FR\",\"potentialAction\":[{\"@type\":\"ReadAction\",\"target\":[\"https:\/\/www.erresse-shop.it\/fr\/shop\/poeles-pots\/grils-a-steak\/le-creuset-gril-carre-bbq-outdoor-en-fonte-26-cm-noir\/\"]}]},{\"@type\":\"BreadcrumbList\",\"@id\":\"https:\/\/www.erresse-shop.it\/fr\/shop\/poeles-pots\/grils-a-steak\/le-creuset-gril-carre-bbq-outdoor-en-fonte-26-cm-noir\/#breadcrumb\",\"itemListElement\":[{\"@type\":\"ListItem\",\"position\":1,\"name\":\"Home\",\"item\":\"https:\/\/www.erresse-shop.it\/fr\/\"},{\"@type\":\"ListItem\",\"position\":2,\"name\":\"Shop\",\"item\":\"https:\/\/www.erresse-shop.it\/fr\/shop\/\"},{\"@type\":\"ListItem\",\"position\":3,\"name\":\"LE CREUSET Gril carr\u00e9 BBQ Outdoor en fonte 26 cm Noir\"}]},{\"@type\":\"WebSite\",\"@id\":\"https:\/\/www.erresse-shop.it\/fr\/#website\",\"url\":\"https:\/\/www.erresse-shop.it\/fr\/\",\"name\":\"Erresse Shop\",\"description\":\"Articoli di qualit\u00e0 per la casa\",\"potentialAction\":[{\"@type\":\"SearchAction\",\"target\":{\"@type\":\"EntryPoint\",\"urlTemplate\":\"https:\/\/www.erresse-shop.it\/fr\/?s={search_term_string}\"},\"query-input\":\"required name=search_term_string\"}],\"inLanguage\":\"fr-FR\"}]}<\/script>\n<!-- \/ Yoast SEO Premium plugin. -->","yoast_head_json":{"title":"LE CREUSET Gril carr\u00e9 BBQ Outdoor en fonte 26 cm Noir - Erresse Shop","description":"Allez au-del\u00e0 de la cuisine avec le barbecue Quadrato, id\u00e9al pour cuisiner en ext\u00e9rieur. Gr\u00e2ce \u00e0 ses zones de cuisson s\u00e9par\u00e9es, vous pouvez cuire","robots":{"index":"index","follow":"follow","max-snippet":"max-snippet:-1","max-image-preview":"max-image-preview:large","max-video-preview":"max-video-preview:-1"},"canonical":"https:\/\/www.erresse-shop.it\/fr\/shop\/poeles-pots\/grils-a-steak\/le-creuset-gril-carre-bbq-outdoor-en-fonte-26-cm-noir\/","og_locale":"fr_FR","og_type":"article","og_title":"LE CREUSET Gril carr\u00e9 BBQ Outdoor en fonte 26 cm Noir","og_description":"Allez au-del\u00e0 de la cuisine avec le barbecue Quadrato, id\u00e9al pour cuisiner en ext\u00e9rieur. Gr\u00e2ce \u00e0 ses zones de cuisson s\u00e9par\u00e9es, vous pouvez cuire","og_url":"https:\/\/www.erresse-shop.it\/fr\/shop\/poeles-pots\/grils-a-steak\/le-creuset-gril-carre-bbq-outdoor-en-fonte-26-cm-noir\/","og_site_name":"Erresse Shop","article_modified_time":"2026-02-23T08:36:57+00:00","og_image":[{"width":1200,"height":1200,"url":"https:\/\/www.erresse-shop.it\/wp-content\/uploads\/2025\/03\/LE-CREUSET-Grill-Quadrato-BBQ-Outdoor-in-Ghisa-26-cm-Nero.jpg","type":"image\/jpeg"}],"twitter_card":"summary_large_image","schema":{"@context":"https:\/\/schema.org","@graph":[{"@type":"WebPage","@id":"https:\/\/www.erresse-shop.it\/fr\/shop\/poeles-pots\/grils-a-steak\/le-creuset-gril-carre-bbq-outdoor-en-fonte-26-cm-noir\/","url":"https:\/\/www.erresse-shop.it\/fr\/shop\/poeles-pots\/grils-a-steak\/le-creuset-gril-carre-bbq-outdoor-en-fonte-26-cm-noir\/","name":"LE CREUSET Gril carr\u00e9 BBQ Outdoor en fonte 26 cm Noir - Erresse Shop","isPartOf":{"@id":"https:\/\/www.erresse-shop.it\/fr\/#website"},"datePublished":"2025-03-17T14:45:16+00:00","dateModified":"2026-02-23T08:36:57+00:00","description":"Allez au-del\u00e0 de la cuisine avec le barbecue Quadrato, id\u00e9al pour cuisiner en ext\u00e9rieur. Gr\u00e2ce \u00e0 ses zones de cuisson s\u00e9par\u00e9es, vous pouvez cuire","breadcrumb":{"@id":"https:\/\/www.erresse-shop.it\/fr\/shop\/poeles-pots\/grils-a-steak\/le-creuset-gril-carre-bbq-outdoor-en-fonte-26-cm-noir\/#breadcrumb"},"inLanguage":"fr-FR","potentialAction":[{"@type":"ReadAction","target":["https:\/\/www.erresse-shop.it\/fr\/shop\/poeles-pots\/grils-a-steak\/le-creuset-gril-carre-bbq-outdoor-en-fonte-26-cm-noir\/"]}]},{"@type":"BreadcrumbList","@id":"https:\/\/www.erresse-shop.it\/fr\/shop\/poeles-pots\/grils-a-steak\/le-creuset-gril-carre-bbq-outdoor-en-fonte-26-cm-noir\/#breadcrumb","itemListElement":[{"@type":"ListItem","position":1,"name":"Home","item":"https:\/\/www.erresse-shop.it\/fr\/"},{"@type":"ListItem","position":2,"name":"Shop","item":"https:\/\/www.erresse-shop.it\/fr\/shop\/"},{"@type":"ListItem","position":3,"name":"LE CREUSET Gril carr\u00e9 BBQ Outdoor en fonte 26 cm Noir"}]},{"@type":"WebSite","@id":"https:\/\/www.erresse-shop.it\/fr\/#website","url":"https:\/\/www.erresse-shop.it\/fr\/","name":"Erresse Shop","description":"Articoli di qualit\u00e0 per la casa","potentialAction":[{"@type":"SearchAction","target":{"@type":"EntryPoint","urlTemplate":"https:\/\/www.erresse-shop.it\/fr\/?s={search_term_string}"},"query-input":"required name=search_term_string"}],"inLanguage":"fr-FR"}]}},"df_price":114,"df_sale_price":114,"df_regular_price":179,"df_image_link":"https:\/\/www.erresse-shop.it\/wp-content\/uploads\/2025\/03\/LE-CREUSET-Grill-Quadrato-BBQ-Outdoor-in-Ghisa-26-cm-Nero-300x300.jpg","_links":{"self":[{"href":"https:\/\/www.erresse-shop.it\/fr\/wp-json\/wp\/v2\/product\/479198"}],"collection":[{"href":"https:\/\/www.erresse-shop.it\/fr\/wp-json\/wp\/v2\/product"}],"about":[{"href":"https:\/\/www.erresse-shop.it\/fr\/wp-json\/wp\/v2\/types\/product"}],"wp:featuredmedia":[{"embeddable":true,"href":"https:\/\/www.erresse-shop.it\/fr\/wp-json\/wp\/v2\/media\/479227"}],"wp:attachment":[{"href":"https:\/\/www.erresse-shop.it\/fr\/wp-json\/wp\/v2\/media?parent=479198"}],"wp:term":[{"taxonomy":"product_cat","embeddable":true,"href":"https:\/\/www.erresse-shop.it\/fr\/wp-json\/wp\/v2\/product_cat?post=479198"},{"taxonomy":"product_tag","embeddable":true,"href":"https:\/\/www.erresse-shop.it\/fr\/wp-json\/wp\/v2\/product_tag?post=479198"}],"curies":[{"name":"wp","href":"https:\/\/api.w.org\/{rel}","templated":true}]}}