{"id":478949,"date":"2025-03-17T11:46:51","date_gmt":"2025-03-17T11:46:53","guid":{"rendered":"https:\/\/www.erresse-shop.it\/?post_type=product&#038;p=478949"},"modified":"2026-02-23T08:39:09","modified_gmt":"2026-02-23T08:39:09","slug":"le-creuset-cocotte-haute-evolution-en-fonte-emaillee-24-cm-flint","status":"publish","type":"product","link":"https:\/\/www.erresse-shop.it\/fr\/shop\/poeles-pots\/marmites-et-cocottes-poeles-pots\/le-creuset-cocotte-haute-evolution-en-fonte-emaillee-24-cm-flint\/","title":{"rendered":"LE CREUSET Cocotte Haute Evolution en Fonte \u00e9maill\u00e9e 24 cm Flint"},"content":{"rendered":"<p>Gr\u00e2ce \u00e0 ses parois hautes, cette cocotte en fonte \u00e9maill\u00e9e vous permet de cuisiner de grandes portions. Utilisez-la pour pr\u00e9parer des soupes, des rago\u00fbts et bien plus encore, surtout lorsque vous cuisinez pour plusieurs personnes. Gr\u00e2ce \u00e0 cette grande cocotte, vous pouvez servir 8 \u00e0 10 portions. Apportez-la \u00e0 table et invitez chacun \u00e0 se servir directement.<\/p>\n<p style=\"text-align: justify;\"><strong>D\u00e9tails du produit\u00a0:<\/strong><\/p>\n<ul>\n<li class=\"mb-3\">Notre bouton r\u00e9sistant \u00e0 la chaleur (jusqu&#8217;\u00e0 260 \u00b0C) est con\u00e7u pour offrir une excellente prise en main, m\u00eame avec une manique.<\/li>\n<li class=\"mb-3\">Nettoyage rapide\u00a0: Une fine couche int\u00e9rieure \u00e9maill\u00e9e facilite le nettoyage.<\/li>\n<li class=\"mb-3\">Poign\u00e9es de r\u00eave\u00a0: Nos grandes poign\u00e9es facilitent le passage de la plaque de cuisson \u00e0 la table, m\u00eame avec des gants de cuisine.<\/li>\n<li class=\"mb-3\">Polyvalence\u00a0: Ce produit convient au four, \u00e0 la cuisini\u00e8re et au gril.<\/li>\n<li class=\"mb-3\">Des plats savoureux\u00a0: La fonte \u00e9maill\u00e9e retient la chaleur pour une cuisson et un brunissement uniformes. Vos d\u00e9licieuses cr\u00e9ations resteront chaudes plus longtemps \u00e0 table.<\/li>\n<li class=\"mb-3\">Pr\u00e9serve la jutosit\u00e9\u00a0: Notre couvercle retient la vapeur g\u00e9n\u00e9r\u00e9e par la cuisson des aliments et sublime les saveurs, pour des r\u00e9sultats de cuisson exceptionnels.<\/li>\n<li class=\"mb-3\">Prise en main facile\u00a0: Les poign\u00e9es \u00e9l\u00e9gantes et confortables vous permettent de soulever votre produit en toute s\u00e9curit\u00e9.<\/li>\n<li class=\"mb-3\">Pas trop chaud\u00a0: Cuisez \u00e0 feu doux \u00e0 moyen constant pour pr\u00e9server votre produit en fonte et obtenir des r\u00e9sultats d\u00e9licieux.<\/li>\n<li class=\"mb-3\">Le meilleur de sa cat\u00e9gorie\u00a0: Nos produits sont fabriqu\u00e9s \u00e0 partir des meilleurs mat\u00e9riaux dans des usines du monde entier, garantissant ainsi la qualit\u00e9 que vous attendez de Le\u00a0Creuset.<\/li>\n<\/ul>\n<p>Mat\u00e9riau\u00a0: Fonte<br \/>\nFabriqu\u00e9 en\u00a0: France<br \/>\nGarantie\u00a0: \u00c0 vie<\/p>\n<p>Capacit\u00e9\u00a0: 5\u00a0L<\/p>\n<p><strong>Source de chaleur\u00a0:<\/strong><\/p>\n<ul>\n<li>Four<\/li>\n<li>Four en mode gril<\/li>\n<li>\u00c9lectrique Plaque de cuisson<\/li>\n<li>Vitroc\u00e9ramique<\/li>\n<li>Plaque de cuisson \u00e0 gaz<\/li>\n<li>Plaque de cuisson \u00e0 induction<\/li>\n<\/ul>\n<p><strong>Nettoyage et entretien\u00a0:<\/strong><\/p>\n<ul>\n<li>Attendez que le produit refroidisse avant de commencer le nettoyage.<\/li>\n<li>Nettoyez les r\u00e9sidus alimentaires sur la base et les parois du produit. En cas de r\u00e9sidus alimentaires, remplissez le produit d&#8217;eau chaude savonneuse et laissez-le tremper 15 \u00e0 20 minutes avant de le laver comme d&#8217;habitude.<\/li>\n<li>N&#8217;utilisez pas de nettoyants abrasifs, ni d&#8217;\u00e9ponges ou de brosses m\u00e9talliques, abrasives ou tr\u00e8s dures sur les surfaces.<\/li>\n<li>S\u00e9chez soigneusement apr\u00e8s le lavage et rangez-le dans un endroit sec.<\/li>\n<\/ul>\n","protected":false},"excerpt":{"rendered":"<p>Gr\u00e2ce \u00e0 ses parois hautes, cette cocotte en fonte \u00e9maill\u00e9e vous permet de cuisiner de grandes portions. Utilisez-la pour pr\u00e9parer<\/p>\n","protected":false},"featured_media":478979,"template":"","meta":{"_acf_changed":false,"inline_featured_image":false},"product_cat":[12458,14792],"product_tag":[21529,14826,12994,12460,12461,12465,12466,12462,12468,12469,24391],"acf":[],"yoast_head":"<!-- This site is optimized with the Yoast SEO Premium plugin v18.6 (Yoast SEO v19.13) - https:\/\/yoast.com\/wordpress\/plugins\/seo\/ -->\n<title>LE CREUSET Cocotte Haute Evolution en Fonte \u00e9maill\u00e9e 24 cm Flint - Erresse Shop<\/title>\n<meta name=\"description\" content=\"Gr\u00e2ce \u00e0 ses parois hautes, cette cocotte en fonte \u00e9maill\u00e9e vous permet de cuisiner de grandes portions. Utilisez-la pour pr\u00e9parer des soupes, des rago\u00fbts\" \/>\n<meta name=\"robots\" content=\"index, follow, max-snippet:-1, max-image-preview:large, max-video-preview:-1\" \/>\n<link rel=\"canonical\" href=\"https:\/\/www.erresse-shop.it\/fr\/shop\/poeles-pots\/marmites-et-cocottes-poeles-pots\/le-creuset-cocotte-haute-evolution-en-fonte-emaillee-24-cm-flint\/\" \/>\n<meta property=\"og:locale\" content=\"fr_FR\" \/>\n<meta property=\"og:type\" content=\"article\" \/>\n<meta property=\"og:title\" content=\"LE CREUSET Cocotte Haute Evolution en Fonte \u00e9maill\u00e9e 24 cm Flint\" \/>\n<meta property=\"og:description\" content=\"Gr\u00e2ce \u00e0 ses parois hautes, cette cocotte en fonte \u00e9maill\u00e9e vous permet de cuisiner de grandes portions. Utilisez-la pour pr\u00e9parer des soupes, des rago\u00fbts\" \/>\n<meta property=\"og:url\" content=\"https:\/\/www.erresse-shop.it\/fr\/shop\/poeles-pots\/marmites-et-cocottes-poeles-pots\/le-creuset-cocotte-haute-evolution-en-fonte-emaillee-24-cm-flint\/\" \/>\n<meta property=\"og:site_name\" content=\"Erresse Shop\" \/>\n<meta property=\"article:modified_time\" content=\"2026-02-23T08:39:09+00:00\" \/>\n<meta property=\"og:image\" content=\"https:\/\/www.erresse-shop.it\/wp-content\/uploads\/2025\/03\/LE-CREUSET-Cocotte-Profonda-Evolution-in-Ghisa-24-cm-Flint.jpg\" \/>\n\t<meta property=\"og:image:width\" content=\"1200\" \/>\n\t<meta property=\"og:image:height\" content=\"1200\" \/>\n\t<meta property=\"og:image:type\" content=\"image\/jpeg\" \/>\n<meta name=\"twitter:card\" content=\"summary_large_image\" \/>\n<script type=\"application\/ld+json\" class=\"yoast-schema-graph\">{\"@context\":\"https:\/\/schema.org\",\"@graph\":[{\"@type\":\"WebPage\",\"@id\":\"https:\/\/www.erresse-shop.it\/fr\/shop\/poeles-pots\/marmites-et-cocottes-poeles-pots\/le-creuset-cocotte-haute-evolution-en-fonte-emaillee-24-cm-flint\/\",\"url\":\"https:\/\/www.erresse-shop.it\/fr\/shop\/poeles-pots\/marmites-et-cocottes-poeles-pots\/le-creuset-cocotte-haute-evolution-en-fonte-emaillee-24-cm-flint\/\",\"name\":\"LE CREUSET Cocotte Haute Evolution en Fonte \u00e9maill\u00e9e 24 cm Flint - Erresse Shop\",\"isPartOf\":{\"@id\":\"https:\/\/www.erresse-shop.it\/fr\/#website\"},\"datePublished\":\"2025-03-17T11:46:53+00:00\",\"dateModified\":\"2026-02-23T08:39:09+00:00\",\"description\":\"Gr\u00e2ce \u00e0 ses parois hautes, cette cocotte en fonte \u00e9maill\u00e9e vous permet de cuisiner de grandes portions. Utilisez-la pour pr\u00e9parer des soupes, des rago\u00fbts\",\"breadcrumb\":{\"@id\":\"https:\/\/www.erresse-shop.it\/fr\/shop\/poeles-pots\/marmites-et-cocottes-poeles-pots\/le-creuset-cocotte-haute-evolution-en-fonte-emaillee-24-cm-flint\/#breadcrumb\"},\"inLanguage\":\"fr-FR\",\"potentialAction\":[{\"@type\":\"ReadAction\",\"target\":[\"https:\/\/www.erresse-shop.it\/fr\/shop\/poeles-pots\/marmites-et-cocottes-poeles-pots\/le-creuset-cocotte-haute-evolution-en-fonte-emaillee-24-cm-flint\/\"]}]},{\"@type\":\"BreadcrumbList\",\"@id\":\"https:\/\/www.erresse-shop.it\/fr\/shop\/poeles-pots\/marmites-et-cocottes-poeles-pots\/le-creuset-cocotte-haute-evolution-en-fonte-emaillee-24-cm-flint\/#breadcrumb\",\"itemListElement\":[{\"@type\":\"ListItem\",\"position\":1,\"name\":\"Home\",\"item\":\"https:\/\/www.erresse-shop.it\/fr\/\"},{\"@type\":\"ListItem\",\"position\":2,\"name\":\"Shop\",\"item\":\"https:\/\/www.erresse-shop.it\/fr\/shop\/\"},{\"@type\":\"ListItem\",\"position\":3,\"name\":\"LE CREUSET Cocotte Haute Evolution en Fonte \u00e9maill\u00e9e 24 cm Flint\"}]},{\"@type\":\"WebSite\",\"@id\":\"https:\/\/www.erresse-shop.it\/fr\/#website\",\"url\":\"https:\/\/www.erresse-shop.it\/fr\/\",\"name\":\"Erresse Shop\",\"description\":\"Articoli di qualit\u00e0 per la casa\",\"potentialAction\":[{\"@type\":\"SearchAction\",\"target\":{\"@type\":\"EntryPoint\",\"urlTemplate\":\"https:\/\/www.erresse-shop.it\/fr\/?s={search_term_string}\"},\"query-input\":\"required name=search_term_string\"}],\"inLanguage\":\"fr-FR\"}]}<\/script>\n<!-- \/ Yoast SEO Premium plugin. -->","yoast_head_json":{"title":"LE CREUSET Cocotte Haute Evolution en Fonte \u00e9maill\u00e9e 24 cm Flint - Erresse Shop","description":"Gr\u00e2ce \u00e0 ses parois hautes, cette cocotte en fonte \u00e9maill\u00e9e vous permet de cuisiner de grandes portions. Utilisez-la pour pr\u00e9parer des soupes, des rago\u00fbts","robots":{"index":"index","follow":"follow","max-snippet":"max-snippet:-1","max-image-preview":"max-image-preview:large","max-video-preview":"max-video-preview:-1"},"canonical":"https:\/\/www.erresse-shop.it\/fr\/shop\/poeles-pots\/marmites-et-cocottes-poeles-pots\/le-creuset-cocotte-haute-evolution-en-fonte-emaillee-24-cm-flint\/","og_locale":"fr_FR","og_type":"article","og_title":"LE CREUSET Cocotte Haute Evolution en Fonte \u00e9maill\u00e9e 24 cm Flint","og_description":"Gr\u00e2ce \u00e0 ses parois hautes, cette cocotte en fonte \u00e9maill\u00e9e vous permet de cuisiner de grandes portions. Utilisez-la pour pr\u00e9parer des soupes, des rago\u00fbts","og_url":"https:\/\/www.erresse-shop.it\/fr\/shop\/poeles-pots\/marmites-et-cocottes-poeles-pots\/le-creuset-cocotte-haute-evolution-en-fonte-emaillee-24-cm-flint\/","og_site_name":"Erresse Shop","article_modified_time":"2026-02-23T08:39:09+00:00","og_image":[{"width":1200,"height":1200,"url":"https:\/\/www.erresse-shop.it\/wp-content\/uploads\/2025\/03\/LE-CREUSET-Cocotte-Profonda-Evolution-in-Ghisa-24-cm-Flint.jpg","type":"image\/jpeg"}],"twitter_card":"summary_large_image","schema":{"@context":"https:\/\/schema.org","@graph":[{"@type":"WebPage","@id":"https:\/\/www.erresse-shop.it\/fr\/shop\/poeles-pots\/marmites-et-cocottes-poeles-pots\/le-creuset-cocotte-haute-evolution-en-fonte-emaillee-24-cm-flint\/","url":"https:\/\/www.erresse-shop.it\/fr\/shop\/poeles-pots\/marmites-et-cocottes-poeles-pots\/le-creuset-cocotte-haute-evolution-en-fonte-emaillee-24-cm-flint\/","name":"LE CREUSET Cocotte Haute Evolution en Fonte \u00e9maill\u00e9e 24 cm Flint - Erresse Shop","isPartOf":{"@id":"https:\/\/www.erresse-shop.it\/fr\/#website"},"datePublished":"2025-03-17T11:46:53+00:00","dateModified":"2026-02-23T08:39:09+00:00","description":"Gr\u00e2ce \u00e0 ses parois hautes, cette cocotte en fonte \u00e9maill\u00e9e vous permet de cuisiner de grandes portions. Utilisez-la pour pr\u00e9parer des soupes, des rago\u00fbts","breadcrumb":{"@id":"https:\/\/www.erresse-shop.it\/fr\/shop\/poeles-pots\/marmites-et-cocottes-poeles-pots\/le-creuset-cocotte-haute-evolution-en-fonte-emaillee-24-cm-flint\/#breadcrumb"},"inLanguage":"fr-FR","potentialAction":[{"@type":"ReadAction","target":["https:\/\/www.erresse-shop.it\/fr\/shop\/poeles-pots\/marmites-et-cocottes-poeles-pots\/le-creuset-cocotte-haute-evolution-en-fonte-emaillee-24-cm-flint\/"]}]},{"@type":"BreadcrumbList","@id":"https:\/\/www.erresse-shop.it\/fr\/shop\/poeles-pots\/marmites-et-cocottes-poeles-pots\/le-creuset-cocotte-haute-evolution-en-fonte-emaillee-24-cm-flint\/#breadcrumb","itemListElement":[{"@type":"ListItem","position":1,"name":"Home","item":"https:\/\/www.erresse-shop.it\/fr\/"},{"@type":"ListItem","position":2,"name":"Shop","item":"https:\/\/www.erresse-shop.it\/fr\/shop\/"},{"@type":"ListItem","position":3,"name":"LE CREUSET Cocotte Haute Evolution en Fonte \u00e9maill\u00e9e 24 cm Flint"}]},{"@type":"WebSite","@id":"https:\/\/www.erresse-shop.it\/fr\/#website","url":"https:\/\/www.erresse-shop.it\/fr\/","name":"Erresse Shop","description":"Articoli di qualit\u00e0 per la casa","potentialAction":[{"@type":"SearchAction","target":{"@type":"EntryPoint","urlTemplate":"https:\/\/www.erresse-shop.it\/fr\/?s={search_term_string}"},"query-input":"required name=search_term_string"}],"inLanguage":"fr-FR"}]}},"df_price":229.95,"df_sale_price":229.95,"df_regular_price":385,"df_image_link":"https:\/\/www.erresse-shop.it\/wp-content\/uploads\/2025\/03\/LE-CREUSET-Cocotte-Profonda-Evolution-in-Ghisa-24-cm-Flint-300x300.jpg","_links":{"self":[{"href":"https:\/\/www.erresse-shop.it\/fr\/wp-json\/wp\/v2\/product\/478949"}],"collection":[{"href":"https:\/\/www.erresse-shop.it\/fr\/wp-json\/wp\/v2\/product"}],"about":[{"href":"https:\/\/www.erresse-shop.it\/fr\/wp-json\/wp\/v2\/types\/product"}],"wp:featuredmedia":[{"embeddable":true,"href":"https:\/\/www.erresse-shop.it\/fr\/wp-json\/wp\/v2\/media\/478979"}],"wp:attachment":[{"href":"https:\/\/www.erresse-shop.it\/fr\/wp-json\/wp\/v2\/media?parent=478949"}],"wp:term":[{"taxonomy":"product_cat","embeddable":true,"href":"https:\/\/www.erresse-shop.it\/fr\/wp-json\/wp\/v2\/product_cat?post=478949"},{"taxonomy":"product_tag","embeddable":true,"href":"https:\/\/www.erresse-shop.it\/fr\/wp-json\/wp\/v2\/product_tag?post=478949"}],"curies":[{"name":"wp","href":"https:\/\/api.w.org\/{rel}","templated":true}]}}