{"id":478866,"date":"2025-03-17T11:19:58","date_gmt":"2025-03-17T11:20:01","guid":{"rendered":"https:\/\/www.erresse-shop.it\/?post_type=product&#038;p=478866"},"modified":"2025-06-04T09:37:59","modified_gmt":"2025-06-04T09:37:59","slug":"le-creuset-faitout-en-fonte-emaillee-30-cm-blanc-copia","status":"publish","type":"product","link":"https:\/\/www.erresse-shop.it\/fr\/shop\/poeles-pots\/sauteuses-et-faitout\/le-creuset-faitout-en-fonte-emaillee-30-cm-blanc-copia\/","title":{"rendered":"LE CREUSET Faitout en Fonte \u00c9maill\u00e9e 30 cm Sea Salt"},"content":{"rendered":"<p><strong>LE BONHEUR AU PO\u00caLE<\/strong><\/p>\n<p>Fabriqu\u00e9s dans notre fonderie fran\u00e7aise, nos produits en fonte vitrifi\u00e9e sont devenus une l\u00e9gende dans le monde de l&#8217;art culinaire. Cette po\u00eale peu profonde ne fait pas exception. Sa forme large et plate et ses c\u00f4t\u00e9s peu profonds le rendent parfait pour saisir la viande et les l\u00e9gumes, mijoter, frire et cuire au four. Il favorise \u00e9galement la caram\u00e9lisation, pour des plats encore plus gourmands.<\/p>\n<ul>\n<li>Notre bouton r\u00e9sistant \u00e0 la chaleur (jusqu&#8217;\u00e0 260\u00a0\u00b0C) est con\u00e7u pour une excellente prise en main, m\u00eame lorsque vous utilisez une manique pour soulever le couvercle.<\/li>\n<li>Nettoyage rapide\u00a0: une fine couche int\u00e9rieure vitrifi\u00e9e facilite le nettoyage.<\/li>\n<li>Poign\u00e9es de r\u00eave\u00a0: gr\u00e2ce \u00e0 nos grandes poign\u00e9es, vous pouvez facilement passer de la cuisini\u00e8re \u00e0 la table, m\u00eame avec des gants de cuisine.<\/li>\n<li>Polyvalence\u00a0: ce produit convient aux fours, aux cuisini\u00e8res et au four en mode grill.<\/li>\n<li>Des aliments savoureux\u00a0: la fonte vitrifi\u00e9e retient la chaleur pour une cuisson et une saisie uniformes. Vos d\u00e9licieuses cr\u00e9ations resteront chaudes plus longtemps m\u00eame \u00e0 table.<\/li>\n<li>Pr\u00e9serve la succulence\u00a0: notre couvercle pr\u00e9serve la vapeur g\u00e9n\u00e9r\u00e9e par la cuisson des aliments et rehausse les saveurs, pour des r\u00e9sultats de cuisson extraordinaires.<\/li>\n<li>Facile \u00e0 saisir\u00a0: les poign\u00e9es \u00e9l\u00e9gantes et confortables vous permettent de soulever le produit en toute s\u00e9curit\u00e9.<\/li>\n<li>Pas trop chaud\u00a0: cuisinez \u00e0 une chaleur constante, faible \u00e0 moyenne, pour prendre soin de votre produit en fonte vitrifi\u00e9e et obtenir de d\u00e9licieux r\u00e9sultats.<\/li>\n<li>Nos produits sont fabriqu\u00e9s avec les meilleurs mat\u00e9riaux dans des usines situ\u00e9es dans le monde entier pour garantir la qualit\u00e9 que vous attendez de Le Creuset.<\/li>\n<\/ul>\n<p>Mat\u00e9riau : fonte vitrifi\u00e9e<br \/>\nFabriqu\u00e9 en : France<br \/>\nGarantie : \u00e0 vie<\/p>\n<p><strong>Source de chaleur\u00a0:<\/strong><\/p>\n<ul>\n<li>Four<\/li>\n<li>Mode gril au four<\/li>\n<li>Plaque \u00e9lectrique<\/li>\n<li>Verre c\u00e9ramique<\/li>\n<li>Cuisson \u00e0 gaz<\/li>\n<li>Plaque \u00e0 induction<\/li>\n<\/ul>\n<p><strong>Nettoyage et entretien\u00a0:<\/strong><\/p>\n<ul>\n<li>Attendez que le produit refroidisse avant de commencer \u00e0 le nettoyer.<\/li>\n<li>Nettoyez tous les restes de la base et des c\u00f4t\u00e9s du produit. S&#8217;il y a des aliments coinc\u00e9s, remplissez le produit avec de l&#8217;eau ti\u00e8de savonneuse et laissez-le tremper pendant 15 \u00e0 20 minutes avant de le laver comme d&#8217;habitude.<\/li>\n<li>N&#8217;utilisez pas de nettoyants abrasifs ni d&#8217;\u00e9ponges ou de brosses m\u00e9talliques, abrasives ou tr\u00e8s rigides sur aucune des surfaces.<\/li>\n<li>Bien s\u00e9cher apr\u00e8s le lavage et conserver dans un endroit sec.<\/li>\n<\/ul>\n","protected":false},"excerpt":{"rendered":"<p>LE BONHEUR AU PO\u00caLE Fabriqu\u00e9s dans notre fonderie fran\u00e7aise, nos produits en fonte vitrifi\u00e9e sont devenus une l\u00e9gende dans le<\/p>\n","protected":false},"featured_media":478896,"template":"","meta":{"_acf_changed":false,"inline_featured_image":false},"product_cat":[12458,14797],"product_tag":[25086,13270,21529,25021,12994,12460,12461,12468,13179],"acf":[],"yoast_head":"<!-- This site is optimized with the Yoast SEO Premium plugin v18.6 (Yoast SEO v19.13) - https:\/\/yoast.com\/wordpress\/plugins\/seo\/ -->\n<title>LE CREUSET Faitout en Fonte \u00c9maill\u00e9e 30 cm Sea Salt - Erresse Shop<\/title>\n<meta name=\"description\" content=\"LE BONHEUR AU PO\u00caLE Fabriqu\u00e9s dans notre fonderie fran\u00e7aise, nos produits en fonte vitrifi\u00e9e sont devenus une l\u00e9gende dans le monde de l&#039;art culinaire.\" \/>\n<meta name=\"robots\" content=\"index, follow, max-snippet:-1, max-image-preview:large, max-video-preview:-1\" \/>\n<link rel=\"canonical\" href=\"https:\/\/www.erresse-shop.it\/fr\/shop\/poeles-pots\/sauteuses-et-faitout\/le-creuset-faitout-en-fonte-emaillee-30-cm-blanc-copia\/\" \/>\n<meta property=\"og:locale\" content=\"fr_FR\" \/>\n<meta property=\"og:type\" content=\"article\" \/>\n<meta property=\"og:title\" content=\"LE CREUSET Faitout en Fonte \u00c9maill\u00e9e 30 cm Sea Salt\" \/>\n<meta property=\"og:description\" content=\"LE BONHEUR AU PO\u00caLE Fabriqu\u00e9s dans notre fonderie fran\u00e7aise, nos produits en fonte vitrifi\u00e9e sont devenus une l\u00e9gende dans le monde de l&#039;art culinaire.\" \/>\n<meta property=\"og:url\" content=\"https:\/\/www.erresse-shop.it\/fr\/shop\/poeles-pots\/sauteuses-et-faitout\/le-creuset-faitout-en-fonte-emaillee-30-cm-blanc-copia\/\" \/>\n<meta property=\"og:site_name\" content=\"Erresse Shop\" \/>\n<meta property=\"article:modified_time\" content=\"2025-06-04T09:37:59+00:00\" \/>\n<meta property=\"og:image\" content=\"https:\/\/www.erresse-shop.it\/wp-content\/uploads\/2025\/03\/LE-CREUSET-Tegame-Basso-Evolution-in-Ghisa-30-cm-Sea-Salt.jpg\" \/>\n\t<meta property=\"og:image:width\" content=\"1200\" \/>\n\t<meta property=\"og:image:height\" content=\"1200\" \/>\n\t<meta property=\"og:image:type\" content=\"image\/jpeg\" \/>\n<meta name=\"twitter:card\" content=\"summary_large_image\" \/>\n<script type=\"application\/ld+json\" class=\"yoast-schema-graph\">{\"@context\":\"https:\/\/schema.org\",\"@graph\":[{\"@type\":\"WebPage\",\"@id\":\"https:\/\/www.erresse-shop.it\/fr\/shop\/poeles-pots\/sauteuses-et-faitout\/le-creuset-faitout-en-fonte-emaillee-30-cm-blanc-copia\/\",\"url\":\"https:\/\/www.erresse-shop.it\/fr\/shop\/poeles-pots\/sauteuses-et-faitout\/le-creuset-faitout-en-fonte-emaillee-30-cm-blanc-copia\/\",\"name\":\"LE CREUSET Faitout en Fonte \u00c9maill\u00e9e 30 cm Sea Salt - Erresse Shop\",\"isPartOf\":{\"@id\":\"https:\/\/www.erresse-shop.it\/fr\/#website\"},\"datePublished\":\"2025-03-17T11:20:01+00:00\",\"dateModified\":\"2025-06-04T09:37:59+00:00\",\"description\":\"LE BONHEUR AU PO\u00caLE Fabriqu\u00e9s dans notre fonderie fran\u00e7aise, nos produits en fonte vitrifi\u00e9e sont devenus une l\u00e9gende dans le monde de l'art culinaire.\",\"breadcrumb\":{\"@id\":\"https:\/\/www.erresse-shop.it\/fr\/shop\/poeles-pots\/sauteuses-et-faitout\/le-creuset-faitout-en-fonte-emaillee-30-cm-blanc-copia\/#breadcrumb\"},\"inLanguage\":\"fr-FR\",\"potentialAction\":[{\"@type\":\"ReadAction\",\"target\":[\"https:\/\/www.erresse-shop.it\/fr\/shop\/poeles-pots\/sauteuses-et-faitout\/le-creuset-faitout-en-fonte-emaillee-30-cm-blanc-copia\/\"]}]},{\"@type\":\"BreadcrumbList\",\"@id\":\"https:\/\/www.erresse-shop.it\/fr\/shop\/poeles-pots\/sauteuses-et-faitout\/le-creuset-faitout-en-fonte-emaillee-30-cm-blanc-copia\/#breadcrumb\",\"itemListElement\":[{\"@type\":\"ListItem\",\"position\":1,\"name\":\"Home\",\"item\":\"https:\/\/www.erresse-shop.it\/fr\/\"},{\"@type\":\"ListItem\",\"position\":2,\"name\":\"Shop\",\"item\":\"https:\/\/www.erresse-shop.it\/fr\/shop\/\"},{\"@type\":\"ListItem\",\"position\":3,\"name\":\"LE CREUSET Faitout en Fonte \u00c9maill\u00e9e 30 cm Sea Salt\"}]},{\"@type\":\"WebSite\",\"@id\":\"https:\/\/www.erresse-shop.it\/fr\/#website\",\"url\":\"https:\/\/www.erresse-shop.it\/fr\/\",\"name\":\"Erresse Shop\",\"description\":\"Articoli di qualit\u00e0 per la casa\",\"potentialAction\":[{\"@type\":\"SearchAction\",\"target\":{\"@type\":\"EntryPoint\",\"urlTemplate\":\"https:\/\/www.erresse-shop.it\/fr\/?s={search_term_string}\"},\"query-input\":\"required name=search_term_string\"}],\"inLanguage\":\"fr-FR\"}]}<\/script>\n<!-- \/ Yoast SEO Premium plugin. -->","yoast_head_json":{"title":"LE CREUSET Faitout en Fonte \u00c9maill\u00e9e 30 cm Sea Salt - Erresse Shop","description":"LE BONHEUR AU PO\u00caLE Fabriqu\u00e9s dans notre fonderie fran\u00e7aise, nos produits en fonte vitrifi\u00e9e sont devenus une l\u00e9gende dans le monde de l'art culinaire.","robots":{"index":"index","follow":"follow","max-snippet":"max-snippet:-1","max-image-preview":"max-image-preview:large","max-video-preview":"max-video-preview:-1"},"canonical":"https:\/\/www.erresse-shop.it\/fr\/shop\/poeles-pots\/sauteuses-et-faitout\/le-creuset-faitout-en-fonte-emaillee-30-cm-blanc-copia\/","og_locale":"fr_FR","og_type":"article","og_title":"LE CREUSET Faitout en Fonte \u00c9maill\u00e9e 30 cm Sea Salt","og_description":"LE BONHEUR AU PO\u00caLE Fabriqu\u00e9s dans notre fonderie fran\u00e7aise, nos produits en fonte vitrifi\u00e9e sont devenus une l\u00e9gende dans le monde de l'art culinaire.","og_url":"https:\/\/www.erresse-shop.it\/fr\/shop\/poeles-pots\/sauteuses-et-faitout\/le-creuset-faitout-en-fonte-emaillee-30-cm-blanc-copia\/","og_site_name":"Erresse Shop","article_modified_time":"2025-06-04T09:37:59+00:00","og_image":[{"width":1200,"height":1200,"url":"https:\/\/www.erresse-shop.it\/wp-content\/uploads\/2025\/03\/LE-CREUSET-Tegame-Basso-Evolution-in-Ghisa-30-cm-Sea-Salt.jpg","type":"image\/jpeg"}],"twitter_card":"summary_large_image","schema":{"@context":"https:\/\/schema.org","@graph":[{"@type":"WebPage","@id":"https:\/\/www.erresse-shop.it\/fr\/shop\/poeles-pots\/sauteuses-et-faitout\/le-creuset-faitout-en-fonte-emaillee-30-cm-blanc-copia\/","url":"https:\/\/www.erresse-shop.it\/fr\/shop\/poeles-pots\/sauteuses-et-faitout\/le-creuset-faitout-en-fonte-emaillee-30-cm-blanc-copia\/","name":"LE CREUSET Faitout en Fonte \u00c9maill\u00e9e 30 cm Sea Salt - Erresse Shop","isPartOf":{"@id":"https:\/\/www.erresse-shop.it\/fr\/#website"},"datePublished":"2025-03-17T11:20:01+00:00","dateModified":"2025-06-04T09:37:59+00:00","description":"LE BONHEUR AU PO\u00caLE Fabriqu\u00e9s dans notre fonderie fran\u00e7aise, nos produits en fonte vitrifi\u00e9e sont devenus une l\u00e9gende dans le monde de l'art culinaire.","breadcrumb":{"@id":"https:\/\/www.erresse-shop.it\/fr\/shop\/poeles-pots\/sauteuses-et-faitout\/le-creuset-faitout-en-fonte-emaillee-30-cm-blanc-copia\/#breadcrumb"},"inLanguage":"fr-FR","potentialAction":[{"@type":"ReadAction","target":["https:\/\/www.erresse-shop.it\/fr\/shop\/poeles-pots\/sauteuses-et-faitout\/le-creuset-faitout-en-fonte-emaillee-30-cm-blanc-copia\/"]}]},{"@type":"BreadcrumbList","@id":"https:\/\/www.erresse-shop.it\/fr\/shop\/poeles-pots\/sauteuses-et-faitout\/le-creuset-faitout-en-fonte-emaillee-30-cm-blanc-copia\/#breadcrumb","itemListElement":[{"@type":"ListItem","position":1,"name":"Home","item":"https:\/\/www.erresse-shop.it\/fr\/"},{"@type":"ListItem","position":2,"name":"Shop","item":"https:\/\/www.erresse-shop.it\/fr\/shop\/"},{"@type":"ListItem","position":3,"name":"LE CREUSET Faitout en Fonte \u00c9maill\u00e9e 30 cm Sea Salt"}]},{"@type":"WebSite","@id":"https:\/\/www.erresse-shop.it\/fr\/#website","url":"https:\/\/www.erresse-shop.it\/fr\/","name":"Erresse Shop","description":"Articoli di qualit\u00e0 per la casa","potentialAction":[{"@type":"SearchAction","target":{"@type":"EntryPoint","urlTemplate":"https:\/\/www.erresse-shop.it\/fr\/?s={search_term_string}"},"query-input":"required name=search_term_string"}],"inLanguage":"fr-FR"}]}},"df_price":152.55,"df_sale_price":152.55,"df_regular_price":339,"df_image_link":"https:\/\/www.erresse-shop.it\/wp-content\/uploads\/2025\/03\/LE-CREUSET-Tegame-Basso-Evolution-in-Ghisa-30-cm-Sea-Salt-300x300.jpg","_links":{"self":[{"href":"https:\/\/www.erresse-shop.it\/fr\/wp-json\/wp\/v2\/product\/478866"}],"collection":[{"href":"https:\/\/www.erresse-shop.it\/fr\/wp-json\/wp\/v2\/product"}],"about":[{"href":"https:\/\/www.erresse-shop.it\/fr\/wp-json\/wp\/v2\/types\/product"}],"wp:featuredmedia":[{"embeddable":true,"href":"https:\/\/www.erresse-shop.it\/fr\/wp-json\/wp\/v2\/media\/478896"}],"wp:attachment":[{"href":"https:\/\/www.erresse-shop.it\/fr\/wp-json\/wp\/v2\/media?parent=478866"}],"wp:term":[{"taxonomy":"product_cat","embeddable":true,"href":"https:\/\/www.erresse-shop.it\/fr\/wp-json\/wp\/v2\/product_cat?post=478866"},{"taxonomy":"product_tag","embeddable":true,"href":"https:\/\/www.erresse-shop.it\/fr\/wp-json\/wp\/v2\/product_tag?post=478866"}],"curies":[{"name":"wp","href":"https:\/\/api.w.org\/{rel}","templated":true}]}}