{"id":478825,"date":"2025-03-17T11:03:55","date_gmt":"2025-03-17T11:04:05","guid":{"rendered":"https:\/\/www.erresse-shop.it\/?post_type=product&#038;p=478825"},"modified":"2025-04-07T15:26:35","modified_gmt":"2025-04-07T15:26:35","slug":"le-creuset-evolution-casserole-basse-fonte-26-cm-grenat-copia","status":"publish","type":"product","link":"https:\/\/www.erresse-shop.it\/fr\/shop\/poeles-pots\/sauteuses-et-faitout\/le-creuset-evolution-casserole-basse-fonte-26-cm-grenat-copia\/","title":{"rendered":"LE CREUSET Evolution Casserole Basse Fonte 26 cm Sea Salt"},"content":{"rendered":"<p class=\"mb-3\" style=\"text-align: justify;\">Fabriqu\u00e9s dans notre fonderie fran\u00e7aise, nos produits en fonte sont devenus l\u00e9gendaires dans le monde de l&#8217;art culinaire. Cette po\u00eale basse ne fait pas exception. Sa forme large et plate et ses c\u00f4t\u00e9s peu profonds le rendent parfait pour saisir la viande et les l\u00e9gumes, mijoter, frire et cuire au four. Il favorise \u00e9galement la caram\u00e9lisation, pour des plats encore plus app\u00e9tissants.<\/p>\n<p><strong>D\u00e9tails du produit\u00a0:<\/strong><\/p>\n<ul>\n<li class=\"mb-3\">Notre bouton r\u00e9sistant \u00e0 la chaleur (jusqu&#8217;\u00e0 260\u00b0C) est con\u00e7u pour une excellente prise en main, m\u00eame en utilisant une manique pour soulever le couvercle.<\/li>\n<li class=\"mb-3\">Nettoyage rapide : une fine couche \u00e9maill\u00e9e interne facilite le nettoyage.<\/li>\n<li class=\"mb-3\">Poign\u00e9es de r\u00eave : Gr\u00e2ce \u00e0 nos grandes poign\u00e9es, vous pouvez facilement passer de la plaque de cuisson \u00e0 la table, m\u00eame en utilisant des gants de cuisine.<\/li>\n<li class=\"mb-3\">Polyvalence : Ce produit convient au four, \u00e0 la cuisini\u00e8re et au four en mode grill.<\/li>\n<li class=\"mb-3\">Des plats savoureux : la fonte \u00e9maill\u00e9e retient la chaleur pour une cuisson et un brunissement uniformes. Vos d\u00e9licieuses cr\u00e9ations resteront \u00e9galement chaudes plus longtemps \u00e0 table.<\/li>\n<li class=\"mb-3\">Pr\u00e9serve la jutosit\u00e9 : notre couvercle retient la vapeur g\u00e9n\u00e9r\u00e9e par la cuisson des aliments et rehausse les saveurs, pour des r\u00e9sultats de cuisson extraordinaires.<\/li>\n<li class=\"mb-3\">Facile \u00e0 saisir : les poign\u00e9es \u00e9l\u00e9gantes et confortables vous permettent de soulever le produit en toute s\u00e9curit\u00e9.<\/li>\n<li class=\"mb-3\">Un arc-en-ciel de couleurs : Disponible dans un large choix de couleurs, notre gamme ajoutera une touche de couleur \u00e0 votre cuisine.<\/li>\n<li class=\"mb-3\">Pas trop chaud : faites cuire \u00e0 feu doux \u00e0 moyen constant pour prendre soin de votre produit en fonte et obtenir des r\u00e9sultats d\u00e9licieux.<\/li>\n<li class=\"mb-3\">Le meilleur de sa cat\u00e9gorie\u00a0: nos produits sont fabriqu\u00e9s \u00e0 partir des meilleurs mat\u00e9riaux dans des usines du monde entier pour offrir la qualit\u00e9 que vous attendez de Le Creuset.<\/li>\n<\/ul>\n<p>Mat\u00e9riau : fonte vitrifi\u00e9e<br \/>\nFabriqu\u00e9 en: France<br \/>\nGarantie : \u00c0 vie<\/p>\n<p>Capacit\u00e9 : 2,2 L<\/p>\n<p><strong>Source de chaleur\u00a0:<\/strong><\/p>\n<ul>\n<li>Four<\/li>\n<li>Four en mode gril<\/li>\n<li>Plaque de cuisson \u00e9lectrique<\/li>\n<li>C\u00e9ramique en verre<\/li>\n<li>Plan gaz<\/li>\n<li>Plaque \u00e0 induction<\/li>\n<\/ul>\n<p><strong>Nettoyage et entretien\u00a0:<\/strong><\/p>\n<div class=\"description-et-d\u00e9tail m-0 py-4 py-sm-5 pt-sm-6 mt-sm-2-3 mt-md-0 py-md-7\">\n<div class=\"container overflow-hidden\">\n<div class=\"row justify-content-sm-center\">\n<div class=\"col-xl-5 accord-detail-section col-md-6 col-12 m-auto\">\n<div class=\"description-details col-sm-12 px-0 pl-0\">\n<div class=\"justify-content-end\">\n<div id=\"desc-accordion-21177240101441\" class=\"desc-accordion\">\n<div class=\"mb-0\">\n<div class=\"border-top-solid desc-accordion-item\">\n<div id=\"collapseFour-21177240101441\" class=\"collapse show\" data-parent=\"#desc-accordion-21177240101441\">\n<div class=\"col-12 d-flex p-0 pt-1-2 border-image-top-2\">\n<div class=\"col-8 p-0 description-message t-style-2 t-lyon\">\n<ul>\n<li class=\"mb-3\">Attendez que le produit refroidisse compl\u00e8tement avant de commencer \u00e0 le nettoyer.<\/li>\n<li class=\"mb-3\">Retirez tout r\u00e9sidu de la base et des bords du produit. Pour les r\u00e9sidus alimentaires tenaces, remplissez le produit d&#8217;eau chaude savonneuse et laissez-le tremper pendant 15 \u00e0 20 minutes avant de le laver comme d&#8217;habitude.<\/li>\n<li class=\"mb-3\">N&#8217;utilisez pas de d\u00e9tergents agressifs, d&#8217;\u00e9ponges abrasives et\/ou m\u00e9talliques ou de brosses tr\u00e8s dures et rigides pour nettoyer les surfaces.<\/li>\n<li class=\"mb-3\">Apr\u00e8s le lavage, s\u00e9chez soigneusement le produit et rangez-le dans un endroit sec.<\/li>\n<li class=\"mb-3\">Casserole : Les cocottes avec poign\u00e9es en fonte et ph\u00e9noliques passent au lave-vaisselle. Cependant, l&#8217;utilisation constante du lave-vaisselle peut ternir la finition du verre.\n<li class=\"mb-3\">Couvercle de cocotte : Les couvercles avec boutons en acier inoxydable et ph\u00e9noliques passent au lave-vaisselle. Les couvercles avec des boutons dor\u00e9s, iris\u00e9s, cuivr\u00e9s et en nickel noir doivent \u00eatre lav\u00e9s \u00e0 la main pour conserver leur finition.\n<\/ul>\n<\/div>\n<\/div>\n<\/div>\n<\/div>\n<\/div>\n<\/div>\n<\/div>\n<\/div>\n<\/div>\n<\/div>\n<\/div>\n<\/div>\n<div class=\"recommendations bg-white\">\n<div id=\"cq_recomm_slot-453657c5068d11797fb8ac5a37\">\n<div class=\"container justify-content-center overflow-hidden t-color-1 recommendation-products slot-recommendation-products\">\n<div class=\"\"><\/div>\n<\/div>\n<\/div>\n<\/div>\n","protected":false},"excerpt":{"rendered":"<p>Fabriqu\u00e9s dans notre fonderie fran\u00e7aise, nos produits en fonte sont devenus l\u00e9gendaires dans le monde de l&#8217;art culinaire. Cette po\u00eale<\/p>\n","protected":false},"featured_media":478855,"template":"","meta":{"_acf_changed":false,"inline_featured_image":false},"product_cat":[12458,14797],"product_tag":[25086,13270,21529,25021,14826,12994,12460,12461,12468,13179],"acf":[],"yoast_head":"<!-- This site is optimized with the Yoast SEO Premium plugin v18.6 (Yoast SEO v19.13) - https:\/\/yoast.com\/wordpress\/plugins\/seo\/ -->\n<title>LE CREUSET Evolution Casserole Basse Fonte 26 cm Sea Salt - Erresse Shop<\/title>\n<meta name=\"description\" content=\"Fabriqu\u00e9s dans notre fonderie fran\u00e7aise, nos produits en fonte sont devenus l\u00e9gendaires dans le monde de l&#039;art culinaire. Cette po\u00eale basse ne fait pas\" \/>\n<meta name=\"robots\" content=\"index, follow, max-snippet:-1, max-image-preview:large, max-video-preview:-1\" \/>\n<link rel=\"canonical\" href=\"https:\/\/www.erresse-shop.it\/fr\/shop\/poeles-pots\/sauteuses-et-faitout\/le-creuset-evolution-casserole-basse-fonte-26-cm-grenat-copia\/\" \/>\n<meta property=\"og:locale\" content=\"fr_FR\" \/>\n<meta property=\"og:type\" content=\"article\" \/>\n<meta property=\"og:title\" content=\"LE CREUSET Evolution Casserole Basse Fonte 26 cm Sea Salt\" \/>\n<meta property=\"og:description\" content=\"Fabriqu\u00e9s dans notre fonderie fran\u00e7aise, nos produits en fonte sont devenus l\u00e9gendaires dans le monde de l&#039;art culinaire. Cette po\u00eale basse ne fait pas\" \/>\n<meta property=\"og:url\" content=\"https:\/\/www.erresse-shop.it\/fr\/shop\/poeles-pots\/sauteuses-et-faitout\/le-creuset-evolution-casserole-basse-fonte-26-cm-grenat-copia\/\" \/>\n<meta property=\"og:site_name\" content=\"Erresse Shop\" \/>\n<meta property=\"article:modified_time\" content=\"2025-04-07T15:26:35+00:00\" \/>\n<meta property=\"og:image\" content=\"https:\/\/www.erresse-shop.it\/wp-content\/uploads\/2025\/03\/LE-CREUSET-Tegame-Basso-Evolution-in-Ghisa-26-cm-Sea-Salt.jpg\" \/>\n\t<meta property=\"og:image:width\" content=\"1200\" \/>\n\t<meta property=\"og:image:height\" content=\"1200\" \/>\n\t<meta property=\"og:image:type\" content=\"image\/jpeg\" \/>\n<meta name=\"twitter:card\" content=\"summary_large_image\" \/>\n<script type=\"application\/ld+json\" class=\"yoast-schema-graph\">{\"@context\":\"https:\/\/schema.org\",\"@graph\":[{\"@type\":\"WebPage\",\"@id\":\"https:\/\/www.erresse-shop.it\/fr\/shop\/poeles-pots\/sauteuses-et-faitout\/le-creuset-evolution-casserole-basse-fonte-26-cm-grenat-copia\/\",\"url\":\"https:\/\/www.erresse-shop.it\/fr\/shop\/poeles-pots\/sauteuses-et-faitout\/le-creuset-evolution-casserole-basse-fonte-26-cm-grenat-copia\/\",\"name\":\"LE CREUSET Evolution Casserole Basse Fonte 26 cm Sea Salt - Erresse Shop\",\"isPartOf\":{\"@id\":\"https:\/\/www.erresse-shop.it\/fr\/#website\"},\"datePublished\":\"2025-03-17T11:04:05+00:00\",\"dateModified\":\"2025-04-07T15:26:35+00:00\",\"description\":\"Fabriqu\u00e9s dans notre fonderie fran\u00e7aise, nos produits en fonte sont devenus l\u00e9gendaires dans le monde de l'art culinaire. Cette po\u00eale basse ne fait pas\",\"breadcrumb\":{\"@id\":\"https:\/\/www.erresse-shop.it\/fr\/shop\/poeles-pots\/sauteuses-et-faitout\/le-creuset-evolution-casserole-basse-fonte-26-cm-grenat-copia\/#breadcrumb\"},\"inLanguage\":\"fr-FR\",\"potentialAction\":[{\"@type\":\"ReadAction\",\"target\":[\"https:\/\/www.erresse-shop.it\/fr\/shop\/poeles-pots\/sauteuses-et-faitout\/le-creuset-evolution-casserole-basse-fonte-26-cm-grenat-copia\/\"]}]},{\"@type\":\"BreadcrumbList\",\"@id\":\"https:\/\/www.erresse-shop.it\/fr\/shop\/poeles-pots\/sauteuses-et-faitout\/le-creuset-evolution-casserole-basse-fonte-26-cm-grenat-copia\/#breadcrumb\",\"itemListElement\":[{\"@type\":\"ListItem\",\"position\":1,\"name\":\"Home\",\"item\":\"https:\/\/www.erresse-shop.it\/fr\/\"},{\"@type\":\"ListItem\",\"position\":2,\"name\":\"Shop\",\"item\":\"https:\/\/www.erresse-shop.it\/fr\/shop\/\"},{\"@type\":\"ListItem\",\"position\":3,\"name\":\"LE CREUSET Evolution Casserole Basse Fonte 26 cm Sea Salt\"}]},{\"@type\":\"WebSite\",\"@id\":\"https:\/\/www.erresse-shop.it\/fr\/#website\",\"url\":\"https:\/\/www.erresse-shop.it\/fr\/\",\"name\":\"Erresse Shop\",\"description\":\"Articoli di qualit\u00e0 per la casa\",\"potentialAction\":[{\"@type\":\"SearchAction\",\"target\":{\"@type\":\"EntryPoint\",\"urlTemplate\":\"https:\/\/www.erresse-shop.it\/fr\/?s={search_term_string}\"},\"query-input\":\"required name=search_term_string\"}],\"inLanguage\":\"fr-FR\"}]}<\/script>\n<!-- \/ Yoast SEO Premium plugin. -->","yoast_head_json":{"title":"LE CREUSET Evolution Casserole Basse Fonte 26 cm Sea Salt - Erresse Shop","description":"Fabriqu\u00e9s dans notre fonderie fran\u00e7aise, nos produits en fonte sont devenus l\u00e9gendaires dans le monde de l'art culinaire. Cette po\u00eale basse ne fait pas","robots":{"index":"index","follow":"follow","max-snippet":"max-snippet:-1","max-image-preview":"max-image-preview:large","max-video-preview":"max-video-preview:-1"},"canonical":"https:\/\/www.erresse-shop.it\/fr\/shop\/poeles-pots\/sauteuses-et-faitout\/le-creuset-evolution-casserole-basse-fonte-26-cm-grenat-copia\/","og_locale":"fr_FR","og_type":"article","og_title":"LE CREUSET Evolution Casserole Basse Fonte 26 cm Sea Salt","og_description":"Fabriqu\u00e9s dans notre fonderie fran\u00e7aise, nos produits en fonte sont devenus l\u00e9gendaires dans le monde de l'art culinaire. Cette po\u00eale basse ne fait pas","og_url":"https:\/\/www.erresse-shop.it\/fr\/shop\/poeles-pots\/sauteuses-et-faitout\/le-creuset-evolution-casserole-basse-fonte-26-cm-grenat-copia\/","og_site_name":"Erresse Shop","article_modified_time":"2025-04-07T15:26:35+00:00","og_image":[{"width":1200,"height":1200,"url":"https:\/\/www.erresse-shop.it\/wp-content\/uploads\/2025\/03\/LE-CREUSET-Tegame-Basso-Evolution-in-Ghisa-26-cm-Sea-Salt.jpg","type":"image\/jpeg"}],"twitter_card":"summary_large_image","schema":{"@context":"https:\/\/schema.org","@graph":[{"@type":"WebPage","@id":"https:\/\/www.erresse-shop.it\/fr\/shop\/poeles-pots\/sauteuses-et-faitout\/le-creuset-evolution-casserole-basse-fonte-26-cm-grenat-copia\/","url":"https:\/\/www.erresse-shop.it\/fr\/shop\/poeles-pots\/sauteuses-et-faitout\/le-creuset-evolution-casserole-basse-fonte-26-cm-grenat-copia\/","name":"LE CREUSET Evolution Casserole Basse Fonte 26 cm Sea Salt - Erresse Shop","isPartOf":{"@id":"https:\/\/www.erresse-shop.it\/fr\/#website"},"datePublished":"2025-03-17T11:04:05+00:00","dateModified":"2025-04-07T15:26:35+00:00","description":"Fabriqu\u00e9s dans notre fonderie fran\u00e7aise, nos produits en fonte sont devenus l\u00e9gendaires dans le monde de l'art culinaire. Cette po\u00eale basse ne fait pas","breadcrumb":{"@id":"https:\/\/www.erresse-shop.it\/fr\/shop\/poeles-pots\/sauteuses-et-faitout\/le-creuset-evolution-casserole-basse-fonte-26-cm-grenat-copia\/#breadcrumb"},"inLanguage":"fr-FR","potentialAction":[{"@type":"ReadAction","target":["https:\/\/www.erresse-shop.it\/fr\/shop\/poeles-pots\/sauteuses-et-faitout\/le-creuset-evolution-casserole-basse-fonte-26-cm-grenat-copia\/"]}]},{"@type":"BreadcrumbList","@id":"https:\/\/www.erresse-shop.it\/fr\/shop\/poeles-pots\/sauteuses-et-faitout\/le-creuset-evolution-casserole-basse-fonte-26-cm-grenat-copia\/#breadcrumb","itemListElement":[{"@type":"ListItem","position":1,"name":"Home","item":"https:\/\/www.erresse-shop.it\/fr\/"},{"@type":"ListItem","position":2,"name":"Shop","item":"https:\/\/www.erresse-shop.it\/fr\/shop\/"},{"@type":"ListItem","position":3,"name":"LE CREUSET Evolution Casserole Basse Fonte 26 cm Sea Salt"}]},{"@type":"WebSite","@id":"https:\/\/www.erresse-shop.it\/fr\/#website","url":"https:\/\/www.erresse-shop.it\/fr\/","name":"Erresse Shop","description":"Articoli di qualit\u00e0 per la casa","potentialAction":[{"@type":"SearchAction","target":{"@type":"EntryPoint","urlTemplate":"https:\/\/www.erresse-shop.it\/fr\/?s={search_term_string}"},"query-input":"required name=search_term_string"}],"inLanguage":"fr-FR"}]}},"df_price":134.55,"df_sale_price":134.55,"df_regular_price":299,"df_image_link":"https:\/\/www.erresse-shop.it\/wp-content\/uploads\/2025\/03\/LE-CREUSET-Tegame-Basso-Evolution-in-Ghisa-26-cm-Sea-Salt-300x300.jpg","_links":{"self":[{"href":"https:\/\/www.erresse-shop.it\/fr\/wp-json\/wp\/v2\/product\/478825"}],"collection":[{"href":"https:\/\/www.erresse-shop.it\/fr\/wp-json\/wp\/v2\/product"}],"about":[{"href":"https:\/\/www.erresse-shop.it\/fr\/wp-json\/wp\/v2\/types\/product"}],"wp:featuredmedia":[{"embeddable":true,"href":"https:\/\/www.erresse-shop.it\/fr\/wp-json\/wp\/v2\/media\/478855"}],"wp:attachment":[{"href":"https:\/\/www.erresse-shop.it\/fr\/wp-json\/wp\/v2\/media?parent=478825"}],"wp:term":[{"taxonomy":"product_cat","embeddable":true,"href":"https:\/\/www.erresse-shop.it\/fr\/wp-json\/wp\/v2\/product_cat?post=478825"},{"taxonomy":"product_tag","embeddable":true,"href":"https:\/\/www.erresse-shop.it\/fr\/wp-json\/wp\/v2\/product_tag?post=478825"}],"curies":[{"name":"wp","href":"https:\/\/api.w.org\/{rel}","templated":true}]}}