{"id":478783,"date":"2025-03-17T10:53:22","date_gmt":"2025-03-17T10:53:24","guid":{"rendered":"https:\/\/www.erresse-shop.it\/?post_type=product&#038;p=478783"},"modified":"2025-03-17T11:02:02","modified_gmt":"2025-03-17T11:02:02","slug":"le-creuset-poele-a-risotto-evolution-en-fonte-30-cm-meringue-copia","status":"publish","type":"product","link":"https:\/\/www.erresse-shop.it\/fr\/shop\/poeles-pots\/sauteuses-et-faitout\/le-creuset-poele-a-risotto-evolution-en-fonte-30-cm-meringue-copia\/","title":{"rendered":"LE CREUSET Po\u00eale \u00e0 risotto Evolution en fonte 30 cm Sea Salt"},"content":{"rendered":"<p><strong>CR\u00c9EZ DES PLATS D\u00c9LICIEUX<\/strong><\/p>\n<p>Que vous pr\u00e9pariez un risotto, un succulent plat de p\u00e2tes ou une miche de pain, cette cocotte est faite pour vous. Son bord bas et sa base large facilitent grandement le m\u00e9lange. Pendant la cuisson, la fonte \u00e9maill\u00e9e assure une r\u00e9partition homog\u00e8ne de la chaleur.<\/p>\n<ul>\n<li>Notre bouton r\u00e9sistant \u00e0 la chaleur (jusqu&#8217;\u00e0 260 \u00b0C) offre une excellente prise en main, m\u00eame avec une manique.<\/li>\n<li>Nettoyage rapide\u00a0: la fine couche int\u00e9rieure \u00e9maill\u00e9e facilite le nettoyage.<\/li>\n<li>Poign\u00e9es de r\u00eave\u00a0: gr\u00e2ce \u00e0 nos larges poign\u00e9es, vous pouvez facilement passer de la plaque de cuisson \u00e0 la table, m\u00eame avec des gants de cuisine.<\/li>\n<li>Polyvalence\u00a0: Ce produit convient au four, \u00e0 la cuisini\u00e8re et au four en mode gril.<\/li>\n<li>Des plats savoureux\u00a0: La fonte \u00e9maill\u00e9e retient la chaleur pour une cuisson et un brunissage uniformes. Vos d\u00e9licieuses cr\u00e9ations resteront chaudes plus longtemps \u00e0 table.<\/li>\n<li>Pr\u00e9serve la jutosit\u00e9\u00a0: Notre couvercle retient la vapeur g\u00e9n\u00e9r\u00e9e par la cuisson des aliments et sublime les saveurs, pour des r\u00e9sultats de cuisson exceptionnels.<\/li>\n<li>Prise en main facile\u00a0: Les poign\u00e9es \u00e9l\u00e9gantes et confortables vous permettent de soulever le produit en toute s\u00e9curit\u00e9.<\/li>\n<li>Pas trop chaud\u00a0: Cuisez \u00e0 feu doux \u00e0 moyen constant pour pr\u00e9server votre produit en fonte et obtenir des r\u00e9sultats d\u00e9licieux.<\/li>\n<li>Nos produits sont fabriqu\u00e9s \u00e0 partir des meilleurs mat\u00e9riaux dans des usines du monde entier, garantissant la qualit\u00e9 que vous attendez de Le Creuset.<\/li>\n<\/ul>\n<p>Mat\u00e9riau\u00a0: Fonte<br \/>\nFabriqu\u00e9 en\u00a0: France<br \/>\nGarantie\u00a0: \u00c0 vie<\/p>\n<p><strong>Source de chaleur\u00a0:<\/strong><\/p>\n<ul>\n<li>Four<\/li>\n<li>Four grill<\/li>\n<li>Plaque de cuisson\u00a0: \u00c9lectrique<\/li>\n<li>Vitroc\u00e9ramique<\/li>\n<li>Plaque de cuisson\u00a0: Gaz<\/li>\n<li>Induction Plaque de cuisson<\/li>\n<\/ul>\n<p><strong>Nettoyage et entretien\u00a0:<\/strong><\/p>\n<ul>\n<li>Attendez que l&#8217;appareil refroidisse avant de commencer le nettoyage.<\/li>\n<li>Nettoyez les r\u00e9sidus alimentaires sur la base et les parois de l&#8217;appareil. Si des aliments sont rest\u00e9s coinc\u00e9s, remplissez l&#8217;appareil d&#8217;eau chaude savonneuse et laissez-le tremper 15 \u00e0 20 minutes avant de le laver comme d&#8217;habitude.<\/li>\n<li>N&#8217;utilisez pas de nettoyants abrasifs, ni d&#8217;\u00e9ponges ou de brosses m\u00e9talliques, abrasives ou tr\u00e8s dures sur les surfaces.<\/li>\n<li>S\u00e9chez soigneusement apr\u00e8s le lavage et rangez-le dans un endroit sec.<\/li>\n<\/ul>\n","protected":false},"excerpt":{"rendered":"<p>CR\u00c9EZ DES PLATS D\u00c9LICIEUX Que vous pr\u00e9pariez un risotto, un succulent plat de p\u00e2tes ou une miche de pain, cette<\/p>\n","protected":false},"featured_media":478814,"template":"","meta":{"_acf_changed":false,"inline_featured_image":false},"product_cat":[12458,14797],"product_tag":[13270,21529,12994,12461,12468,14585,13179],"acf":[],"yoast_head":"<!-- This site is optimized with the Yoast SEO Premium plugin v18.6 (Yoast SEO v19.13) - https:\/\/yoast.com\/wordpress\/plugins\/seo\/ -->\n<title>LE CREUSET Faitout Risotto en fonte \u00e9maill\u00e9e 30 cm Volcanique<\/title>\n<meta name=\"description\" content=\"D\u00e9couvrez LE CREUSET Faitout Risotto en fonte \u00e9maill\u00e9e 30 cm Volcanique sur ErresseShop. Qualit\u00e9, prix r\u00e9duits et achat s\u00e9curis\u00e9 \u2013 commandez d\u00e8s maintenant en ligne !\" \/>\n<meta name=\"robots\" content=\"index, follow, max-snippet:-1, max-image-preview:large, max-video-preview:-1\" \/>\n<link rel=\"canonical\" href=\"https:\/\/www.erresse-shop.it\/fr\/shop\/poeles-pots\/sauteuses-et-faitout\/le-creuset-poele-a-risotto-evolution-en-fonte-30-cm-meringue-copia\/\" \/>\n<meta property=\"og:locale\" content=\"fr_FR\" \/>\n<meta property=\"og:type\" content=\"article\" \/>\n<meta property=\"og:title\" content=\"LE CREUSET Po\u00eale \u00e0 risotto Evolution en fonte 30 cm Sea Salt\" \/>\n<meta property=\"og:description\" content=\"D\u00e9couvrez LE CREUSET Faitout Risotto en fonte \u00e9maill\u00e9e 30 cm Volcanique sur ErresseShop. Qualit\u00e9, prix r\u00e9duits et achat s\u00e9curis\u00e9 \u2013 commandez d\u00e8s maintenant en ligne !\" \/>\n<meta property=\"og:url\" content=\"https:\/\/www.erresse-shop.it\/fr\/shop\/poeles-pots\/sauteuses-et-faitout\/le-creuset-poele-a-risotto-evolution-en-fonte-30-cm-meringue-copia\/\" \/>\n<meta property=\"og:site_name\" content=\"Erresse Shop\" \/>\n<meta property=\"article:modified_time\" content=\"2025-03-17T11:02:02+00:00\" \/>\n<meta property=\"og:image\" content=\"https:\/\/www.erresse-shop.it\/wp-content\/uploads\/2025\/03\/LE-CREUSET-Tegame-Risotto-Evolution-in-Ghisa-30-cm-Sea-Salt.jpg\" \/>\n\t<meta property=\"og:image:width\" content=\"1200\" \/>\n\t<meta property=\"og:image:height\" content=\"1200\" \/>\n\t<meta property=\"og:image:type\" content=\"image\/jpeg\" \/>\n<meta name=\"twitter:card\" content=\"summary_large_image\" \/>\n<script type=\"application\/ld+json\" class=\"yoast-schema-graph\">{\"@context\":\"https:\/\/schema.org\",\"@graph\":[{\"@type\":\"WebPage\",\"@id\":\"https:\/\/www.erresse-shop.it\/fr\/shop\/poeles-pots\/sauteuses-et-faitout\/le-creuset-poele-a-risotto-evolution-en-fonte-30-cm-meringue-copia\/\",\"url\":\"https:\/\/www.erresse-shop.it\/fr\/shop\/poeles-pots\/sauteuses-et-faitout\/le-creuset-poele-a-risotto-evolution-en-fonte-30-cm-meringue-copia\/\",\"name\":\"LE CREUSET Faitout Risotto en fonte \u00e9maill\u00e9e 30 cm Volcanique\",\"isPartOf\":{\"@id\":\"https:\/\/www.erresse-shop.it\/fr\/#website\"},\"datePublished\":\"2025-03-17T10:53:24+00:00\",\"dateModified\":\"2025-03-17T11:02:02+00:00\",\"description\":\"D\u00e9couvrez LE CREUSET Faitout Risotto en fonte \u00e9maill\u00e9e 30 cm Volcanique sur ErresseShop. Qualit\u00e9, prix r\u00e9duits et achat s\u00e9curis\u00e9 \u2013 commandez d\u00e8s maintenant en ligne !\",\"breadcrumb\":{\"@id\":\"https:\/\/www.erresse-shop.it\/fr\/shop\/poeles-pots\/sauteuses-et-faitout\/le-creuset-poele-a-risotto-evolution-en-fonte-30-cm-meringue-copia\/#breadcrumb\"},\"inLanguage\":\"fr-FR\",\"potentialAction\":[{\"@type\":\"ReadAction\",\"target\":[\"https:\/\/www.erresse-shop.it\/fr\/shop\/poeles-pots\/sauteuses-et-faitout\/le-creuset-poele-a-risotto-evolution-en-fonte-30-cm-meringue-copia\/\"]}]},{\"@type\":\"BreadcrumbList\",\"@id\":\"https:\/\/www.erresse-shop.it\/fr\/shop\/poeles-pots\/sauteuses-et-faitout\/le-creuset-poele-a-risotto-evolution-en-fonte-30-cm-meringue-copia\/#breadcrumb\",\"itemListElement\":[{\"@type\":\"ListItem\",\"position\":1,\"name\":\"Home\",\"item\":\"https:\/\/www.erresse-shop.it\/fr\/\"},{\"@type\":\"ListItem\",\"position\":2,\"name\":\"Shop\",\"item\":\"https:\/\/www.erresse-shop.it\/fr\/shop\/\"},{\"@type\":\"ListItem\",\"position\":3,\"name\":\"LE CREUSET Po\u00eale \u00e0 risotto Evolution en fonte 30 cm Sea Salt\"}]},{\"@type\":\"WebSite\",\"@id\":\"https:\/\/www.erresse-shop.it\/fr\/#website\",\"url\":\"https:\/\/www.erresse-shop.it\/fr\/\",\"name\":\"Erresse Shop\",\"description\":\"Articoli di qualit\u00e0 per la casa\",\"potentialAction\":[{\"@type\":\"SearchAction\",\"target\":{\"@type\":\"EntryPoint\",\"urlTemplate\":\"https:\/\/www.erresse-shop.it\/fr\/?s={search_term_string}\"},\"query-input\":\"required name=search_term_string\"}],\"inLanguage\":\"fr-FR\"}]}<\/script>\n<!-- \/ Yoast SEO Premium plugin. -->","yoast_head_json":{"title":"LE CREUSET Faitout Risotto en fonte \u00e9maill\u00e9e 30 cm Volcanique","description":"D\u00e9couvrez LE CREUSET Faitout Risotto en fonte \u00e9maill\u00e9e 30 cm Volcanique sur ErresseShop. Qualit\u00e9, prix r\u00e9duits et achat s\u00e9curis\u00e9 \u2013 commandez d\u00e8s maintenant en ligne !","robots":{"index":"index","follow":"follow","max-snippet":"max-snippet:-1","max-image-preview":"max-image-preview:large","max-video-preview":"max-video-preview:-1"},"canonical":"https:\/\/www.erresse-shop.it\/fr\/shop\/poeles-pots\/sauteuses-et-faitout\/le-creuset-poele-a-risotto-evolution-en-fonte-30-cm-meringue-copia\/","og_locale":"fr_FR","og_type":"article","og_title":"LE CREUSET Po\u00eale \u00e0 risotto Evolution en fonte 30 cm Sea Salt","og_description":"D\u00e9couvrez LE CREUSET Faitout Risotto en fonte \u00e9maill\u00e9e 30 cm Volcanique sur ErresseShop. Qualit\u00e9, prix r\u00e9duits et achat s\u00e9curis\u00e9 \u2013 commandez d\u00e8s maintenant en ligne !","og_url":"https:\/\/www.erresse-shop.it\/fr\/shop\/poeles-pots\/sauteuses-et-faitout\/le-creuset-poele-a-risotto-evolution-en-fonte-30-cm-meringue-copia\/","og_site_name":"Erresse Shop","article_modified_time":"2025-03-17T11:02:02+00:00","og_image":[{"width":1200,"height":1200,"url":"https:\/\/www.erresse-shop.it\/wp-content\/uploads\/2025\/03\/LE-CREUSET-Tegame-Risotto-Evolution-in-Ghisa-30-cm-Sea-Salt.jpg","type":"image\/jpeg"}],"twitter_card":"summary_large_image","schema":{"@context":"https:\/\/schema.org","@graph":[{"@type":"WebPage","@id":"https:\/\/www.erresse-shop.it\/fr\/shop\/poeles-pots\/sauteuses-et-faitout\/le-creuset-poele-a-risotto-evolution-en-fonte-30-cm-meringue-copia\/","url":"https:\/\/www.erresse-shop.it\/fr\/shop\/poeles-pots\/sauteuses-et-faitout\/le-creuset-poele-a-risotto-evolution-en-fonte-30-cm-meringue-copia\/","name":"LE CREUSET Faitout Risotto en fonte \u00e9maill\u00e9e 30 cm Volcanique","isPartOf":{"@id":"https:\/\/www.erresse-shop.it\/fr\/#website"},"datePublished":"2025-03-17T10:53:24+00:00","dateModified":"2025-03-17T11:02:02+00:00","description":"D\u00e9couvrez LE CREUSET Faitout Risotto en fonte \u00e9maill\u00e9e 30 cm Volcanique sur ErresseShop. Qualit\u00e9, prix r\u00e9duits et achat s\u00e9curis\u00e9 \u2013 commandez d\u00e8s maintenant en ligne !","breadcrumb":{"@id":"https:\/\/www.erresse-shop.it\/fr\/shop\/poeles-pots\/sauteuses-et-faitout\/le-creuset-poele-a-risotto-evolution-en-fonte-30-cm-meringue-copia\/#breadcrumb"},"inLanguage":"fr-FR","potentialAction":[{"@type":"ReadAction","target":["https:\/\/www.erresse-shop.it\/fr\/shop\/poeles-pots\/sauteuses-et-faitout\/le-creuset-poele-a-risotto-evolution-en-fonte-30-cm-meringue-copia\/"]}]},{"@type":"BreadcrumbList","@id":"https:\/\/www.erresse-shop.it\/fr\/shop\/poeles-pots\/sauteuses-et-faitout\/le-creuset-poele-a-risotto-evolution-en-fonte-30-cm-meringue-copia\/#breadcrumb","itemListElement":[{"@type":"ListItem","position":1,"name":"Home","item":"https:\/\/www.erresse-shop.it\/fr\/"},{"@type":"ListItem","position":2,"name":"Shop","item":"https:\/\/www.erresse-shop.it\/fr\/shop\/"},{"@type":"ListItem","position":3,"name":"LE CREUSET Po\u00eale \u00e0 risotto Evolution en fonte 30 cm Sea Salt"}]},{"@type":"WebSite","@id":"https:\/\/www.erresse-shop.it\/fr\/#website","url":"https:\/\/www.erresse-shop.it\/fr\/","name":"Erresse Shop","description":"Articoli di qualit\u00e0 per la casa","potentialAction":[{"@type":"SearchAction","target":{"@type":"EntryPoint","urlTemplate":"https:\/\/www.erresse-shop.it\/fr\/?s={search_term_string}"},"query-input":"required name=search_term_string"}],"inLanguage":"fr-FR"}]}},"df_price":170.55,"df_sale_price":170.55,"df_regular_price":379,"df_image_link":"https:\/\/www.erresse-shop.it\/wp-content\/uploads\/2025\/03\/LE-CREUSET-Tegame-Risotto-Evolution-in-Ghisa-30-cm-Sea-Salt-300x300.jpg","_links":{"self":[{"href":"https:\/\/www.erresse-shop.it\/fr\/wp-json\/wp\/v2\/product\/478783"}],"collection":[{"href":"https:\/\/www.erresse-shop.it\/fr\/wp-json\/wp\/v2\/product"}],"about":[{"href":"https:\/\/www.erresse-shop.it\/fr\/wp-json\/wp\/v2\/types\/product"}],"wp:featuredmedia":[{"embeddable":true,"href":"https:\/\/www.erresse-shop.it\/fr\/wp-json\/wp\/v2\/media\/478814"}],"wp:attachment":[{"href":"https:\/\/www.erresse-shop.it\/fr\/wp-json\/wp\/v2\/media?parent=478783"}],"wp:term":[{"taxonomy":"product_cat","embeddable":true,"href":"https:\/\/www.erresse-shop.it\/fr\/wp-json\/wp\/v2\/product_cat?post=478783"},{"taxonomy":"product_tag","embeddable":true,"href":"https:\/\/www.erresse-shop.it\/fr\/wp-json\/wp\/v2\/product_tag?post=478783"}],"curies":[{"name":"wp","href":"https:\/\/api.w.org\/{rel}","templated":true}]}}