{"id":478494,"date":"2025-03-17T09:05:45","date_gmt":"2025-03-17T09:05:47","guid":{"rendered":"https:\/\/www.erresse-shop.it\/?post_type=product&#038;p=478494"},"modified":"2025-11-23T18:10:08","modified_gmt":"2025-11-23T18:10:08","slug":"le-creuset-cocotte-ronde-evolution-en-fonte-emaillee-22-cm-marseille-copia","status":"publish","type":"product","link":"https:\/\/www.erresse-shop.it\/fr\/shop\/poeles-pots\/marmites-et-cocottes-poeles-pots\/le-creuset-cocotte-ronde-evolution-en-fonte-emaillee-22-cm-marseille-copia\/","title":{"rendered":"LE CREUSET Cocotte Ronde Evolution en Fonte \u00c9maill\u00e9e 22 cm Sea Salt"},"content":{"rendered":"<p><strong>LA REINE DE LA CUISINE<\/strong><br \/>\nElle fait craquer les cuisiniers et les chefs du monde entier depuis pr\u00e8s d&#8217;un si\u00e8cle : c&#8217;est la cocotte Le Creuset, un authentique classique. Parfaitement con\u00e7u pour faire de chaque recette un chef-d&#8217;\u0153uvre de go\u00fbt, il sera votre ins\u00e9parable alli\u00e9 pour la pr\u00e9paration de rago\u00fbts, de r\u00f4tis, de soupes et de casseroles, mais aussi pour la cuisson au four.<\/p>\n<p>La cocotte ronde Le Creuset Evolution est indispensable dans toutes les cuisines pour pr\u00e9parer des plats savoureux et sains ! Gr\u00e2ce \u00e0 sa polyvalence, la cocotte ronde Le Creuset deviendra votre alli\u00e9e de tous les jours pour cuisiner des l\u00e9gumes, des risottos, des sauces, du pain et mille autres recettes pour surprendre tous vos invit\u00e9s.<br \/>\nLa fonte \u00e9maill\u00e9e, \u00e9tant un excellent conducteur de chaleur, est l&#8217;un des meilleurs mat\u00e9riaux \u00e0 utiliser dans la cuisine. En outre, le fond, les parois et le couvercle ont la m\u00eame \u00e9paisseur, ce qui garantit une absorption et une r\u00e9partition homog\u00e8nes de la chaleur, sans cr\u00e9er de zones surchauff\u00e9es. Par cons\u00e9quent, les aliments ne br\u00fblent pas et ne restent pas crus \u00e0 l&#8217;int\u00e9rieur. En outre, ils ne perdent pas leur liquide \u00e0 la cuisson, ce qui permet de pr\u00e9server leurs nutriments et leurs vitamines.<\/p>\n<p>G\u00e9n\u00e9ration apr\u00e8s g\u00e9n\u00e9ration, la cocotte en fonte \u00e9maill\u00e9e Le Creuset est devenue synonyme de bonne cuisine et de grande qualit\u00e9, apportant une cuisine saine sur les tables et dans les cuisines du monde entier, \u00e0 la hauteur des meilleures recettes.<\/p>\n<p><strong>Propri\u00e9t\u00e9s des cocottes en fonte \u00e9maill\u00e9e<\/strong><\/p>\n<p>&#8211; R\u00e9partition uniforme de la chaleur sans zones de surchauffe.<br \/>\n&#8211; Excellente r\u00e9tention de la chaleur.<br \/>\n&#8211; Bouton en acier inoxydable r\u00e9sistant \u00e0 toutes les temp\u00e9ratures.<br \/>\n&#8211; Poign\u00e9es con\u00e7ues pour une prise en main optimale.<br \/>\n&#8211; Surface int\u00e9rieure et ext\u00e9rieure \u00e9maill\u00e9e. N&#8217;absorbe pas l&#8217;humidit\u00e9, le go\u00fbt ou l&#8217;odeur des aliments.<br \/>\n&#8211; Recommand\u00e9 par les grands chefs et les blogueurs pour la cuisson du pain.<br \/>\n&#8211; Nettoyage facile.<br \/>\n&#8211; Durabilit\u00e9 exceptionnelle.<\/p>\n<p>Mat\u00e9riau : fonte vitrifi\u00e9e<br \/>\nFabriqu\u00e9 en : France<br \/>\nGarantie : \u00e0 vie<\/p>\n<p><strong>Source de chaleur :<\/strong><\/p>\n<ul>\n<li>Four<\/li>\n<li>Mode gril du four<\/li>\n<li>Table de cuisson \u00e9lectrique<\/li>\n<li>Verre c\u00e9ramique<\/li>\n<li>Table de cuisson \u00e0 gaz<\/li>\n<li>Plaque \u00e0 induction<\/li>\n<\/ul>\n<p><strong>Nettoyage et entretien :<\/strong><\/p>\n<p>Attendez que le produit refroidisse avant de commencer \u00e0 le nettoyer.<br \/>\nNettoyez les restes de la base et des c\u00f4t\u00e9s du produit. Si des aliments y sont coll\u00e9s, remplissez le produit d&#8217;eau chaude savonneuse et laissez-le tremper pendant 15 \u00e0 20 minutes avant de le laver comme d&#8217;habitude.<br \/>\nN&#8217;utilisez pas de nettoyants abrasifs ni d&#8217;\u00e9ponges ou de brosses m\u00e9talliques tr\u00e8s rigides sur aucune des surfaces.<br \/>\nBien s\u00e9cher apr\u00e8s le lavage et conserver dans un endroit sec.<\/p>\n<div class=\"su-youtube su-u-responsive-media-yes\"><iframe loading=\"lazy\" width=\"500\" height=\"200\" src=\"https:\/\/www.youtube.com\/embed\/YoiKOay1xos?\" frameborder=\"0\" allowfullscreen allow=\"autoplay; encrypted-media; picture-in-picture\" title=\"\"><\/iframe><\/div>\n","protected":false},"excerpt":{"rendered":"<p>LA REINE DE LA CUISINE Elle fait craquer les cuisiniers et les chefs du monde entier depuis pr\u00e8s d&#8217;un si\u00e8cle<\/p>\n","protected":false},"featured_media":478524,"template":"","meta":{"_acf_changed":false,"inline_featured_image":false},"product_cat":[12458,14792],"product_tag":[25086,21529,25021,14826,12994,12460,12461,12465,12466,12468,12469],"acf":[],"yoast_head":"<!-- This site is optimized with the Yoast SEO Premium plugin v18.6 (Yoast SEO v19.13) - https:\/\/yoast.com\/wordpress\/plugins\/seo\/ -->\n<title>LE CREUSET Cocotte Ronde Evolution en Fonte \u00c9maill\u00e9e 22 cm Sea Salt - Erresse Shop<\/title>\n<meta name=\"description\" content=\"LA REINE DE LA CUISINE Elle fait craquer les cuisiniers et les chefs du monde entier depuis pr\u00e8s d&#039;un si\u00e8cle : c&#039;est la cocotte Le Creuset, un authentique\" \/>\n<meta name=\"robots\" content=\"index, follow, max-snippet:-1, max-image-preview:large, max-video-preview:-1\" \/>\n<link rel=\"canonical\" href=\"https:\/\/www.erresse-shop.it\/fr\/shop\/poeles-pots\/marmites-et-cocottes-poeles-pots\/le-creuset-cocotte-ronde-evolution-en-fonte-emaillee-22-cm-marseille-copia\/\" \/>\n<meta property=\"og:locale\" content=\"fr_FR\" \/>\n<meta property=\"og:type\" content=\"article\" \/>\n<meta property=\"og:title\" content=\"LE CREUSET Cocotte Ronde Evolution en Fonte \u00c9maill\u00e9e 22 cm Sea Salt\" \/>\n<meta property=\"og:description\" content=\"LA REINE DE LA CUISINE Elle fait craquer les cuisiniers et les chefs du monde entier depuis pr\u00e8s d&#039;un si\u00e8cle : c&#039;est la cocotte Le Creuset, un authentique\" \/>\n<meta property=\"og:url\" content=\"https:\/\/www.erresse-shop.it\/fr\/shop\/poeles-pots\/marmites-et-cocottes-poeles-pots\/le-creuset-cocotte-ronde-evolution-en-fonte-emaillee-22-cm-marseille-copia\/\" \/>\n<meta property=\"og:site_name\" content=\"Erresse Shop\" \/>\n<meta property=\"article:modified_time\" content=\"2025-11-23T18:10:08+00:00\" \/>\n<meta property=\"og:image\" content=\"https:\/\/www.erresse-shop.it\/wp-content\/uploads\/2025\/03\/LE-CREUSET-Cocotte-Rotonda-Evolution-in-Ghisa-22-cm-Sea-Salt.jpg\" \/>\n\t<meta property=\"og:image:width\" content=\"1200\" \/>\n\t<meta property=\"og:image:height\" content=\"1200\" \/>\n\t<meta property=\"og:image:type\" content=\"image\/jpeg\" \/>\n<meta name=\"twitter:card\" content=\"summary_large_image\" \/>\n<script type=\"application\/ld+json\" class=\"yoast-schema-graph\">{\"@context\":\"https:\/\/schema.org\",\"@graph\":[{\"@type\":\"WebPage\",\"@id\":\"https:\/\/www.erresse-shop.it\/fr\/shop\/poeles-pots\/marmites-et-cocottes-poeles-pots\/le-creuset-cocotte-ronde-evolution-en-fonte-emaillee-22-cm-marseille-copia\/\",\"url\":\"https:\/\/www.erresse-shop.it\/fr\/shop\/poeles-pots\/marmites-et-cocottes-poeles-pots\/le-creuset-cocotte-ronde-evolution-en-fonte-emaillee-22-cm-marseille-copia\/\",\"name\":\"LE CREUSET Cocotte Ronde Evolution en Fonte \u00c9maill\u00e9e 22 cm Sea Salt - Erresse Shop\",\"isPartOf\":{\"@id\":\"https:\/\/www.erresse-shop.it\/fr\/#website\"},\"datePublished\":\"2025-03-17T09:05:47+00:00\",\"dateModified\":\"2025-11-23T18:10:08+00:00\",\"description\":\"LA REINE DE LA CUISINE Elle fait craquer les cuisiniers et les chefs du monde entier depuis pr\u00e8s d'un si\u00e8cle : c'est la cocotte Le Creuset, un authentique\",\"breadcrumb\":{\"@id\":\"https:\/\/www.erresse-shop.it\/fr\/shop\/poeles-pots\/marmites-et-cocottes-poeles-pots\/le-creuset-cocotte-ronde-evolution-en-fonte-emaillee-22-cm-marseille-copia\/#breadcrumb\"},\"inLanguage\":\"fr-FR\",\"potentialAction\":[{\"@type\":\"ReadAction\",\"target\":[\"https:\/\/www.erresse-shop.it\/fr\/shop\/poeles-pots\/marmites-et-cocottes-poeles-pots\/le-creuset-cocotte-ronde-evolution-en-fonte-emaillee-22-cm-marseille-copia\/\"]}]},{\"@type\":\"BreadcrumbList\",\"@id\":\"https:\/\/www.erresse-shop.it\/fr\/shop\/poeles-pots\/marmites-et-cocottes-poeles-pots\/le-creuset-cocotte-ronde-evolution-en-fonte-emaillee-22-cm-marseille-copia\/#breadcrumb\",\"itemListElement\":[{\"@type\":\"ListItem\",\"position\":1,\"name\":\"Home\",\"item\":\"https:\/\/www.erresse-shop.it\/fr\/\"},{\"@type\":\"ListItem\",\"position\":2,\"name\":\"Shop\",\"item\":\"https:\/\/www.erresse-shop.it\/fr\/shop\/\"},{\"@type\":\"ListItem\",\"position\":3,\"name\":\"LE CREUSET Cocotte Ronde Evolution en Fonte \u00c9maill\u00e9e 22 cm Sea Salt\"}]},{\"@type\":\"WebSite\",\"@id\":\"https:\/\/www.erresse-shop.it\/fr\/#website\",\"url\":\"https:\/\/www.erresse-shop.it\/fr\/\",\"name\":\"Erresse Shop\",\"description\":\"Articoli di qualit\u00e0 per la casa\",\"potentialAction\":[{\"@type\":\"SearchAction\",\"target\":{\"@type\":\"EntryPoint\",\"urlTemplate\":\"https:\/\/www.erresse-shop.it\/fr\/?s={search_term_string}\"},\"query-input\":\"required name=search_term_string\"}],\"inLanguage\":\"fr-FR\"}]}<\/script>\n<!-- \/ Yoast SEO Premium plugin. -->","yoast_head_json":{"title":"LE CREUSET Cocotte Ronde Evolution en Fonte \u00c9maill\u00e9e 22 cm Sea Salt - Erresse Shop","description":"LA REINE DE LA CUISINE Elle fait craquer les cuisiniers et les chefs du monde entier depuis pr\u00e8s d'un si\u00e8cle : c'est la cocotte Le Creuset, un authentique","robots":{"index":"index","follow":"follow","max-snippet":"max-snippet:-1","max-image-preview":"max-image-preview:large","max-video-preview":"max-video-preview:-1"},"canonical":"https:\/\/www.erresse-shop.it\/fr\/shop\/poeles-pots\/marmites-et-cocottes-poeles-pots\/le-creuset-cocotte-ronde-evolution-en-fonte-emaillee-22-cm-marseille-copia\/","og_locale":"fr_FR","og_type":"article","og_title":"LE CREUSET Cocotte Ronde Evolution en Fonte \u00c9maill\u00e9e 22 cm Sea Salt","og_description":"LA REINE DE LA CUISINE Elle fait craquer les cuisiniers et les chefs du monde entier depuis pr\u00e8s d'un si\u00e8cle : c'est la cocotte Le Creuset, un authentique","og_url":"https:\/\/www.erresse-shop.it\/fr\/shop\/poeles-pots\/marmites-et-cocottes-poeles-pots\/le-creuset-cocotte-ronde-evolution-en-fonte-emaillee-22-cm-marseille-copia\/","og_site_name":"Erresse Shop","article_modified_time":"2025-11-23T18:10:08+00:00","og_image":[{"width":1200,"height":1200,"url":"https:\/\/www.erresse-shop.it\/wp-content\/uploads\/2025\/03\/LE-CREUSET-Cocotte-Rotonda-Evolution-in-Ghisa-22-cm-Sea-Salt.jpg","type":"image\/jpeg"}],"twitter_card":"summary_large_image","schema":{"@context":"https:\/\/schema.org","@graph":[{"@type":"WebPage","@id":"https:\/\/www.erresse-shop.it\/fr\/shop\/poeles-pots\/marmites-et-cocottes-poeles-pots\/le-creuset-cocotte-ronde-evolution-en-fonte-emaillee-22-cm-marseille-copia\/","url":"https:\/\/www.erresse-shop.it\/fr\/shop\/poeles-pots\/marmites-et-cocottes-poeles-pots\/le-creuset-cocotte-ronde-evolution-en-fonte-emaillee-22-cm-marseille-copia\/","name":"LE CREUSET Cocotte Ronde Evolution en Fonte \u00c9maill\u00e9e 22 cm Sea Salt - Erresse Shop","isPartOf":{"@id":"https:\/\/www.erresse-shop.it\/fr\/#website"},"datePublished":"2025-03-17T09:05:47+00:00","dateModified":"2025-11-23T18:10:08+00:00","description":"LA REINE DE LA CUISINE Elle fait craquer les cuisiniers et les chefs du monde entier depuis pr\u00e8s d'un si\u00e8cle : c'est la cocotte Le Creuset, un authentique","breadcrumb":{"@id":"https:\/\/www.erresse-shop.it\/fr\/shop\/poeles-pots\/marmites-et-cocottes-poeles-pots\/le-creuset-cocotte-ronde-evolution-en-fonte-emaillee-22-cm-marseille-copia\/#breadcrumb"},"inLanguage":"fr-FR","potentialAction":[{"@type":"ReadAction","target":["https:\/\/www.erresse-shop.it\/fr\/shop\/poeles-pots\/marmites-et-cocottes-poeles-pots\/le-creuset-cocotte-ronde-evolution-en-fonte-emaillee-22-cm-marseille-copia\/"]}]},{"@type":"BreadcrumbList","@id":"https:\/\/www.erresse-shop.it\/fr\/shop\/poeles-pots\/marmites-et-cocottes-poeles-pots\/le-creuset-cocotte-ronde-evolution-en-fonte-emaillee-22-cm-marseille-copia\/#breadcrumb","itemListElement":[{"@type":"ListItem","position":1,"name":"Home","item":"https:\/\/www.erresse-shop.it\/fr\/"},{"@type":"ListItem","position":2,"name":"Shop","item":"https:\/\/www.erresse-shop.it\/fr\/shop\/"},{"@type":"ListItem","position":3,"name":"LE CREUSET Cocotte Ronde Evolution en Fonte \u00c9maill\u00e9e 22 cm Sea Salt"}]},{"@type":"WebSite","@id":"https:\/\/www.erresse-shop.it\/fr\/#website","url":"https:\/\/www.erresse-shop.it\/fr\/","name":"Erresse Shop","description":"Articoli di qualit\u00e0 per la casa","potentialAction":[{"@type":"SearchAction","target":{"@type":"EntryPoint","urlTemplate":"https:\/\/www.erresse-shop.it\/fr\/?s={search_term_string}"},"query-input":"required name=search_term_string"}],"inLanguage":"fr-FR"}]}},"df_price":139.05,"df_sale_price":139.05,"df_regular_price":309,"df_image_link":"https:\/\/www.erresse-shop.it\/wp-content\/uploads\/2025\/03\/LE-CREUSET-Cocotte-Rotonda-Evolution-in-Ghisa-22-cm-Sea-Salt-300x300.jpg","_links":{"self":[{"href":"https:\/\/www.erresse-shop.it\/fr\/wp-json\/wp\/v2\/product\/478494"}],"collection":[{"href":"https:\/\/www.erresse-shop.it\/fr\/wp-json\/wp\/v2\/product"}],"about":[{"href":"https:\/\/www.erresse-shop.it\/fr\/wp-json\/wp\/v2\/types\/product"}],"wp:featuredmedia":[{"embeddable":true,"href":"https:\/\/www.erresse-shop.it\/fr\/wp-json\/wp\/v2\/media\/478524"}],"wp:attachment":[{"href":"https:\/\/www.erresse-shop.it\/fr\/wp-json\/wp\/v2\/media?parent=478494"}],"wp:term":[{"taxonomy":"product_cat","embeddable":true,"href":"https:\/\/www.erresse-shop.it\/fr\/wp-json\/wp\/v2\/product_cat?post=478494"},{"taxonomy":"product_tag","embeddable":true,"href":"https:\/\/www.erresse-shop.it\/fr\/wp-json\/wp\/v2\/product_tag?post=478494"}],"curies":[{"name":"wp","href":"https:\/\/api.w.org\/{rel}","templated":true}]}}