{"id":478137,"date":"2025-03-14T14:44:43","date_gmt":"2025-03-14T14:44:46","guid":{"rendered":"https:\/\/www.erresse-shop.it\/?post_type=product&#038;p=478137"},"modified":"2026-02-23T08:52:25","modified_gmt":"2026-02-23T08:52:25","slug":"le-creuset-poele-a-griller-carree-skillet-evolution-26x26-cm-sea-salt","status":"publish","type":"product","link":"https:\/\/www.erresse-shop.it\/fr\/shop\/poeles-pots\/grils-a-steak\/le-creuset-poele-a-griller-carree-skillet-evolution-26x26-cm-sea-salt\/","title":{"rendered":"LE CREUSET Po\u00eale \u00e0 griller carr\u00e9e Skillet Evolution 26&#215;26 cm Sea Salt"},"content":{"rendered":"<p>La bonne taille pour toute la famille ! Avec le gril rectangulaire, vous pr\u00e9parerez de la viande et du poisson pour tous, rapidement et surtout sainement. Profitez des grillades quand vous le souhaitez et sur n&#8217;importe quelle source de chaleur !<br \/>\nLe Creuset propose une large gamme de plaques de cuisson en fonte, la plus importante du march\u00e9. Optez pour une cuisine saine et pauvre en graisses : cette po\u00eale ne n\u00e9cessite qu&#8217;un peu d&#8217;huile ! Les casseroles Le Creuset sont parfaites pour r\u00f4tir la viande, le poulet et les l\u00e9gumes, en pr\u00e9servant toute leur saveur. Ils sont extr\u00eamement pratiques et peuvent \u00eatre utilis\u00e9s au four et sur le barbecue. Notre c\u00e9l\u00e8bre gamme de fonte \u00e9maill\u00e9e permet une distribution et une r\u00e9tention parfaites de la chaleur. Le rev\u00eatement int\u00e9rieur en \u00e9mail noir est durable, hygi\u00e9nique et facile \u00e0 nettoyer. Essayez-le et les r\u00e9sultats vous surprendront.<\/p>\n<p>Caract\u00e9ristiques de la fonte \u00e9maill\u00e9e :<\/p>\n<p>&#8211; R\u00e9partition uniforme de la chaleur, sans zones de surchauffe.<br \/>\n&#8211; Excellente r\u00e9tention de la chaleur.<br \/>\n&#8211; Poign\u00e9es con\u00e7ues pour une excellente prise en main.<br \/>\n&#8211; Surfaces int\u00e9rieures et ext\u00e9rieures \u00e9maill\u00e9es. N&#8217;absorbe pas l&#8217;humidit\u00e9, le go\u00fbt ou l&#8217;odeur des aliments.<br \/>\n&#8211; Compatible avec toutes les sources de chaleur, y compris l&#8217;induction.<br \/>\n&#8211; Facile \u00e0 nettoyer.<br \/>\n&#8211; Durabilit\u00e9 exceptionnelle.<br \/>\n&#8211; Garantie \u00e0 vie.<\/p>\n<p><a href=\"https:\/\/www.youtube.com\/watch?v=HDOljJrHsg0\" target=\"_blank\" rel=\"noopener\">See Movie 1<\/a><br \/>\n<a href=\"https:\/\/www.youtube.com\/watch?v=ro9F2zRA4gE\" target=\"_blank\" rel=\"noopener\">See Movie 2<\/a><\/p>\n","protected":false},"excerpt":{"rendered":"<p>La bonne taille pour toute la famille ! Avec le gril rectangulaire, vous pr\u00e9parerez de la viande et du poisson<\/p>\n","protected":false},"featured_media":478160,"template":"","meta":{"_acf_changed":false,"inline_featured_image":false},"product_cat":[12458,12775],"product_tag":[21529,12994,12460,13269,12858,13192,12461,13387,14873,21327,13276],"acf":[],"yoast_head":"<!-- This site is optimized with the Yoast SEO Premium plugin v18.6 (Yoast SEO v19.13) - https:\/\/yoast.com\/wordpress\/plugins\/seo\/ -->\n<title>LE CREUSET Po\u00eale \u00e0 griller carr\u00e9e Skillet Evolution 26x26 cm Sea Salt - Erresse Shop<\/title>\n<meta name=\"description\" content=\"La bonne taille pour toute la famille ! Avec le gril rectangulaire, vous pr\u00e9parerez de la viande et du poisson pour tous, rapidement et surtout sainement.\" \/>\n<meta name=\"robots\" content=\"index, follow, max-snippet:-1, max-image-preview:large, max-video-preview:-1\" \/>\n<link rel=\"canonical\" href=\"https:\/\/www.erresse-shop.it\/fr\/shop\/poeles-pots\/grils-a-steak\/le-creuset-poele-a-griller-carree-skillet-evolution-26x26-cm-sea-salt\/\" \/>\n<meta property=\"og:locale\" content=\"fr_FR\" \/>\n<meta property=\"og:type\" content=\"article\" \/>\n<meta property=\"og:title\" content=\"LE CREUSET Po\u00eale \u00e0 griller carr\u00e9e Skillet Evolution 26x26 cm Sea Salt\" \/>\n<meta property=\"og:description\" content=\"La bonne taille pour toute la famille ! Avec le gril rectangulaire, vous pr\u00e9parerez de la viande et du poisson pour tous, rapidement et surtout sainement.\" \/>\n<meta property=\"og:url\" content=\"https:\/\/www.erresse-shop.it\/fr\/shop\/poeles-pots\/grils-a-steak\/le-creuset-poele-a-griller-carree-skillet-evolution-26x26-cm-sea-salt\/\" \/>\n<meta property=\"og:site_name\" content=\"Erresse Shop\" \/>\n<meta property=\"article:modified_time\" content=\"2026-02-23T08:52:25+00:00\" \/>\n<meta property=\"og:image\" content=\"https:\/\/www.erresse-shop.it\/wp-content\/uploads\/2025\/03\/LE-CREUSET-Bistecchiera-Skillet-Quadrata-Evolution-26x26-cm-Sea-Salt.jpg\" \/>\n\t<meta property=\"og:image:width\" content=\"1200\" \/>\n\t<meta property=\"og:image:height\" content=\"1200\" \/>\n\t<meta property=\"og:image:type\" content=\"image\/jpeg\" \/>\n<meta name=\"twitter:card\" content=\"summary_large_image\" \/>\n<script type=\"application\/ld+json\" class=\"yoast-schema-graph\">{\"@context\":\"https:\/\/schema.org\",\"@graph\":[{\"@type\":\"WebPage\",\"@id\":\"https:\/\/www.erresse-shop.it\/fr\/shop\/poeles-pots\/grils-a-steak\/le-creuset-poele-a-griller-carree-skillet-evolution-26x26-cm-sea-salt\/\",\"url\":\"https:\/\/www.erresse-shop.it\/fr\/shop\/poeles-pots\/grils-a-steak\/le-creuset-poele-a-griller-carree-skillet-evolution-26x26-cm-sea-salt\/\",\"name\":\"LE CREUSET Po\u00eale \u00e0 griller carr\u00e9e Skillet Evolution 26x26 cm Sea Salt - Erresse Shop\",\"isPartOf\":{\"@id\":\"https:\/\/www.erresse-shop.it\/fr\/#website\"},\"datePublished\":\"2025-03-14T14:44:46+00:00\",\"dateModified\":\"2026-02-23T08:52:25+00:00\",\"description\":\"La bonne taille pour toute la famille ! Avec le gril rectangulaire, vous pr\u00e9parerez de la viande et du poisson pour tous, rapidement et surtout sainement.\",\"breadcrumb\":{\"@id\":\"https:\/\/www.erresse-shop.it\/fr\/shop\/poeles-pots\/grils-a-steak\/le-creuset-poele-a-griller-carree-skillet-evolution-26x26-cm-sea-salt\/#breadcrumb\"},\"inLanguage\":\"fr-FR\",\"potentialAction\":[{\"@type\":\"ReadAction\",\"target\":[\"https:\/\/www.erresse-shop.it\/fr\/shop\/poeles-pots\/grils-a-steak\/le-creuset-poele-a-griller-carree-skillet-evolution-26x26-cm-sea-salt\/\"]}]},{\"@type\":\"BreadcrumbList\",\"@id\":\"https:\/\/www.erresse-shop.it\/fr\/shop\/poeles-pots\/grils-a-steak\/le-creuset-poele-a-griller-carree-skillet-evolution-26x26-cm-sea-salt\/#breadcrumb\",\"itemListElement\":[{\"@type\":\"ListItem\",\"position\":1,\"name\":\"Home\",\"item\":\"https:\/\/www.erresse-shop.it\/fr\/\"},{\"@type\":\"ListItem\",\"position\":2,\"name\":\"Shop\",\"item\":\"https:\/\/www.erresse-shop.it\/fr\/shop\/\"},{\"@type\":\"ListItem\",\"position\":3,\"name\":\"LE CREUSET Po\u00eale \u00e0 griller carr\u00e9e Skillet Evolution 26&#215;26 cm Sea Salt\"}]},{\"@type\":\"WebSite\",\"@id\":\"https:\/\/www.erresse-shop.it\/fr\/#website\",\"url\":\"https:\/\/www.erresse-shop.it\/fr\/\",\"name\":\"Erresse Shop\",\"description\":\"Articoli di qualit\u00e0 per la casa\",\"potentialAction\":[{\"@type\":\"SearchAction\",\"target\":{\"@type\":\"EntryPoint\",\"urlTemplate\":\"https:\/\/www.erresse-shop.it\/fr\/?s={search_term_string}\"},\"query-input\":\"required name=search_term_string\"}],\"inLanguage\":\"fr-FR\"}]}<\/script>\n<!-- \/ Yoast SEO Premium plugin. -->","yoast_head_json":{"title":"LE CREUSET Po\u00eale \u00e0 griller carr\u00e9e Skillet Evolution 26x26 cm Sea Salt - Erresse Shop","description":"La bonne taille pour toute la famille ! Avec le gril rectangulaire, vous pr\u00e9parerez de la viande et du poisson pour tous, rapidement et surtout sainement.","robots":{"index":"index","follow":"follow","max-snippet":"max-snippet:-1","max-image-preview":"max-image-preview:large","max-video-preview":"max-video-preview:-1"},"canonical":"https:\/\/www.erresse-shop.it\/fr\/shop\/poeles-pots\/grils-a-steak\/le-creuset-poele-a-griller-carree-skillet-evolution-26x26-cm-sea-salt\/","og_locale":"fr_FR","og_type":"article","og_title":"LE CREUSET Po\u00eale \u00e0 griller carr\u00e9e Skillet Evolution 26x26 cm Sea Salt","og_description":"La bonne taille pour toute la famille ! Avec le gril rectangulaire, vous pr\u00e9parerez de la viande et du poisson pour tous, rapidement et surtout sainement.","og_url":"https:\/\/www.erresse-shop.it\/fr\/shop\/poeles-pots\/grils-a-steak\/le-creuset-poele-a-griller-carree-skillet-evolution-26x26-cm-sea-salt\/","og_site_name":"Erresse Shop","article_modified_time":"2026-02-23T08:52:25+00:00","og_image":[{"width":1200,"height":1200,"url":"https:\/\/www.erresse-shop.it\/wp-content\/uploads\/2025\/03\/LE-CREUSET-Bistecchiera-Skillet-Quadrata-Evolution-26x26-cm-Sea-Salt.jpg","type":"image\/jpeg"}],"twitter_card":"summary_large_image","schema":{"@context":"https:\/\/schema.org","@graph":[{"@type":"WebPage","@id":"https:\/\/www.erresse-shop.it\/fr\/shop\/poeles-pots\/grils-a-steak\/le-creuset-poele-a-griller-carree-skillet-evolution-26x26-cm-sea-salt\/","url":"https:\/\/www.erresse-shop.it\/fr\/shop\/poeles-pots\/grils-a-steak\/le-creuset-poele-a-griller-carree-skillet-evolution-26x26-cm-sea-salt\/","name":"LE CREUSET Po\u00eale \u00e0 griller carr\u00e9e Skillet Evolution 26x26 cm Sea Salt - Erresse Shop","isPartOf":{"@id":"https:\/\/www.erresse-shop.it\/fr\/#website"},"datePublished":"2025-03-14T14:44:46+00:00","dateModified":"2026-02-23T08:52:25+00:00","description":"La bonne taille pour toute la famille ! Avec le gril rectangulaire, vous pr\u00e9parerez de la viande et du poisson pour tous, rapidement et surtout sainement.","breadcrumb":{"@id":"https:\/\/www.erresse-shop.it\/fr\/shop\/poeles-pots\/grils-a-steak\/le-creuset-poele-a-griller-carree-skillet-evolution-26x26-cm-sea-salt\/#breadcrumb"},"inLanguage":"fr-FR","potentialAction":[{"@type":"ReadAction","target":["https:\/\/www.erresse-shop.it\/fr\/shop\/poeles-pots\/grils-a-steak\/le-creuset-poele-a-griller-carree-skillet-evolution-26x26-cm-sea-salt\/"]}]},{"@type":"BreadcrumbList","@id":"https:\/\/www.erresse-shop.it\/fr\/shop\/poeles-pots\/grils-a-steak\/le-creuset-poele-a-griller-carree-skillet-evolution-26x26-cm-sea-salt\/#breadcrumb","itemListElement":[{"@type":"ListItem","position":1,"name":"Home","item":"https:\/\/www.erresse-shop.it\/fr\/"},{"@type":"ListItem","position":2,"name":"Shop","item":"https:\/\/www.erresse-shop.it\/fr\/shop\/"},{"@type":"ListItem","position":3,"name":"LE CREUSET Po\u00eale \u00e0 griller carr\u00e9e Skillet Evolution 26&#215;26 cm Sea Salt"}]},{"@type":"WebSite","@id":"https:\/\/www.erresse-shop.it\/fr\/#website","url":"https:\/\/www.erresse-shop.it\/fr\/","name":"Erresse Shop","description":"Articoli di qualit\u00e0 per la casa","potentialAction":[{"@type":"SearchAction","target":{"@type":"EntryPoint","urlTemplate":"https:\/\/www.erresse-shop.it\/fr\/?s={search_term_string}"},"query-input":"required name=search_term_string"}],"inLanguage":"fr-FR"}]}},"df_price":132.95,"df_sale_price":132.95,"df_regular_price":185,"df_image_link":"https:\/\/www.erresse-shop.it\/wp-content\/uploads\/2025\/03\/LE-CREUSET-Bistecchiera-Skillet-Quadrata-Evolution-26x26-cm-Sea-Salt-300x300.jpg","_links":{"self":[{"href":"https:\/\/www.erresse-shop.it\/fr\/wp-json\/wp\/v2\/product\/478137"}],"collection":[{"href":"https:\/\/www.erresse-shop.it\/fr\/wp-json\/wp\/v2\/product"}],"about":[{"href":"https:\/\/www.erresse-shop.it\/fr\/wp-json\/wp\/v2\/types\/product"}],"wp:featuredmedia":[{"embeddable":true,"href":"https:\/\/www.erresse-shop.it\/fr\/wp-json\/wp\/v2\/media\/478160"}],"wp:attachment":[{"href":"https:\/\/www.erresse-shop.it\/fr\/wp-json\/wp\/v2\/media?parent=478137"}],"wp:term":[{"taxonomy":"product_cat","embeddable":true,"href":"https:\/\/www.erresse-shop.it\/fr\/wp-json\/wp\/v2\/product_cat?post=478137"},{"taxonomy":"product_tag","embeddable":true,"href":"https:\/\/www.erresse-shop.it\/fr\/wp-json\/wp\/v2\/product_tag?post=478137"}],"curies":[{"name":"wp","href":"https:\/\/api.w.org\/{rel}","templated":true}]}}