{"id":478091,"date":"2025-03-14T11:54:31","date_gmt":"2025-03-14T11:54:34","guid":{"rendered":"https:\/\/www.erresse-shop.it\/?post_type=product&#038;p=478091"},"modified":"2026-02-23T08:55:06","modified_gmt":"2026-02-23T08:55:06","slug":"le-creuset-poele-a-frire-evolution-double-bec-23-cm-sea-salt","status":"publish","type":"product","link":"https:\/\/www.erresse-shop.it\/fr\/shop\/poeles-pots\/poeles\/le-creuset-poele-a-frire-evolution-double-bec-23-cm-sea-salt\/","title":{"rendered":"LE CREUSET Po\u00eale \u00e0 frire Evolution Double Bec 23 cm Sea Salt"},"content":{"rendered":"<p>Les chefs et les cuisiniers amateurs font enti\u00e8rement confiance \u00e0 notre po\u00eale\u00a0: gr\u00e2ce \u00e0 son int\u00e9rieur en \u00e9mail noir mat, la caram\u00e9lisation atteint des r\u00e9sultats in\u00e9gal\u00e9s. Indispensable en cuisine, elle s&#8217;utilise sur la plaque de cuisson, au four et m\u00eame en mode gril, pour saisir, saisir et dorer.<\/p>\n<ul>\n<li class=\"mb-3\">Polyvalence\u00a0: ce produit convient au four, \u00e0 la cuisini\u00e8re et au four en mode gril.<\/li>\n<li class=\"mb-3\">Des plats savoureux\u00a0: la fonte \u00e9maill\u00e9e retient la chaleur pour une cuisson et un dorage uniformes. Vos d\u00e9licieuses cr\u00e9ations resteront chaudes plus longtemps, m\u00eame \u00e0 table.<\/li>\n<li class=\"mb-3\">Prise en main facile\u00a0: Les poign\u00e9es \u00e9l\u00e9gantes et confortables vous permettent de soulever votre produit en toute s\u00e9curit\u00e9.<\/li>\n<li class=\"mb-3\">Une aide pr\u00e9cieuse\u00a0: La poign\u00e9e pratique vous permet de soulever facilement votre produit et de le d\u00e9placer entre la plaque de cuisson, le four et la table.<\/li>\n<li class=\"mb-3\">Versez sans h\u00e9sitation\u00a0: Les becs verseurs lat\u00e9raux facilitent le versement (sans goutter).<\/li>\n<li class=\"mb-3\">Un arc-en-ciel de couleurs\u00a0: Disponible dans un large choix de couleurs, notre gamme ajoutera une touche de couleur \u00e0 votre cuisine.<\/li>\n<li class=\"mb-3\">Pas trop chaud\u00a0: Cuisez \u00e0 feu doux \u00e0 moyen constant pour entretenir votre produit en fonte \u00e9maill\u00e9e et obtenir des r\u00e9sultats d\u00e9licieux.<\/li>\n<li class=\"mb-3\">\u00c0 vous de choisir\u00a0: Disponible en diff\u00e9rentes tailles pour s&#8217;adapter \u00e0 vos besoins culinaires.<\/li>\n<li class=\"mb-3\">Se bonifie avec le temps\u00a0: L&#8217;int\u00e9rieur \u00e9maill\u00e9 se d\u00e9veloppe Une patine naturelle qui agit presque comme une surface antiadh\u00e9sive. Sa finition emp\u00eache les aliments d&#8217;attacher, m\u00eame avec une faible quantit\u00e9 d&#8217;huile. Lavez le produit uniquement \u00e0 l&#8217;eau pour permettre \u00e0 la patine de se d\u00e9velopper.<\/li>\n<li>Le meilleur de sa cat\u00e9gorie\u00a0: Nos produits sont fabriqu\u00e9s \u00e0 partir des meilleurs mat\u00e9riaux dans des usines du monde entier pour garantir la qualit\u00e9 que vous attendez de Le Creuset.<\/li>\n<\/ul>\n<p>Mat\u00e9riau\u00a0: Fonte vitrifi\u00e9e<br \/>\nFabriqu\u00e9 en\u00a0: France<br \/>\nGarantie\u00a0: \u00c0 vie<\/p>\n<p><strong>Source de chaleur\u00a0:<\/strong><\/p>\n<ul>\n<li>Four<\/li>\n<li>Four grill<\/li>\n<li>Plaque de cuisson \u00e9lectrique<\/li>\n<li>Vitroc\u00e9ramique<\/li>\n<li>Plaque de cuisson \u00e0 gaz<\/li>\n<li>Plaque de cuisson \u00e0 induction<\/li>\n<\/ul>\n<p><strong>Nettoyage et entretien\u00a0:<\/strong><\/p>\n<ul>\n<li>Attendez que le produit refroidisse avant de commencer le nettoyage.<\/li>\n<li>Essuyez tout r\u00e9sidu sur la base et les parois du produit. Si des aliments sont coinc\u00e9s, remplissez le produit d&#8217;eau chaude savonneuse et laissez-le tremper 15 \u00e0 20 minutes avant de le laver comme d&#8217;habitude.<\/li>\n<li>N&#8217;utilisez pas de nettoyants abrasifs, ni d&#8217;\u00e9ponges ou de brosses m\u00e9talliques, abrasives ou tr\u00e8s dures sur les surfaces.<\/li>\n<li>S\u00e9chez soigneusement apr\u00e8s le lavage et rangez-le dans un endroit sec.<\/li>\n<\/ul>\n<p><strong>Dimensions\u00a0:<\/strong><\/p>\n<div class=\"row\">\n<div class=\"col-12 d-flex\">\n<div class=\"col-6 pl-0 border-image-top-2 py-1-2 length\">Longueur\u00a0: 40,7 cm<\/div>\n<\/div>\n<\/div>\n<div class=\"row\">\n<div class=\"col-12 d-flex\">\n<div class=\"col-6 pl-0 border-image-top-2 py-1-2 width\">Largeur\u00a0: 26,9 cm<\/div>\n<\/div>\n<\/div>\n<div class=\"row\">\n<div class=\"col-12 d-flex\">\n<div class=\"col-6 pl-0 border-image-top-2 py-1-2 height\">Hauteur\u00a0: 5\u00a0cm<\/div>\n<\/div>\n<\/div>\n<div class=\"row\">\n<div class=\"col-12 d-flex\">\n<div class=\"col-6 pl-0 border-image-top-2 py-1-2 depth\">Profondeur\u00a0: 3,4\u00a0cm<\/div>\n<\/div>\n<\/div>\n","protected":false},"excerpt":{"rendered":"<p>Les chefs et les cuisiniers amateurs font enti\u00e8rement confiance \u00e0 notre po\u00eale\u00a0: gr\u00e2ce \u00e0 son int\u00e9rieur en \u00e9mail noir mat,<\/p>\n","protected":false},"featured_media":478117,"template":"","meta":{"_acf_changed":false,"inline_featured_image":false},"product_cat":[12458,14802],"product_tag":[21529,12994,12460,12461,13178],"acf":[],"yoast_head":"<!-- This site is optimized with the Yoast SEO Premium plugin v18.6 (Yoast SEO v19.13) - https:\/\/yoast.com\/wordpress\/plugins\/seo\/ -->\n<title>LE CREUSET Po\u00eale \u00e0 frire Evolution Double Bec 23 cm Sea Salt - Erresse Shop<\/title>\n<meta name=\"description\" content=\"Les chefs et les cuisiniers amateurs font enti\u00e8rement confiance \u00e0 notre po\u00eale\u00a0: gr\u00e2ce \u00e0 son int\u00e9rieur en \u00e9mail noir mat, la caram\u00e9lisation atteint des\" \/>\n<meta name=\"robots\" content=\"index, follow, max-snippet:-1, max-image-preview:large, max-video-preview:-1\" \/>\n<link rel=\"canonical\" href=\"https:\/\/www.erresse-shop.it\/fr\/shop\/poeles-pots\/poeles\/le-creuset-poele-a-frire-evolution-double-bec-23-cm-sea-salt\/\" \/>\n<meta property=\"og:locale\" content=\"fr_FR\" \/>\n<meta property=\"og:type\" content=\"article\" \/>\n<meta property=\"og:title\" content=\"LE CREUSET Po\u00eale \u00e0 frire Evolution Double Bec 23 cm Sea Salt\" \/>\n<meta property=\"og:description\" content=\"Les chefs et les cuisiniers amateurs font enti\u00e8rement confiance \u00e0 notre po\u00eale\u00a0: gr\u00e2ce \u00e0 son int\u00e9rieur en \u00e9mail noir mat, la caram\u00e9lisation atteint des\" \/>\n<meta property=\"og:url\" content=\"https:\/\/www.erresse-shop.it\/fr\/shop\/poeles-pots\/poeles\/le-creuset-poele-a-frire-evolution-double-bec-23-cm-sea-salt\/\" \/>\n<meta property=\"og:site_name\" content=\"Erresse Shop\" \/>\n<meta property=\"article:modified_time\" content=\"2026-02-23T08:55:06+00:00\" \/>\n<meta property=\"og:image\" content=\"https:\/\/www.erresse-shop.it\/wp-content\/uploads\/2025\/03\/LE-CREUSET-Padella-Evolution-Doppio-Becco-23-cm-Sea-Salt.jpg\" \/>\n\t<meta property=\"og:image:width\" content=\"1200\" \/>\n\t<meta property=\"og:image:height\" content=\"1200\" \/>\n\t<meta property=\"og:image:type\" content=\"image\/jpeg\" \/>\n<meta name=\"twitter:card\" content=\"summary_large_image\" \/>\n<script type=\"application\/ld+json\" class=\"yoast-schema-graph\">{\"@context\":\"https:\/\/schema.org\",\"@graph\":[{\"@type\":\"WebPage\",\"@id\":\"https:\/\/www.erresse-shop.it\/fr\/shop\/poeles-pots\/poeles\/le-creuset-poele-a-frire-evolution-double-bec-23-cm-sea-salt\/\",\"url\":\"https:\/\/www.erresse-shop.it\/fr\/shop\/poeles-pots\/poeles\/le-creuset-poele-a-frire-evolution-double-bec-23-cm-sea-salt\/\",\"name\":\"LE CREUSET Po\u00eale \u00e0 frire Evolution Double Bec 23 cm Sea Salt - Erresse Shop\",\"isPartOf\":{\"@id\":\"https:\/\/www.erresse-shop.it\/fr\/#website\"},\"datePublished\":\"2025-03-14T11:54:34+00:00\",\"dateModified\":\"2026-02-23T08:55:06+00:00\",\"description\":\"Les chefs et les cuisiniers amateurs font enti\u00e8rement confiance \u00e0 notre po\u00eale\u00a0: gr\u00e2ce \u00e0 son int\u00e9rieur en \u00e9mail noir mat, la caram\u00e9lisation atteint des\",\"breadcrumb\":{\"@id\":\"https:\/\/www.erresse-shop.it\/fr\/shop\/poeles-pots\/poeles\/le-creuset-poele-a-frire-evolution-double-bec-23-cm-sea-salt\/#breadcrumb\"},\"inLanguage\":\"fr-FR\",\"potentialAction\":[{\"@type\":\"ReadAction\",\"target\":[\"https:\/\/www.erresse-shop.it\/fr\/shop\/poeles-pots\/poeles\/le-creuset-poele-a-frire-evolution-double-bec-23-cm-sea-salt\/\"]}]},{\"@type\":\"BreadcrumbList\",\"@id\":\"https:\/\/www.erresse-shop.it\/fr\/shop\/poeles-pots\/poeles\/le-creuset-poele-a-frire-evolution-double-bec-23-cm-sea-salt\/#breadcrumb\",\"itemListElement\":[{\"@type\":\"ListItem\",\"position\":1,\"name\":\"Home\",\"item\":\"https:\/\/www.erresse-shop.it\/fr\/\"},{\"@type\":\"ListItem\",\"position\":2,\"name\":\"Shop\",\"item\":\"https:\/\/www.erresse-shop.it\/fr\/shop\/\"},{\"@type\":\"ListItem\",\"position\":3,\"name\":\"LE CREUSET Po\u00eale \u00e0 frire Evolution Double Bec 23 cm Sea Salt\"}]},{\"@type\":\"WebSite\",\"@id\":\"https:\/\/www.erresse-shop.it\/fr\/#website\",\"url\":\"https:\/\/www.erresse-shop.it\/fr\/\",\"name\":\"Erresse Shop\",\"description\":\"Articoli di qualit\u00e0 per la casa\",\"potentialAction\":[{\"@type\":\"SearchAction\",\"target\":{\"@type\":\"EntryPoint\",\"urlTemplate\":\"https:\/\/www.erresse-shop.it\/fr\/?s={search_term_string}\"},\"query-input\":\"required name=search_term_string\"}],\"inLanguage\":\"fr-FR\"}]}<\/script>\n<!-- \/ Yoast SEO Premium plugin. -->","yoast_head_json":{"title":"LE CREUSET Po\u00eale \u00e0 frire Evolution Double Bec 23 cm Sea Salt - Erresse Shop","description":"Les chefs et les cuisiniers amateurs font enti\u00e8rement confiance \u00e0 notre po\u00eale\u00a0: gr\u00e2ce \u00e0 son int\u00e9rieur en \u00e9mail noir mat, la caram\u00e9lisation atteint des","robots":{"index":"index","follow":"follow","max-snippet":"max-snippet:-1","max-image-preview":"max-image-preview:large","max-video-preview":"max-video-preview:-1"},"canonical":"https:\/\/www.erresse-shop.it\/fr\/shop\/poeles-pots\/poeles\/le-creuset-poele-a-frire-evolution-double-bec-23-cm-sea-salt\/","og_locale":"fr_FR","og_type":"article","og_title":"LE CREUSET Po\u00eale \u00e0 frire Evolution Double Bec 23 cm Sea Salt","og_description":"Les chefs et les cuisiniers amateurs font enti\u00e8rement confiance \u00e0 notre po\u00eale\u00a0: gr\u00e2ce \u00e0 son int\u00e9rieur en \u00e9mail noir mat, la caram\u00e9lisation atteint des","og_url":"https:\/\/www.erresse-shop.it\/fr\/shop\/poeles-pots\/poeles\/le-creuset-poele-a-frire-evolution-double-bec-23-cm-sea-salt\/","og_site_name":"Erresse Shop","article_modified_time":"2026-02-23T08:55:06+00:00","og_image":[{"width":1200,"height":1200,"url":"https:\/\/www.erresse-shop.it\/wp-content\/uploads\/2025\/03\/LE-CREUSET-Padella-Evolution-Doppio-Becco-23-cm-Sea-Salt.jpg","type":"image\/jpeg"}],"twitter_card":"summary_large_image","schema":{"@context":"https:\/\/schema.org","@graph":[{"@type":"WebPage","@id":"https:\/\/www.erresse-shop.it\/fr\/shop\/poeles-pots\/poeles\/le-creuset-poele-a-frire-evolution-double-bec-23-cm-sea-salt\/","url":"https:\/\/www.erresse-shop.it\/fr\/shop\/poeles-pots\/poeles\/le-creuset-poele-a-frire-evolution-double-bec-23-cm-sea-salt\/","name":"LE CREUSET Po\u00eale \u00e0 frire Evolution Double Bec 23 cm Sea Salt - Erresse Shop","isPartOf":{"@id":"https:\/\/www.erresse-shop.it\/fr\/#website"},"datePublished":"2025-03-14T11:54:34+00:00","dateModified":"2026-02-23T08:55:06+00:00","description":"Les chefs et les cuisiniers amateurs font enti\u00e8rement confiance \u00e0 notre po\u00eale\u00a0: gr\u00e2ce \u00e0 son int\u00e9rieur en \u00e9mail noir mat, la caram\u00e9lisation atteint des","breadcrumb":{"@id":"https:\/\/www.erresse-shop.it\/fr\/shop\/poeles-pots\/poeles\/le-creuset-poele-a-frire-evolution-double-bec-23-cm-sea-salt\/#breadcrumb"},"inLanguage":"fr-FR","potentialAction":[{"@type":"ReadAction","target":["https:\/\/www.erresse-shop.it\/fr\/shop\/poeles-pots\/poeles\/le-creuset-poele-a-frire-evolution-double-bec-23-cm-sea-salt\/"]}]},{"@type":"BreadcrumbList","@id":"https:\/\/www.erresse-shop.it\/fr\/shop\/poeles-pots\/poeles\/le-creuset-poele-a-frire-evolution-double-bec-23-cm-sea-salt\/#breadcrumb","itemListElement":[{"@type":"ListItem","position":1,"name":"Home","item":"https:\/\/www.erresse-shop.it\/fr\/"},{"@type":"ListItem","position":2,"name":"Shop","item":"https:\/\/www.erresse-shop.it\/fr\/shop\/"},{"@type":"ListItem","position":3,"name":"LE CREUSET Po\u00eale \u00e0 frire Evolution Double Bec 23 cm Sea Salt"}]},{"@type":"WebSite","@id":"https:\/\/www.erresse-shop.it\/fr\/#website","url":"https:\/\/www.erresse-shop.it\/fr\/","name":"Erresse Shop","description":"Articoli di qualit\u00e0 per la casa","potentialAction":[{"@type":"SearchAction","target":{"@type":"EntryPoint","urlTemplate":"https:\/\/www.erresse-shop.it\/fr\/?s={search_term_string}"},"query-input":"required name=search_term_string"}],"inLanguage":"fr-FR"}]}},"df_price":112.95,"df_sale_price":112.95,"df_regular_price":175,"df_image_link":"https:\/\/www.erresse-shop.it\/wp-content\/uploads\/2025\/03\/LE-CREUSET-Padella-Evolution-Doppio-Becco-23-cm-Sea-Salt-300x300.jpg","_links":{"self":[{"href":"https:\/\/www.erresse-shop.it\/fr\/wp-json\/wp\/v2\/product\/478091"}],"collection":[{"href":"https:\/\/www.erresse-shop.it\/fr\/wp-json\/wp\/v2\/product"}],"about":[{"href":"https:\/\/www.erresse-shop.it\/fr\/wp-json\/wp\/v2\/types\/product"}],"wp:featuredmedia":[{"embeddable":true,"href":"https:\/\/www.erresse-shop.it\/fr\/wp-json\/wp\/v2\/media\/478117"}],"wp:attachment":[{"href":"https:\/\/www.erresse-shop.it\/fr\/wp-json\/wp\/v2\/media?parent=478091"}],"wp:term":[{"taxonomy":"product_cat","embeddable":true,"href":"https:\/\/www.erresse-shop.it\/fr\/wp-json\/wp\/v2\/product_cat?post=478091"},{"taxonomy":"product_tag","embeddable":true,"href":"https:\/\/www.erresse-shop.it\/fr\/wp-json\/wp\/v2\/product_tag?post=478091"}],"curies":[{"name":"wp","href":"https:\/\/api.w.org\/{rel}","templated":true}]}}