{"id":477614,"date":"2025-03-14T06:54:32","date_gmt":"2025-03-14T06:54:33","guid":{"rendered":"https:\/\/www.erresse-shop.it\/?post_type=product&#038;p=477614"},"modified":"2025-03-14T07:09:34","modified_gmt":"2025-03-14T07:09:34","slug":"coravin-timeless-aout-premium-copia","status":"publish","type":"product","link":"https:\/\/www.erresse-shop.it\/fr\/shop\/table-fr-2\/vin\/coravin-timeless-aout-premium-copia\/","title":{"rendered":"CORAVIN Aiguille Standard"},"content":{"rendered":"<p><strong>AIGUILLE STANDARD CORAVIN<\/strong><\/p>\n<p>Aiguille standard en acier inoxydable avec rev\u00eatement en T\u00e9flon pour une durabilit\u00e9 maximale et une insertion facile pour des centaines de versements. Des aiguilles \u00e0 paroi mince con\u00e7ues avec pr\u00e9cision acc\u00e8dent au vin sans endommager le bouchon.<\/p>\n<p>Les aiguilles Coravin sont sp\u00e9cialement con\u00e7ues pour percer les bouchons naturels ou agglom\u00e9r\u00e9s et verser le vin sans ouvrir la bouteille.<\/p>\n<p>L&#8217;aiguille standard Coravin est le remplacement direct de tous les syst\u00e8mes \u00e0 l&#8217;exception du Timeless Eleven et du mod\u00e8le Pivot.<\/p>\n<p><strong>Caract\u00e9ristiques\u00a0:<\/strong><\/p>\n<ul>\n<li>Couleur de base noire<\/li>\n<li>Vitesse d&#8217;\u00e9gouttage 25 \u00e0 29 secondes<\/li>\n<li>Longueur 9,14 cm<\/li>\n<\/ul>\n","protected":false},"excerpt":{"rendered":"<p>AIGUILLE STANDARD CORAVIN Aiguille standard en acier inoxydable avec rev\u00eatement en T\u00e9flon pour une durabilit\u00e9 maximale et une insertion facile<\/p>\n","protected":false},"featured_media":477621,"template":"","meta":{"_acf_changed":false,"inline_featured_image":false},"product_cat":[25982,12782,12754],"product_tag":[25036,25021,24397,16884,23682],"acf":[],"yoast_head":"<!-- This site is optimized with the Yoast SEO Premium plugin v18.6 (Yoast SEO v19.13) - https:\/\/yoast.com\/wordpress\/plugins\/seo\/ -->\n<title>CORAVIN Aiguille Standard - Erresse Shop<\/title>\n<meta name=\"description\" content=\"AIGUILLE STANDARD CORAVIN Aiguille standard en acier inoxydable avec rev\u00eatement en T\u00e9flon pour une durabilit\u00e9 maximale et une insertion facile pour des\" \/>\n<meta name=\"robots\" content=\"index, follow, max-snippet:-1, max-image-preview:large, max-video-preview:-1\" \/>\n<link rel=\"canonical\" href=\"https:\/\/www.erresse-shop.it\/fr\/shop\/table-fr-2\/vin\/coravin-timeless-aout-premium-copia\/\" \/>\n<meta property=\"og:locale\" content=\"fr_FR\" \/>\n<meta property=\"og:type\" content=\"article\" \/>\n<meta property=\"og:title\" content=\"CORAVIN Aiguille Standard\" \/>\n<meta property=\"og:description\" content=\"AIGUILLE STANDARD CORAVIN Aiguille standard en acier inoxydable avec rev\u00eatement en T\u00e9flon pour une durabilit\u00e9 maximale et une insertion facile pour des\" \/>\n<meta property=\"og:url\" content=\"https:\/\/www.erresse-shop.it\/fr\/shop\/table-fr-2\/vin\/coravin-timeless-aout-premium-copia\/\" \/>\n<meta property=\"og:site_name\" content=\"Erresse Shop\" \/>\n<meta property=\"article:modified_time\" content=\"2025-03-14T07:09:34+00:00\" \/>\n<meta property=\"og:image\" content=\"https:\/\/www.erresse-shop.it\/wp-content\/uploads\/2025\/03\/CORAVIN-Ago-Standard.jpg\" \/>\n\t<meta property=\"og:image:width\" content=\"1200\" \/>\n\t<meta property=\"og:image:height\" content=\"1200\" \/>\n\t<meta property=\"og:image:type\" content=\"image\/jpeg\" \/>\n<meta name=\"twitter:card\" content=\"summary_large_image\" \/>\n<script type=\"application\/ld+json\" class=\"yoast-schema-graph\">{\"@context\":\"https:\/\/schema.org\",\"@graph\":[{\"@type\":\"WebPage\",\"@id\":\"https:\/\/www.erresse-shop.it\/fr\/shop\/table-fr-2\/vin\/coravin-timeless-aout-premium-copia\/\",\"url\":\"https:\/\/www.erresse-shop.it\/fr\/shop\/table-fr-2\/vin\/coravin-timeless-aout-premium-copia\/\",\"name\":\"CORAVIN Aiguille Standard - Erresse Shop\",\"isPartOf\":{\"@id\":\"https:\/\/www.erresse-shop.it\/fr\/#website\"},\"datePublished\":\"2025-03-14T06:54:33+00:00\",\"dateModified\":\"2025-03-14T07:09:34+00:00\",\"description\":\"AIGUILLE STANDARD CORAVIN Aiguille standard en acier inoxydable avec rev\u00eatement en T\u00e9flon pour une durabilit\u00e9 maximale et une insertion facile pour des\",\"breadcrumb\":{\"@id\":\"https:\/\/www.erresse-shop.it\/fr\/shop\/table-fr-2\/vin\/coravin-timeless-aout-premium-copia\/#breadcrumb\"},\"inLanguage\":\"fr-FR\",\"potentialAction\":[{\"@type\":\"ReadAction\",\"target\":[\"https:\/\/www.erresse-shop.it\/fr\/shop\/table-fr-2\/vin\/coravin-timeless-aout-premium-copia\/\"]}]},{\"@type\":\"BreadcrumbList\",\"@id\":\"https:\/\/www.erresse-shop.it\/fr\/shop\/table-fr-2\/vin\/coravin-timeless-aout-premium-copia\/#breadcrumb\",\"itemListElement\":[{\"@type\":\"ListItem\",\"position\":1,\"name\":\"Home\",\"item\":\"https:\/\/www.erresse-shop.it\/fr\/\"},{\"@type\":\"ListItem\",\"position\":2,\"name\":\"Shop\",\"item\":\"https:\/\/www.erresse-shop.it\/fr\/shop\/\"},{\"@type\":\"ListItem\",\"position\":3,\"name\":\"CORAVIN Aiguille Standard\"}]},{\"@type\":\"WebSite\",\"@id\":\"https:\/\/www.erresse-shop.it\/fr\/#website\",\"url\":\"https:\/\/www.erresse-shop.it\/fr\/\",\"name\":\"Erresse Shop\",\"description\":\"Articoli di qualit\u00e0 per la casa\",\"potentialAction\":[{\"@type\":\"SearchAction\",\"target\":{\"@type\":\"EntryPoint\",\"urlTemplate\":\"https:\/\/www.erresse-shop.it\/fr\/?s={search_term_string}\"},\"query-input\":\"required name=search_term_string\"}],\"inLanguage\":\"fr-FR\"}]}<\/script>\n<!-- \/ Yoast SEO Premium plugin. -->","yoast_head_json":{"title":"CORAVIN Aiguille Standard - Erresse Shop","description":"AIGUILLE STANDARD CORAVIN Aiguille standard en acier inoxydable avec rev\u00eatement en T\u00e9flon pour une durabilit\u00e9 maximale et une insertion facile pour des","robots":{"index":"index","follow":"follow","max-snippet":"max-snippet:-1","max-image-preview":"max-image-preview:large","max-video-preview":"max-video-preview:-1"},"canonical":"https:\/\/www.erresse-shop.it\/fr\/shop\/table-fr-2\/vin\/coravin-timeless-aout-premium-copia\/","og_locale":"fr_FR","og_type":"article","og_title":"CORAVIN Aiguille Standard","og_description":"AIGUILLE STANDARD CORAVIN Aiguille standard en acier inoxydable avec rev\u00eatement en T\u00e9flon pour une durabilit\u00e9 maximale et une insertion facile pour des","og_url":"https:\/\/www.erresse-shop.it\/fr\/shop\/table-fr-2\/vin\/coravin-timeless-aout-premium-copia\/","og_site_name":"Erresse Shop","article_modified_time":"2025-03-14T07:09:34+00:00","og_image":[{"width":1200,"height":1200,"url":"https:\/\/www.erresse-shop.it\/wp-content\/uploads\/2025\/03\/CORAVIN-Ago-Standard.jpg","type":"image\/jpeg"}],"twitter_card":"summary_large_image","schema":{"@context":"https:\/\/schema.org","@graph":[{"@type":"WebPage","@id":"https:\/\/www.erresse-shop.it\/fr\/shop\/table-fr-2\/vin\/coravin-timeless-aout-premium-copia\/","url":"https:\/\/www.erresse-shop.it\/fr\/shop\/table-fr-2\/vin\/coravin-timeless-aout-premium-copia\/","name":"CORAVIN Aiguille Standard - Erresse Shop","isPartOf":{"@id":"https:\/\/www.erresse-shop.it\/fr\/#website"},"datePublished":"2025-03-14T06:54:33+00:00","dateModified":"2025-03-14T07:09:34+00:00","description":"AIGUILLE STANDARD CORAVIN Aiguille standard en acier inoxydable avec rev\u00eatement en T\u00e9flon pour une durabilit\u00e9 maximale et une insertion facile pour des","breadcrumb":{"@id":"https:\/\/www.erresse-shop.it\/fr\/shop\/table-fr-2\/vin\/coravin-timeless-aout-premium-copia\/#breadcrumb"},"inLanguage":"fr-FR","potentialAction":[{"@type":"ReadAction","target":["https:\/\/www.erresse-shop.it\/fr\/shop\/table-fr-2\/vin\/coravin-timeless-aout-premium-copia\/"]}]},{"@type":"BreadcrumbList","@id":"https:\/\/www.erresse-shop.it\/fr\/shop\/table-fr-2\/vin\/coravin-timeless-aout-premium-copia\/#breadcrumb","itemListElement":[{"@type":"ListItem","position":1,"name":"Home","item":"https:\/\/www.erresse-shop.it\/fr\/"},{"@type":"ListItem","position":2,"name":"Shop","item":"https:\/\/www.erresse-shop.it\/fr\/shop\/"},{"@type":"ListItem","position":3,"name":"CORAVIN Aiguille Standard"}]},{"@type":"WebSite","@id":"https:\/\/www.erresse-shop.it\/fr\/#website","url":"https:\/\/www.erresse-shop.it\/fr\/","name":"Erresse Shop","description":"Articoli di qualit\u00e0 per la casa","potentialAction":[{"@type":"SearchAction","target":{"@type":"EntryPoint","urlTemplate":"https:\/\/www.erresse-shop.it\/fr\/?s={search_term_string}"},"query-input":"required name=search_term_string"}],"inLanguage":"fr-FR"}]}},"df_price":24.429999999999996,"df_sale_price":24.429999999999996,"df_regular_price":34.9,"df_image_link":"https:\/\/www.erresse-shop.it\/wp-content\/uploads\/2025\/03\/CORAVIN-Ago-Standard-300x300.jpg","_links":{"self":[{"href":"https:\/\/www.erresse-shop.it\/fr\/wp-json\/wp\/v2\/product\/477614"}],"collection":[{"href":"https:\/\/www.erresse-shop.it\/fr\/wp-json\/wp\/v2\/product"}],"about":[{"href":"https:\/\/www.erresse-shop.it\/fr\/wp-json\/wp\/v2\/types\/product"}],"wp:featuredmedia":[{"embeddable":true,"href":"https:\/\/www.erresse-shop.it\/fr\/wp-json\/wp\/v2\/media\/477621"}],"wp:attachment":[{"href":"https:\/\/www.erresse-shop.it\/fr\/wp-json\/wp\/v2\/media?parent=477614"}],"wp:term":[{"taxonomy":"product_cat","embeddable":true,"href":"https:\/\/www.erresse-shop.it\/fr\/wp-json\/wp\/v2\/product_cat?post=477614"},{"taxonomy":"product_tag","embeddable":true,"href":"https:\/\/www.erresse-shop.it\/fr\/wp-json\/wp\/v2\/product_tag?post=477614"}],"curies":[{"name":"wp","href":"https:\/\/api.w.org\/{rel}","templated":true}]}}