{"id":477580,"date":"2025-03-13T15:01:50","date_gmt":"2025-03-13T15:01:51","guid":{"rendered":"https:\/\/www.erresse-shop.it\/?post_type=product&#038;p=477580"},"modified":"2025-11-27T16:02:21","modified_gmt":"2025-11-27T16:02:21","slug":"coravin-model-two-elite-piano-black-copia","status":"publish","type":"product","link":"https:\/\/www.erresse-shop.it\/fr\/shop\/table-fr-2\/vin\/coravin-model-two-elite-piano-black-copia\/","title":{"rendered":"CORAVIN Model Two Elite Argent"},"content":{"rendered":"<p data-start=\"138\" data-end=\"418\">Le <strong data-start=\"141\" data-end=\"169\">Coravin\u2122 Model Two Elite<\/strong> est le moyen le plus intuitif et le plus \u00e9l\u00e9gant de verser et de d\u00e9guster du vin sans compromettre sa fra\u00eecheur. Gr\u00e2ce \u00e0 une technologie brevet\u00e9e, il permet de servir le vin de n&#8217;importe quelle bouteille, \u00e0 tout moment, en le prot\u00e9geant de l&#8217;oxydation.<\/p>\n<ul data-start=\"420\" data-end=\"1202\">\n<li data-start=\"420\" data-end=\"655\"><strong data-start=\"422\" data-end=\"452\">Design moderne et \u00e9l\u00e9gant<\/strong>\u00a0: avec des couleurs exclusives et un chrome brillant, le <strong data-start=\"501\" data-end=\"529\">Coravin\u2122 Model Two Elite<\/strong> allie luxe et fonctionnalit\u00e9, devenant le compagnon id\u00e9al des amateurs de vin et de ceux qui appr\u00e9cient l&#8217;\u00e9l\u00e9gance en cuisine.<\/li>\n<li data-start=\"656\" data-end=\"864\"><strong data-start=\"658\" data-end=\"678\">Facilit\u00e9 d&#8217;utilisation<\/strong> : Le syst\u00e8me est facile \u00e0 ouvrir et \u00e0 fermer, assurant une prise s\u00fbre sur la bouteille. L&#8217;aiguille standard permet une distribution du vin 20 % plus rapide par rapport aux mod\u00e8les pr\u00e9c\u00e9dents.<\/li>\n<li data-start=\"865\" data-end=\"1053\"><strong data-start=\"867\" data-end=\"888\">Fermeture herm\u00e9tique<\/strong>\u00a0: les capsules brevet\u00e9es contiennent plus de 99,99\u00a0% de <strong data-start=\"942\" data-end=\"960\">gaz argon pur<\/strong>, prot\u00e9geant ainsi le vin r\u00e9siduel de l&#8217;oxydation et pr\u00e9servant sa fra\u00eecheur \u00e0 chaque utilisation.<\/li>\n<li data-start=\"1054\" data-end=\"1202\"><strong data-start=\"1056\" data-end=\"1082\">Installation facile<\/strong> : La capsule s&#8217;installe facilement, assurant une \u00e9tanch\u00e9it\u00e9 parfaite \u00e0 chaque fois, pour une protection optimale du vin.<\/li>\n<\/ul>\n<p data-start=\"1204\" data-end=\"1402\"><strong data-start=\"1204\" data-end=\"1232\">Coravin\u2122 Model Two Elite<\/strong> est la fusion parfaite du luxe et de la technologie, un incontournable pour ceux qui veulent savourer un verre de vin quand ils le souhaitent, sans jamais faire de compromis sur la qualit\u00e9.<\/p>\n<p><strong>Caract\u00e9ristiques du produit\u00a0:<\/strong><\/p>\n<ul class=\"product__spec-list\">\n<li class=\"product__tag\">Mat\u00e9riau\u00a0: polypropyl\u00e8ne de qualit\u00e9 alimentaire sans BPA<\/li>\n<li class=\"product__tag\">Garantie\u00a0: 2 ans<\/li>\n<li class=\"product__tag\">Dimensions\u00a0: 6,6 x 14 x 21 cm<\/li>\n<li class=\"product__tag\">Poids\u00a0: 445 g<\/li>\n<\/ul>\n","protected":false},"excerpt":{"rendered":"<p>Le Coravin\u2122 Model Two Elite est le moyen le plus intuitif et le plus \u00e9l\u00e9gant de verser et de d\u00e9guster<\/p>\n","protected":false},"featured_media":477586,"template":"","meta":{"_acf_changed":false,"inline_featured_image":false},"product_cat":[25982,12782,12754],"product_tag":[21715,16884,23682],"acf":[],"yoast_head":"<!-- This site is optimized with the Yoast SEO Premium plugin v18.6 (Yoast SEO v19.13) - https:\/\/yoast.com\/wordpress\/plugins\/seo\/ -->\n<title>CORAVIN Model Two Elite Argent - Erresse Shop<\/title>\n<meta name=\"description\" content=\"Le Coravin\u2122 Model Two Elite est le moyen le plus intuitif et le plus \u00e9l\u00e9gant de verser et de d\u00e9guster du vin sans compromettre sa fra\u00eecheur. Gr\u00e2ce \u00e0 une\" \/>\n<meta name=\"robots\" content=\"index, follow, max-snippet:-1, max-image-preview:large, max-video-preview:-1\" \/>\n<link rel=\"canonical\" href=\"https:\/\/www.erresse-shop.it\/fr\/shop\/table-fr-2\/vin\/coravin-model-two-elite-piano-black-copia\/\" \/>\n<meta property=\"og:locale\" content=\"fr_FR\" \/>\n<meta property=\"og:type\" content=\"article\" \/>\n<meta property=\"og:title\" content=\"CORAVIN Model Two Elite Argent\" \/>\n<meta property=\"og:description\" content=\"Le Coravin\u2122 Model Two Elite est le moyen le plus intuitif et le plus \u00e9l\u00e9gant de verser et de d\u00e9guster du vin sans compromettre sa fra\u00eecheur. Gr\u00e2ce \u00e0 une\" \/>\n<meta property=\"og:url\" content=\"https:\/\/www.erresse-shop.it\/fr\/shop\/table-fr-2\/vin\/coravin-model-two-elite-piano-black-copia\/\" \/>\n<meta property=\"og:site_name\" content=\"Erresse Shop\" \/>\n<meta property=\"article:modified_time\" content=\"2025-11-27T16:02:21+00:00\" \/>\n<meta property=\"og:image\" content=\"https:\/\/www.erresse-shop.it\/wp-content\/uploads\/2025\/03\/CORAVIN-Model-Two-Elite-Argento.jpg\" \/>\n\t<meta property=\"og:image:width\" content=\"1200\" \/>\n\t<meta property=\"og:image:height\" content=\"1200\" \/>\n\t<meta property=\"og:image:type\" content=\"image\/jpeg\" \/>\n<meta name=\"twitter:card\" content=\"summary_large_image\" \/>\n<script type=\"application\/ld+json\" class=\"yoast-schema-graph\">{\"@context\":\"https:\/\/schema.org\",\"@graph\":[{\"@type\":\"WebPage\",\"@id\":\"https:\/\/www.erresse-shop.it\/fr\/shop\/table-fr-2\/vin\/coravin-model-two-elite-piano-black-copia\/\",\"url\":\"https:\/\/www.erresse-shop.it\/fr\/shop\/table-fr-2\/vin\/coravin-model-two-elite-piano-black-copia\/\",\"name\":\"CORAVIN Model Two Elite Argent - Erresse Shop\",\"isPartOf\":{\"@id\":\"https:\/\/www.erresse-shop.it\/fr\/#website\"},\"datePublished\":\"2025-03-13T15:01:51+00:00\",\"dateModified\":\"2025-11-27T16:02:21+00:00\",\"description\":\"Le Coravin\u2122 Model Two Elite est le moyen le plus intuitif et le plus \u00e9l\u00e9gant de verser et de d\u00e9guster du vin sans compromettre sa fra\u00eecheur. Gr\u00e2ce \u00e0 une\",\"breadcrumb\":{\"@id\":\"https:\/\/www.erresse-shop.it\/fr\/shop\/table-fr-2\/vin\/coravin-model-two-elite-piano-black-copia\/#breadcrumb\"},\"inLanguage\":\"fr-FR\",\"potentialAction\":[{\"@type\":\"ReadAction\",\"target\":[\"https:\/\/www.erresse-shop.it\/fr\/shop\/table-fr-2\/vin\/coravin-model-two-elite-piano-black-copia\/\"]}]},{\"@type\":\"BreadcrumbList\",\"@id\":\"https:\/\/www.erresse-shop.it\/fr\/shop\/table-fr-2\/vin\/coravin-model-two-elite-piano-black-copia\/#breadcrumb\",\"itemListElement\":[{\"@type\":\"ListItem\",\"position\":1,\"name\":\"Home\",\"item\":\"https:\/\/www.erresse-shop.it\/fr\/\"},{\"@type\":\"ListItem\",\"position\":2,\"name\":\"Shop\",\"item\":\"https:\/\/www.erresse-shop.it\/fr\/shop\/\"},{\"@type\":\"ListItem\",\"position\":3,\"name\":\"CORAVIN Model Two Elite Argent\"}]},{\"@type\":\"WebSite\",\"@id\":\"https:\/\/www.erresse-shop.it\/fr\/#website\",\"url\":\"https:\/\/www.erresse-shop.it\/fr\/\",\"name\":\"Erresse Shop\",\"description\":\"Articoli di qualit\u00e0 per la casa\",\"potentialAction\":[{\"@type\":\"SearchAction\",\"target\":{\"@type\":\"EntryPoint\",\"urlTemplate\":\"https:\/\/www.erresse-shop.it\/fr\/?s={search_term_string}\"},\"query-input\":\"required name=search_term_string\"}],\"inLanguage\":\"fr-FR\"}]}<\/script>\n<!-- \/ Yoast SEO Premium plugin. -->","yoast_head_json":{"title":"CORAVIN Model Two Elite Argent - Erresse Shop","description":"Le Coravin\u2122 Model Two Elite est le moyen le plus intuitif et le plus \u00e9l\u00e9gant de verser et de d\u00e9guster du vin sans compromettre sa fra\u00eecheur. Gr\u00e2ce \u00e0 une","robots":{"index":"index","follow":"follow","max-snippet":"max-snippet:-1","max-image-preview":"max-image-preview:large","max-video-preview":"max-video-preview:-1"},"canonical":"https:\/\/www.erresse-shop.it\/fr\/shop\/table-fr-2\/vin\/coravin-model-two-elite-piano-black-copia\/","og_locale":"fr_FR","og_type":"article","og_title":"CORAVIN Model Two Elite Argent","og_description":"Le Coravin\u2122 Model Two Elite est le moyen le plus intuitif et le plus \u00e9l\u00e9gant de verser et de d\u00e9guster du vin sans compromettre sa fra\u00eecheur. Gr\u00e2ce \u00e0 une","og_url":"https:\/\/www.erresse-shop.it\/fr\/shop\/table-fr-2\/vin\/coravin-model-two-elite-piano-black-copia\/","og_site_name":"Erresse Shop","article_modified_time":"2025-11-27T16:02:21+00:00","og_image":[{"width":1200,"height":1200,"url":"https:\/\/www.erresse-shop.it\/wp-content\/uploads\/2025\/03\/CORAVIN-Model-Two-Elite-Argento.jpg","type":"image\/jpeg"}],"twitter_card":"summary_large_image","schema":{"@context":"https:\/\/schema.org","@graph":[{"@type":"WebPage","@id":"https:\/\/www.erresse-shop.it\/fr\/shop\/table-fr-2\/vin\/coravin-model-two-elite-piano-black-copia\/","url":"https:\/\/www.erresse-shop.it\/fr\/shop\/table-fr-2\/vin\/coravin-model-two-elite-piano-black-copia\/","name":"CORAVIN Model Two Elite Argent - Erresse Shop","isPartOf":{"@id":"https:\/\/www.erresse-shop.it\/fr\/#website"},"datePublished":"2025-03-13T15:01:51+00:00","dateModified":"2025-11-27T16:02:21+00:00","description":"Le Coravin\u2122 Model Two Elite est le moyen le plus intuitif et le plus \u00e9l\u00e9gant de verser et de d\u00e9guster du vin sans compromettre sa fra\u00eecheur. Gr\u00e2ce \u00e0 une","breadcrumb":{"@id":"https:\/\/www.erresse-shop.it\/fr\/shop\/table-fr-2\/vin\/coravin-model-two-elite-piano-black-copia\/#breadcrumb"},"inLanguage":"fr-FR","potentialAction":[{"@type":"ReadAction","target":["https:\/\/www.erresse-shop.it\/fr\/shop\/table-fr-2\/vin\/coravin-model-two-elite-piano-black-copia\/"]}]},{"@type":"BreadcrumbList","@id":"https:\/\/www.erresse-shop.it\/fr\/shop\/table-fr-2\/vin\/coravin-model-two-elite-piano-black-copia\/#breadcrumb","itemListElement":[{"@type":"ListItem","position":1,"name":"Home","item":"https:\/\/www.erresse-shop.it\/fr\/"},{"@type":"ListItem","position":2,"name":"Shop","item":"https:\/\/www.erresse-shop.it\/fr\/shop\/"},{"@type":"ListItem","position":3,"name":"CORAVIN Model Two Elite Argent"}]},{"@type":"WebSite","@id":"https:\/\/www.erresse-shop.it\/fr\/#website","url":"https:\/\/www.erresse-shop.it\/fr\/","name":"Erresse Shop","description":"Articoli di qualit\u00e0 per la casa","potentialAction":[{"@type":"SearchAction","target":{"@type":"EntryPoint","urlTemplate":"https:\/\/www.erresse-shop.it\/fr\/?s={search_term_string}"},"query-input":"required name=search_term_string"}],"inLanguage":"fr-FR"}]}},"df_price":199.95,"df_sale_price":199.95,"df_regular_price":349,"df_image_link":"https:\/\/www.erresse-shop.it\/wp-content\/uploads\/2025\/03\/CORAVIN-Model-Two-Elite-Argento-300x300.jpg","_links":{"self":[{"href":"https:\/\/www.erresse-shop.it\/fr\/wp-json\/wp\/v2\/product\/477580"}],"collection":[{"href":"https:\/\/www.erresse-shop.it\/fr\/wp-json\/wp\/v2\/product"}],"about":[{"href":"https:\/\/www.erresse-shop.it\/fr\/wp-json\/wp\/v2\/types\/product"}],"wp:featuredmedia":[{"embeddable":true,"href":"https:\/\/www.erresse-shop.it\/fr\/wp-json\/wp\/v2\/media\/477586"}],"wp:attachment":[{"href":"https:\/\/www.erresse-shop.it\/fr\/wp-json\/wp\/v2\/media?parent=477580"}],"wp:term":[{"taxonomy":"product_cat","embeddable":true,"href":"https:\/\/www.erresse-shop.it\/fr\/wp-json\/wp\/v2\/product_cat?post=477580"},{"taxonomy":"product_tag","embeddable":true,"href":"https:\/\/www.erresse-shop.it\/fr\/wp-json\/wp\/v2\/product_tag?post=477580"}],"curies":[{"name":"wp","href":"https:\/\/api.w.org\/{rel}","templated":true}]}}