{"id":476984,"date":"2025-03-13T06:43:10","date_gmt":"2025-03-13T06:43:14","guid":{"rendered":"https:\/\/www.erresse-shop.it\/?post_type=product&#038;p=476984"},"modified":"2025-07-02T13:38:17","modified_gmt":"2025-07-02T13:38:17","slug":"instant-pot-pro-plus-wifi-57-l-noir-copia","status":"publish","type":"product","link":"https:\/\/www.erresse-shop.it\/fr\/shop\/petits-electromenagers\/robots-de-cuisine\/instant-pot-pro-plus-wifi-57-l-noir-copia\/","title":{"rendered":"INSTANT POT Multicooker Rio 5,7 L Noir"},"content":{"rendered":"<div class=\"metafield-rich_text_field\">\n<p><strong>Le multicuiseur compact et moderne, parfait pour toutes les recettes<\/strong><\/p>\n<\/div>\n<div class=\"product__description-formated \">\n<div class=\"metafield-rich_text_field\">\n<p>L&#8217;Instant Pot\u00ae Multicuiseur RIO\u2122 r\u00e9unit sept fonctions en un seul appareil, optimisant ainsi l&#8217;espace de la cuisine sans sacrifier les performances. Utilisez-le comme autocuiseur, po\u00eale, cuiseur vapeur, cuiseur \u00e0 riz, chauffe-plat, yaourti\u00e8re et mijoteuse\u00a0: chaque fonction offre des r\u00e9sultats de qualit\u00e9 professionnelle dans un format compact et pratique.<\/p>\n<p><strong>Une version am\u00e9lior\u00e9e au design compact<\/strong><br \/>\nL&#8217;Instant Pot\u00ae RIO\u2122 am\u00e9liore le mod\u00e8le Duo\u2122 de 5,7\u00a0litres et pr\u00e9sente un design \u00e9l\u00e9gant et compact, id\u00e9al pour les cuisines de toutes tailles. Son design compact conserve une esth\u00e9tique raffin\u00e9e et offre 35\u00a0% de surface de cuisson suppl\u00e9mentaire, vous permettant de cuisiner de plus grandes portions en moins de temps.<\/p>\n<p><strong>Interface simplifi\u00e9e pour une utilisation toujours plus facile<\/strong><br \/>\nDot\u00e9 d&#8217;une interface intuitive et actualis\u00e9e, le RIO\u2122 simplifie le choix entre diff\u00e9rents modes de cuisson. Gr\u00e2ce aux quatre pr\u00e9r\u00e9glages personnalisables, vous pouvez rapidement pr\u00e9parer vos recettes pr\u00e9f\u00e9r\u00e9es, tandis que le nouveau bouton de d\u00e9marrage et la soupape d&#8217;\u00e9vacuation de la vapeur optimis\u00e9e garantissent une pr\u00e9paration facile et s\u00fbre.<\/p>\n<p><strong>7 programmes intelligents \u00e0 une touche pour chaque pr\u00e9paration<\/strong><br \/>\nAvec ses 7 programmes pr\u00e9r\u00e9gl\u00e9s, le multicuiseur RIO\u2122 offre un large \u00e9ventail d&#8217;options de cuisson, allant des soupes, rago\u00fbts et l\u00e9gumineuses au riz, aux c\u00e9r\u00e9ales et aux yaourts. De plus, les fonctions mijoteuse, saut\u00e9 et vapeur vous permettent d&#8217;explorer de nombreuses recettes avec un contr\u00f4le pr\u00e9cis des temp\u00e9ratures et des temps de cuisson.<\/p>\n<p><strong>Mat\u00e9riaux haut de gamme pour des performances irr\u00e9prochables<\/strong><br \/>\nFabriqu\u00e9 avec un bo\u00eetier ext\u00e9rieur et une cuve int\u00e9rieure en acier inoxydable de haute qualit\u00e9, le RIO\u2122 garantit durabilit\u00e9 et r\u00e9sistance \u00e0 l&#8217;usure. Sa structure est facile \u00e0 nettoyer et offre une r\u00e9partition uniforme de la chaleur pour une cuisson optimale de chaque ingr\u00e9dient, pr\u00e9servant ainsi la saveur et la qualit\u00e9 des plats.<\/p>\n<p><strong>Caract\u00e9ristiques techniques\u00a0:<\/strong><\/p>\n<ul class=\"product__spec-list\">\n<li class=\"product__tag\">Capacit\u00e9\u00a0: 5,7\u00a0l<\/li>\n<li class=\"product__tag\">Mat\u00e9riau du couvercle et de la cuve int\u00e9rieure\u00a0: acier inoxydable. Cuve ext\u00e9rieure en acier inoxydable bross\u00e9 avec finition noire.<\/li>\n<li class=\"product__tag\">Garantie\u00a0: 2\u00a0ans<\/li>\n<li class=\"product__tag\">Dimensions\u00a0: 30,8\u00a0x\u00a035,1\u00a0x\u00a032\u00a0cm<\/li>\n<li class=\"product__tag\">Poids\u00a0: 5\u00a0kg<\/li>\n<li class=\"product__tag\">Nombre de fonctions\u00a0: 13\u00a0&#8211;\u00a0programmes \u00e0 une touche<\/li>\n<\/ul>\n<\/div>\n<\/div>\n<p><span style=\"text-decoration: underline;\"><strong>Not for sale outside Europe<\/strong><\/span><\/p>\n","protected":false},"excerpt":{"rendered":"<p>Le multicuiseur compact et moderne, parfait pour toutes les recettes L&#8217;Instant Pot\u00ae Multicuiseur RIO\u2122 r\u00e9unit sept fonctions en un seul<\/p>\n","protected":false},"featured_media":477008,"template":"","meta":{"_acf_changed":false,"inline_featured_image":false},"product_cat":[12449,12768],"product_tag":[21529,23660,24415,24454,17939,13426,12468,23260,21821],"acf":[],"yoast_head":"<!-- This site is optimized with the Yoast SEO Premium plugin v18.6 (Yoast SEO v19.13) - https:\/\/yoast.com\/wordpress\/plugins\/seo\/ -->\n<title>INSTANT POT Multicooker Rio 5,7 L Noir - Erresse Shop<\/title>\n<meta name=\"description\" content=\"Le multicuiseur compact et moderne, parfait pour toutes les recettes L&#039;Instant Pot\u00ae Multicuiseur RIO\u2122 r\u00e9unit sept fonctions en un seul appareil,\" \/>\n<meta name=\"robots\" content=\"index, follow, max-snippet:-1, max-image-preview:large, max-video-preview:-1\" \/>\n<link rel=\"canonical\" href=\"https:\/\/www.erresse-shop.it\/fr\/shop\/petits-electromenagers\/robots-de-cuisine\/instant-pot-pro-plus-wifi-57-l-noir-copia\/\" \/>\n<meta property=\"og:locale\" content=\"fr_FR\" \/>\n<meta property=\"og:type\" content=\"article\" \/>\n<meta property=\"og:title\" content=\"INSTANT POT Multicooker Rio 5,7 L Noir\" \/>\n<meta property=\"og:description\" content=\"Le multicuiseur compact et moderne, parfait pour toutes les recettes L&#039;Instant Pot\u00ae Multicuiseur RIO\u2122 r\u00e9unit sept fonctions en un seul appareil,\" \/>\n<meta property=\"og:url\" content=\"https:\/\/www.erresse-shop.it\/fr\/shop\/petits-electromenagers\/robots-de-cuisine\/instant-pot-pro-plus-wifi-57-l-noir-copia\/\" \/>\n<meta property=\"og:site_name\" content=\"Erresse Shop\" \/>\n<meta property=\"article:modified_time\" content=\"2025-07-02T13:38:17+00:00\" \/>\n<meta property=\"og:image\" content=\"https:\/\/www.erresse-shop.it\/wp-content\/uploads\/2025\/03\/INSTANT-POT-Multicooker-Rio-57-L-Nero.jpg\" \/>\n\t<meta property=\"og:image:width\" content=\"1200\" \/>\n\t<meta property=\"og:image:height\" content=\"1200\" \/>\n\t<meta property=\"og:image:type\" content=\"image\/jpeg\" \/>\n<meta name=\"twitter:card\" content=\"summary_large_image\" \/>\n<script type=\"application\/ld+json\" class=\"yoast-schema-graph\">{\"@context\":\"https:\/\/schema.org\",\"@graph\":[{\"@type\":\"WebPage\",\"@id\":\"https:\/\/www.erresse-shop.it\/fr\/shop\/petits-electromenagers\/robots-de-cuisine\/instant-pot-pro-plus-wifi-57-l-noir-copia\/\",\"url\":\"https:\/\/www.erresse-shop.it\/fr\/shop\/petits-electromenagers\/robots-de-cuisine\/instant-pot-pro-plus-wifi-57-l-noir-copia\/\",\"name\":\"INSTANT POT Multicooker Rio 5,7 L Noir - Erresse Shop\",\"isPartOf\":{\"@id\":\"https:\/\/www.erresse-shop.it\/fr\/#website\"},\"datePublished\":\"2025-03-13T06:43:14+00:00\",\"dateModified\":\"2025-07-02T13:38:17+00:00\",\"description\":\"Le multicuiseur compact et moderne, parfait pour toutes les recettes L'Instant Pot\u00ae Multicuiseur RIO\u2122 r\u00e9unit sept fonctions en un seul appareil,\",\"breadcrumb\":{\"@id\":\"https:\/\/www.erresse-shop.it\/fr\/shop\/petits-electromenagers\/robots-de-cuisine\/instant-pot-pro-plus-wifi-57-l-noir-copia\/#breadcrumb\"},\"inLanguage\":\"fr-FR\",\"potentialAction\":[{\"@type\":\"ReadAction\",\"target\":[\"https:\/\/www.erresse-shop.it\/fr\/shop\/petits-electromenagers\/robots-de-cuisine\/instant-pot-pro-plus-wifi-57-l-noir-copia\/\"]}]},{\"@type\":\"BreadcrumbList\",\"@id\":\"https:\/\/www.erresse-shop.it\/fr\/shop\/petits-electromenagers\/robots-de-cuisine\/instant-pot-pro-plus-wifi-57-l-noir-copia\/#breadcrumb\",\"itemListElement\":[{\"@type\":\"ListItem\",\"position\":1,\"name\":\"Home\",\"item\":\"https:\/\/www.erresse-shop.it\/fr\/\"},{\"@type\":\"ListItem\",\"position\":2,\"name\":\"Shop\",\"item\":\"https:\/\/www.erresse-shop.it\/fr\/shop\/\"},{\"@type\":\"ListItem\",\"position\":3,\"name\":\"INSTANT POT Multicooker Rio 5,7 L Noir\"}]},{\"@type\":\"WebSite\",\"@id\":\"https:\/\/www.erresse-shop.it\/fr\/#website\",\"url\":\"https:\/\/www.erresse-shop.it\/fr\/\",\"name\":\"Erresse Shop\",\"description\":\"Articoli di qualit\u00e0 per la casa\",\"potentialAction\":[{\"@type\":\"SearchAction\",\"target\":{\"@type\":\"EntryPoint\",\"urlTemplate\":\"https:\/\/www.erresse-shop.it\/fr\/?s={search_term_string}\"},\"query-input\":\"required name=search_term_string\"}],\"inLanguage\":\"fr-FR\"}]}<\/script>\n<!-- \/ Yoast SEO Premium plugin. -->","yoast_head_json":{"title":"INSTANT POT Multicooker Rio 5,7 L Noir - Erresse Shop","description":"Le multicuiseur compact et moderne, parfait pour toutes les recettes L'Instant Pot\u00ae Multicuiseur RIO\u2122 r\u00e9unit sept fonctions en un seul appareil,","robots":{"index":"index","follow":"follow","max-snippet":"max-snippet:-1","max-image-preview":"max-image-preview:large","max-video-preview":"max-video-preview:-1"},"canonical":"https:\/\/www.erresse-shop.it\/fr\/shop\/petits-electromenagers\/robots-de-cuisine\/instant-pot-pro-plus-wifi-57-l-noir-copia\/","og_locale":"fr_FR","og_type":"article","og_title":"INSTANT POT Multicooker Rio 5,7 L Noir","og_description":"Le multicuiseur compact et moderne, parfait pour toutes les recettes L'Instant Pot\u00ae Multicuiseur RIO\u2122 r\u00e9unit sept fonctions en un seul appareil,","og_url":"https:\/\/www.erresse-shop.it\/fr\/shop\/petits-electromenagers\/robots-de-cuisine\/instant-pot-pro-plus-wifi-57-l-noir-copia\/","og_site_name":"Erresse Shop","article_modified_time":"2025-07-02T13:38:17+00:00","og_image":[{"width":1200,"height":1200,"url":"https:\/\/www.erresse-shop.it\/wp-content\/uploads\/2025\/03\/INSTANT-POT-Multicooker-Rio-57-L-Nero.jpg","type":"image\/jpeg"}],"twitter_card":"summary_large_image","schema":{"@context":"https:\/\/schema.org","@graph":[{"@type":"WebPage","@id":"https:\/\/www.erresse-shop.it\/fr\/shop\/petits-electromenagers\/robots-de-cuisine\/instant-pot-pro-plus-wifi-57-l-noir-copia\/","url":"https:\/\/www.erresse-shop.it\/fr\/shop\/petits-electromenagers\/robots-de-cuisine\/instant-pot-pro-plus-wifi-57-l-noir-copia\/","name":"INSTANT POT Multicooker Rio 5,7 L Noir - Erresse Shop","isPartOf":{"@id":"https:\/\/www.erresse-shop.it\/fr\/#website"},"datePublished":"2025-03-13T06:43:14+00:00","dateModified":"2025-07-02T13:38:17+00:00","description":"Le multicuiseur compact et moderne, parfait pour toutes les recettes L'Instant Pot\u00ae Multicuiseur RIO\u2122 r\u00e9unit sept fonctions en un seul appareil,","breadcrumb":{"@id":"https:\/\/www.erresse-shop.it\/fr\/shop\/petits-electromenagers\/robots-de-cuisine\/instant-pot-pro-plus-wifi-57-l-noir-copia\/#breadcrumb"},"inLanguage":"fr-FR","potentialAction":[{"@type":"ReadAction","target":["https:\/\/www.erresse-shop.it\/fr\/shop\/petits-electromenagers\/robots-de-cuisine\/instant-pot-pro-plus-wifi-57-l-noir-copia\/"]}]},{"@type":"BreadcrumbList","@id":"https:\/\/www.erresse-shop.it\/fr\/shop\/petits-electromenagers\/robots-de-cuisine\/instant-pot-pro-plus-wifi-57-l-noir-copia\/#breadcrumb","itemListElement":[{"@type":"ListItem","position":1,"name":"Home","item":"https:\/\/www.erresse-shop.it\/fr\/"},{"@type":"ListItem","position":2,"name":"Shop","item":"https:\/\/www.erresse-shop.it\/fr\/shop\/"},{"@type":"ListItem","position":3,"name":"INSTANT POT Multicooker Rio 5,7 L Noir"}]},{"@type":"WebSite","@id":"https:\/\/www.erresse-shop.it\/fr\/#website","url":"https:\/\/www.erresse-shop.it\/fr\/","name":"Erresse Shop","description":"Articoli di qualit\u00e0 per la casa","potentialAction":[{"@type":"SearchAction","target":{"@type":"EntryPoint","urlTemplate":"https:\/\/www.erresse-shop.it\/fr\/?s={search_term_string}"},"query-input":"required name=search_term_string"}],"inLanguage":"fr-FR"}]}},"df_price":89.92500000000001,"df_sale_price":89.92500000000001,"df_regular_price":119.9,"df_image_link":"https:\/\/www.erresse-shop.it\/wp-content\/uploads\/2025\/03\/INSTANT-POT-Multicooker-Rio-57-L-Nero-300x300.jpg","_links":{"self":[{"href":"https:\/\/www.erresse-shop.it\/fr\/wp-json\/wp\/v2\/product\/476984"}],"collection":[{"href":"https:\/\/www.erresse-shop.it\/fr\/wp-json\/wp\/v2\/product"}],"about":[{"href":"https:\/\/www.erresse-shop.it\/fr\/wp-json\/wp\/v2\/types\/product"}],"wp:featuredmedia":[{"embeddable":true,"href":"https:\/\/www.erresse-shop.it\/fr\/wp-json\/wp\/v2\/media\/477008"}],"wp:attachment":[{"href":"https:\/\/www.erresse-shop.it\/fr\/wp-json\/wp\/v2\/media?parent=476984"}],"wp:term":[{"taxonomy":"product_cat","embeddable":true,"href":"https:\/\/www.erresse-shop.it\/fr\/wp-json\/wp\/v2\/product_cat?post=476984"},{"taxonomy":"product_tag","embeddable":true,"href":"https:\/\/www.erresse-shop.it\/fr\/wp-json\/wp\/v2\/product_tag?post=476984"}],"curies":[{"name":"wp","href":"https:\/\/api.w.org\/{rel}","templated":true}]}}