{"id":476919,"date":"2025-03-12T14:03:58","date_gmt":"2025-03-12T14:04:11","guid":{"rendered":"https:\/\/www.erresse-shop.it\/?post_type=product&#038;p=476919"},"modified":"2025-11-18T12:50:09","modified_gmt":"2025-11-18T12:50:09","slug":"microplane-gourmet-rape-etoilee-noir-copia","status":"publish","type":"product","link":"https:\/\/www.erresse-shop.it\/fr\/shop\/cuisine\/rapes\/microplane-gourmet-rape-etoilee-noir-copia\/","title":{"rendered":"MICROPLANE Set de r\u00e2pe avec gant"},"content":{"rendered":"<p>Avec le lancement de la s\u00e9rie Gourmet, les exigences des chefs professionnels et amateurs en mati\u00e8re de conception et de r\u00e2pe ont \u00e9t\u00e9 satisfaites et leurs fonctionnalit\u00e9s ont \u00e9t\u00e9 am\u00e9lior\u00e9es. Dot\u00e9es d&#8217;un design \u00e9l\u00e9gant, les r\u00e2pes de la s\u00e9rie Gourmet offrent une base en caoutchouc antid\u00e9rapante pour une meilleure stabilit\u00e9, une poign\u00e9e agr\u00e9able au toucher et une surface de r\u00e2page plus large. Cette conception permet un travail en diagonale et assure une prise en main s\u00fbre sur les bols, assiettes et casseroles.<\/p>\n<p>L&#8217;ensemble comprend une r\u00e2pe, un coupe-l\u00e9gumes et un gant de coupe, le tout pr\u00e9sent\u00e9 dans un coffret cadeau.<\/p>\n<p><strong>R\u00e2pe<\/strong><\/p>\n<p>Gr\u00e2ce aux lames photograv\u00e9es et tranchantes de la r\u00e2pe, fabriqu\u00e9es aux \u00c9tats-Unis, les aliments tels que les zestes d&#8217;agrumes, le chocolat, le gingembre, la muscade, etc., sont coup\u00e9s sans effort et avec pr\u00e9cision, sans se d\u00e9chirer.<\/p>\n<p><strong>R\u00e2pe<\/strong><\/p>\n<p>La r\u00e2pe permet de couper pommes de terre, courgettes, carottes, betteraves, oignons, concombres, radis, champignons ou pommes en tranches ultra-fines d&#8217;environ 2 millim\u00e8tres d&#8217;\u00e9paisseur.<\/p>\n<p><strong>Gant<\/strong><\/p>\n<p>Ce gant de protection offre protection et s\u00e9curit\u00e9 lors de l&#8217;utilisation des r\u00e2pes Microplane. Il convient aux droitiers comme aux gauchers et est lavable en machine jusqu&#8217;\u00e0 60 \u00b0C.<\/p>\n<p>Microplane &#8211; S\u00e9rie Gourmet &#8211; Caract\u00e9ristiques<\/p>\n<p><strong>Caract\u00e9ristiques<\/strong>\u00a0:<\/p>\n<p>Lames en acier inoxydable durables et tranchantes comme des rasoirs &#8211; Fabriqu\u00e9 aux \u00c9tats-Unis<br \/>\nPoign\u00e9e ergonomique et agr\u00e9ablement douce<br \/>\nPieds en plastique anti-rayures<br \/>\nCompatible lave-vaisselle<br \/>\nFacile \u00e0 ranger\u00a0: housse de protection r\u00e9utilisable incluse (ne convient pas au lave-vaisselle).<\/p>\n","protected":false},"excerpt":{"rendered":"<p>Avec le lancement de la s\u00e9rie Gourmet, les exigences des chefs professionnels et amateurs en mati\u00e8re de conception et de<\/p>\n","protected":false},"featured_media":476937,"template":"","meta":{"_acf_changed":false,"inline_featured_image":false},"product_cat":[12748,26037],"product_tag":[14064,19076,12817],"acf":[],"yoast_head":"<!-- This site is optimized with the Yoast SEO Premium plugin v18.6 (Yoast SEO v19.13) - https:\/\/yoast.com\/wordpress\/plugins\/seo\/ -->\n<title>MICROPLANE Set de r\u00e2pe avec gant - Erresse Shop<\/title>\n<meta name=\"description\" content=\"Avec le lancement de la s\u00e9rie Gourmet, les exigences des chefs professionnels et amateurs en mati\u00e8re de conception et de r\u00e2pe ont \u00e9t\u00e9 satisfaites et leurs\" \/>\n<meta name=\"robots\" content=\"index, follow, max-snippet:-1, max-image-preview:large, max-video-preview:-1\" \/>\n<link rel=\"canonical\" href=\"https:\/\/www.erresse-shop.it\/fr\/shop\/cuisine\/rapes\/microplane-gourmet-rape-etoilee-noir-copia\/\" \/>\n<meta property=\"og:locale\" content=\"fr_FR\" \/>\n<meta property=\"og:type\" content=\"article\" \/>\n<meta property=\"og:title\" content=\"MICROPLANE Set de r\u00e2pe avec gant\" \/>\n<meta property=\"og:description\" content=\"Avec le lancement de la s\u00e9rie Gourmet, les exigences des chefs professionnels et amateurs en mati\u00e8re de conception et de r\u00e2pe ont \u00e9t\u00e9 satisfaites et leurs\" \/>\n<meta property=\"og:url\" content=\"https:\/\/www.erresse-shop.it\/fr\/shop\/cuisine\/rapes\/microplane-gourmet-rape-etoilee-noir-copia\/\" \/>\n<meta property=\"og:site_name\" content=\"Erresse Shop\" \/>\n<meta property=\"article:modified_time\" content=\"2025-11-18T12:50:09+00:00\" \/>\n<meta property=\"og:image\" content=\"https:\/\/www.erresse-shop.it\/wp-content\/uploads\/2025\/03\/MICROPLANE-Gourmet-Set-Grattugia-con-Guanto.jpg\" \/>\n\t<meta property=\"og:image:width\" content=\"1200\" \/>\n\t<meta property=\"og:image:height\" content=\"1200\" \/>\n\t<meta property=\"og:image:type\" content=\"image\/jpeg\" \/>\n<meta name=\"twitter:card\" content=\"summary_large_image\" \/>\n<script type=\"application\/ld+json\" class=\"yoast-schema-graph\">{\"@context\":\"https:\/\/schema.org\",\"@graph\":[{\"@type\":\"WebPage\",\"@id\":\"https:\/\/www.erresse-shop.it\/fr\/shop\/cuisine\/rapes\/microplane-gourmet-rape-etoilee-noir-copia\/\",\"url\":\"https:\/\/www.erresse-shop.it\/fr\/shop\/cuisine\/rapes\/microplane-gourmet-rape-etoilee-noir-copia\/\",\"name\":\"MICROPLANE Set de r\u00e2pe avec gant - Erresse Shop\",\"isPartOf\":{\"@id\":\"https:\/\/www.erresse-shop.it\/fr\/#website\"},\"datePublished\":\"2025-03-12T14:04:11+00:00\",\"dateModified\":\"2025-11-18T12:50:09+00:00\",\"description\":\"Avec le lancement de la s\u00e9rie Gourmet, les exigences des chefs professionnels et amateurs en mati\u00e8re de conception et de r\u00e2pe ont \u00e9t\u00e9 satisfaites et leurs\",\"breadcrumb\":{\"@id\":\"https:\/\/www.erresse-shop.it\/fr\/shop\/cuisine\/rapes\/microplane-gourmet-rape-etoilee-noir-copia\/#breadcrumb\"},\"inLanguage\":\"fr-FR\",\"potentialAction\":[{\"@type\":\"ReadAction\",\"target\":[\"https:\/\/www.erresse-shop.it\/fr\/shop\/cuisine\/rapes\/microplane-gourmet-rape-etoilee-noir-copia\/\"]}]},{\"@type\":\"BreadcrumbList\",\"@id\":\"https:\/\/www.erresse-shop.it\/fr\/shop\/cuisine\/rapes\/microplane-gourmet-rape-etoilee-noir-copia\/#breadcrumb\",\"itemListElement\":[{\"@type\":\"ListItem\",\"position\":1,\"name\":\"Home\",\"item\":\"https:\/\/www.erresse-shop.it\/fr\/\"},{\"@type\":\"ListItem\",\"position\":2,\"name\":\"Shop\",\"item\":\"https:\/\/www.erresse-shop.it\/fr\/shop\/\"},{\"@type\":\"ListItem\",\"position\":3,\"name\":\"MICROPLANE Set de r\u00e2pe avec gant\"}]},{\"@type\":\"WebSite\",\"@id\":\"https:\/\/www.erresse-shop.it\/fr\/#website\",\"url\":\"https:\/\/www.erresse-shop.it\/fr\/\",\"name\":\"Erresse Shop\",\"description\":\"Articoli di qualit\u00e0 per la casa\",\"potentialAction\":[{\"@type\":\"SearchAction\",\"target\":{\"@type\":\"EntryPoint\",\"urlTemplate\":\"https:\/\/www.erresse-shop.it\/fr\/?s={search_term_string}\"},\"query-input\":\"required name=search_term_string\"}],\"inLanguage\":\"fr-FR\"}]}<\/script>\n<!-- \/ Yoast SEO Premium plugin. -->","yoast_head_json":{"title":"MICROPLANE Set de r\u00e2pe avec gant - Erresse Shop","description":"Avec le lancement de la s\u00e9rie Gourmet, les exigences des chefs professionnels et amateurs en mati\u00e8re de conception et de r\u00e2pe ont \u00e9t\u00e9 satisfaites et leurs","robots":{"index":"index","follow":"follow","max-snippet":"max-snippet:-1","max-image-preview":"max-image-preview:large","max-video-preview":"max-video-preview:-1"},"canonical":"https:\/\/www.erresse-shop.it\/fr\/shop\/cuisine\/rapes\/microplane-gourmet-rape-etoilee-noir-copia\/","og_locale":"fr_FR","og_type":"article","og_title":"MICROPLANE Set de r\u00e2pe avec gant","og_description":"Avec le lancement de la s\u00e9rie Gourmet, les exigences des chefs professionnels et amateurs en mati\u00e8re de conception et de r\u00e2pe ont \u00e9t\u00e9 satisfaites et leurs","og_url":"https:\/\/www.erresse-shop.it\/fr\/shop\/cuisine\/rapes\/microplane-gourmet-rape-etoilee-noir-copia\/","og_site_name":"Erresse Shop","article_modified_time":"2025-11-18T12:50:09+00:00","og_image":[{"width":1200,"height":1200,"url":"https:\/\/www.erresse-shop.it\/wp-content\/uploads\/2025\/03\/MICROPLANE-Gourmet-Set-Grattugia-con-Guanto.jpg","type":"image\/jpeg"}],"twitter_card":"summary_large_image","schema":{"@context":"https:\/\/schema.org","@graph":[{"@type":"WebPage","@id":"https:\/\/www.erresse-shop.it\/fr\/shop\/cuisine\/rapes\/microplane-gourmet-rape-etoilee-noir-copia\/","url":"https:\/\/www.erresse-shop.it\/fr\/shop\/cuisine\/rapes\/microplane-gourmet-rape-etoilee-noir-copia\/","name":"MICROPLANE Set de r\u00e2pe avec gant - Erresse Shop","isPartOf":{"@id":"https:\/\/www.erresse-shop.it\/fr\/#website"},"datePublished":"2025-03-12T14:04:11+00:00","dateModified":"2025-11-18T12:50:09+00:00","description":"Avec le lancement de la s\u00e9rie Gourmet, les exigences des chefs professionnels et amateurs en mati\u00e8re de conception et de r\u00e2pe ont \u00e9t\u00e9 satisfaites et leurs","breadcrumb":{"@id":"https:\/\/www.erresse-shop.it\/fr\/shop\/cuisine\/rapes\/microplane-gourmet-rape-etoilee-noir-copia\/#breadcrumb"},"inLanguage":"fr-FR","potentialAction":[{"@type":"ReadAction","target":["https:\/\/www.erresse-shop.it\/fr\/shop\/cuisine\/rapes\/microplane-gourmet-rape-etoilee-noir-copia\/"]}]},{"@type":"BreadcrumbList","@id":"https:\/\/www.erresse-shop.it\/fr\/shop\/cuisine\/rapes\/microplane-gourmet-rape-etoilee-noir-copia\/#breadcrumb","itemListElement":[{"@type":"ListItem","position":1,"name":"Home","item":"https:\/\/www.erresse-shop.it\/fr\/"},{"@type":"ListItem","position":2,"name":"Shop","item":"https:\/\/www.erresse-shop.it\/fr\/shop\/"},{"@type":"ListItem","position":3,"name":"MICROPLANE Set de r\u00e2pe avec gant"}]},{"@type":"WebSite","@id":"https:\/\/www.erresse-shop.it\/fr\/#website","url":"https:\/\/www.erresse-shop.it\/fr\/","name":"Erresse Shop","description":"Articoli di qualit\u00e0 per la casa","potentialAction":[{"@type":"SearchAction","target":{"@type":"EntryPoint","urlTemplate":"https:\/\/www.erresse-shop.it\/fr\/?s={search_term_string}"},"query-input":"required name=search_term_string"}],"inLanguage":"fr-FR"}]}},"df_price":60,"df_sale_price":60,"df_regular_price":60,"df_image_link":"https:\/\/www.erresse-shop.it\/wp-content\/uploads\/2025\/03\/MICROPLANE-Gourmet-Set-Grattugia-con-Guanto-300x300.jpg","_links":{"self":[{"href":"https:\/\/www.erresse-shop.it\/fr\/wp-json\/wp\/v2\/product\/476919"}],"collection":[{"href":"https:\/\/www.erresse-shop.it\/fr\/wp-json\/wp\/v2\/product"}],"about":[{"href":"https:\/\/www.erresse-shop.it\/fr\/wp-json\/wp\/v2\/types\/product"}],"wp:featuredmedia":[{"embeddable":true,"href":"https:\/\/www.erresse-shop.it\/fr\/wp-json\/wp\/v2\/media\/476937"}],"wp:attachment":[{"href":"https:\/\/www.erresse-shop.it\/fr\/wp-json\/wp\/v2\/media?parent=476919"}],"wp:term":[{"taxonomy":"product_cat","embeddable":true,"href":"https:\/\/www.erresse-shop.it\/fr\/wp-json\/wp\/v2\/product_cat?post=476919"},{"taxonomy":"product_tag","embeddable":true,"href":"https:\/\/www.erresse-shop.it\/fr\/wp-json\/wp\/v2\/product_tag?post=476919"}],"curies":[{"name":"wp","href":"https:\/\/api.w.org\/{rel}","templated":true}]}}