{"id":476890,"date":"2025-03-12T13:49:55","date_gmt":"2025-03-12T13:49:57","guid":{"rendered":"https:\/\/www.erresse-shop.it\/?post_type=product&#038;p=476890"},"modified":"2025-03-12T14:00:42","modified_gmt":"2025-03-12T14:00:42","slug":"microplane-gourmet-rape-grossiere-noir-copia-2","status":"publish","type":"product","link":"https:\/\/www.erresse-shop.it\/fr\/shop\/cuisine\/rapes\/microplane-gourmet-rape-grossiere-noir-copia-2\/","title":{"rendered":"MICROPLANE Gourmet R\u00e2pe \u00e9toil\u00e9e Noir"},"content":{"rendered":"<p>Cet ustensile de cuisine haut de gamme est con\u00e7u pour am\u00e9liorer consid\u00e9rablement votre exp\u00e9rience culinaire et culinaire. Fabriqu\u00e9e avec pr\u00e9cision aux \u00c9tats-Unis, cette r\u00e2pe allie un design sophistiqu\u00e9 \u00e0 des performances in\u00e9gal\u00e9es, id\u00e9ale pour les cuisiniers amateurs comme les chefs professionnels. Sa construction robuste en acier inoxydable garantit long\u00e9vit\u00e9 et performance constante.<\/p>\n<p>D\u00e9couvrez la puissance de ses dents photograv\u00e9es ultra-aff\u00fbt\u00e9es qui permettent de r\u00e2per les fromages \u00e0 p\u00e2te dure, comme le parmesan, sans effort et efficacement. Cet ustensile transforme rapidement le fromage solide en un r\u00e2page fin et a\u00e9r\u00e9, sublimant instantan\u00e9ment vos plats pr\u00e9f\u00e9r\u00e9s avec des ingr\u00e9dients frais qui ajoutent une touche d&#8217;originalit\u00e9.<\/p>\n<p>Dot\u00e9e d&#8217;une grande surface de r\u00e2page, cette r\u00e2pe permet de r\u00e9aliser des portions g\u00e9n\u00e9reuses et s&#8217;adapte \u00e0 une grande vari\u00e9t\u00e9 de d\u00e9fis culinaires. De la garniture de p\u00e2tes \u00e0 la pr\u00e9paration d&#8217;ingr\u00e9dients pour la p\u00e2tisserie, cet ustensile de cuisine polyvalent vous accompagnera dans la cr\u00e9ation de plats exquis.<\/p>\n<p>Transformez votre fa\u00e7on de cuisiner avec la r\u00e2pe \u00e0 parmesan \u00e9toile Microplane Gourmet Series, alliant design sophistiqu\u00e9, durabilit\u00e9 et praticit\u00e9 avec une finesse in\u00e9gal\u00e9e.<\/p>\n<p>Utilisez une r\u00e2pe \u00e9toile pour\u00a0:<\/p>\n<p>Chocolat, cannelle, noix de coco, fromages \u00e0 p\u00e2te dure, ail et gingembre<\/p>\n<p><strong>D\u00e9tails du produit\u00a0:<\/strong><\/p>\n<ul>\n<li>Dimensions\u00a0: 82,5\u00a0L x 18,8\u00a0l x 16,4\u00a0H<\/li>\n<li>Poign\u00e9e ergonomique et confortable au toucher doux avec boucle de suspension en option<\/li>\n<li>Base antid\u00e9rapante pour une meilleure stabilit\u00e9<\/li>\n<li>Housse r\u00e9utilisable pour un rangement s\u00fbr<\/li>\n<li>Mat\u00e9riau\u00a0: Cadre et lames grav\u00e9es en acier inoxydable chirurgical\u00a0; manche en plastique TPE<\/li>\n<li>Lame fabriqu\u00e9e aux \u00c9tats-Unis, assembl\u00e9e en Mexique<\/li>\n<\/ul>\n","protected":false},"excerpt":{"rendered":"<p>Cet ustensile de cuisine haut de gamme est con\u00e7u pour am\u00e9liorer consid\u00e9rablement votre exp\u00e9rience culinaire et culinaire. Fabriqu\u00e9e avec pr\u00e9cision<\/p>\n","protected":false},"featured_media":476913,"template":"","meta":{"_acf_changed":false,"inline_featured_image":false},"product_cat":[12748,26037],"product_tag":[14064,19076,12817],"acf":[],"yoast_head":"<!-- This site is optimized with the Yoast SEO Premium plugin v18.6 (Yoast SEO v19.13) - https:\/\/yoast.com\/wordpress\/plugins\/seo\/ -->\n<title>MICROPLANE Gourmet R\u00e2pe \u00e9toil\u00e9e Noir - Erresse Shop<\/title>\n<meta name=\"description\" content=\"Cet ustensile de cuisine haut de gamme est con\u00e7u pour am\u00e9liorer consid\u00e9rablement votre exp\u00e9rience culinaire et culinaire. Fabriqu\u00e9e avec pr\u00e9cision aux\" \/>\n<meta name=\"robots\" content=\"index, follow, max-snippet:-1, max-image-preview:large, max-video-preview:-1\" \/>\n<link rel=\"canonical\" href=\"https:\/\/www.erresse-shop.it\/fr\/shop\/cuisine\/rapes\/microplane-gourmet-rape-grossiere-noir-copia-2\/\" \/>\n<meta property=\"og:locale\" content=\"fr_FR\" \/>\n<meta property=\"og:type\" content=\"article\" \/>\n<meta property=\"og:title\" content=\"MICROPLANE Gourmet R\u00e2pe \u00e9toil\u00e9e Noir\" \/>\n<meta property=\"og:description\" content=\"Cet ustensile de cuisine haut de gamme est con\u00e7u pour am\u00e9liorer consid\u00e9rablement votre exp\u00e9rience culinaire et culinaire. Fabriqu\u00e9e avec pr\u00e9cision aux\" \/>\n<meta property=\"og:url\" content=\"https:\/\/www.erresse-shop.it\/fr\/shop\/cuisine\/rapes\/microplane-gourmet-rape-grossiere-noir-copia-2\/\" \/>\n<meta property=\"og:site_name\" content=\"Erresse Shop\" \/>\n<meta property=\"article:modified_time\" content=\"2025-03-12T14:00:42+00:00\" \/>\n<meta property=\"og:image\" content=\"https:\/\/www.erresse-shop.it\/wp-content\/uploads\/2025\/03\/MICROPLANE-Gourmet-Grattugia-a-Stella-Nero.jpg\" \/>\n\t<meta property=\"og:image:width\" content=\"1200\" \/>\n\t<meta property=\"og:image:height\" content=\"1200\" \/>\n\t<meta property=\"og:image:type\" content=\"image\/jpeg\" \/>\n<meta name=\"twitter:card\" content=\"summary_large_image\" \/>\n<script type=\"application\/ld+json\" class=\"yoast-schema-graph\">{\"@context\":\"https:\/\/schema.org\",\"@graph\":[{\"@type\":\"WebPage\",\"@id\":\"https:\/\/www.erresse-shop.it\/fr\/shop\/cuisine\/rapes\/microplane-gourmet-rape-grossiere-noir-copia-2\/\",\"url\":\"https:\/\/www.erresse-shop.it\/fr\/shop\/cuisine\/rapes\/microplane-gourmet-rape-grossiere-noir-copia-2\/\",\"name\":\"MICROPLANE Gourmet R\u00e2pe \u00e9toil\u00e9e Noir - Erresse Shop\",\"isPartOf\":{\"@id\":\"https:\/\/www.erresse-shop.it\/fr\/#website\"},\"datePublished\":\"2025-03-12T13:49:57+00:00\",\"dateModified\":\"2025-03-12T14:00:42+00:00\",\"description\":\"Cet ustensile de cuisine haut de gamme est con\u00e7u pour am\u00e9liorer consid\u00e9rablement votre exp\u00e9rience culinaire et culinaire. Fabriqu\u00e9e avec pr\u00e9cision aux\",\"breadcrumb\":{\"@id\":\"https:\/\/www.erresse-shop.it\/fr\/shop\/cuisine\/rapes\/microplane-gourmet-rape-grossiere-noir-copia-2\/#breadcrumb\"},\"inLanguage\":\"fr-FR\",\"potentialAction\":[{\"@type\":\"ReadAction\",\"target\":[\"https:\/\/www.erresse-shop.it\/fr\/shop\/cuisine\/rapes\/microplane-gourmet-rape-grossiere-noir-copia-2\/\"]}]},{\"@type\":\"BreadcrumbList\",\"@id\":\"https:\/\/www.erresse-shop.it\/fr\/shop\/cuisine\/rapes\/microplane-gourmet-rape-grossiere-noir-copia-2\/#breadcrumb\",\"itemListElement\":[{\"@type\":\"ListItem\",\"position\":1,\"name\":\"Home\",\"item\":\"https:\/\/www.erresse-shop.it\/fr\/\"},{\"@type\":\"ListItem\",\"position\":2,\"name\":\"Shop\",\"item\":\"https:\/\/www.erresse-shop.it\/fr\/shop\/\"},{\"@type\":\"ListItem\",\"position\":3,\"name\":\"MICROPLANE Gourmet R\u00e2pe \u00e9toil\u00e9e Noir\"}]},{\"@type\":\"WebSite\",\"@id\":\"https:\/\/www.erresse-shop.it\/fr\/#website\",\"url\":\"https:\/\/www.erresse-shop.it\/fr\/\",\"name\":\"Erresse Shop\",\"description\":\"Articoli di qualit\u00e0 per la casa\",\"potentialAction\":[{\"@type\":\"SearchAction\",\"target\":{\"@type\":\"EntryPoint\",\"urlTemplate\":\"https:\/\/www.erresse-shop.it\/fr\/?s={search_term_string}\"},\"query-input\":\"required name=search_term_string\"}],\"inLanguage\":\"fr-FR\"}]}<\/script>\n<!-- \/ Yoast SEO Premium plugin. -->","yoast_head_json":{"title":"MICROPLANE Gourmet R\u00e2pe \u00e9toil\u00e9e Noir - Erresse Shop","description":"Cet ustensile de cuisine haut de gamme est con\u00e7u pour am\u00e9liorer consid\u00e9rablement votre exp\u00e9rience culinaire et culinaire. Fabriqu\u00e9e avec pr\u00e9cision aux","robots":{"index":"index","follow":"follow","max-snippet":"max-snippet:-1","max-image-preview":"max-image-preview:large","max-video-preview":"max-video-preview:-1"},"canonical":"https:\/\/www.erresse-shop.it\/fr\/shop\/cuisine\/rapes\/microplane-gourmet-rape-grossiere-noir-copia-2\/","og_locale":"fr_FR","og_type":"article","og_title":"MICROPLANE Gourmet R\u00e2pe \u00e9toil\u00e9e Noir","og_description":"Cet ustensile de cuisine haut de gamme est con\u00e7u pour am\u00e9liorer consid\u00e9rablement votre exp\u00e9rience culinaire et culinaire. Fabriqu\u00e9e avec pr\u00e9cision aux","og_url":"https:\/\/www.erresse-shop.it\/fr\/shop\/cuisine\/rapes\/microplane-gourmet-rape-grossiere-noir-copia-2\/","og_site_name":"Erresse Shop","article_modified_time":"2025-03-12T14:00:42+00:00","og_image":[{"width":1200,"height":1200,"url":"https:\/\/www.erresse-shop.it\/wp-content\/uploads\/2025\/03\/MICROPLANE-Gourmet-Grattugia-a-Stella-Nero.jpg","type":"image\/jpeg"}],"twitter_card":"summary_large_image","schema":{"@context":"https:\/\/schema.org","@graph":[{"@type":"WebPage","@id":"https:\/\/www.erresse-shop.it\/fr\/shop\/cuisine\/rapes\/microplane-gourmet-rape-grossiere-noir-copia-2\/","url":"https:\/\/www.erresse-shop.it\/fr\/shop\/cuisine\/rapes\/microplane-gourmet-rape-grossiere-noir-copia-2\/","name":"MICROPLANE Gourmet R\u00e2pe \u00e9toil\u00e9e Noir - Erresse Shop","isPartOf":{"@id":"https:\/\/www.erresse-shop.it\/fr\/#website"},"datePublished":"2025-03-12T13:49:57+00:00","dateModified":"2025-03-12T14:00:42+00:00","description":"Cet ustensile de cuisine haut de gamme est con\u00e7u pour am\u00e9liorer consid\u00e9rablement votre exp\u00e9rience culinaire et culinaire. Fabriqu\u00e9e avec pr\u00e9cision aux","breadcrumb":{"@id":"https:\/\/www.erresse-shop.it\/fr\/shop\/cuisine\/rapes\/microplane-gourmet-rape-grossiere-noir-copia-2\/#breadcrumb"},"inLanguage":"fr-FR","potentialAction":[{"@type":"ReadAction","target":["https:\/\/www.erresse-shop.it\/fr\/shop\/cuisine\/rapes\/microplane-gourmet-rape-grossiere-noir-copia-2\/"]}]},{"@type":"BreadcrumbList","@id":"https:\/\/www.erresse-shop.it\/fr\/shop\/cuisine\/rapes\/microplane-gourmet-rape-grossiere-noir-copia-2\/#breadcrumb","itemListElement":[{"@type":"ListItem","position":1,"name":"Home","item":"https:\/\/www.erresse-shop.it\/fr\/"},{"@type":"ListItem","position":2,"name":"Shop","item":"https:\/\/www.erresse-shop.it\/fr\/shop\/"},{"@type":"ListItem","position":3,"name":"MICROPLANE Gourmet R\u00e2pe \u00e9toil\u00e9e Noir"}]},{"@type":"WebSite","@id":"https:\/\/www.erresse-shop.it\/fr\/#website","url":"https:\/\/www.erresse-shop.it\/fr\/","name":"Erresse Shop","description":"Articoli di qualit\u00e0 per la casa","potentialAction":[{"@type":"SearchAction","target":{"@type":"EntryPoint","urlTemplate":"https:\/\/www.erresse-shop.it\/fr\/?s={search_term_string}"},"query-input":"required name=search_term_string"}],"inLanguage":"fr-FR"}]}},"df_price":18.99,"df_sale_price":18.99,"df_regular_price":18.99,"df_image_link":"https:\/\/www.erresse-shop.it\/wp-content\/uploads\/2025\/03\/MICROPLANE-Gourmet-Grattugia-a-Stella-Nero-300x300.jpg","_links":{"self":[{"href":"https:\/\/www.erresse-shop.it\/fr\/wp-json\/wp\/v2\/product\/476890"}],"collection":[{"href":"https:\/\/www.erresse-shop.it\/fr\/wp-json\/wp\/v2\/product"}],"about":[{"href":"https:\/\/www.erresse-shop.it\/fr\/wp-json\/wp\/v2\/types\/product"}],"wp:featuredmedia":[{"embeddable":true,"href":"https:\/\/www.erresse-shop.it\/fr\/wp-json\/wp\/v2\/media\/476913"}],"wp:attachment":[{"href":"https:\/\/www.erresse-shop.it\/fr\/wp-json\/wp\/v2\/media?parent=476890"}],"wp:term":[{"taxonomy":"product_cat","embeddable":true,"href":"https:\/\/www.erresse-shop.it\/fr\/wp-json\/wp\/v2\/product_cat?post=476890"},{"taxonomy":"product_tag","embeddable":true,"href":"https:\/\/www.erresse-shop.it\/fr\/wp-json\/wp\/v2\/product_tag?post=476890"}],"curies":[{"name":"wp","href":"https:\/\/api.w.org\/{rel}","templated":true}]}}