{"id":476831,"date":"2025-03-12T13:05:42","date_gmt":"2025-03-12T13:05:44","guid":{"rendered":"https:\/\/www.erresse-shop.it\/?post_type=product&#038;p=476831"},"modified":"2025-03-12T13:31:05","modified_gmt":"2025-03-12T13:31:05","slug":"microplane-premium-classic-rape-gris-fonce-copia","status":"publish","type":"product","link":"https:\/\/www.erresse-shop.it\/fr\/shop\/cuisine\/rapes\/microplane-premium-classic-rape-gris-fonce-copia\/","title":{"rendered":"MICROPLANE Gourmet R\u00e2pe grossi\u00e8re Noir"},"content":{"rendered":"<p>Les r\u00e2pes \u00e0 fromage Microplane \u00e0 gros grains sont utilis\u00e9es par les chefs et les gourmets du monde entier\u00a0! Pour r\u00e2per des carottes, des fromages \u00e0 p\u00e2te dure ou m\u00eame de la noix de coco, optez pour une r\u00e2pe \u00e0 fromage \u00e0 gros grains. Les r\u00e2pes \u00e0 fromage Microplane Gourmet Series sont dot\u00e9es de dents photograv\u00e9es ultra-aff\u00fbt\u00e9es, d&#8217;une structure en acier inoxydable et d&#8217;un manche doux au toucher. La structure en acier inoxydable offre une durabilit\u00e9 exceptionnelle. Le manche doux au toucher rappelle les r\u00e2pes haut de gamme de la s\u00e9rie Classic. Le pied antid\u00e9rapant assure une stabilit\u00e9 optimale lors du r\u00e2page sur les plans de travail et les assiettes. Offrez-vous le meilleur\u00a0!<\/p>\n<p>Utilisez une r\u00e2pe \u00e0 fromage \u00e0 gros grains pour\u00a0:<\/p>\n<p>Carottes, chocolat, noix de coco et fromages \u00e0 p\u00e2te dure. R\u00e9sultat\u00a0: des r\u00e2pes fines.<\/p>\n<p><strong>D\u00e9tails du produit\u00a0:<\/strong><\/p>\n<ul>\n<li>Dimensions\u00a0: 82,5\u00a0L x 18,7\u00a0l x 16,4\u00a0H<\/li>\n<li>Poign\u00e9e ergonomique et confortable au toucher doux avec boucle de suspension en option<\/li>\n<li>Base antid\u00e9rapante pour une stabilit\u00e9 accrue<\/li>\n<li>Housse r\u00e9utilisable pour un rangement s\u00fbr<\/li>\n<li>Mat\u00e9riau\u00a0: Cadre et lames grav\u00e9es en acier inoxydable chirurgical\u00a0; manche en plastique TPE<\/li>\n<li>Lame fabriqu\u00e9e aux \u00c9tats-Unis, assembl\u00e9e en Mexique<\/li>\n<\/ul>\n","protected":false},"excerpt":{"rendered":"<p>Les r\u00e2pes \u00e0 fromage Microplane \u00e0 gros grains sont utilis\u00e9es par les chefs et les gourmets du monde entier\u00a0! Pour<\/p>\n","protected":false},"featured_media":476854,"template":"","meta":{"_acf_changed":false,"inline_featured_image":false},"product_cat":[12748,26037],"product_tag":[14064,19076,12817],"acf":[],"yoast_head":"<!-- This site is optimized with the Yoast SEO Premium plugin v18.6 (Yoast SEO v19.13) - https:\/\/yoast.com\/wordpress\/plugins\/seo\/ -->\n<title>MICROPLANE Gourmet R\u00e2pe grossi\u00e8re Noir - Erresse Shop<\/title>\n<meta name=\"description\" content=\"Les r\u00e2pes \u00e0 fromage Microplane \u00e0 gros grains sont utilis\u00e9es par les chefs et les gourmets du monde entier\u00a0! Pour r\u00e2per des carottes, des fromages \u00e0 p\u00e2te\" \/>\n<meta name=\"robots\" content=\"index, follow, max-snippet:-1, max-image-preview:large, max-video-preview:-1\" \/>\n<link rel=\"canonical\" href=\"https:\/\/www.erresse-shop.it\/fr\/shop\/cuisine\/rapes\/microplane-premium-classic-rape-gris-fonce-copia\/\" \/>\n<meta property=\"og:locale\" content=\"fr_FR\" \/>\n<meta property=\"og:type\" content=\"article\" \/>\n<meta property=\"og:title\" content=\"MICROPLANE Gourmet R\u00e2pe grossi\u00e8re Noir\" \/>\n<meta property=\"og:description\" content=\"Les r\u00e2pes \u00e0 fromage Microplane \u00e0 gros grains sont utilis\u00e9es par les chefs et les gourmets du monde entier\u00a0! Pour r\u00e2per des carottes, des fromages \u00e0 p\u00e2te\" \/>\n<meta property=\"og:url\" content=\"https:\/\/www.erresse-shop.it\/fr\/shop\/cuisine\/rapes\/microplane-premium-classic-rape-gris-fonce-copia\/\" \/>\n<meta property=\"og:site_name\" content=\"Erresse Shop\" \/>\n<meta property=\"article:modified_time\" content=\"2025-03-12T13:31:05+00:00\" \/>\n<meta property=\"og:image\" content=\"https:\/\/www.erresse-shop.it\/wp-content\/uploads\/2025\/03\/MICROPLANE-Gourmet-Grattugia-grossa-Nero.jpg\" \/>\n\t<meta property=\"og:image:width\" content=\"1200\" \/>\n\t<meta property=\"og:image:height\" content=\"1200\" \/>\n\t<meta property=\"og:image:type\" content=\"image\/jpeg\" \/>\n<meta name=\"twitter:card\" content=\"summary_large_image\" \/>\n<script type=\"application\/ld+json\" class=\"yoast-schema-graph\">{\"@context\":\"https:\/\/schema.org\",\"@graph\":[{\"@type\":\"WebPage\",\"@id\":\"https:\/\/www.erresse-shop.it\/fr\/shop\/cuisine\/rapes\/microplane-premium-classic-rape-gris-fonce-copia\/\",\"url\":\"https:\/\/www.erresse-shop.it\/fr\/shop\/cuisine\/rapes\/microplane-premium-classic-rape-gris-fonce-copia\/\",\"name\":\"MICROPLANE Gourmet R\u00e2pe grossi\u00e8re Noir - Erresse Shop\",\"isPartOf\":{\"@id\":\"https:\/\/www.erresse-shop.it\/fr\/#website\"},\"datePublished\":\"2025-03-12T13:05:44+00:00\",\"dateModified\":\"2025-03-12T13:31:05+00:00\",\"description\":\"Les r\u00e2pes \u00e0 fromage Microplane \u00e0 gros grains sont utilis\u00e9es par les chefs et les gourmets du monde entier\u00a0! Pour r\u00e2per des carottes, des fromages \u00e0 p\u00e2te\",\"breadcrumb\":{\"@id\":\"https:\/\/www.erresse-shop.it\/fr\/shop\/cuisine\/rapes\/microplane-premium-classic-rape-gris-fonce-copia\/#breadcrumb\"},\"inLanguage\":\"fr-FR\",\"potentialAction\":[{\"@type\":\"ReadAction\",\"target\":[\"https:\/\/www.erresse-shop.it\/fr\/shop\/cuisine\/rapes\/microplane-premium-classic-rape-gris-fonce-copia\/\"]}]},{\"@type\":\"BreadcrumbList\",\"@id\":\"https:\/\/www.erresse-shop.it\/fr\/shop\/cuisine\/rapes\/microplane-premium-classic-rape-gris-fonce-copia\/#breadcrumb\",\"itemListElement\":[{\"@type\":\"ListItem\",\"position\":1,\"name\":\"Home\",\"item\":\"https:\/\/www.erresse-shop.it\/fr\/\"},{\"@type\":\"ListItem\",\"position\":2,\"name\":\"Shop\",\"item\":\"https:\/\/www.erresse-shop.it\/fr\/shop\/\"},{\"@type\":\"ListItem\",\"position\":3,\"name\":\"MICROPLANE Gourmet R\u00e2pe grossi\u00e8re Noir\"}]},{\"@type\":\"WebSite\",\"@id\":\"https:\/\/www.erresse-shop.it\/fr\/#website\",\"url\":\"https:\/\/www.erresse-shop.it\/fr\/\",\"name\":\"Erresse Shop\",\"description\":\"Articoli di qualit\u00e0 per la casa\",\"potentialAction\":[{\"@type\":\"SearchAction\",\"target\":{\"@type\":\"EntryPoint\",\"urlTemplate\":\"https:\/\/www.erresse-shop.it\/fr\/?s={search_term_string}\"},\"query-input\":\"required name=search_term_string\"}],\"inLanguage\":\"fr-FR\"}]}<\/script>\n<!-- \/ Yoast SEO Premium plugin. -->","yoast_head_json":{"title":"MICROPLANE Gourmet R\u00e2pe grossi\u00e8re Noir - Erresse Shop","description":"Les r\u00e2pes \u00e0 fromage Microplane \u00e0 gros grains sont utilis\u00e9es par les chefs et les gourmets du monde entier\u00a0! Pour r\u00e2per des carottes, des fromages \u00e0 p\u00e2te","robots":{"index":"index","follow":"follow","max-snippet":"max-snippet:-1","max-image-preview":"max-image-preview:large","max-video-preview":"max-video-preview:-1"},"canonical":"https:\/\/www.erresse-shop.it\/fr\/shop\/cuisine\/rapes\/microplane-premium-classic-rape-gris-fonce-copia\/","og_locale":"fr_FR","og_type":"article","og_title":"MICROPLANE Gourmet R\u00e2pe grossi\u00e8re Noir","og_description":"Les r\u00e2pes \u00e0 fromage Microplane \u00e0 gros grains sont utilis\u00e9es par les chefs et les gourmets du monde entier\u00a0! Pour r\u00e2per des carottes, des fromages \u00e0 p\u00e2te","og_url":"https:\/\/www.erresse-shop.it\/fr\/shop\/cuisine\/rapes\/microplane-premium-classic-rape-gris-fonce-copia\/","og_site_name":"Erresse Shop","article_modified_time":"2025-03-12T13:31:05+00:00","og_image":[{"width":1200,"height":1200,"url":"https:\/\/www.erresse-shop.it\/wp-content\/uploads\/2025\/03\/MICROPLANE-Gourmet-Grattugia-grossa-Nero.jpg","type":"image\/jpeg"}],"twitter_card":"summary_large_image","schema":{"@context":"https:\/\/schema.org","@graph":[{"@type":"WebPage","@id":"https:\/\/www.erresse-shop.it\/fr\/shop\/cuisine\/rapes\/microplane-premium-classic-rape-gris-fonce-copia\/","url":"https:\/\/www.erresse-shop.it\/fr\/shop\/cuisine\/rapes\/microplane-premium-classic-rape-gris-fonce-copia\/","name":"MICROPLANE Gourmet R\u00e2pe grossi\u00e8re Noir - Erresse Shop","isPartOf":{"@id":"https:\/\/www.erresse-shop.it\/fr\/#website"},"datePublished":"2025-03-12T13:05:44+00:00","dateModified":"2025-03-12T13:31:05+00:00","description":"Les r\u00e2pes \u00e0 fromage Microplane \u00e0 gros grains sont utilis\u00e9es par les chefs et les gourmets du monde entier\u00a0! Pour r\u00e2per des carottes, des fromages \u00e0 p\u00e2te","breadcrumb":{"@id":"https:\/\/www.erresse-shop.it\/fr\/shop\/cuisine\/rapes\/microplane-premium-classic-rape-gris-fonce-copia\/#breadcrumb"},"inLanguage":"fr-FR","potentialAction":[{"@type":"ReadAction","target":["https:\/\/www.erresse-shop.it\/fr\/shop\/cuisine\/rapes\/microplane-premium-classic-rape-gris-fonce-copia\/"]}]},{"@type":"BreadcrumbList","@id":"https:\/\/www.erresse-shop.it\/fr\/shop\/cuisine\/rapes\/microplane-premium-classic-rape-gris-fonce-copia\/#breadcrumb","itemListElement":[{"@type":"ListItem","position":1,"name":"Home","item":"https:\/\/www.erresse-shop.it\/fr\/"},{"@type":"ListItem","position":2,"name":"Shop","item":"https:\/\/www.erresse-shop.it\/fr\/shop\/"},{"@type":"ListItem","position":3,"name":"MICROPLANE Gourmet R\u00e2pe grossi\u00e8re Noir"}]},{"@type":"WebSite","@id":"https:\/\/www.erresse-shop.it\/fr\/#website","url":"https:\/\/www.erresse-shop.it\/fr\/","name":"Erresse Shop","description":"Articoli di qualit\u00e0 per la casa","potentialAction":[{"@type":"SearchAction","target":{"@type":"EntryPoint","urlTemplate":"https:\/\/www.erresse-shop.it\/fr\/?s={search_term_string}"},"query-input":"required name=search_term_string"}],"inLanguage":"fr-FR"}]}},"df_price":15.95,"df_sale_price":15.95,"df_regular_price":18.99,"df_image_link":"https:\/\/www.erresse-shop.it\/wp-content\/uploads\/2025\/03\/MICROPLANE-Gourmet-Grattugia-grossa-Nero-300x300.jpg","_links":{"self":[{"href":"https:\/\/www.erresse-shop.it\/fr\/wp-json\/wp\/v2\/product\/476831"}],"collection":[{"href":"https:\/\/www.erresse-shop.it\/fr\/wp-json\/wp\/v2\/product"}],"about":[{"href":"https:\/\/www.erresse-shop.it\/fr\/wp-json\/wp\/v2\/types\/product"}],"wp:featuredmedia":[{"embeddable":true,"href":"https:\/\/www.erresse-shop.it\/fr\/wp-json\/wp\/v2\/media\/476854"}],"wp:attachment":[{"href":"https:\/\/www.erresse-shop.it\/fr\/wp-json\/wp\/v2\/media?parent=476831"}],"wp:term":[{"taxonomy":"product_cat","embeddable":true,"href":"https:\/\/www.erresse-shop.it\/fr\/wp-json\/wp\/v2\/product_cat?post=476831"},{"taxonomy":"product_tag","embeddable":true,"href":"https:\/\/www.erresse-shop.it\/fr\/wp-json\/wp\/v2\/product_tag?post=476831"}],"curies":[{"name":"wp","href":"https:\/\/api.w.org\/{rel}","templated":true}]}}