{"id":476781,"date":"2025-03-12T11:29:02","date_gmt":"2025-03-12T11:29:04","guid":{"rendered":"https:\/\/www.erresse-shop.it\/?post_type=product&#038;p=476781"},"modified":"2025-06-29T11:33:03","modified_gmt":"2025-06-29T11:33:03","slug":"microplane-premium-classic-rape-rouge-grenade-copia","status":"publish","type":"product","link":"https:\/\/www.erresse-shop.it\/fr\/shop\/cuisine\/rapes\/microplane-premium-classic-rape-rouge-grenade-copia\/","title":{"rendered":"MICROPLANE Premium Classic Zester R\u00e2pe Vert sauge"},"content":{"rendered":"<p>D\u00e9couvrez l&#8217;ingr\u00e9dient secret d&#8217;un plat parfait avec la r\u00e2pe Microplane Premium Classic. Con\u00e7ue pour les chefs professionnels comme pour les amateurs, cet ustensile de cuisine polyvalent permet de r\u00e2per et de r\u00e2per sans effort pour sublimer vos cr\u00e9ations culinaires.<\/p>\n<p>Caract\u00e9ristiques\u00a0:<\/p>\n<ul>\n<li><strong>Design ergonomique<\/strong>\u00a0: B\u00e9n\u00e9ficiez d&#8217;un confort in\u00e9gal\u00e9 gr\u00e2ce \u00e0 notre manche doux au toucher, con\u00e7u pour une stabilit\u00e9 et une prise en main optimales, garantissant un contr\u00f4le pr\u00e9cis et une s\u00e9curit\u00e9 optimale.<\/li>\n<li><strong>Fabrication haut de gamme<\/strong>\u00a0: Fabriqu\u00e9e en acier inoxydable durable, notre r\u00e2pe garantit un tranchant durable pour r\u00e2per et effilocher m\u00eame le Parmigiano Reggiano le plus dur en fines lamelles.<\/li>\n<li><strong>Polyvalente<\/strong>\u00a0: Que ce soit pour ajouter une touche d&#8217;agrumes \u00e0 vos desserts citronn\u00e9s ou pour garnir vos p\u00e2tes pr\u00e9f\u00e9r\u00e9es de fromage fra\u00eechement r\u00e2p\u00e9, notre r\u00e2pe est votre alli\u00e9e en cuisine.<\/li>\n<li><strong>Rangement s\u00e9curis\u00e9<\/strong>\u00a0: Chaque r\u00e2pe Microplane Premium Classic est livr\u00e9e avec un \u00e9tui de protection r\u00e9utilisable, garantissant un rangement s\u00e9curis\u00e9 et pr\u00e9servant le tranchant de la lame.<\/li>\n<\/ul>\n<p><strong>Pourquoi choisir la r\u00e2pe Microplane Premium Classic\u00a0?<\/strong><\/p>\n<p>Notre gamme Premium Classic La r\u00e2pe classique Microplane est am\u00e9lior\u00e9e gr\u00e2ce \u00e0 des fonctionnalit\u00e9s intuitives, sans compromettre l&#8217;efficacit\u00e9 exceptionnelle de r\u00e2page et de pressage qui fait la r\u00e9putation de Microplane. Ses embouts anti-rayures prot\u00e8gent les surfaces tout en permettant un r\u00e2page uniforme dans les bols et les assiettes.<\/p>\n<p>Id\u00e9ale pour transformer les fromages \u00e0 p\u00e2te dure en garnitures d\u00e9licates ou pour relever vos plats d&#8217;un zeste d&#8217;agrumes aromatique, la r\u00e2pe classique Microplane Premium est un outil indispensable \u00e0 votre arsenal culinaire.<\/p>\n<p><strong>D\u00e9tails du produit<\/strong>\u00a0:<\/p>\n<ul>\n<li>Dimensions\u00a0: 32 x 3,5 x 3 cm<\/li>\n<li>Housse de protection r\u00e9utilisable incluse<\/li>\n<li>Pieds en caoutchouc pour une stabilit\u00e9 accrue<\/li>\n<li>Manche ergonomique et doux au toucher<\/li>\n<li>Mat\u00e9riaux\u00a0: Lame en acier inoxydable chirurgical. Manche en plastique TPE.<\/li>\n<li>Lame fabriqu\u00e9e aux \u00c9tats-Unis, assembl\u00e9e au Mexique.<\/li>\n<\/ul>\n","protected":false},"excerpt":{"rendered":"<p>D\u00e9couvrez l&#8217;ingr\u00e9dient secret d&#8217;un plat parfait avec la r\u00e2pe Microplane Premium Classic. Con\u00e7ue pour les chefs professionnels comme pour les<\/p>\n","protected":false},"featured_media":476798,"template":"","meta":{"_acf_changed":false,"inline_featured_image":false},"product_cat":[12748,26037],"product_tag":[14064,19076,12817],"acf":[],"yoast_head":"<!-- This site is optimized with the Yoast SEO Premium plugin v18.6 (Yoast SEO v19.13) - https:\/\/yoast.com\/wordpress\/plugins\/seo\/ -->\n<title>MICROPLANE Premium Classic Zester R\u00e2pe Vert sauge - Erresse Shop<\/title>\n<meta name=\"description\" content=\"D\u00e9couvrez l&#039;ingr\u00e9dient secret d&#039;un plat parfait avec la r\u00e2pe Microplane Premium Classic. Con\u00e7ue pour les chefs professionnels comme pour les amateurs, cet\" \/>\n<meta name=\"robots\" content=\"index, follow, max-snippet:-1, max-image-preview:large, max-video-preview:-1\" \/>\n<link rel=\"canonical\" href=\"https:\/\/www.erresse-shop.it\/fr\/shop\/cuisine\/rapes\/microplane-premium-classic-rape-rouge-grenade-copia\/\" \/>\n<meta property=\"og:locale\" content=\"fr_FR\" \/>\n<meta property=\"og:type\" content=\"article\" \/>\n<meta property=\"og:title\" content=\"MICROPLANE Premium Classic Zester R\u00e2pe Vert sauge\" \/>\n<meta property=\"og:description\" content=\"D\u00e9couvrez l&#039;ingr\u00e9dient secret d&#039;un plat parfait avec la r\u00e2pe Microplane Premium Classic. Con\u00e7ue pour les chefs professionnels comme pour les amateurs, cet\" \/>\n<meta property=\"og:url\" content=\"https:\/\/www.erresse-shop.it\/fr\/shop\/cuisine\/rapes\/microplane-premium-classic-rape-rouge-grenade-copia\/\" \/>\n<meta property=\"og:site_name\" content=\"Erresse Shop\" \/>\n<meta property=\"article:modified_time\" content=\"2025-06-29T11:33:03+00:00\" \/>\n<meta property=\"og:image\" content=\"https:\/\/www.erresse-shop.it\/wp-content\/uploads\/2025\/03\/MICROPLANE-Premium-Classic-Grattugia-Verde-Salvia.jpg\" \/>\n\t<meta property=\"og:image:width\" content=\"1200\" \/>\n\t<meta property=\"og:image:height\" content=\"1200\" \/>\n\t<meta property=\"og:image:type\" content=\"image\/jpeg\" \/>\n<meta name=\"twitter:card\" content=\"summary_large_image\" \/>\n<script type=\"application\/ld+json\" class=\"yoast-schema-graph\">{\"@context\":\"https:\/\/schema.org\",\"@graph\":[{\"@type\":\"WebPage\",\"@id\":\"https:\/\/www.erresse-shop.it\/fr\/shop\/cuisine\/rapes\/microplane-premium-classic-rape-rouge-grenade-copia\/\",\"url\":\"https:\/\/www.erresse-shop.it\/fr\/shop\/cuisine\/rapes\/microplane-premium-classic-rape-rouge-grenade-copia\/\",\"name\":\"MICROPLANE Premium Classic Zester R\u00e2pe Vert sauge - Erresse Shop\",\"isPartOf\":{\"@id\":\"https:\/\/www.erresse-shop.it\/fr\/#website\"},\"datePublished\":\"2025-03-12T11:29:04+00:00\",\"dateModified\":\"2025-06-29T11:33:03+00:00\",\"description\":\"D\u00e9couvrez l'ingr\u00e9dient secret d'un plat parfait avec la r\u00e2pe Microplane Premium Classic. Con\u00e7ue pour les chefs professionnels comme pour les amateurs, cet\",\"breadcrumb\":{\"@id\":\"https:\/\/www.erresse-shop.it\/fr\/shop\/cuisine\/rapes\/microplane-premium-classic-rape-rouge-grenade-copia\/#breadcrumb\"},\"inLanguage\":\"fr-FR\",\"potentialAction\":[{\"@type\":\"ReadAction\",\"target\":[\"https:\/\/www.erresse-shop.it\/fr\/shop\/cuisine\/rapes\/microplane-premium-classic-rape-rouge-grenade-copia\/\"]}]},{\"@type\":\"BreadcrumbList\",\"@id\":\"https:\/\/www.erresse-shop.it\/fr\/shop\/cuisine\/rapes\/microplane-premium-classic-rape-rouge-grenade-copia\/#breadcrumb\",\"itemListElement\":[{\"@type\":\"ListItem\",\"position\":1,\"name\":\"Home\",\"item\":\"https:\/\/www.erresse-shop.it\/fr\/\"},{\"@type\":\"ListItem\",\"position\":2,\"name\":\"Shop\",\"item\":\"https:\/\/www.erresse-shop.it\/fr\/shop\/\"},{\"@type\":\"ListItem\",\"position\":3,\"name\":\"MICROPLANE Premium Classic Zester R\u00e2pe Vert sauge\"}]},{\"@type\":\"WebSite\",\"@id\":\"https:\/\/www.erresse-shop.it\/fr\/#website\",\"url\":\"https:\/\/www.erresse-shop.it\/fr\/\",\"name\":\"Erresse Shop\",\"description\":\"Articoli di qualit\u00e0 per la casa\",\"potentialAction\":[{\"@type\":\"SearchAction\",\"target\":{\"@type\":\"EntryPoint\",\"urlTemplate\":\"https:\/\/www.erresse-shop.it\/fr\/?s={search_term_string}\"},\"query-input\":\"required name=search_term_string\"}],\"inLanguage\":\"fr-FR\"}]}<\/script>\n<!-- \/ Yoast SEO Premium plugin. -->","yoast_head_json":{"title":"MICROPLANE Premium Classic Zester R\u00e2pe Vert sauge - Erresse Shop","description":"D\u00e9couvrez l'ingr\u00e9dient secret d'un plat parfait avec la r\u00e2pe Microplane Premium Classic. Con\u00e7ue pour les chefs professionnels comme pour les amateurs, cet","robots":{"index":"index","follow":"follow","max-snippet":"max-snippet:-1","max-image-preview":"max-image-preview:large","max-video-preview":"max-video-preview:-1"},"canonical":"https:\/\/www.erresse-shop.it\/fr\/shop\/cuisine\/rapes\/microplane-premium-classic-rape-rouge-grenade-copia\/","og_locale":"fr_FR","og_type":"article","og_title":"MICROPLANE Premium Classic Zester R\u00e2pe Vert sauge","og_description":"D\u00e9couvrez l'ingr\u00e9dient secret d'un plat parfait avec la r\u00e2pe Microplane Premium Classic. Con\u00e7ue pour les chefs professionnels comme pour les amateurs, cet","og_url":"https:\/\/www.erresse-shop.it\/fr\/shop\/cuisine\/rapes\/microplane-premium-classic-rape-rouge-grenade-copia\/","og_site_name":"Erresse Shop","article_modified_time":"2025-06-29T11:33:03+00:00","og_image":[{"width":1200,"height":1200,"url":"https:\/\/www.erresse-shop.it\/wp-content\/uploads\/2025\/03\/MICROPLANE-Premium-Classic-Grattugia-Verde-Salvia.jpg","type":"image\/jpeg"}],"twitter_card":"summary_large_image","schema":{"@context":"https:\/\/schema.org","@graph":[{"@type":"WebPage","@id":"https:\/\/www.erresse-shop.it\/fr\/shop\/cuisine\/rapes\/microplane-premium-classic-rape-rouge-grenade-copia\/","url":"https:\/\/www.erresse-shop.it\/fr\/shop\/cuisine\/rapes\/microplane-premium-classic-rape-rouge-grenade-copia\/","name":"MICROPLANE Premium Classic Zester R\u00e2pe Vert sauge - Erresse Shop","isPartOf":{"@id":"https:\/\/www.erresse-shop.it\/fr\/#website"},"datePublished":"2025-03-12T11:29:04+00:00","dateModified":"2025-06-29T11:33:03+00:00","description":"D\u00e9couvrez l'ingr\u00e9dient secret d'un plat parfait avec la r\u00e2pe Microplane Premium Classic. Con\u00e7ue pour les chefs professionnels comme pour les amateurs, cet","breadcrumb":{"@id":"https:\/\/www.erresse-shop.it\/fr\/shop\/cuisine\/rapes\/microplane-premium-classic-rape-rouge-grenade-copia\/#breadcrumb"},"inLanguage":"fr-FR","potentialAction":[{"@type":"ReadAction","target":["https:\/\/www.erresse-shop.it\/fr\/shop\/cuisine\/rapes\/microplane-premium-classic-rape-rouge-grenade-copia\/"]}]},{"@type":"BreadcrumbList","@id":"https:\/\/www.erresse-shop.it\/fr\/shop\/cuisine\/rapes\/microplane-premium-classic-rape-rouge-grenade-copia\/#breadcrumb","itemListElement":[{"@type":"ListItem","position":1,"name":"Home","item":"https:\/\/www.erresse-shop.it\/fr\/"},{"@type":"ListItem","position":2,"name":"Shop","item":"https:\/\/www.erresse-shop.it\/fr\/shop\/"},{"@type":"ListItem","position":3,"name":"MICROPLANE Premium Classic Zester R\u00e2pe Vert sauge"}]},{"@type":"WebSite","@id":"https:\/\/www.erresse-shop.it\/fr\/#website","url":"https:\/\/www.erresse-shop.it\/fr\/","name":"Erresse Shop","description":"Articoli di qualit\u00e0 per la casa","potentialAction":[{"@type":"SearchAction","target":{"@type":"EntryPoint","urlTemplate":"https:\/\/www.erresse-shop.it\/fr\/?s={search_term_string}"},"query-input":"required name=search_term_string"}],"inLanguage":"fr-FR"}]}},"df_price":17.99,"df_sale_price":17.99,"df_regular_price":17.99,"df_image_link":"https:\/\/www.erresse-shop.it\/wp-content\/uploads\/2025\/03\/MICROPLANE-Premium-Classic-Grattugia-Verde-Salvia-300x300.jpg","_links":{"self":[{"href":"https:\/\/www.erresse-shop.it\/fr\/wp-json\/wp\/v2\/product\/476781"}],"collection":[{"href":"https:\/\/www.erresse-shop.it\/fr\/wp-json\/wp\/v2\/product"}],"about":[{"href":"https:\/\/www.erresse-shop.it\/fr\/wp-json\/wp\/v2\/types\/product"}],"wp:featuredmedia":[{"embeddable":true,"href":"https:\/\/www.erresse-shop.it\/fr\/wp-json\/wp\/v2\/media\/476798"}],"wp:attachment":[{"href":"https:\/\/www.erresse-shop.it\/fr\/wp-json\/wp\/v2\/media?parent=476781"}],"wp:term":[{"taxonomy":"product_cat","embeddable":true,"href":"https:\/\/www.erresse-shop.it\/fr\/wp-json\/wp\/v2\/product_cat?post=476781"},{"taxonomy":"product_tag","embeddable":true,"href":"https:\/\/www.erresse-shop.it\/fr\/wp-json\/wp\/v2\/product_tag?post=476781"}],"curies":[{"name":"wp","href":"https:\/\/api.w.org\/{rel}","templated":true}]}}