{"id":476534,"date":"2025-03-12T09:36:06","date_gmt":"2025-03-12T09:36:09","guid":{"rendered":"https:\/\/www.erresse-shop.it\/?post_type=product&#038;p=476534"},"modified":"2025-03-12T09:59:52","modified_gmt":"2025-03-12T09:59:52","slug":"zwilling-fresh-save-set-sous-vide-en-plastique-7-pieces-la-mer-copia","status":"publish","type":"product","link":"https:\/\/www.erresse-shop.it\/fr\/shop\/cuisine\/sous-vide\/zwilling-fresh-save-set-sous-vide-en-plastique-7-pieces-la-mer-copia\/","title":{"rendered":"ZWILLING Fresh &#038; Save Coffret sous vide en verre 8 pi\u00e8ces La Mer"},"content":{"rendered":"<p>Avec le set de conservation Fresh &amp; vacuum \u00c9conomisez, les aliments restent frais jusqu&#8217;\u00e0 5 fois plus longtemps que le stockage conventionnel et pr\u00e9servent les saveurs et les nutriments. Cela permet non seulement d\u2019\u00e9conomiser du temps et de l\u2019argent, mais aussi d\u2019\u00e9viter le gaspillage alimentaire.<\/p>\n<p><strong>Fresh vacuum\u00a0:<\/strong> La pompe FRESH &amp; vacuum SAVE est sans fil et facile \u00e0 manipuler et aspire l&#8217;air du r\u00e9cipient ou du sac par simple pression sur un bouton, en quelques secondes seulement. La machine \u00e0 vide s&#8217;arr\u00eate automatiquement d\u00e8s que suffisamment d&#8217;air s&#8217;est \u00e9chapp\u00e9.<\/p>\n<p><strong>Bo\u00eete \u00e0 lunch 2 en 1 pour la maison et les voyages\u00a0:<\/strong> S\u00e9parateur amovible pratique pour s\u00e9parer deux types d&#8217;aliments diff\u00e9rents. La bo\u00eete \u00e0 lunch offre une hauteur optimale pour les sandwichs, la charcuterie et les amuse-gueules crus.<\/p>\n<p><strong>Sacs sous vide peu encombrants\u00a0:<\/strong> avec le robuste Fresh &amp; \u00c9conomisez, les aliments peuvent \u00eatre conserv\u00e9s herm\u00e9tiquement au cong\u00e9lateur et au r\u00e9frig\u00e9rateur gr\u00e2ce \u00e0 la fermeture \u00e9clair et gr\u00e2ce \u00e0 la doublure sous vide, les br\u00fblures de cong\u00e9lation appartiennent au pass\u00e9. Les sacs de conservation r\u00e9utilisables pour aliments, y compris l&#8217;aide \u00e0 la marinade, sont id\u00e9aux pour la cuisson sous vide et la marinade.<\/p>\n<p><strong>Contenu du colis\u00a0:<\/strong><\/p>\n<ul>\n<li>1 pompe \u00e0 vide (diam\u00e8tre 4,5 cm, hauteur 19,5 cm)<\/li>\n<li>1 r\u00e9cipient sous vide en verre L (2 L, 22 x 15 x 12 cm)<\/li>\n<li>1 r\u00e9cipient sous vide plat L (1 L, 22 x 12 cm)<\/li>\n<li>2 sacs sous vide S (chacun 1,25 L, 23 x 20 cm)<\/li>\n<li>2 sacs sous vide M (chacun 4 L, 35 x 26 cm)<\/li>\n<li>1 sac sous vide L (8,5 L, 49 x 30 cm)<\/li>\n<\/ul>\n","protected":false},"excerpt":{"rendered":"<p>Avec le set de conservation Fresh &amp; vacuum \u00c9conomisez, les aliments restent frais jusqu&#8217;\u00e0 5 fois plus longtemps que le<\/p>\n","protected":false},"featured_media":476598,"template":"","meta":{"_acf_changed":false,"inline_featured_image":false},"product_cat":[12748,26042],"product_tag":[],"acf":[],"yoast_head":"<!-- This site is optimized with the Yoast SEO Premium plugin v18.6 (Yoast SEO v19.13) - https:\/\/yoast.com\/wordpress\/plugins\/seo\/ -->\n<title>ZWILLING Fresh &amp; Save Coffret sous vide en verre 8 pi\u00e8ces La Mer - Erresse Shop<\/title>\n<meta name=\"description\" content=\"Avec le set de conservation Fresh &amp; vacuum \u00c9conomisez, les aliments restent frais jusqu&#039;\u00e0 5 fois plus longtemps que le stockage conventionnel et\" \/>\n<meta name=\"robots\" content=\"index, follow, max-snippet:-1, max-image-preview:large, max-video-preview:-1\" \/>\n<link rel=\"canonical\" href=\"https:\/\/www.erresse-shop.it\/fr\/shop\/cuisine\/sous-vide\/zwilling-fresh-save-set-sous-vide-en-plastique-7-pieces-la-mer-copia\/\" \/>\n<meta property=\"og:locale\" content=\"fr_FR\" \/>\n<meta property=\"og:type\" content=\"article\" \/>\n<meta property=\"og:title\" content=\"ZWILLING Fresh &amp; Save Coffret sous vide en verre 8 pi\u00e8ces La Mer\" \/>\n<meta property=\"og:description\" content=\"Avec le set de conservation Fresh &amp; vacuum \u00c9conomisez, les aliments restent frais jusqu&#039;\u00e0 5 fois plus longtemps que le stockage conventionnel et\" \/>\n<meta property=\"og:url\" content=\"https:\/\/www.erresse-shop.it\/fr\/shop\/cuisine\/sous-vide\/zwilling-fresh-save-set-sous-vide-en-plastique-7-pieces-la-mer-copia\/\" \/>\n<meta property=\"og:site_name\" content=\"Erresse Shop\" \/>\n<meta property=\"article:modified_time\" content=\"2025-03-12T09:59:52+00:00\" \/>\n<meta property=\"og:image\" content=\"https:\/\/www.erresse-shop.it\/wp-content\/uploads\/2025\/03\/ZWILLING-Set-Sottovuoto-FreshSave-in-Plastica-8-Pezzi-La-Mer.jpg\" \/>\n\t<meta property=\"og:image:width\" content=\"1200\" \/>\n\t<meta property=\"og:image:height\" content=\"1200\" \/>\n\t<meta property=\"og:image:type\" content=\"image\/jpeg\" \/>\n<meta name=\"twitter:card\" content=\"summary_large_image\" \/>\n<script type=\"application\/ld+json\" class=\"yoast-schema-graph\">{\"@context\":\"https:\/\/schema.org\",\"@graph\":[{\"@type\":\"WebPage\",\"@id\":\"https:\/\/www.erresse-shop.it\/fr\/shop\/cuisine\/sous-vide\/zwilling-fresh-save-set-sous-vide-en-plastique-7-pieces-la-mer-copia\/\",\"url\":\"https:\/\/www.erresse-shop.it\/fr\/shop\/cuisine\/sous-vide\/zwilling-fresh-save-set-sous-vide-en-plastique-7-pieces-la-mer-copia\/\",\"name\":\"ZWILLING Fresh & Save Coffret sous vide en verre 8 pi\u00e8ces La Mer - Erresse Shop\",\"isPartOf\":{\"@id\":\"https:\/\/www.erresse-shop.it\/fr\/#website\"},\"datePublished\":\"2025-03-12T09:36:09+00:00\",\"dateModified\":\"2025-03-12T09:59:52+00:00\",\"description\":\"Avec le set de conservation Fresh &amp; vacuum \u00c9conomisez, les aliments restent frais jusqu'\u00e0 5 fois plus longtemps que le stockage conventionnel et\",\"breadcrumb\":{\"@id\":\"https:\/\/www.erresse-shop.it\/fr\/shop\/cuisine\/sous-vide\/zwilling-fresh-save-set-sous-vide-en-plastique-7-pieces-la-mer-copia\/#breadcrumb\"},\"inLanguage\":\"fr-FR\",\"potentialAction\":[{\"@type\":\"ReadAction\",\"target\":[\"https:\/\/www.erresse-shop.it\/fr\/shop\/cuisine\/sous-vide\/zwilling-fresh-save-set-sous-vide-en-plastique-7-pieces-la-mer-copia\/\"]}]},{\"@type\":\"BreadcrumbList\",\"@id\":\"https:\/\/www.erresse-shop.it\/fr\/shop\/cuisine\/sous-vide\/zwilling-fresh-save-set-sous-vide-en-plastique-7-pieces-la-mer-copia\/#breadcrumb\",\"itemListElement\":[{\"@type\":\"ListItem\",\"position\":1,\"name\":\"Home\",\"item\":\"https:\/\/www.erresse-shop.it\/fr\/\"},{\"@type\":\"ListItem\",\"position\":2,\"name\":\"Shop\",\"item\":\"https:\/\/www.erresse-shop.it\/fr\/shop\/\"},{\"@type\":\"ListItem\",\"position\":3,\"name\":\"ZWILLING Fresh &#038; Save Coffret sous vide en verre 8 pi\u00e8ces La Mer\"}]},{\"@type\":\"WebSite\",\"@id\":\"https:\/\/www.erresse-shop.it\/fr\/#website\",\"url\":\"https:\/\/www.erresse-shop.it\/fr\/\",\"name\":\"Erresse Shop\",\"description\":\"Articoli di qualit\u00e0 per la casa\",\"potentialAction\":[{\"@type\":\"SearchAction\",\"target\":{\"@type\":\"EntryPoint\",\"urlTemplate\":\"https:\/\/www.erresse-shop.it\/fr\/?s={search_term_string}\"},\"query-input\":\"required name=search_term_string\"}],\"inLanguage\":\"fr-FR\"}]}<\/script>\n<!-- \/ Yoast SEO Premium plugin. -->","yoast_head_json":{"title":"ZWILLING Fresh & Save Coffret sous vide en verre 8 pi\u00e8ces La Mer - Erresse Shop","description":"Avec le set de conservation Fresh &amp; vacuum \u00c9conomisez, les aliments restent frais jusqu'\u00e0 5 fois plus longtemps que le stockage conventionnel et","robots":{"index":"index","follow":"follow","max-snippet":"max-snippet:-1","max-image-preview":"max-image-preview:large","max-video-preview":"max-video-preview:-1"},"canonical":"https:\/\/www.erresse-shop.it\/fr\/shop\/cuisine\/sous-vide\/zwilling-fresh-save-set-sous-vide-en-plastique-7-pieces-la-mer-copia\/","og_locale":"fr_FR","og_type":"article","og_title":"ZWILLING Fresh & Save Coffret sous vide en verre 8 pi\u00e8ces La Mer","og_description":"Avec le set de conservation Fresh &amp; vacuum \u00c9conomisez, les aliments restent frais jusqu'\u00e0 5 fois plus longtemps que le stockage conventionnel et","og_url":"https:\/\/www.erresse-shop.it\/fr\/shop\/cuisine\/sous-vide\/zwilling-fresh-save-set-sous-vide-en-plastique-7-pieces-la-mer-copia\/","og_site_name":"Erresse Shop","article_modified_time":"2025-03-12T09:59:52+00:00","og_image":[{"width":1200,"height":1200,"url":"https:\/\/www.erresse-shop.it\/wp-content\/uploads\/2025\/03\/ZWILLING-Set-Sottovuoto-FreshSave-in-Plastica-8-Pezzi-La-Mer.jpg","type":"image\/jpeg"}],"twitter_card":"summary_large_image","schema":{"@context":"https:\/\/schema.org","@graph":[{"@type":"WebPage","@id":"https:\/\/www.erresse-shop.it\/fr\/shop\/cuisine\/sous-vide\/zwilling-fresh-save-set-sous-vide-en-plastique-7-pieces-la-mer-copia\/","url":"https:\/\/www.erresse-shop.it\/fr\/shop\/cuisine\/sous-vide\/zwilling-fresh-save-set-sous-vide-en-plastique-7-pieces-la-mer-copia\/","name":"ZWILLING Fresh & Save Coffret sous vide en verre 8 pi\u00e8ces La Mer - Erresse Shop","isPartOf":{"@id":"https:\/\/www.erresse-shop.it\/fr\/#website"},"datePublished":"2025-03-12T09:36:09+00:00","dateModified":"2025-03-12T09:59:52+00:00","description":"Avec le set de conservation Fresh &amp; vacuum \u00c9conomisez, les aliments restent frais jusqu'\u00e0 5 fois plus longtemps que le stockage conventionnel et","breadcrumb":{"@id":"https:\/\/www.erresse-shop.it\/fr\/shop\/cuisine\/sous-vide\/zwilling-fresh-save-set-sous-vide-en-plastique-7-pieces-la-mer-copia\/#breadcrumb"},"inLanguage":"fr-FR","potentialAction":[{"@type":"ReadAction","target":["https:\/\/www.erresse-shop.it\/fr\/shop\/cuisine\/sous-vide\/zwilling-fresh-save-set-sous-vide-en-plastique-7-pieces-la-mer-copia\/"]}]},{"@type":"BreadcrumbList","@id":"https:\/\/www.erresse-shop.it\/fr\/shop\/cuisine\/sous-vide\/zwilling-fresh-save-set-sous-vide-en-plastique-7-pieces-la-mer-copia\/#breadcrumb","itemListElement":[{"@type":"ListItem","position":1,"name":"Home","item":"https:\/\/www.erresse-shop.it\/fr\/"},{"@type":"ListItem","position":2,"name":"Shop","item":"https:\/\/www.erresse-shop.it\/fr\/shop\/"},{"@type":"ListItem","position":3,"name":"ZWILLING Fresh &#038; Save Coffret sous vide en verre 8 pi\u00e8ces La Mer"}]},{"@type":"WebSite","@id":"https:\/\/www.erresse-shop.it\/fr\/#website","url":"https:\/\/www.erresse-shop.it\/fr\/","name":"Erresse Shop","description":"Articoli di qualit\u00e0 per la casa","potentialAction":[{"@type":"SearchAction","target":{"@type":"EntryPoint","urlTemplate":"https:\/\/www.erresse-shop.it\/fr\/?s={search_term_string}"},"query-input":"required name=search_term_string"}],"inLanguage":"fr-FR"}]}},"df_price":42.5,"df_sale_price":42.5,"df_regular_price":85,"df_image_link":"https:\/\/www.erresse-shop.it\/wp-content\/uploads\/2025\/03\/ZWILLING-Set-Sottovuoto-FreshSave-in-Vetro-8-Pezzi-La-Mer-300x300.jpg","_links":{"self":[{"href":"https:\/\/www.erresse-shop.it\/fr\/wp-json\/wp\/v2\/product\/476534"}],"collection":[{"href":"https:\/\/www.erresse-shop.it\/fr\/wp-json\/wp\/v2\/product"}],"about":[{"href":"https:\/\/www.erresse-shop.it\/fr\/wp-json\/wp\/v2\/types\/product"}],"wp:featuredmedia":[{"embeddable":true,"href":"https:\/\/www.erresse-shop.it\/fr\/wp-json\/wp\/v2\/media\/476598"}],"wp:attachment":[{"href":"https:\/\/www.erresse-shop.it\/fr\/wp-json\/wp\/v2\/media?parent=476534"}],"wp:term":[{"taxonomy":"product_cat","embeddable":true,"href":"https:\/\/www.erresse-shop.it\/fr\/wp-json\/wp\/v2\/product_cat?post=476534"},{"taxonomy":"product_tag","embeddable":true,"href":"https:\/\/www.erresse-shop.it\/fr\/wp-json\/wp\/v2\/product_tag?post=476534"}],"curies":[{"name":"wp","href":"https:\/\/api.w.org\/{rel}","templated":true}]}}