{"id":476457,"date":"2025-03-12T08:22:03","date_gmt":"2025-03-12T08:22:07","guid":{"rendered":"https:\/\/www.erresse-shop.it\/?post_type=product&#038;p=476457"},"modified":"2025-06-17T14:11:30","modified_gmt":"2025-06-17T14:11:30","slug":"staub-cocotte-rond-24-cm-fleur-de-cerisier-copia","status":"publish","type":"product","link":"https:\/\/www.erresse-shop.it\/fr\/shop\/poeles-pots\/casseroles\/staub-cocotte-rond-24-cm-fleur-de-cerisier-copia\/","title":{"rendered":"STAUB Cocotte en fonte avec couvercle 20 cm Gris Graphite"},"content":{"rendered":"<p>La casserole ronde avec couvercle de la gamme Staub Cookware convient \u00e0 tout type de cuisini\u00e8re, y compris les plaques \u00e0 induction. La r\u00e9partition uniforme de la chaleur le rend parfait pour une cuisson saine et douce. Cuisin\u00e9s en cocotte, les l\u00e9gumes frais conservent toutes leurs vitamines et leurs nutriments les plus importants. Avec une capacit\u00e9 de 0,75 litre et un diam\u00e8tre de 20 cm, le plat de cuisson est particuli\u00e8rement adapt\u00e9 \u00e0 la pr\u00e9paration de portions individuelles. L&#8217;avantage de ce plat de cuisson gris graphite est que vous pouvez le passer directement du four \u00e0 la table. Sa forme classique avec ses poign\u00e9es pratiques sur les c\u00f4t\u00e9s facilite sa manipulation et son rangement. Les cocottes Staub peuvent \u00eatre utilis\u00e9es non seulement au four. Une fois les ingr\u00e9dients saisis, vous pouvez les mettre au four pour les cuire jusqu&#8217;\u00e0 ce qu&#8217;ils soient compl\u00e8tement dor\u00e9s. Les r\u00e9sultats de cuisson obtenus avec cette marmite Staub vous raviront.<\/p>\n<ul>\n<li>Pr\u00e9parer et servir<\/li>\n<\/ul>\n<p><strong>Caract\u00e9ristiques\u00a0:<\/strong><\/p>\n<div class=\"dimensions-content\">\n<div class=\"product-main-attributes\">\n<ul>\n<li class=\"attribute\"><span class=\"label\">R\u00e9sistance \u00e0 la chaleur\u00a0:<\/span><span class=\"value\">260\u00a0\u00baC<\/span><\/li>\n<li class=\"attribute\"><span class=\"label\">R\u00e9sistance au froid\u00a0:<\/span><span class=\"value\">-20\u00a0\u00baC<\/span><\/li>\n<li class=\"attribute\"><span class=\"label\">Mat\u00e9riau\u00a0:<\/span><span class=\"value\">fonte<\/span><\/li>\n<li class=\"attribute\"><span class=\"label\">Type de poign\u00e9e\u00a0:<\/span><span class=\"value\">bouton de couvercle<\/span><\/li>\n<li class=\"attribute\"><span class=\"label\">Rev\u00eatement int\u00e9rieur\u00a0:<\/span><span class=\"value\">\u00e9mail<\/span><\/li>\n<li class=\"attribute\"><span class=\"label\">Induction\u00a0:<\/span><span class=\"value\">Oui<\/span><\/li>\n<li class=\"attribute\"><span class=\"label\">Passe au four\u00a0:<\/span><span class=\"value\">Oui<\/span><\/li>\n<li class=\"attribute\"><span class=\"label\">Cong\u00e9lateur\u00a0:<\/span><span class=\"value\">Oui<\/span><\/li>\n<li class=\"attribute\"><span class=\"label\">Passe au micro-ondes\u00a0:<\/span><span class=\"value\">Oui<\/span><\/li>\n<li class=\"attribute\"><span class=\"label\">Lave-vaisselle\u00a0:<\/span><span class=\"value\">Oui<\/span><\/li>\n<\/ul>\n<\/div>\n<\/div>\n<div class=\"dimensions-content\">\n<p>Dimensions\u00a0:<\/p>\n<div class=\"product-main-attributes\">\n<ul>\n<li class=\"attribute\"><span class=\"label\">Poids net\u00a0:<\/span><span class=\"value\">2,21 kg<\/span><\/li>\n<li class=\"attribute\"><span class=\"label\">Capacit\u00e9\u00a0:<\/span><span class=\"value\">0,75 l<\/span><\/li>\n<li class=\"attribute\"><span class=\"label\">Longueur du produit\u00a0:<\/span><span class=\"value\">26,00 cm<\/span><\/li>\n<li class=\"attribute\"><span class=\"label\">Largeur du produit\u00a0:<\/span><span class=\"value\">20,40 cm<\/span><\/li>\n<li class=\"attribute\"><span class=\"label\">Hauteur du produit\u00a0:<\/span><span class=\"value\">8,60 cm<\/span><\/li>\n<li class=\"attribute\"><span class=\"label\">Diam\u00e8tre sup\u00e9rieur\u00a0:<\/span><span class=\"value\">20,00 cm<\/span><\/li>\n<li class=\"attribute\"><span class=\"label\">Diam\u00e8tre du fond\u00a0:<\/span><span class=\"value\">17,00 cm<\/span><\/li>\n<\/ul>\n<\/div>\n<\/div>\n","protected":false},"excerpt":{"rendered":"<p>La casserole ronde avec couvercle de la gamme Staub Cookware convient \u00e0 tout type de cuisini\u00e8re, y compris les plaques<\/p>\n","protected":false},"featured_media":476481,"template":"","meta":{"_acf_changed":false,"inline_featured_image":false},"product_cat":[12458,14777],"product_tag":[25086,21529,25021,12994,12460,12461,17108],"acf":[],"yoast_head":"<!-- This site is optimized with the Yoast SEO Premium plugin v18.6 (Yoast SEO v19.13) - https:\/\/yoast.com\/wordpress\/plugins\/seo\/ -->\n<title>STAUB Cocotte Rond 24 cm Cannelle<\/title>\n<meta name=\"description\" content=\"D\u00e9couvrez STAUB Cocotte Rond 24 cm Cannelle sur ErresseShop. Qualit\u00e9, prix r\u00e9duits et achat s\u00e9curis\u00e9 \u2013 commandez d\u00e8s maintenant en ligne !\" \/>\n<meta name=\"robots\" content=\"index, follow, max-snippet:-1, max-image-preview:large, max-video-preview:-1\" \/>\n<link rel=\"canonical\" href=\"https:\/\/www.erresse-shop.it\/fr\/shop\/poeles-pots\/casseroles\/staub-cocotte-rond-24-cm-fleur-de-cerisier-copia\/\" \/>\n<meta property=\"og:locale\" content=\"fr_FR\" \/>\n<meta property=\"og:type\" content=\"article\" \/>\n<meta property=\"og:title\" content=\"STAUB Cocotte en fonte avec couvercle 20 cm Gris Graphite\" \/>\n<meta property=\"og:description\" content=\"D\u00e9couvrez STAUB Cocotte Rond 24 cm Cannelle sur ErresseShop. Qualit\u00e9, prix r\u00e9duits et achat s\u00e9curis\u00e9 \u2013 commandez d\u00e8s maintenant en ligne !\" \/>\n<meta property=\"og:url\" content=\"https:\/\/www.erresse-shop.it\/fr\/shop\/poeles-pots\/casseroles\/staub-cocotte-rond-24-cm-fleur-de-cerisier-copia\/\" \/>\n<meta property=\"og:site_name\" content=\"Erresse Shop\" \/>\n<meta property=\"article:modified_time\" content=\"2025-06-17T14:11:30+00:00\" \/>\n<meta property=\"og:image\" content=\"https:\/\/www.erresse-shop.it\/wp-content\/uploads\/2025\/03\/STAUB-Pirofila-Tonda-in-Ghisa-20-cm-Grigio-Grafite.jpg\" \/>\n\t<meta property=\"og:image:width\" content=\"1200\" \/>\n\t<meta property=\"og:image:height\" content=\"1200\" \/>\n\t<meta property=\"og:image:type\" content=\"image\/jpeg\" \/>\n<meta name=\"twitter:card\" content=\"summary_large_image\" \/>\n<script type=\"application\/ld+json\" class=\"yoast-schema-graph\">{\"@context\":\"https:\/\/schema.org\",\"@graph\":[{\"@type\":\"WebPage\",\"@id\":\"https:\/\/www.erresse-shop.it\/fr\/shop\/poeles-pots\/casseroles\/staub-cocotte-rond-24-cm-fleur-de-cerisier-copia\/\",\"url\":\"https:\/\/www.erresse-shop.it\/fr\/shop\/poeles-pots\/casseroles\/staub-cocotte-rond-24-cm-fleur-de-cerisier-copia\/\",\"name\":\"STAUB Cocotte Rond 24 cm Cannelle\",\"isPartOf\":{\"@id\":\"https:\/\/www.erresse-shop.it\/fr\/#website\"},\"datePublished\":\"2025-03-12T08:22:07+00:00\",\"dateModified\":\"2025-06-17T14:11:30+00:00\",\"description\":\"D\u00e9couvrez STAUB Cocotte Rond 24 cm Cannelle sur ErresseShop. Qualit\u00e9, prix r\u00e9duits et achat s\u00e9curis\u00e9 \u2013 commandez d\u00e8s maintenant en ligne !\",\"breadcrumb\":{\"@id\":\"https:\/\/www.erresse-shop.it\/fr\/shop\/poeles-pots\/casseroles\/staub-cocotte-rond-24-cm-fleur-de-cerisier-copia\/#breadcrumb\"},\"inLanguage\":\"fr-FR\",\"potentialAction\":[{\"@type\":\"ReadAction\",\"target\":[\"https:\/\/www.erresse-shop.it\/fr\/shop\/poeles-pots\/casseroles\/staub-cocotte-rond-24-cm-fleur-de-cerisier-copia\/\"]}]},{\"@type\":\"BreadcrumbList\",\"@id\":\"https:\/\/www.erresse-shop.it\/fr\/shop\/poeles-pots\/casseroles\/staub-cocotte-rond-24-cm-fleur-de-cerisier-copia\/#breadcrumb\",\"itemListElement\":[{\"@type\":\"ListItem\",\"position\":1,\"name\":\"Home\",\"item\":\"https:\/\/www.erresse-shop.it\/fr\/\"},{\"@type\":\"ListItem\",\"position\":2,\"name\":\"Shop\",\"item\":\"https:\/\/www.erresse-shop.it\/fr\/shop\/\"},{\"@type\":\"ListItem\",\"position\":3,\"name\":\"STAUB Cocotte en fonte avec couvercle 20 cm Gris Graphite\"}]},{\"@type\":\"WebSite\",\"@id\":\"https:\/\/www.erresse-shop.it\/fr\/#website\",\"url\":\"https:\/\/www.erresse-shop.it\/fr\/\",\"name\":\"Erresse Shop\",\"description\":\"Articoli di qualit\u00e0 per la casa\",\"potentialAction\":[{\"@type\":\"SearchAction\",\"target\":{\"@type\":\"EntryPoint\",\"urlTemplate\":\"https:\/\/www.erresse-shop.it\/fr\/?s={search_term_string}\"},\"query-input\":\"required name=search_term_string\"}],\"inLanguage\":\"fr-FR\"}]}<\/script>\n<!-- \/ Yoast SEO Premium plugin. -->","yoast_head_json":{"title":"STAUB Cocotte Rond 24 cm Cannelle","description":"D\u00e9couvrez STAUB Cocotte Rond 24 cm Cannelle sur ErresseShop. Qualit\u00e9, prix r\u00e9duits et achat s\u00e9curis\u00e9 \u2013 commandez d\u00e8s maintenant en ligne !","robots":{"index":"index","follow":"follow","max-snippet":"max-snippet:-1","max-image-preview":"max-image-preview:large","max-video-preview":"max-video-preview:-1"},"canonical":"https:\/\/www.erresse-shop.it\/fr\/shop\/poeles-pots\/casseroles\/staub-cocotte-rond-24-cm-fleur-de-cerisier-copia\/","og_locale":"fr_FR","og_type":"article","og_title":"STAUB Cocotte en fonte avec couvercle 20 cm Gris Graphite","og_description":"D\u00e9couvrez STAUB Cocotte Rond 24 cm Cannelle sur ErresseShop. Qualit\u00e9, prix r\u00e9duits et achat s\u00e9curis\u00e9 \u2013 commandez d\u00e8s maintenant en ligne !","og_url":"https:\/\/www.erresse-shop.it\/fr\/shop\/poeles-pots\/casseroles\/staub-cocotte-rond-24-cm-fleur-de-cerisier-copia\/","og_site_name":"Erresse Shop","article_modified_time":"2025-06-17T14:11:30+00:00","og_image":[{"width":1200,"height":1200,"url":"https:\/\/www.erresse-shop.it\/wp-content\/uploads\/2025\/03\/STAUB-Pirofila-Tonda-in-Ghisa-20-cm-Grigio-Grafite.jpg","type":"image\/jpeg"}],"twitter_card":"summary_large_image","schema":{"@context":"https:\/\/schema.org","@graph":[{"@type":"WebPage","@id":"https:\/\/www.erresse-shop.it\/fr\/shop\/poeles-pots\/casseroles\/staub-cocotte-rond-24-cm-fleur-de-cerisier-copia\/","url":"https:\/\/www.erresse-shop.it\/fr\/shop\/poeles-pots\/casseroles\/staub-cocotte-rond-24-cm-fleur-de-cerisier-copia\/","name":"STAUB Cocotte Rond 24 cm Cannelle","isPartOf":{"@id":"https:\/\/www.erresse-shop.it\/fr\/#website"},"datePublished":"2025-03-12T08:22:07+00:00","dateModified":"2025-06-17T14:11:30+00:00","description":"D\u00e9couvrez STAUB Cocotte Rond 24 cm Cannelle sur ErresseShop. Qualit\u00e9, prix r\u00e9duits et achat s\u00e9curis\u00e9 \u2013 commandez d\u00e8s maintenant en ligne !","breadcrumb":{"@id":"https:\/\/www.erresse-shop.it\/fr\/shop\/poeles-pots\/casseroles\/staub-cocotte-rond-24-cm-fleur-de-cerisier-copia\/#breadcrumb"},"inLanguage":"fr-FR","potentialAction":[{"@type":"ReadAction","target":["https:\/\/www.erresse-shop.it\/fr\/shop\/poeles-pots\/casseroles\/staub-cocotte-rond-24-cm-fleur-de-cerisier-copia\/"]}]},{"@type":"BreadcrumbList","@id":"https:\/\/www.erresse-shop.it\/fr\/shop\/poeles-pots\/casseroles\/staub-cocotte-rond-24-cm-fleur-de-cerisier-copia\/#breadcrumb","itemListElement":[{"@type":"ListItem","position":1,"name":"Home","item":"https:\/\/www.erresse-shop.it\/fr\/"},{"@type":"ListItem","position":2,"name":"Shop","item":"https:\/\/www.erresse-shop.it\/fr\/shop\/"},{"@type":"ListItem","position":3,"name":"STAUB Cocotte en fonte avec couvercle 20 cm Gris Graphite"}]},{"@type":"WebSite","@id":"https:\/\/www.erresse-shop.it\/fr\/#website","url":"https:\/\/www.erresse-shop.it\/fr\/","name":"Erresse Shop","description":"Articoli di qualit\u00e0 per la casa","potentialAction":[{"@type":"SearchAction","target":{"@type":"EntryPoint","urlTemplate":"https:\/\/www.erresse-shop.it\/fr\/?s={search_term_string}"},"query-input":"required name=search_term_string"}],"inLanguage":"fr-FR"}]}},"df_price":79.5,"df_sale_price":79.5,"df_regular_price":159,"df_image_link":"https:\/\/www.erresse-shop.it\/wp-content\/uploads\/2025\/03\/STAUB-Pirofila-Tonda-in-Ghisa-20-cm-Grigio-Grafite-300x300.jpg","_links":{"self":[{"href":"https:\/\/www.erresse-shop.it\/fr\/wp-json\/wp\/v2\/product\/476457"}],"collection":[{"href":"https:\/\/www.erresse-shop.it\/fr\/wp-json\/wp\/v2\/product"}],"about":[{"href":"https:\/\/www.erresse-shop.it\/fr\/wp-json\/wp\/v2\/types\/product"}],"wp:featuredmedia":[{"embeddable":true,"href":"https:\/\/www.erresse-shop.it\/fr\/wp-json\/wp\/v2\/media\/476481"}],"wp:attachment":[{"href":"https:\/\/www.erresse-shop.it\/fr\/wp-json\/wp\/v2\/media?parent=476457"}],"wp:term":[{"taxonomy":"product_cat","embeddable":true,"href":"https:\/\/www.erresse-shop.it\/fr\/wp-json\/wp\/v2\/product_cat?post=476457"},{"taxonomy":"product_tag","embeddable":true,"href":"https:\/\/www.erresse-shop.it\/fr\/wp-json\/wp\/v2\/product_tag?post=476457"}],"curies":[{"name":"wp","href":"https:\/\/api.w.org\/{rel}","templated":true}]}}