{"id":476318,"date":"2025-03-12T07:01:05","date_gmt":"2025-03-12T07:01:08","guid":{"rendered":"https:\/\/www.erresse-shop.it\/?post_type=product&#038;p=476318"},"modified":"2025-03-12T07:25:36","modified_gmt":"2025-03-12T07:25:36","slug":"staub-cocotte-ronde-22-cm-sage-copia","status":"publish","type":"product","link":"https:\/\/www.erresse-shop.it\/fr\/shop\/poeles-pots\/marmites-et-cocottes-poeles-pots\/staub-cocotte-ronde-22-cm-sage-copia\/","title":{"rendered":"STAUB Cocotte ronde 22 cm grenadine"},"content":{"rendered":"<p>Dans cette cocotte en fonte \u00e9maill\u00e9e, vous pourrez cr\u00e9er de d\u00e9licieux plats pour vos invit\u00e9s et les servir avec style. Ce plat \u00e0 gratin de couleur grenat sera un v\u00e9ritable accroche-regard dans votre cuisine. La cocotte ronde s&#8217;int\u00e8gre parfaitement dans les cuisines modernes, o\u00f9 ce meuble classique est rehauss\u00e9 d&#8217;une touche de couleur. Cette cocotte offre d\u2019innombrables autres avantages. D&#8217;une capacit\u00e9 de 2,6 litres et d&#8217;un diam\u00e8tre de 22 cm, il est id\u00e9al pour tous types de rago\u00fbts. Une particularit\u00e9 de la cocotte produite par Staub est sa grande capacit\u00e9 de stockage de chaleur. Ceci est assur\u00e9 par le rev\u00eatement int\u00e9rieur en \u00e9mail, qui stocke la chaleur pendant longtemps et la redistribue uniform\u00e9ment aux aliments. Ceci s&#8217;applique \u00e9galement aux plats froids, si vous placez la cocotte au r\u00e9frig\u00e9rateur. La cocotte est id\u00e9ale pour une cuisson d\u00e9licate et saine et la fonte est \u00e9galement facile \u00e0 nettoyer et r\u00e9sistante. L&#8217;int\u00e9rieur de la cocotte est en \u00e9mail noir mat, ce qui garantit d&#8217;excellentes propri\u00e9t\u00e9s de cuisson. Cela rehausse le go\u00fbt des aliments et produit des saveurs authentiques. Ces propri\u00e9t\u00e9s s\u2019am\u00e9liorent avec l\u2019utilisation. La cocotte de la gamme La cocotte peut \u00eatre utilis\u00e9e sur tous types de feux. Les innombrables avantages de la cocotte Staub, du rev\u00eatement \u00e0 la finition, vous raviront \u00e0 coup s\u00fbr.<\/p>\n<ul>\n<li>Id\u00e9al pour sceller et cuire lentement la viande, le poisson ou les l\u00e9gumes<\/li>\n<li>Pour une cuisson juteuse et tendre gr\u00e2ce au couvercle<\/li>\n<li>L&#8217;\u00e9mail int\u00e9rieur noir mat est id\u00e9al pour un brunissement particuli\u00e8rement croustillant et est tr\u00e8s r\u00e9sistant<\/li>\n<li>Convient \u00e0 tous les types de plaques de cuisson, y compris l&#8217;induction, peut \u00e9galement \u00eatre plac\u00e9 au four\/grill<\/li>\n<\/ul>\n<p><strong>Caract\u00e9ristiques\u00a0:<\/strong><\/p>\n<div class=\"dimensions-content\">\n<div class=\"product-main-attributes\">\n<ul>\n<li class=\"attribute\"><span class=\"label\">R\u00e9sistance \u00e0 la chaleur\u00a0: <\/span><span class=\"value\">260\u00a0\u00baC<\/span><\/li>\n<li class=\"attribute\"><span class=\"label\">R\u00e9sistance au froid\u00a0: <\/span><span class=\"value\">-20\u00a0\u00baC<\/span><\/li>\n<li class=\"attribute\"><span class=\"label\">Mat\u00e9riau\u00a0: <\/span><span class=\"value\">fonte<\/span><\/li>\n<li class=\"attribute\"><span class=\"label\">Rev\u00eatement int\u00e9rieur\u00a0: <\/span><span class=\"value\">\u00e9mail<\/span><\/li>\n<li class=\"attribute\"><span class=\"label\">Couvercle existant\u00a0: <\/span><span class=\"value\">oui<\/span><\/li>\n<li class=\"attribute\"><span class=\"label\">Induction\u00a0: <\/span><span class=\"value\">Oui<\/span><\/li>\n<li class=\"attribute\"><span class=\"label\">Passe au four\u00a0: <\/span><span class=\"value\">Oui<\/span><\/li>\n<li class=\"attribute\"><span class=\"label\">Cong\u00e9lateur\u00a0: <\/span><span class=\"value\">Oui<\/span><\/li>\n<li class=\"attribute\"><span class=\"label\">Passe au micro-ondes\u00a0: <\/span><span class=\"value\">Oui<\/span><\/li>\n<li class=\"attribute\"><span class=\"label\">Lave-vaisselle\u00a0: <\/span><span class=\"value\">Oui<\/span><\/li>\n<\/ul>\n<\/div>\n<\/div>\n<div class=\"dimensions-content\">\n<p><strong><span class=\"dimensions\">Dimensions\u00a0:<\/span><\/strong><\/p>\n<div class=\"product-main-attributes\">\n<ul>\n<li class=\"attribute\"><span class=\"label\">Poids net\u00a0: <\/span><span class=\"value\">3,95 kg<\/span><\/li>\n<li class=\"attribute\"><span class=\"label\">Capacit\u00e9\u00a0: <\/span><span class=\"value\">2,60 l<\/span><\/li>\n<li class=\"attribute\"><span class=\"label\">Longueur du produit\u00a0: <\/span><span class=\"value\">28,40 cm<\/span><\/li>\n<li class=\"attribute\"><span class=\"label\">Largeur du produit\u00a0: <\/span><span class=\"value\">22,00 cm<\/span><\/li>\n<li class=\"attribute\"><span class=\"label\">Hauteur du produit\u00a0: <\/span><span class=\"value\">14,70 cm<\/span><\/li>\n<li class=\"attribute\"><span class=\"label\">Hauteur sans couvercle\u00a0: <\/span><span class=\"value\">9,90 cm<\/span><\/li>\n<li class=\"attribute\"><span class=\"label\">Diam\u00e8tre sup\u00e9rieur\u00a0: <\/span><span class=\"value\">22,00 cm<\/span><\/li>\n<li class=\"attribute\"><span class=\"label\">Diam\u00e8tre du fond\u00a0: <\/span><span class=\"value\">17,10 cm<\/span><\/li>\n<li class=\"attribute\"><span class=\"label\">Longueur du manche\u00a0: <\/span><span class=\"value\">3,00 cm<\/span><\/li>\n<\/ul>\n<\/div>\n<\/div>\n","protected":false},"excerpt":{"rendered":"<p>Dans cette cocotte en fonte \u00e9maill\u00e9e, vous pourrez cr\u00e9er de d\u00e9licieux plats pour vos invit\u00e9s et les servir avec style.<\/p>\n","protected":false},"featured_media":476354,"template":"","meta":{"_acf_changed":false,"inline_featured_image":false},"product_cat":[12458,14792],"product_tag":[21529,12994,12460,21662,12461,12465,12466,12468],"acf":[],"yoast_head":"<!-- This site is optimized with the Yoast SEO Premium plugin v18.6 (Yoast SEO v19.13) - https:\/\/yoast.com\/wordpress\/plugins\/seo\/ -->\n<title>STAUB Cocotte ronde 22 cm grenadine - Erresse Shop<\/title>\n<meta name=\"description\" content=\"Dans cette cocotte en fonte \u00e9maill\u00e9e, vous pourrez cr\u00e9er de d\u00e9licieux plats pour vos invit\u00e9s et les servir avec style. Ce plat \u00e0 gratin de couleur grenat\" \/>\n<meta name=\"robots\" content=\"index, follow, max-snippet:-1, max-image-preview:large, max-video-preview:-1\" \/>\n<link rel=\"canonical\" href=\"https:\/\/www.erresse-shop.it\/fr\/shop\/poeles-pots\/marmites-et-cocottes-poeles-pots\/staub-cocotte-ronde-22-cm-sage-copia\/\" \/>\n<meta property=\"og:locale\" content=\"fr_FR\" \/>\n<meta property=\"og:type\" content=\"article\" \/>\n<meta property=\"og:title\" content=\"STAUB Cocotte ronde 22 cm grenadine\" \/>\n<meta property=\"og:description\" content=\"Dans cette cocotte en fonte \u00e9maill\u00e9e, vous pourrez cr\u00e9er de d\u00e9licieux plats pour vos invit\u00e9s et les servir avec style. Ce plat \u00e0 gratin de couleur grenat\" \/>\n<meta property=\"og:url\" content=\"https:\/\/www.erresse-shop.it\/fr\/shop\/poeles-pots\/marmites-et-cocottes-poeles-pots\/staub-cocotte-ronde-22-cm-sage-copia\/\" \/>\n<meta property=\"og:site_name\" content=\"Erresse Shop\" \/>\n<meta property=\"article:modified_time\" content=\"2025-03-12T07:25:36+00:00\" \/>\n<meta property=\"og:image\" content=\"https:\/\/www.erresse-shop.it\/wp-content\/uploads\/2025\/03\/STAUB-Cocotte-Tonda-in-Ghisa-22-cm-Granatina.jpg\" \/>\n\t<meta property=\"og:image:width\" content=\"1200\" \/>\n\t<meta property=\"og:image:height\" content=\"1200\" \/>\n\t<meta property=\"og:image:type\" content=\"image\/jpeg\" \/>\n<meta name=\"twitter:card\" content=\"summary_large_image\" \/>\n<script type=\"application\/ld+json\" class=\"yoast-schema-graph\">{\"@context\":\"https:\/\/schema.org\",\"@graph\":[{\"@type\":\"WebPage\",\"@id\":\"https:\/\/www.erresse-shop.it\/fr\/shop\/poeles-pots\/marmites-et-cocottes-poeles-pots\/staub-cocotte-ronde-22-cm-sage-copia\/\",\"url\":\"https:\/\/www.erresse-shop.it\/fr\/shop\/poeles-pots\/marmites-et-cocottes-poeles-pots\/staub-cocotte-ronde-22-cm-sage-copia\/\",\"name\":\"STAUB Cocotte ronde 22 cm grenadine - Erresse Shop\",\"isPartOf\":{\"@id\":\"https:\/\/www.erresse-shop.it\/fr\/#website\"},\"datePublished\":\"2025-03-12T07:01:08+00:00\",\"dateModified\":\"2025-03-12T07:25:36+00:00\",\"description\":\"Dans cette cocotte en fonte \u00e9maill\u00e9e, vous pourrez cr\u00e9er de d\u00e9licieux plats pour vos invit\u00e9s et les servir avec style. Ce plat \u00e0 gratin de couleur grenat\",\"breadcrumb\":{\"@id\":\"https:\/\/www.erresse-shop.it\/fr\/shop\/poeles-pots\/marmites-et-cocottes-poeles-pots\/staub-cocotte-ronde-22-cm-sage-copia\/#breadcrumb\"},\"inLanguage\":\"fr-FR\",\"potentialAction\":[{\"@type\":\"ReadAction\",\"target\":[\"https:\/\/www.erresse-shop.it\/fr\/shop\/poeles-pots\/marmites-et-cocottes-poeles-pots\/staub-cocotte-ronde-22-cm-sage-copia\/\"]}]},{\"@type\":\"BreadcrumbList\",\"@id\":\"https:\/\/www.erresse-shop.it\/fr\/shop\/poeles-pots\/marmites-et-cocottes-poeles-pots\/staub-cocotte-ronde-22-cm-sage-copia\/#breadcrumb\",\"itemListElement\":[{\"@type\":\"ListItem\",\"position\":1,\"name\":\"Home\",\"item\":\"https:\/\/www.erresse-shop.it\/fr\/\"},{\"@type\":\"ListItem\",\"position\":2,\"name\":\"Shop\",\"item\":\"https:\/\/www.erresse-shop.it\/fr\/shop\/\"},{\"@type\":\"ListItem\",\"position\":3,\"name\":\"STAUB Cocotte ronde 22 cm grenadine\"}]},{\"@type\":\"WebSite\",\"@id\":\"https:\/\/www.erresse-shop.it\/fr\/#website\",\"url\":\"https:\/\/www.erresse-shop.it\/fr\/\",\"name\":\"Erresse Shop\",\"description\":\"Articoli di qualit\u00e0 per la casa\",\"potentialAction\":[{\"@type\":\"SearchAction\",\"target\":{\"@type\":\"EntryPoint\",\"urlTemplate\":\"https:\/\/www.erresse-shop.it\/fr\/?s={search_term_string}\"},\"query-input\":\"required name=search_term_string\"}],\"inLanguage\":\"fr-FR\"}]}<\/script>\n<!-- \/ Yoast SEO Premium plugin. -->","yoast_head_json":{"title":"STAUB Cocotte ronde 22 cm grenadine - Erresse Shop","description":"Dans cette cocotte en fonte \u00e9maill\u00e9e, vous pourrez cr\u00e9er de d\u00e9licieux plats pour vos invit\u00e9s et les servir avec style. Ce plat \u00e0 gratin de couleur grenat","robots":{"index":"index","follow":"follow","max-snippet":"max-snippet:-1","max-image-preview":"max-image-preview:large","max-video-preview":"max-video-preview:-1"},"canonical":"https:\/\/www.erresse-shop.it\/fr\/shop\/poeles-pots\/marmites-et-cocottes-poeles-pots\/staub-cocotte-ronde-22-cm-sage-copia\/","og_locale":"fr_FR","og_type":"article","og_title":"STAUB Cocotte ronde 22 cm grenadine","og_description":"Dans cette cocotte en fonte \u00e9maill\u00e9e, vous pourrez cr\u00e9er de d\u00e9licieux plats pour vos invit\u00e9s et les servir avec style. Ce plat \u00e0 gratin de couleur grenat","og_url":"https:\/\/www.erresse-shop.it\/fr\/shop\/poeles-pots\/marmites-et-cocottes-poeles-pots\/staub-cocotte-ronde-22-cm-sage-copia\/","og_site_name":"Erresse Shop","article_modified_time":"2025-03-12T07:25:36+00:00","og_image":[{"width":1200,"height":1200,"url":"https:\/\/www.erresse-shop.it\/wp-content\/uploads\/2025\/03\/STAUB-Cocotte-Tonda-in-Ghisa-22-cm-Granatina.jpg","type":"image\/jpeg"}],"twitter_card":"summary_large_image","schema":{"@context":"https:\/\/schema.org","@graph":[{"@type":"WebPage","@id":"https:\/\/www.erresse-shop.it\/fr\/shop\/poeles-pots\/marmites-et-cocottes-poeles-pots\/staub-cocotte-ronde-22-cm-sage-copia\/","url":"https:\/\/www.erresse-shop.it\/fr\/shop\/poeles-pots\/marmites-et-cocottes-poeles-pots\/staub-cocotte-ronde-22-cm-sage-copia\/","name":"STAUB Cocotte ronde 22 cm grenadine - Erresse Shop","isPartOf":{"@id":"https:\/\/www.erresse-shop.it\/fr\/#website"},"datePublished":"2025-03-12T07:01:08+00:00","dateModified":"2025-03-12T07:25:36+00:00","description":"Dans cette cocotte en fonte \u00e9maill\u00e9e, vous pourrez cr\u00e9er de d\u00e9licieux plats pour vos invit\u00e9s et les servir avec style. Ce plat \u00e0 gratin de couleur grenat","breadcrumb":{"@id":"https:\/\/www.erresse-shop.it\/fr\/shop\/poeles-pots\/marmites-et-cocottes-poeles-pots\/staub-cocotte-ronde-22-cm-sage-copia\/#breadcrumb"},"inLanguage":"fr-FR","potentialAction":[{"@type":"ReadAction","target":["https:\/\/www.erresse-shop.it\/fr\/shop\/poeles-pots\/marmites-et-cocottes-poeles-pots\/staub-cocotte-ronde-22-cm-sage-copia\/"]}]},{"@type":"BreadcrumbList","@id":"https:\/\/www.erresse-shop.it\/fr\/shop\/poeles-pots\/marmites-et-cocottes-poeles-pots\/staub-cocotte-ronde-22-cm-sage-copia\/#breadcrumb","itemListElement":[{"@type":"ListItem","position":1,"name":"Home","item":"https:\/\/www.erresse-shop.it\/fr\/"},{"@type":"ListItem","position":2,"name":"Shop","item":"https:\/\/www.erresse-shop.it\/fr\/shop\/"},{"@type":"ListItem","position":3,"name":"STAUB Cocotte ronde 22 cm grenadine"}]},{"@type":"WebSite","@id":"https:\/\/www.erresse-shop.it\/fr\/#website","url":"https:\/\/www.erresse-shop.it\/fr\/","name":"Erresse Shop","description":"Articoli di qualit\u00e0 per la casa","potentialAction":[{"@type":"SearchAction","target":{"@type":"EntryPoint","urlTemplate":"https:\/\/www.erresse-shop.it\/fr\/?s={search_term_string}"},"query-input":"required name=search_term_string"}],"inLanguage":"fr-FR"}]}},"df_price":134.5,"df_sale_price":134.5,"df_regular_price":269,"df_image_link":"https:\/\/www.erresse-shop.it\/wp-content\/uploads\/2025\/03\/STAUB-Cocotte-Tonda-in-Ghisa-22-cm-Granatina-300x300.jpg","_links":{"self":[{"href":"https:\/\/www.erresse-shop.it\/fr\/wp-json\/wp\/v2\/product\/476318"}],"collection":[{"href":"https:\/\/www.erresse-shop.it\/fr\/wp-json\/wp\/v2\/product"}],"about":[{"href":"https:\/\/www.erresse-shop.it\/fr\/wp-json\/wp\/v2\/types\/product"}],"wp:featuredmedia":[{"embeddable":true,"href":"https:\/\/www.erresse-shop.it\/fr\/wp-json\/wp\/v2\/media\/476354"}],"wp:attachment":[{"href":"https:\/\/www.erresse-shop.it\/fr\/wp-json\/wp\/v2\/media?parent=476318"}],"wp:term":[{"taxonomy":"product_cat","embeddable":true,"href":"https:\/\/www.erresse-shop.it\/fr\/wp-json\/wp\/v2\/product_cat?post=476318"},{"taxonomy":"product_tag","embeddable":true,"href":"https:\/\/www.erresse-shop.it\/fr\/wp-json\/wp\/v2\/product_tag?post=476318"}],"curies":[{"name":"wp","href":"https:\/\/api.w.org\/{rel}","templated":true}]}}