{"id":476273,"date":"2025-03-11T15:01:32","date_gmt":"2025-03-11T15:01:34","guid":{"rendered":"https:\/\/www.erresse-shop.it\/?post_type=product&#038;p=476273"},"modified":"2025-04-11T15:33:29","modified_gmt":"2025-04-11T15:33:29","slug":"staub-cocotte-ovale-23-cm-gris-graphite-copia","status":"publish","type":"product","link":"https:\/\/www.erresse-shop.it\/fr\/shop\/poeles-pots\/tajine\/staub-cocotte-ovale-23-cm-gris-graphite-copia\/","title":{"rendered":"STAUB Tajine en fonte 28 cm cerise"},"content":{"rendered":"<p>Avec le tajine en fonte de STAUB, vous apportez la tradition nord-africaine dans votre cuisine : qu&#8217;il s&#8217;agisse de plats de viande savoureux ou de d\u00e9lices v\u00e9g\u00e9tariens avec une grande vari\u00e9t\u00e9 de l\u00e9gumes, les chefs professionnels et amateurs pourront cr\u00e9er des plats aromatiques et sains. Le tajine trouve ses origines dans les tribus berb\u00e8res du Maroc et joue toujours un r\u00f4le important dans la pr\u00e9paration des sp\u00e9cialit\u00e9s nord-africaines. Bien entendu, il permet \u00e9galement de pr\u00e9parer des recettes du monde entier et de r\u00e9galer les amateurs de cuisine avec des plats cr\u00e9atifs. La forme conique sp\u00e9ciale du couvercle en c\u00e9ramique exalte l&#8217;ar\u00f4me et la saveur des plats, qui ne sont pas perdus gr\u00e2ce \u00e0 la fermeture herm\u00e9tique. Ce plat polyvalent en fonte peut non seulement \u00eatre utilis\u00e9 sur tous les types de plaques de cuisson, mais \u00e9galement au four ou sur le gril. Les ingr\u00e9dients peuvent d\u2019abord \u00eatre saisis sur la cuisini\u00e8re, puis laiss\u00e9s mijoter au four pour d\u00e9velopper toute leur saveur.<\/p>\n<ul>\n<li>Id\u00e9al pour pr\u00e9parer des plats traditionnels marocains<\/li>\n<li>Convient \u00e0 tous les types de plaques de cuisson, y compris \u00e0 induction, et peut \u00e9galement \u00eatre utilis\u00e9 sur le gril et au four<\/li>\n<li>Fond lisse pour une utilisation douce sur les plaques de cuisson sensibles<\/li>\n<li>Cuisson \u00e9conome en \u00e9nergie gr\u00e2ce aux propri\u00e9t\u00e9s particuli\u00e8res de la fonte<\/li>\n<\/ul>\n<p><strong>Caract\u00e9ristiques du produit\u00a0:<\/strong><\/p>\n<div class=\"dimensions-content\">\n<div class=\"attributs-principaux-du-produit\">\n<ul>\n<li class=\"attribute\"><span class=\"label\">R\u00e9sistance \u00e0 la chaleur : <\/span><span class=\"value\">240 \u00baC<\/span><\/li>\n<li class=\"attribute\"><span class=\"label\">R\u00e9sistance au froid :<\/span><span class=\"value\">&#8211; 20 \u00baC<\/span><\/li>\n<li class=\"attribute\"><span class=\"label\">Mat\u00e9riau : <\/span><span class=\"value\">fonte<\/span><\/li>\n<li class=\"attribute\"><span class=\"label\">Rev\u00eatement int\u00e9rieur : <\/span><span class=\"value\">\u00e9mail<\/span><\/li>\n<li class=\"attribute\"><span class=\"label\">Couvercle existant\u00a0: <\/span><span class=\"value\">oui<\/span><\/li>\n<li class=\"attribute\"><span class=\"label\">Induction\u00a0: <\/span><span class=\"value\">Oui<\/span><\/li>\n<li class=\"attribute\"><span class=\"label\">Passe au four\u00a0: <\/span><span class=\"value\">Oui<\/span><\/li>\n<li class=\"attribute\"><span class=\"label\">Passe au cong\u00e9lateur\u00a0: <\/span><span class=\"value\">Oui<\/span><\/li>\n<li class=\"attribute\"><span class=\"label\">Passe au four\u00a0: <\/span><span class=\"value\">Oui<\/span><\/li>\n<li class=\"attribute\"><span class=\"label\">Lave-vaisselle : <\/span><span class=\"value\">Oui<\/span><\/li>\n<\/ul>\n<\/div>\n<\/div>\n<div class=\"dimensions-content\">\n<p><strong>Dimensions\u00a0:<\/strong><\/p>\n<div class=\"attributs-principaux-du-produit\">\n<ul>\n<li class=\"attribute\"><span class=\"label\">Poids net : <\/span><span class=\"value\">3,40 kg<\/span><\/li>\n<li class=\"attribute\"><span class=\"label\">Capacit\u00e9 : <\/span><span class=\"value\">2,00 l<\/span><\/li>\n<li class=\"attribute\"><span class=\"label\">Longueur du produit\u00a0: <\/span><span class=\"value\">28,00 cm<\/span><\/li>\n<li class=\"attribute\"><span class=\"label\">Largeur du produit\u00a0: <\/span><span class=\"value\">28,00 cm<\/span><\/li>\n<li class=\"attribute\"><span class=\"label\">Hauteur du produit\u00a0: <\/span><span class=\"value\">20,00 cm<\/span><\/li>\n<li class=\"attribute\"><span class=\"label\">Hauteur sans couvercle : <\/span><span class=\"value\">6,50 cm<\/span><\/li>\n<li class=\"attribute\"><span class=\"label\">Diam\u00e8tre sup\u00e9rieur : <\/span><span class=\"value\">28,00 cm<\/span><\/li>\n<li class=\"attribute\"><span class=\"label\">Diam\u00e8tre sup\u00e9rieur : 2<\/span><span class=\"value\">0,00 cm<\/span><\/li>\n<li class=\"attribute\"><span class=\"label\">Diam\u00e8tre du fond : <\/span><span class=\"value\">18,80 cm<\/span><\/li>\n<li class=\"attribute\"><span class=\"label\">Diam\u00e8tre du fond : 2<\/span><span class=\"value\">0,00 cm<\/span><\/li>\n<\/ul>\n<\/div>\n<\/div>\n","protected":false},"excerpt":{"rendered":"<p>Avec le tajine en fonte de STAUB, vous apportez la tradition nord-africaine dans votre cuisine : qu&#8217;il s&#8217;agisse de plats<\/p>\n","protected":false},"featured_media":476297,"template":"","meta":{"_acf_changed":false,"inline_featured_image":false},"product_cat":[12458,14784],"product_tag":[25086,21529,25021,12994,12461,12465,12468,13272],"acf":[],"yoast_head":"<!-- This site is optimized with the Yoast SEO Premium plugin v18.6 (Yoast SEO v19.13) - https:\/\/yoast.com\/wordpress\/plugins\/seo\/ -->\n<title>STAUB Cocotte Ovale 37 cm Gris Graphite<\/title>\n<meta name=\"description\" content=\"D\u00e9couvrez STAUB Cocotte Ovale 37 cm Gris Graphite sur ErresseShop. Qualit\u00e9, prix r\u00e9duits et achat s\u00e9curis\u00e9 \u2013 commandez d\u00e8s maintenant en ligne !\" \/>\n<meta name=\"robots\" content=\"index, follow, max-snippet:-1, max-image-preview:large, max-video-preview:-1\" \/>\n<link rel=\"canonical\" href=\"https:\/\/www.erresse-shop.it\/fr\/shop\/poeles-pots\/tajine\/staub-cocotte-ovale-23-cm-gris-graphite-copia\/\" \/>\n<meta property=\"og:locale\" content=\"fr_FR\" \/>\n<meta property=\"og:type\" content=\"article\" \/>\n<meta property=\"og:title\" content=\"STAUB Tajine en fonte 28 cm cerise\" \/>\n<meta property=\"og:description\" content=\"D\u00e9couvrez STAUB Cocotte Ovale 37 cm Gris Graphite sur ErresseShop. Qualit\u00e9, prix r\u00e9duits et achat s\u00e9curis\u00e9 \u2013 commandez d\u00e8s maintenant en ligne !\" \/>\n<meta property=\"og:url\" content=\"https:\/\/www.erresse-shop.it\/fr\/shop\/poeles-pots\/tajine\/staub-cocotte-ovale-23-cm-gris-graphite-copia\/\" \/>\n<meta property=\"og:site_name\" content=\"Erresse Shop\" \/>\n<meta property=\"article:modified_time\" content=\"2025-04-11T15:33:29+00:00\" \/>\n<meta property=\"og:image\" content=\"https:\/\/www.erresse-shop.it\/wp-content\/uploads\/2025\/03\/STAUB-Tajine-Ghisa-28-cm-Ciliegia.jpg\" \/>\n\t<meta property=\"og:image:width\" content=\"1200\" \/>\n\t<meta property=\"og:image:height\" content=\"1200\" \/>\n\t<meta property=\"og:image:type\" content=\"image\/jpeg\" \/>\n<meta name=\"twitter:card\" content=\"summary_large_image\" \/>\n<script type=\"application\/ld+json\" class=\"yoast-schema-graph\">{\"@context\":\"https:\/\/schema.org\",\"@graph\":[{\"@type\":\"WebPage\",\"@id\":\"https:\/\/www.erresse-shop.it\/fr\/shop\/poeles-pots\/tajine\/staub-cocotte-ovale-23-cm-gris-graphite-copia\/\",\"url\":\"https:\/\/www.erresse-shop.it\/fr\/shop\/poeles-pots\/tajine\/staub-cocotte-ovale-23-cm-gris-graphite-copia\/\",\"name\":\"STAUB Cocotte Ovale 37 cm Gris Graphite\",\"isPartOf\":{\"@id\":\"https:\/\/www.erresse-shop.it\/fr\/#website\"},\"datePublished\":\"2025-03-11T15:01:34+00:00\",\"dateModified\":\"2025-04-11T15:33:29+00:00\",\"description\":\"D\u00e9couvrez STAUB Cocotte Ovale 37 cm Gris Graphite sur ErresseShop. Qualit\u00e9, prix r\u00e9duits et achat s\u00e9curis\u00e9 \u2013 commandez d\u00e8s maintenant en ligne !\",\"breadcrumb\":{\"@id\":\"https:\/\/www.erresse-shop.it\/fr\/shop\/poeles-pots\/tajine\/staub-cocotte-ovale-23-cm-gris-graphite-copia\/#breadcrumb\"},\"inLanguage\":\"fr-FR\",\"potentialAction\":[{\"@type\":\"ReadAction\",\"target\":[\"https:\/\/www.erresse-shop.it\/fr\/shop\/poeles-pots\/tajine\/staub-cocotte-ovale-23-cm-gris-graphite-copia\/\"]}]},{\"@type\":\"BreadcrumbList\",\"@id\":\"https:\/\/www.erresse-shop.it\/fr\/shop\/poeles-pots\/tajine\/staub-cocotte-ovale-23-cm-gris-graphite-copia\/#breadcrumb\",\"itemListElement\":[{\"@type\":\"ListItem\",\"position\":1,\"name\":\"Home\",\"item\":\"https:\/\/www.erresse-shop.it\/fr\/\"},{\"@type\":\"ListItem\",\"position\":2,\"name\":\"Shop\",\"item\":\"https:\/\/www.erresse-shop.it\/fr\/shop\/\"},{\"@type\":\"ListItem\",\"position\":3,\"name\":\"STAUB Tajine en fonte 28 cm cerise\"}]},{\"@type\":\"WebSite\",\"@id\":\"https:\/\/www.erresse-shop.it\/fr\/#website\",\"url\":\"https:\/\/www.erresse-shop.it\/fr\/\",\"name\":\"Erresse Shop\",\"description\":\"Articoli di qualit\u00e0 per la casa\",\"potentialAction\":[{\"@type\":\"SearchAction\",\"target\":{\"@type\":\"EntryPoint\",\"urlTemplate\":\"https:\/\/www.erresse-shop.it\/fr\/?s={search_term_string}\"},\"query-input\":\"required name=search_term_string\"}],\"inLanguage\":\"fr-FR\"}]}<\/script>\n<!-- \/ Yoast SEO Premium plugin. -->","yoast_head_json":{"title":"STAUB Cocotte Ovale 37 cm Gris Graphite","description":"D\u00e9couvrez STAUB Cocotte Ovale 37 cm Gris Graphite sur ErresseShop. Qualit\u00e9, prix r\u00e9duits et achat s\u00e9curis\u00e9 \u2013 commandez d\u00e8s maintenant en ligne !","robots":{"index":"index","follow":"follow","max-snippet":"max-snippet:-1","max-image-preview":"max-image-preview:large","max-video-preview":"max-video-preview:-1"},"canonical":"https:\/\/www.erresse-shop.it\/fr\/shop\/poeles-pots\/tajine\/staub-cocotte-ovale-23-cm-gris-graphite-copia\/","og_locale":"fr_FR","og_type":"article","og_title":"STAUB Tajine en fonte 28 cm cerise","og_description":"D\u00e9couvrez STAUB Cocotte Ovale 37 cm Gris Graphite sur ErresseShop. Qualit\u00e9, prix r\u00e9duits et achat s\u00e9curis\u00e9 \u2013 commandez d\u00e8s maintenant en ligne !","og_url":"https:\/\/www.erresse-shop.it\/fr\/shop\/poeles-pots\/tajine\/staub-cocotte-ovale-23-cm-gris-graphite-copia\/","og_site_name":"Erresse Shop","article_modified_time":"2025-04-11T15:33:29+00:00","og_image":[{"width":1200,"height":1200,"url":"https:\/\/www.erresse-shop.it\/wp-content\/uploads\/2025\/03\/STAUB-Tajine-Ghisa-28-cm-Ciliegia.jpg","type":"image\/jpeg"}],"twitter_card":"summary_large_image","schema":{"@context":"https:\/\/schema.org","@graph":[{"@type":"WebPage","@id":"https:\/\/www.erresse-shop.it\/fr\/shop\/poeles-pots\/tajine\/staub-cocotte-ovale-23-cm-gris-graphite-copia\/","url":"https:\/\/www.erresse-shop.it\/fr\/shop\/poeles-pots\/tajine\/staub-cocotte-ovale-23-cm-gris-graphite-copia\/","name":"STAUB Cocotte Ovale 37 cm Gris Graphite","isPartOf":{"@id":"https:\/\/www.erresse-shop.it\/fr\/#website"},"datePublished":"2025-03-11T15:01:34+00:00","dateModified":"2025-04-11T15:33:29+00:00","description":"D\u00e9couvrez STAUB Cocotte Ovale 37 cm Gris Graphite sur ErresseShop. Qualit\u00e9, prix r\u00e9duits et achat s\u00e9curis\u00e9 \u2013 commandez d\u00e8s maintenant en ligne !","breadcrumb":{"@id":"https:\/\/www.erresse-shop.it\/fr\/shop\/poeles-pots\/tajine\/staub-cocotte-ovale-23-cm-gris-graphite-copia\/#breadcrumb"},"inLanguage":"fr-FR","potentialAction":[{"@type":"ReadAction","target":["https:\/\/www.erresse-shop.it\/fr\/shop\/poeles-pots\/tajine\/staub-cocotte-ovale-23-cm-gris-graphite-copia\/"]}]},{"@type":"BreadcrumbList","@id":"https:\/\/www.erresse-shop.it\/fr\/shop\/poeles-pots\/tajine\/staub-cocotte-ovale-23-cm-gris-graphite-copia\/#breadcrumb","itemListElement":[{"@type":"ListItem","position":1,"name":"Home","item":"https:\/\/www.erresse-shop.it\/fr\/"},{"@type":"ListItem","position":2,"name":"Shop","item":"https:\/\/www.erresse-shop.it\/fr\/shop\/"},{"@type":"ListItem","position":3,"name":"STAUB Tajine en fonte 28 cm cerise"}]},{"@type":"WebSite","@id":"https:\/\/www.erresse-shop.it\/fr\/#website","url":"https:\/\/www.erresse-shop.it\/fr\/","name":"Erresse Shop","description":"Articoli di qualit\u00e0 per la casa","potentialAction":[{"@type":"SearchAction","target":{"@type":"EntryPoint","urlTemplate":"https:\/\/www.erresse-shop.it\/fr\/?s={search_term_string}"},"query-input":"required name=search_term_string"}],"inLanguage":"fr-FR"}]}},"df_price":99.5,"df_sale_price":99.5,"df_regular_price":199,"df_image_link":"https:\/\/www.erresse-shop.it\/wp-content\/uploads\/2025\/03\/STAUB-Tajine-Ghisa-28-cm-Ciliegia-300x300.jpg","_links":{"self":[{"href":"https:\/\/www.erresse-shop.it\/fr\/wp-json\/wp\/v2\/product\/476273"}],"collection":[{"href":"https:\/\/www.erresse-shop.it\/fr\/wp-json\/wp\/v2\/product"}],"about":[{"href":"https:\/\/www.erresse-shop.it\/fr\/wp-json\/wp\/v2\/types\/product"}],"wp:featuredmedia":[{"embeddable":true,"href":"https:\/\/www.erresse-shop.it\/fr\/wp-json\/wp\/v2\/media\/476297"}],"wp:attachment":[{"href":"https:\/\/www.erresse-shop.it\/fr\/wp-json\/wp\/v2\/media?parent=476273"}],"wp:term":[{"taxonomy":"product_cat","embeddable":true,"href":"https:\/\/www.erresse-shop.it\/fr\/wp-json\/wp\/v2\/product_cat?post=476273"},{"taxonomy":"product_tag","embeddable":true,"href":"https:\/\/www.erresse-shop.it\/fr\/wp-json\/wp\/v2\/product_tag?post=476273"}],"curies":[{"name":"wp","href":"https:\/\/api.w.org\/{rel}","templated":true}]}}