{"id":475438,"date":"2025-03-07T07:35:54","date_gmt":"2025-03-07T07:35:57","guid":{"rendered":"https:\/\/www.erresse-shop.it\/?post_type=product&#038;p=475438"},"modified":"2025-03-07T07:54:29","modified_gmt":"2025-03-07T07:54:29","slug":"stockli-set-pizzagrill-for8-antiadhesif-copia","status":"publish","type":"product","link":"https:\/\/www.erresse-shop.it\/fr\/shop\/petits-electromenagers\/grilles-et-barbecues\/stockli-set-pizzagrill-for8-antiadhesif-copia\/","title":{"rendered":"STOCKLI Plaque \u00e0 cr\u00eapes pour PizzaGrill for8"},"content":{"rendered":"<p>Plaque antiadh\u00e9sive pour 6 mini cr\u00eapes. Convient au PizzaGrill for8, parfait pour r\u00e9aliser des mini cr\u00eapes et pancakes.<\/p>\n<p>L&#8217;ensemble comprend : 1 louche et 6 spatules<\/p>\n<p><strong>Sp\u00e9cifications techniques<\/strong><\/p>\n<ul>\n<li>Poids : 0,69 kg<\/li>\n<li>Hauteur : 5 cm<\/li>\n<li>Longueur : 21 cm<\/li>\n<li>Largeur : 41 cm<\/li>\n<li>Max. Les gens 8<\/li>\n<li>Mat\u00e9riau : feuille d&#8217;aluminium<\/li>\n<\/ul>\n","protected":false},"excerpt":{"rendered":"<p>Plaque antiadh\u00e9sive pour 6 mini cr\u00eapes. Convient au PizzaGrill for8, parfait pour r\u00e9aliser des mini cr\u00eapes et pancakes. L&#8217;ensemble comprend<\/p>\n","protected":false},"featured_media":475461,"template":"","meta":{"_acf_changed":false,"inline_featured_image":false},"product_cat":[13383,12449],"product_tag":[15647],"acf":[],"yoast_head":"<!-- This site is optimized with the Yoast SEO Premium plugin v18.6 (Yoast SEO v19.13) - https:\/\/yoast.com\/wordpress\/plugins\/seo\/ -->\n<title>BOSKA Set \u00e0 fondue \u00e9lectrique Pro 12 pi\u00e8ces<\/title>\n<meta name=\"description\" content=\"D\u00e9couvrez BOSKA Set \u00e0 fondue \u00e9lectrique Pro 12 pi\u00e8ces sur ErresseShop. Qualit\u00e9, prix r\u00e9duits et achat s\u00e9curis\u00e9 \u2013 commandez d\u00e8s maintenant en ligne !\" \/>\n<meta name=\"robots\" content=\"index, follow, max-snippet:-1, max-image-preview:large, max-video-preview:-1\" \/>\n<link rel=\"canonical\" href=\"https:\/\/www.erresse-shop.it\/fr\/shop\/petits-electromenagers\/grilles-et-barbecues\/stockli-set-pizzagrill-for8-antiadhesif-copia\/\" \/>\n<meta property=\"og:locale\" content=\"fr_FR\" \/>\n<meta property=\"og:type\" content=\"article\" \/>\n<meta property=\"og:title\" content=\"STOCKLI Plaque \u00e0 cr\u00eapes pour PizzaGrill for8\" \/>\n<meta property=\"og:description\" content=\"D\u00e9couvrez BOSKA Set \u00e0 fondue \u00e9lectrique Pro 12 pi\u00e8ces sur ErresseShop. Qualit\u00e9, prix r\u00e9duits et achat s\u00e9curis\u00e9 \u2013 commandez d\u00e8s maintenant en ligne !\" \/>\n<meta property=\"og:url\" content=\"https:\/\/www.erresse-shop.it\/fr\/shop\/petits-electromenagers\/grilles-et-barbecues\/stockli-set-pizzagrill-for8-antiadhesif-copia\/\" \/>\n<meta property=\"og:site_name\" content=\"Erresse Shop\" \/>\n<meta property=\"article:modified_time\" content=\"2025-03-07T07:54:29+00:00\" \/>\n<meta property=\"og:image\" content=\"https:\/\/www.erresse-shop.it\/wp-content\/uploads\/2025\/03\/STOCKLI-Piastra-per-crepes-per-PizzaGrill-for8.jpg\" \/>\n\t<meta property=\"og:image:width\" content=\"1200\" \/>\n\t<meta property=\"og:image:height\" content=\"1200\" \/>\n\t<meta property=\"og:image:type\" content=\"image\/jpeg\" \/>\n<meta name=\"twitter:card\" content=\"summary_large_image\" \/>\n<script type=\"application\/ld+json\" class=\"yoast-schema-graph\">{\"@context\":\"https:\/\/schema.org\",\"@graph\":[{\"@type\":\"WebPage\",\"@id\":\"https:\/\/www.erresse-shop.it\/fr\/shop\/petits-electromenagers\/grilles-et-barbecues\/stockli-set-pizzagrill-for8-antiadhesif-copia\/\",\"url\":\"https:\/\/www.erresse-shop.it\/fr\/shop\/petits-electromenagers\/grilles-et-barbecues\/stockli-set-pizzagrill-for8-antiadhesif-copia\/\",\"name\":\"BOSKA Set \u00e0 fondue \u00e9lectrique Pro 12 pi\u00e8ces\",\"isPartOf\":{\"@id\":\"https:\/\/www.erresse-shop.it\/fr\/#website\"},\"datePublished\":\"2025-03-07T07:35:57+00:00\",\"dateModified\":\"2025-03-07T07:54:29+00:00\",\"description\":\"D\u00e9couvrez BOSKA Set \u00e0 fondue \u00e9lectrique Pro 12 pi\u00e8ces sur ErresseShop. Qualit\u00e9, prix r\u00e9duits et achat s\u00e9curis\u00e9 \u2013 commandez d\u00e8s maintenant en ligne !\",\"breadcrumb\":{\"@id\":\"https:\/\/www.erresse-shop.it\/fr\/shop\/petits-electromenagers\/grilles-et-barbecues\/stockli-set-pizzagrill-for8-antiadhesif-copia\/#breadcrumb\"},\"inLanguage\":\"fr-FR\",\"potentialAction\":[{\"@type\":\"ReadAction\",\"target\":[\"https:\/\/www.erresse-shop.it\/fr\/shop\/petits-electromenagers\/grilles-et-barbecues\/stockli-set-pizzagrill-for8-antiadhesif-copia\/\"]}]},{\"@type\":\"BreadcrumbList\",\"@id\":\"https:\/\/www.erresse-shop.it\/fr\/shop\/petits-electromenagers\/grilles-et-barbecues\/stockli-set-pizzagrill-for8-antiadhesif-copia\/#breadcrumb\",\"itemListElement\":[{\"@type\":\"ListItem\",\"position\":1,\"name\":\"Home\",\"item\":\"https:\/\/www.erresse-shop.it\/fr\/\"},{\"@type\":\"ListItem\",\"position\":2,\"name\":\"Shop\",\"item\":\"https:\/\/www.erresse-shop.it\/fr\/shop\/\"},{\"@type\":\"ListItem\",\"position\":3,\"name\":\"STOCKLI Plaque \u00e0 cr\u00eapes pour PizzaGrill for8\"}]},{\"@type\":\"WebSite\",\"@id\":\"https:\/\/www.erresse-shop.it\/fr\/#website\",\"url\":\"https:\/\/www.erresse-shop.it\/fr\/\",\"name\":\"Erresse Shop\",\"description\":\"Articoli di qualit\u00e0 per la casa\",\"potentialAction\":[{\"@type\":\"SearchAction\",\"target\":{\"@type\":\"EntryPoint\",\"urlTemplate\":\"https:\/\/www.erresse-shop.it\/fr\/?s={search_term_string}\"},\"query-input\":\"required name=search_term_string\"}],\"inLanguage\":\"fr-FR\"}]}<\/script>\n<!-- \/ Yoast SEO Premium plugin. -->","yoast_head_json":{"title":"BOSKA Set \u00e0 fondue \u00e9lectrique Pro 12 pi\u00e8ces","description":"D\u00e9couvrez BOSKA Set \u00e0 fondue \u00e9lectrique Pro 12 pi\u00e8ces sur ErresseShop. Qualit\u00e9, prix r\u00e9duits et achat s\u00e9curis\u00e9 \u2013 commandez d\u00e8s maintenant en ligne !","robots":{"index":"index","follow":"follow","max-snippet":"max-snippet:-1","max-image-preview":"max-image-preview:large","max-video-preview":"max-video-preview:-1"},"canonical":"https:\/\/www.erresse-shop.it\/fr\/shop\/petits-electromenagers\/grilles-et-barbecues\/stockli-set-pizzagrill-for8-antiadhesif-copia\/","og_locale":"fr_FR","og_type":"article","og_title":"STOCKLI Plaque \u00e0 cr\u00eapes pour PizzaGrill for8","og_description":"D\u00e9couvrez BOSKA Set \u00e0 fondue \u00e9lectrique Pro 12 pi\u00e8ces sur ErresseShop. Qualit\u00e9, prix r\u00e9duits et achat s\u00e9curis\u00e9 \u2013 commandez d\u00e8s maintenant en ligne !","og_url":"https:\/\/www.erresse-shop.it\/fr\/shop\/petits-electromenagers\/grilles-et-barbecues\/stockli-set-pizzagrill-for8-antiadhesif-copia\/","og_site_name":"Erresse Shop","article_modified_time":"2025-03-07T07:54:29+00:00","og_image":[{"width":1200,"height":1200,"url":"https:\/\/www.erresse-shop.it\/wp-content\/uploads\/2025\/03\/STOCKLI-Piastra-per-crepes-per-PizzaGrill-for8.jpg","type":"image\/jpeg"}],"twitter_card":"summary_large_image","schema":{"@context":"https:\/\/schema.org","@graph":[{"@type":"WebPage","@id":"https:\/\/www.erresse-shop.it\/fr\/shop\/petits-electromenagers\/grilles-et-barbecues\/stockli-set-pizzagrill-for8-antiadhesif-copia\/","url":"https:\/\/www.erresse-shop.it\/fr\/shop\/petits-electromenagers\/grilles-et-barbecues\/stockli-set-pizzagrill-for8-antiadhesif-copia\/","name":"BOSKA Set \u00e0 fondue \u00e9lectrique Pro 12 pi\u00e8ces","isPartOf":{"@id":"https:\/\/www.erresse-shop.it\/fr\/#website"},"datePublished":"2025-03-07T07:35:57+00:00","dateModified":"2025-03-07T07:54:29+00:00","description":"D\u00e9couvrez BOSKA Set \u00e0 fondue \u00e9lectrique Pro 12 pi\u00e8ces sur ErresseShop. Qualit\u00e9, prix r\u00e9duits et achat s\u00e9curis\u00e9 \u2013 commandez d\u00e8s maintenant en ligne !","breadcrumb":{"@id":"https:\/\/www.erresse-shop.it\/fr\/shop\/petits-electromenagers\/grilles-et-barbecues\/stockli-set-pizzagrill-for8-antiadhesif-copia\/#breadcrumb"},"inLanguage":"fr-FR","potentialAction":[{"@type":"ReadAction","target":["https:\/\/www.erresse-shop.it\/fr\/shop\/petits-electromenagers\/grilles-et-barbecues\/stockli-set-pizzagrill-for8-antiadhesif-copia\/"]}]},{"@type":"BreadcrumbList","@id":"https:\/\/www.erresse-shop.it\/fr\/shop\/petits-electromenagers\/grilles-et-barbecues\/stockli-set-pizzagrill-for8-antiadhesif-copia\/#breadcrumb","itemListElement":[{"@type":"ListItem","position":1,"name":"Home","item":"https:\/\/www.erresse-shop.it\/fr\/"},{"@type":"ListItem","position":2,"name":"Shop","item":"https:\/\/www.erresse-shop.it\/fr\/shop\/"},{"@type":"ListItem","position":3,"name":"STOCKLI Plaque \u00e0 cr\u00eapes pour PizzaGrill for8"}]},{"@type":"WebSite","@id":"https:\/\/www.erresse-shop.it\/fr\/#website","url":"https:\/\/www.erresse-shop.it\/fr\/","name":"Erresse Shop","description":"Articoli di qualit\u00e0 per la casa","potentialAction":[{"@type":"SearchAction","target":{"@type":"EntryPoint","urlTemplate":"https:\/\/www.erresse-shop.it\/fr\/?s={search_term_string}"},"query-input":"required name=search_term_string"}],"inLanguage":"fr-FR"}]}},"df_price":15.515999999999998,"df_sale_price":15.515999999999998,"df_regular_price":17.24,"df_image_link":"https:\/\/www.erresse-shop.it\/wp-content\/uploads\/2025\/03\/STOCKLI-Piastra-per-crepes-per-PizzaGrill-for8-300x300.jpg","_links":{"self":[{"href":"https:\/\/www.erresse-shop.it\/fr\/wp-json\/wp\/v2\/product\/475438"}],"collection":[{"href":"https:\/\/www.erresse-shop.it\/fr\/wp-json\/wp\/v2\/product"}],"about":[{"href":"https:\/\/www.erresse-shop.it\/fr\/wp-json\/wp\/v2\/types\/product"}],"wp:featuredmedia":[{"embeddable":true,"href":"https:\/\/www.erresse-shop.it\/fr\/wp-json\/wp\/v2\/media\/475461"}],"wp:attachment":[{"href":"https:\/\/www.erresse-shop.it\/fr\/wp-json\/wp\/v2\/media?parent=475438"}],"wp:term":[{"taxonomy":"product_cat","embeddable":true,"href":"https:\/\/www.erresse-shop.it\/fr\/wp-json\/wp\/v2\/product_cat?post=475438"},{"taxonomy":"product_tag","embeddable":true,"href":"https:\/\/www.erresse-shop.it\/fr\/wp-json\/wp\/v2\/product_tag?post=475438"}],"curies":[{"name":"wp","href":"https:\/\/api.w.org\/{rel}","templated":true}]}}