{"id":475409,"date":"2025-03-07T06:51:53","date_gmt":"2025-03-07T06:51:56","guid":{"rendered":"https:\/\/www.erresse-shop.it\/?post_type=product&#038;p=475409"},"modified":"2025-03-07T07:30:25","modified_gmt":"2025-03-07T07:30:25","slug":"stockli-set-pizzagrill-for8-hot-stone-copia","status":"publish","type":"product","link":"https:\/\/www.erresse-shop.it\/fr\/shop\/petits-electromenagers\/grilles-et-barbecues\/stockli-set-pizzagrill-for8-hot-stone-copia\/","title":{"rendered":"STOCKLI Set PizzaGrill for8 Antiadh\u00e9sif"},"content":{"rendered":"<p>Cet appareil combin\u00e9 est consid\u00e9r\u00e9 comme un appareil polyvalent dans le domaine de la cuisine \u00e0 table. Possibilit\u00e9s d&#8217;utilisation infinies : pr\u00e9paration de mini pizzas, de raclettes ou de grillades. De mani\u00e8re originale, il est possible de nourrir huit personnes. Chaleur inf\u00e9rieure commutable, chaleur sup\u00e9rieure r\u00e9glable, cadre en acier inoxydable, plaque de gril antiadh\u00e9sive en aluminium moul\u00e9 sous pression, huit po\u00eales \u00e0 rev\u00eatement antiadh\u00e9sif, huit spatules en plastique et coupe-p\u00e2tes. Une v\u00e9ritable surprise m\u00eame pour les clients les plus exigeants !<\/p>\n<p>L&#8217;ensemble comprend : 8 po\u00eales et 8 spatules\/coupe-p\u00e2tes<\/p>\n<p><strong>Sp\u00e9cifications techniques<\/strong><\/p>\n<ul>\n<li>Poids : 7,14 kg<\/li>\n<li>Hauteur : 13 cm<\/li>\n<li>Longueur : 59 cm<\/li>\n<li>Largeur : 23 cm<\/li>\n<li>Max. Les gens 8<\/li>\n<li>Contr\u00f4le continu de la temp\u00e9rature de la chaleur sup\u00e9rieure<\/li>\n<li>Tension standard et prise 230 V Schuko<\/li>\n<li>Plaque de gril en aluminium moul\u00e9 sous pression avec joint PTFE<\/li>\n<li>puissance 1450 W<\/li>\n<\/ul>\n<p><span style=\"text-decoration: underline;\"><strong>Not for sale outside Europe<\/strong><\/span><\/p>\n","protected":false},"excerpt":{"rendered":"<p>Cet appareil combin\u00e9 est consid\u00e9r\u00e9 comme un appareil polyvalent dans le domaine de la cuisine \u00e0 table. Possibilit\u00e9s d&#8217;utilisation infinies<\/p>\n","protected":false},"featured_media":475420,"template":"","meta":{"_acf_changed":false,"inline_featured_image":false},"product_cat":[13383,12449],"product_tag":[13269],"acf":[],"yoast_head":"<!-- This site is optimized with the Yoast SEO Premium plugin v18.6 (Yoast SEO v19.13) - https:\/\/yoast.com\/wordpress\/plugins\/seo\/ -->\n<title>BOSKA Set \u00e0 fondue \u00e9lectrique Pro 12 pi\u00e8ces<\/title>\n<meta name=\"description\" content=\"D\u00e9couvrez BOSKA Set \u00e0 fondue \u00e9lectrique Pro 12 pi\u00e8ces sur ErresseShop. Qualit\u00e9, prix r\u00e9duits et achat s\u00e9curis\u00e9 \u2013 commandez d\u00e8s maintenant en ligne !\" \/>\n<meta name=\"robots\" content=\"index, follow, max-snippet:-1, max-image-preview:large, max-video-preview:-1\" \/>\n<link rel=\"canonical\" href=\"https:\/\/www.erresse-shop.it\/fr\/shop\/petits-electromenagers\/grilles-et-barbecues\/stockli-set-pizzagrill-for8-hot-stone-copia\/\" \/>\n<meta property=\"og:locale\" content=\"fr_FR\" \/>\n<meta property=\"og:type\" content=\"article\" \/>\n<meta property=\"og:title\" content=\"STOCKLI Set PizzaGrill for8 Antiadh\u00e9sif\" \/>\n<meta property=\"og:description\" content=\"D\u00e9couvrez BOSKA Set \u00e0 fondue \u00e9lectrique Pro 12 pi\u00e8ces sur ErresseShop. Qualit\u00e9, prix r\u00e9duits et achat s\u00e9curis\u00e9 \u2013 commandez d\u00e8s maintenant en ligne !\" \/>\n<meta property=\"og:url\" content=\"https:\/\/www.erresse-shop.it\/fr\/shop\/petits-electromenagers\/grilles-et-barbecues\/stockli-set-pizzagrill-for8-hot-stone-copia\/\" \/>\n<meta property=\"og:site_name\" content=\"Erresse Shop\" \/>\n<meta property=\"article:modified_time\" content=\"2025-03-07T07:30:25+00:00\" \/>\n<meta property=\"og:image\" content=\"https:\/\/www.erresse-shop.it\/wp-content\/uploads\/2025\/03\/STOCKLI-Set-PizzaGrill-for8.jpg\" \/>\n\t<meta property=\"og:image:width\" content=\"1200\" \/>\n\t<meta property=\"og:image:height\" content=\"1200\" \/>\n\t<meta property=\"og:image:type\" content=\"image\/jpeg\" \/>\n<meta name=\"twitter:card\" content=\"summary_large_image\" \/>\n<script type=\"application\/ld+json\" class=\"yoast-schema-graph\">{\"@context\":\"https:\/\/schema.org\",\"@graph\":[{\"@type\":\"WebPage\",\"@id\":\"https:\/\/www.erresse-shop.it\/fr\/shop\/petits-electromenagers\/grilles-et-barbecues\/stockli-set-pizzagrill-for8-hot-stone-copia\/\",\"url\":\"https:\/\/www.erresse-shop.it\/fr\/shop\/petits-electromenagers\/grilles-et-barbecues\/stockli-set-pizzagrill-for8-hot-stone-copia\/\",\"name\":\"BOSKA Set \u00e0 fondue \u00e9lectrique Pro 12 pi\u00e8ces\",\"isPartOf\":{\"@id\":\"https:\/\/www.erresse-shop.it\/fr\/#website\"},\"datePublished\":\"2025-03-07T06:51:56+00:00\",\"dateModified\":\"2025-03-07T07:30:25+00:00\",\"description\":\"D\u00e9couvrez BOSKA Set \u00e0 fondue \u00e9lectrique Pro 12 pi\u00e8ces sur ErresseShop. Qualit\u00e9, prix r\u00e9duits et achat s\u00e9curis\u00e9 \u2013 commandez d\u00e8s maintenant en ligne !\",\"breadcrumb\":{\"@id\":\"https:\/\/www.erresse-shop.it\/fr\/shop\/petits-electromenagers\/grilles-et-barbecues\/stockli-set-pizzagrill-for8-hot-stone-copia\/#breadcrumb\"},\"inLanguage\":\"fr-FR\",\"potentialAction\":[{\"@type\":\"ReadAction\",\"target\":[\"https:\/\/www.erresse-shop.it\/fr\/shop\/petits-electromenagers\/grilles-et-barbecues\/stockli-set-pizzagrill-for8-hot-stone-copia\/\"]}]},{\"@type\":\"BreadcrumbList\",\"@id\":\"https:\/\/www.erresse-shop.it\/fr\/shop\/petits-electromenagers\/grilles-et-barbecues\/stockli-set-pizzagrill-for8-hot-stone-copia\/#breadcrumb\",\"itemListElement\":[{\"@type\":\"ListItem\",\"position\":1,\"name\":\"Home\",\"item\":\"https:\/\/www.erresse-shop.it\/fr\/\"},{\"@type\":\"ListItem\",\"position\":2,\"name\":\"Shop\",\"item\":\"https:\/\/www.erresse-shop.it\/fr\/shop\/\"},{\"@type\":\"ListItem\",\"position\":3,\"name\":\"STOCKLI Set PizzaGrill for8 Antiadh\u00e9sif\"}]},{\"@type\":\"WebSite\",\"@id\":\"https:\/\/www.erresse-shop.it\/fr\/#website\",\"url\":\"https:\/\/www.erresse-shop.it\/fr\/\",\"name\":\"Erresse Shop\",\"description\":\"Articoli di qualit\u00e0 per la casa\",\"potentialAction\":[{\"@type\":\"SearchAction\",\"target\":{\"@type\":\"EntryPoint\",\"urlTemplate\":\"https:\/\/www.erresse-shop.it\/fr\/?s={search_term_string}\"},\"query-input\":\"required name=search_term_string\"}],\"inLanguage\":\"fr-FR\"}]}<\/script>\n<!-- \/ Yoast SEO Premium plugin. -->","yoast_head_json":{"title":"BOSKA Set \u00e0 fondue \u00e9lectrique Pro 12 pi\u00e8ces","description":"D\u00e9couvrez BOSKA Set \u00e0 fondue \u00e9lectrique Pro 12 pi\u00e8ces sur ErresseShop. Qualit\u00e9, prix r\u00e9duits et achat s\u00e9curis\u00e9 \u2013 commandez d\u00e8s maintenant en ligne !","robots":{"index":"index","follow":"follow","max-snippet":"max-snippet:-1","max-image-preview":"max-image-preview:large","max-video-preview":"max-video-preview:-1"},"canonical":"https:\/\/www.erresse-shop.it\/fr\/shop\/petits-electromenagers\/grilles-et-barbecues\/stockli-set-pizzagrill-for8-hot-stone-copia\/","og_locale":"fr_FR","og_type":"article","og_title":"STOCKLI Set PizzaGrill for8 Antiadh\u00e9sif","og_description":"D\u00e9couvrez BOSKA Set \u00e0 fondue \u00e9lectrique Pro 12 pi\u00e8ces sur ErresseShop. Qualit\u00e9, prix r\u00e9duits et achat s\u00e9curis\u00e9 \u2013 commandez d\u00e8s maintenant en ligne !","og_url":"https:\/\/www.erresse-shop.it\/fr\/shop\/petits-electromenagers\/grilles-et-barbecues\/stockli-set-pizzagrill-for8-hot-stone-copia\/","og_site_name":"Erresse Shop","article_modified_time":"2025-03-07T07:30:25+00:00","og_image":[{"width":1200,"height":1200,"url":"https:\/\/www.erresse-shop.it\/wp-content\/uploads\/2025\/03\/STOCKLI-Set-PizzaGrill-for8.jpg","type":"image\/jpeg"}],"twitter_card":"summary_large_image","schema":{"@context":"https:\/\/schema.org","@graph":[{"@type":"WebPage","@id":"https:\/\/www.erresse-shop.it\/fr\/shop\/petits-electromenagers\/grilles-et-barbecues\/stockli-set-pizzagrill-for8-hot-stone-copia\/","url":"https:\/\/www.erresse-shop.it\/fr\/shop\/petits-electromenagers\/grilles-et-barbecues\/stockli-set-pizzagrill-for8-hot-stone-copia\/","name":"BOSKA Set \u00e0 fondue \u00e9lectrique Pro 12 pi\u00e8ces","isPartOf":{"@id":"https:\/\/www.erresse-shop.it\/fr\/#website"},"datePublished":"2025-03-07T06:51:56+00:00","dateModified":"2025-03-07T07:30:25+00:00","description":"D\u00e9couvrez BOSKA Set \u00e0 fondue \u00e9lectrique Pro 12 pi\u00e8ces sur ErresseShop. Qualit\u00e9, prix r\u00e9duits et achat s\u00e9curis\u00e9 \u2013 commandez d\u00e8s maintenant en ligne !","breadcrumb":{"@id":"https:\/\/www.erresse-shop.it\/fr\/shop\/petits-electromenagers\/grilles-et-barbecues\/stockli-set-pizzagrill-for8-hot-stone-copia\/#breadcrumb"},"inLanguage":"fr-FR","potentialAction":[{"@type":"ReadAction","target":["https:\/\/www.erresse-shop.it\/fr\/shop\/petits-electromenagers\/grilles-et-barbecues\/stockli-set-pizzagrill-for8-hot-stone-copia\/"]}]},{"@type":"BreadcrumbList","@id":"https:\/\/www.erresse-shop.it\/fr\/shop\/petits-electromenagers\/grilles-et-barbecues\/stockli-set-pizzagrill-for8-hot-stone-copia\/#breadcrumb","itemListElement":[{"@type":"ListItem","position":1,"name":"Home","item":"https:\/\/www.erresse-shop.it\/fr\/"},{"@type":"ListItem","position":2,"name":"Shop","item":"https:\/\/www.erresse-shop.it\/fr\/shop\/"},{"@type":"ListItem","position":3,"name":"STOCKLI Set PizzaGrill for8 Antiadh\u00e9sif"}]},{"@type":"WebSite","@id":"https:\/\/www.erresse-shop.it\/fr\/#website","url":"https:\/\/www.erresse-shop.it\/fr\/","name":"Erresse Shop","description":"Articoli di qualit\u00e0 per la casa","potentialAction":[{"@type":"SearchAction","target":{"@type":"EntryPoint","urlTemplate":"https:\/\/www.erresse-shop.it\/fr\/?s={search_term_string}"},"query-input":"required name=search_term_string"}],"inLanguage":"fr-FR"}]}},"df_price":224.1,"df_sale_price":224.1,"df_regular_price":249,"df_image_link":"https:\/\/www.erresse-shop.it\/wp-content\/uploads\/2025\/03\/STOCKLI-Set-PizzaGrill-for8-300x300.jpg","_links":{"self":[{"href":"https:\/\/www.erresse-shop.it\/fr\/wp-json\/wp\/v2\/product\/475409"}],"collection":[{"href":"https:\/\/www.erresse-shop.it\/fr\/wp-json\/wp\/v2\/product"}],"about":[{"href":"https:\/\/www.erresse-shop.it\/fr\/wp-json\/wp\/v2\/types\/product"}],"wp:featuredmedia":[{"embeddable":true,"href":"https:\/\/www.erresse-shop.it\/fr\/wp-json\/wp\/v2\/media\/475420"}],"wp:attachment":[{"href":"https:\/\/www.erresse-shop.it\/fr\/wp-json\/wp\/v2\/media?parent=475409"}],"wp:term":[{"taxonomy":"product_cat","embeddable":true,"href":"https:\/\/www.erresse-shop.it\/fr\/wp-json\/wp\/v2\/product_cat?post=475409"},{"taxonomy":"product_tag","embeddable":true,"href":"https:\/\/www.erresse-shop.it\/fr\/wp-json\/wp\/v2\/product_tag?post=475409"}],"curies":[{"name":"wp","href":"https:\/\/api.w.org\/{rel}","templated":true}]}}