{"id":474983,"date":"2025-03-06T08:06:44","date_gmt":"2025-03-06T08:06:48","guid":{"rendered":"https:\/\/www.erresse-shop.it\/?post_type=product&#038;p=474983"},"modified":"2025-03-07T07:17:34","modified_gmt":"2025-03-07T07:17:34","slug":"stockli-gril-a-raclette-cheeseboard-v8-copia","status":"publish","type":"product","link":"https:\/\/www.erresse-shop.it\/fr\/shop\/petits-electromenagers\/grilles-et-barbecues\/stockli-gril-a-raclette-cheeseboard-v8-copia\/","title":{"rendered":"STOCKLI Set PizzaGrill four4"},"content":{"rendered":"<p>Appareil multifonctionnel pour pizza, grill, raclette et bien plus encore. Unit\u00e9 de base et terminal connect\u00e9s ensemble pour jusqu&#8217;\u00e0 huit personnes. Avec chaleur de fond commutable, chaleur de vo\u00fbte r\u00e9glable en continu, plaque de gril de haute qualit\u00e9, rev\u00eatement antiadh\u00e9sif double couche, scell\u00e9e, avec plateau de support, huit po\u00eales et spatules, coupe-p\u00e2te, c\u00e2bles d&#8217;alimentation et de connexion inclus<\/p>\n<p><strong>Sp\u00e9cifications techniques<\/strong><\/p>\n<ul>\n<li>Hauteur : 13 cm<\/li>\n<li>Longueur : 33 cm<\/li>\n<li>Largeur : 24 cm<\/li>\n<li>Max. personnes 8<\/li>\n<li>R\u00e9gulation de la temp\u00e9rature Chaleur sup\u00e9rieure r\u00e9glable en continu<\/li>\n<li>Tension standard et prise 230 V Schuko<\/li>\n<li>Plaque de cuisson en aluminium moul\u00e9 sous pression avec PTFE scell\u00e9<\/li>\n<li>Plateau repose-casserole Oui<\/li>\n<li>Puissance 2 x 870 W<\/li>\n<\/ul>\n<p><span style=\"text-decoration: underline;\"><strong>Not for sale outside Europe<\/strong><\/span><\/p>\n","protected":false},"excerpt":{"rendered":"<p>Appareil multifonctionnel pour pizza, grill, raclette et bien plus encore. Unit\u00e9 de base et terminal connect\u00e9s ensemble pour jusqu&#8217;\u00e0 huit<\/p>\n","protected":false},"featured_media":474988,"template":"","meta":{"_acf_changed":false,"inline_featured_image":false},"product_cat":[13383,12449],"product_tag":[13269],"acf":[],"yoast_head":"<!-- This site is optimized with the Yoast SEO Premium plugin v18.6 (Yoast SEO v19.13) - https:\/\/yoast.com\/wordpress\/plugins\/seo\/ -->\n<title>BOSKA Set \u00e0 fondue \u00e9lectrique Pro 12 pi\u00e8ces<\/title>\n<meta name=\"description\" content=\"D\u00e9couvrez BOSKA Set \u00e0 fondue \u00e9lectrique Pro 12 pi\u00e8ces sur ErresseShop. Qualit\u00e9, prix r\u00e9duits et achat s\u00e9curis\u00e9 \u2013 commandez d\u00e8s maintenant en ligne !\" \/>\n<meta name=\"robots\" content=\"index, follow, max-snippet:-1, max-image-preview:large, max-video-preview:-1\" \/>\n<link rel=\"canonical\" href=\"https:\/\/www.erresse-shop.it\/fr\/shop\/petits-electromenagers\/grilles-et-barbecues\/stockli-gril-a-raclette-cheeseboard-v8-copia\/\" \/>\n<meta property=\"og:locale\" content=\"fr_FR\" \/>\n<meta property=\"og:type\" content=\"article\" \/>\n<meta property=\"og:title\" content=\"STOCKLI Set PizzaGrill four4\" \/>\n<meta property=\"og:description\" content=\"D\u00e9couvrez BOSKA Set \u00e0 fondue \u00e9lectrique Pro 12 pi\u00e8ces sur ErresseShop. Qualit\u00e9, prix r\u00e9duits et achat s\u00e9curis\u00e9 \u2013 commandez d\u00e8s maintenant en ligne !\" \/>\n<meta property=\"og:url\" content=\"https:\/\/www.erresse-shop.it\/fr\/shop\/petits-electromenagers\/grilles-et-barbecues\/stockli-gril-a-raclette-cheeseboard-v8-copia\/\" \/>\n<meta property=\"og:site_name\" content=\"Erresse Shop\" \/>\n<meta property=\"article:modified_time\" content=\"2025-03-07T07:17:34+00:00\" \/>\n<meta property=\"og:image\" content=\"https:\/\/www.erresse-shop.it\/wp-content\/uploads\/2025\/03\/STOCKLI-Set-PizzaGrill-four4.jpg\" \/>\n\t<meta property=\"og:image:width\" content=\"1200\" \/>\n\t<meta property=\"og:image:height\" content=\"1200\" \/>\n\t<meta property=\"og:image:type\" content=\"image\/jpeg\" \/>\n<meta name=\"twitter:card\" content=\"summary_large_image\" \/>\n<script type=\"application\/ld+json\" class=\"yoast-schema-graph\">{\"@context\":\"https:\/\/schema.org\",\"@graph\":[{\"@type\":\"WebPage\",\"@id\":\"https:\/\/www.erresse-shop.it\/fr\/shop\/petits-electromenagers\/grilles-et-barbecues\/stockli-gril-a-raclette-cheeseboard-v8-copia\/\",\"url\":\"https:\/\/www.erresse-shop.it\/fr\/shop\/petits-electromenagers\/grilles-et-barbecues\/stockli-gril-a-raclette-cheeseboard-v8-copia\/\",\"name\":\"BOSKA Set \u00e0 fondue \u00e9lectrique Pro 12 pi\u00e8ces\",\"isPartOf\":{\"@id\":\"https:\/\/www.erresse-shop.it\/fr\/#website\"},\"datePublished\":\"2025-03-06T08:06:48+00:00\",\"dateModified\":\"2025-03-07T07:17:34+00:00\",\"description\":\"D\u00e9couvrez BOSKA Set \u00e0 fondue \u00e9lectrique Pro 12 pi\u00e8ces sur ErresseShop. Qualit\u00e9, prix r\u00e9duits et achat s\u00e9curis\u00e9 \u2013 commandez d\u00e8s maintenant en ligne !\",\"breadcrumb\":{\"@id\":\"https:\/\/www.erresse-shop.it\/fr\/shop\/petits-electromenagers\/grilles-et-barbecues\/stockli-gril-a-raclette-cheeseboard-v8-copia\/#breadcrumb\"},\"inLanguage\":\"fr-FR\",\"potentialAction\":[{\"@type\":\"ReadAction\",\"target\":[\"https:\/\/www.erresse-shop.it\/fr\/shop\/petits-electromenagers\/grilles-et-barbecues\/stockli-gril-a-raclette-cheeseboard-v8-copia\/\"]}]},{\"@type\":\"BreadcrumbList\",\"@id\":\"https:\/\/www.erresse-shop.it\/fr\/shop\/petits-electromenagers\/grilles-et-barbecues\/stockli-gril-a-raclette-cheeseboard-v8-copia\/#breadcrumb\",\"itemListElement\":[{\"@type\":\"ListItem\",\"position\":1,\"name\":\"Home\",\"item\":\"https:\/\/www.erresse-shop.it\/fr\/\"},{\"@type\":\"ListItem\",\"position\":2,\"name\":\"Shop\",\"item\":\"https:\/\/www.erresse-shop.it\/fr\/shop\/\"},{\"@type\":\"ListItem\",\"position\":3,\"name\":\"STOCKLI Set PizzaGrill four4\"}]},{\"@type\":\"WebSite\",\"@id\":\"https:\/\/www.erresse-shop.it\/fr\/#website\",\"url\":\"https:\/\/www.erresse-shop.it\/fr\/\",\"name\":\"Erresse Shop\",\"description\":\"Articoli di qualit\u00e0 per la casa\",\"potentialAction\":[{\"@type\":\"SearchAction\",\"target\":{\"@type\":\"EntryPoint\",\"urlTemplate\":\"https:\/\/www.erresse-shop.it\/fr\/?s={search_term_string}\"},\"query-input\":\"required name=search_term_string\"}],\"inLanguage\":\"fr-FR\"}]}<\/script>\n<!-- \/ Yoast SEO Premium plugin. -->","yoast_head_json":{"title":"BOSKA Set \u00e0 fondue \u00e9lectrique Pro 12 pi\u00e8ces","description":"D\u00e9couvrez BOSKA Set \u00e0 fondue \u00e9lectrique Pro 12 pi\u00e8ces sur ErresseShop. Qualit\u00e9, prix r\u00e9duits et achat s\u00e9curis\u00e9 \u2013 commandez d\u00e8s maintenant en ligne !","robots":{"index":"index","follow":"follow","max-snippet":"max-snippet:-1","max-image-preview":"max-image-preview:large","max-video-preview":"max-video-preview:-1"},"canonical":"https:\/\/www.erresse-shop.it\/fr\/shop\/petits-electromenagers\/grilles-et-barbecues\/stockli-gril-a-raclette-cheeseboard-v8-copia\/","og_locale":"fr_FR","og_type":"article","og_title":"STOCKLI Set PizzaGrill four4","og_description":"D\u00e9couvrez BOSKA Set \u00e0 fondue \u00e9lectrique Pro 12 pi\u00e8ces sur ErresseShop. Qualit\u00e9, prix r\u00e9duits et achat s\u00e9curis\u00e9 \u2013 commandez d\u00e8s maintenant en ligne !","og_url":"https:\/\/www.erresse-shop.it\/fr\/shop\/petits-electromenagers\/grilles-et-barbecues\/stockli-gril-a-raclette-cheeseboard-v8-copia\/","og_site_name":"Erresse Shop","article_modified_time":"2025-03-07T07:17:34+00:00","og_image":[{"width":1200,"height":1200,"url":"https:\/\/www.erresse-shop.it\/wp-content\/uploads\/2025\/03\/STOCKLI-Set-PizzaGrill-four4.jpg","type":"image\/jpeg"}],"twitter_card":"summary_large_image","schema":{"@context":"https:\/\/schema.org","@graph":[{"@type":"WebPage","@id":"https:\/\/www.erresse-shop.it\/fr\/shop\/petits-electromenagers\/grilles-et-barbecues\/stockli-gril-a-raclette-cheeseboard-v8-copia\/","url":"https:\/\/www.erresse-shop.it\/fr\/shop\/petits-electromenagers\/grilles-et-barbecues\/stockli-gril-a-raclette-cheeseboard-v8-copia\/","name":"BOSKA Set \u00e0 fondue \u00e9lectrique Pro 12 pi\u00e8ces","isPartOf":{"@id":"https:\/\/www.erresse-shop.it\/fr\/#website"},"datePublished":"2025-03-06T08:06:48+00:00","dateModified":"2025-03-07T07:17:34+00:00","description":"D\u00e9couvrez BOSKA Set \u00e0 fondue \u00e9lectrique Pro 12 pi\u00e8ces sur ErresseShop. Qualit\u00e9, prix r\u00e9duits et achat s\u00e9curis\u00e9 \u2013 commandez d\u00e8s maintenant en ligne !","breadcrumb":{"@id":"https:\/\/www.erresse-shop.it\/fr\/shop\/petits-electromenagers\/grilles-et-barbecues\/stockli-gril-a-raclette-cheeseboard-v8-copia\/#breadcrumb"},"inLanguage":"fr-FR","potentialAction":[{"@type":"ReadAction","target":["https:\/\/www.erresse-shop.it\/fr\/shop\/petits-electromenagers\/grilles-et-barbecues\/stockli-gril-a-raclette-cheeseboard-v8-copia\/"]}]},{"@type":"BreadcrumbList","@id":"https:\/\/www.erresse-shop.it\/fr\/shop\/petits-electromenagers\/grilles-et-barbecues\/stockli-gril-a-raclette-cheeseboard-v8-copia\/#breadcrumb","itemListElement":[{"@type":"ListItem","position":1,"name":"Home","item":"https:\/\/www.erresse-shop.it\/fr\/"},{"@type":"ListItem","position":2,"name":"Shop","item":"https:\/\/www.erresse-shop.it\/fr\/shop\/"},{"@type":"ListItem","position":3,"name":"STOCKLI Set PizzaGrill four4"}]},{"@type":"WebSite","@id":"https:\/\/www.erresse-shop.it\/fr\/#website","url":"https:\/\/www.erresse-shop.it\/fr\/","name":"Erresse Shop","description":"Articoli di qualit\u00e0 per la casa","potentialAction":[{"@type":"SearchAction","target":{"@type":"EntryPoint","urlTemplate":"https:\/\/www.erresse-shop.it\/fr\/?s={search_term_string}"},"query-input":"required name=search_term_string"}],"inLanguage":"fr-FR"}]}},"df_price":314.1,"df_sale_price":314.1,"df_regular_price":349,"df_image_link":"https:\/\/www.erresse-shop.it\/wp-content\/uploads\/2025\/03\/STOCKLI-Set-PizzaGrill-four4-300x300.jpg","_links":{"self":[{"href":"https:\/\/www.erresse-shop.it\/fr\/wp-json\/wp\/v2\/product\/474983"}],"collection":[{"href":"https:\/\/www.erresse-shop.it\/fr\/wp-json\/wp\/v2\/product"}],"about":[{"href":"https:\/\/www.erresse-shop.it\/fr\/wp-json\/wp\/v2\/types\/product"}],"wp:featuredmedia":[{"embeddable":true,"href":"https:\/\/www.erresse-shop.it\/fr\/wp-json\/wp\/v2\/media\/474988"}],"wp:attachment":[{"href":"https:\/\/www.erresse-shop.it\/fr\/wp-json\/wp\/v2\/media?parent=474983"}],"wp:term":[{"taxonomy":"product_cat","embeddable":true,"href":"https:\/\/www.erresse-shop.it\/fr\/wp-json\/wp\/v2\/product_cat?post=474983"},{"taxonomy":"product_tag","embeddable":true,"href":"https:\/\/www.erresse-shop.it\/fr\/wp-json\/wp\/v2\/product_tag?post=474983"}],"curies":[{"name":"wp","href":"https:\/\/api.w.org\/{rel}","templated":true}]}}