{"id":474904,"date":"2025-03-05T15:06:32","date_gmt":"2025-03-05T15:06:36","guid":{"rendered":"https:\/\/www.erresse-shop.it\/?post_type=product&#038;p=474904"},"modified":"2026-02-23T09:05:00","modified_gmt":"2026-02-23T09:05:00","slug":"ken-hom-set-de-wok-antiadhesif-31-cm-4-pieces","status":"publish","type":"product","link":"https:\/\/www.erresse-shop.it\/fr\/shop\/poeles-pots\/wok\/ken-hom-set-de-wok-antiadhesif-31-cm-4-pieces\/","title":{"rendered":"KEN HOM Set de wok antiadh\u00e9sif 31 cm 4 pi\u00e8ces"},"content":{"rendered":"<p>Ce wok est adapt\u00e9 aux plaques \u00e0 induction et est id\u00e9al pour une cuisson rapide et facile, avec la capacit\u00e9 parfaite pour pr\u00e9parer des repas savoureux pour 3 \u00e0 4 personnes. Il est l\u00e9ger, avec un fond plat qui le rend facile \u00e0 utiliser sur tous les types de plaques de cuisson, y compris l&#8217;induction. Comprend un couvercle et une grille \u00e0 tempura et va au lave-vaisselle, avec une garantie de 5 ans.<\/p>\n<p><strong>Caract\u00e9ristiques principales<\/strong>\u00a0:<\/p>\n<ul>\n<li>Wok l\u00e9ger en acier au carbone avec double rev\u00eatement antiadh\u00e9sif<\/li>\n<li>Fabriqu\u00e9 en acier au carbone de 1,5 mm d&#8217;\u00e9paisseur<\/li>\n<li>Le wok, le couvercle et la grille \u00e0 tempura passent au lave-vaisselle<\/li>\n<li>Compatible avec les plaques \u00e0 induction<\/li>\n<\/ul>\n<p><strong>Utilisation et entretien<\/strong>\u00a0:<\/p>\n<ul>\n<li>Pour commencer la cuisson, placez le wok au centre de la plaque de cuisson et faites-le chauffer lentement avec de l&#8217;huile. Une fois l\u2019huile chaude, ajoutez les ingr\u00e9dients et commencez la cuisson. Gr\u00e2ce au rev\u00eatement antiadh\u00e9sif, il n&#8217;est pas n\u00e9cessaire de r\u00e9gler la temp\u00e9rature maximale. En remuant fr\u00e9quemment, les aliments cuiront rapidement et uniform\u00e9ment.<\/li>\n<li>Le rev\u00eatement antiadh\u00e9sif de haute qualit\u00e9 permet au wok de chauffer rapidement, r\u00e9duisant ainsi la quantit\u00e9 d&#8217;huile n\u00e9cessaire, le rendant parfait pour un usage quotidien. Le long manche ph\u00e9nolique assure un bon \u00e9quilibre et facilite le transport sans risque de basculement.<\/li>\n<li>Il est recommand\u00e9 de ne pas utiliser la fonction boost \u00e0 induction trop longtemps lors de l&#8217;utilisation du wok.<\/li>\n<\/ul>\n<p><strong>Qualit\u00e9 exceptionnelle<\/strong>\u00a0:<\/p>\n<ul>\n<li>Le wok est con\u00e7u pour une cuisine rapide, facile et saine. L&#8217;acier au carbone de 1,5 mm offre une bonne conduction thermique, ce qui le rend id\u00e9al pour la cuisson \u00e0 haute temp\u00e9rature et rapide, en maintenant une temp\u00e9rature constante.<\/li>\n<\/ul>\n<p><strong>Facile \u00e0 nettoyer<\/strong>\u00a0:<\/p>\n<ul>\n<li>Pour les r\u00e9sidus alimentaires difficiles \u00e0 \u00e9liminer, laissez ramollir avec de l&#8217;eau chaude. \u00c9vitez d\u2019utiliser des produits abrasifs qui pourraient endommager le rev\u00eatement antiadh\u00e9sif. Nettoyer avec un chiffon doux et s\u00e9cher soigneusement.<\/li>\n<\/ul>\n<p><strong>Facile \u00e0 ranger<\/strong>\u00a0:<\/p>\n<ul>\n<li>Le grand anneau m\u00e9tallique vous permet de suspendre facilement le wok lorsqu&#8217;il n&#8217;est pas utilis\u00e9.<\/li>\n<\/ul>\n<p><strong>Entretien<\/strong>\u00a0:<\/p>\n<ul>\n<li>Le rev\u00eatement antiadh\u00e9sif convient \u00e0 une utilisation avec des ustensiles en m\u00e9tal. Appliquez de temps en temps une fine couche d\u2019huile de cuisson \u00e0 l\u2019int\u00e9rieur du wok pour \u00e9viter la rouille si le rev\u00eatement est ray\u00e9. Il est facile \u00e0 nettoyer m\u00eame \u00e0 la main avec de l&#8217;eau chaude.<\/li>\n<\/ul>\n<p><strong>Mode d&#8217;emploi<\/strong> :<\/p>\n<ul>\n<li>Retirez tout l\u2019emballage et lavez le wok avec de l\u2019eau chaude savonneuse. Rincez et s\u00e9chez soigneusement.<\/li>\n<li>N&#8217;utilisez pas d&#8217;ustensiles en m\u00e9tal pour \u00e9viter les rayures. Utilisez des outils en bois ou en nylon.<\/li>\n<li>Le wok est compatible avec tous les types de plaques de cuisson, mais il est recommand\u00e9 de consulter les instructions du fabricant de la plaque de cuisson. Ne convient pas aux fours traditionnels ni aux fours \u00e0 micro-ondes. Si la poign\u00e9e se desserre pendant l&#8217;utilisation, revissez-la imm\u00e9diatement.<\/li>\n<\/ul>\n<p><strong>Instructions de nettoyage<\/strong>\u00a0:<\/p>\n<ul>\n<li>Laissez le wok refroidir avant de le nettoyer. Pour les r\u00e9sidus alimentaires tenaces, remplissez d&#8217;eau chaude savonneuse et laissez tremper. Utilisez uniquement des \u00e9ponges recommand\u00e9es pour les surfaces antiadh\u00e9sives et \u00e9vitez d&#8217;utiliser des \u00e9ponges m\u00e9talliques ou des produits abrasifs.<\/li>\n<\/ul>\n<p><strong>Dimensions du wok<\/strong> : 9,5 x 31,9 x 57 cm<br \/>\n<strong>Diam\u00e8tre de la base du wok\u00a0:<\/strong> 14 cm<br \/>\n<strong>Poids\u00a0:<\/strong> 2,58 kg<\/p>\n","protected":false},"excerpt":{"rendered":"<p>Ce wok est adapt\u00e9 aux plaques \u00e0 induction et est id\u00e9al pour une cuisson rapide et facile, avec la capacit\u00e9<\/p>\n","protected":false},"featured_media":474909,"template":"","meta":{"_acf_changed":false,"inline_featured_image":false},"product_cat":[12458,12472],"product_tag":[25026,12838,23910,25021,24397,12474],"acf":[],"yoast_head":"<!-- This site is optimized with the Yoast SEO Premium plugin v18.6 (Yoast SEO v19.13) - https:\/\/yoast.com\/wordpress\/plugins\/seo\/ -->\n<title>KEN HOM Set de wok antiadh\u00e9sif 31 cm 4 pi\u00e8ces - Erresse Shop<\/title>\n<meta name=\"description\" content=\"Ce wok est adapt\u00e9 aux plaques \u00e0 induction et est id\u00e9al pour une cuisson rapide et facile, avec la capacit\u00e9 parfaite pour pr\u00e9parer des repas savoureux pour\" \/>\n<meta name=\"robots\" content=\"index, follow, max-snippet:-1, max-image-preview:large, max-video-preview:-1\" \/>\n<link rel=\"canonical\" href=\"https:\/\/www.erresse-shop.it\/fr\/shop\/poeles-pots\/wok\/ken-hom-set-de-wok-antiadhesif-31-cm-4-pieces\/\" \/>\n<meta property=\"og:locale\" content=\"fr_FR\" \/>\n<meta property=\"og:type\" content=\"article\" \/>\n<meta property=\"og:title\" content=\"KEN HOM Set de wok antiadh\u00e9sif 31 cm 4 pi\u00e8ces\" \/>\n<meta property=\"og:description\" content=\"Ce wok est adapt\u00e9 aux plaques \u00e0 induction et est id\u00e9al pour une cuisson rapide et facile, avec la capacit\u00e9 parfaite pour pr\u00e9parer des repas savoureux pour\" \/>\n<meta property=\"og:url\" content=\"https:\/\/www.erresse-shop.it\/fr\/shop\/poeles-pots\/wok\/ken-hom-set-de-wok-antiadhesif-31-cm-4-pieces\/\" \/>\n<meta property=\"og:site_name\" content=\"Erresse Shop\" \/>\n<meta property=\"article:modified_time\" content=\"2026-02-23T09:05:00+00:00\" \/>\n<meta property=\"og:image\" content=\"https:\/\/www.erresse-shop.it\/wp-content\/uploads\/2025\/03\/KEN-HOM-Set-Wok-Antiaderente-31-cm-4-Pezzi.jpg\" \/>\n\t<meta property=\"og:image:width\" content=\"1200\" \/>\n\t<meta property=\"og:image:height\" content=\"1200\" \/>\n\t<meta property=\"og:image:type\" content=\"image\/jpeg\" \/>\n<meta name=\"twitter:card\" content=\"summary_large_image\" \/>\n<script type=\"application\/ld+json\" class=\"yoast-schema-graph\">{\"@context\":\"https:\/\/schema.org\",\"@graph\":[{\"@type\":\"WebPage\",\"@id\":\"https:\/\/www.erresse-shop.it\/fr\/shop\/poeles-pots\/wok\/ken-hom-set-de-wok-antiadhesif-31-cm-4-pieces\/\",\"url\":\"https:\/\/www.erresse-shop.it\/fr\/shop\/poeles-pots\/wok\/ken-hom-set-de-wok-antiadhesif-31-cm-4-pieces\/\",\"name\":\"KEN HOM Set de wok antiadh\u00e9sif 31 cm 4 pi\u00e8ces - Erresse Shop\",\"isPartOf\":{\"@id\":\"https:\/\/www.erresse-shop.it\/fr\/#website\"},\"datePublished\":\"2025-03-05T15:06:36+00:00\",\"dateModified\":\"2026-02-23T09:05:00+00:00\",\"description\":\"Ce wok est adapt\u00e9 aux plaques \u00e0 induction et est id\u00e9al pour une cuisson rapide et facile, avec la capacit\u00e9 parfaite pour pr\u00e9parer des repas savoureux pour\",\"breadcrumb\":{\"@id\":\"https:\/\/www.erresse-shop.it\/fr\/shop\/poeles-pots\/wok\/ken-hom-set-de-wok-antiadhesif-31-cm-4-pieces\/#breadcrumb\"},\"inLanguage\":\"fr-FR\",\"potentialAction\":[{\"@type\":\"ReadAction\",\"target\":[\"https:\/\/www.erresse-shop.it\/fr\/shop\/poeles-pots\/wok\/ken-hom-set-de-wok-antiadhesif-31-cm-4-pieces\/\"]}]},{\"@type\":\"BreadcrumbList\",\"@id\":\"https:\/\/www.erresse-shop.it\/fr\/shop\/poeles-pots\/wok\/ken-hom-set-de-wok-antiadhesif-31-cm-4-pieces\/#breadcrumb\",\"itemListElement\":[{\"@type\":\"ListItem\",\"position\":1,\"name\":\"Home\",\"item\":\"https:\/\/www.erresse-shop.it\/fr\/\"},{\"@type\":\"ListItem\",\"position\":2,\"name\":\"Shop\",\"item\":\"https:\/\/www.erresse-shop.it\/fr\/shop\/\"},{\"@type\":\"ListItem\",\"position\":3,\"name\":\"KEN HOM Set de wok antiadh\u00e9sif 31 cm 4 pi\u00e8ces\"}]},{\"@type\":\"WebSite\",\"@id\":\"https:\/\/www.erresse-shop.it\/fr\/#website\",\"url\":\"https:\/\/www.erresse-shop.it\/fr\/\",\"name\":\"Erresse Shop\",\"description\":\"Articoli di qualit\u00e0 per la casa\",\"potentialAction\":[{\"@type\":\"SearchAction\",\"target\":{\"@type\":\"EntryPoint\",\"urlTemplate\":\"https:\/\/www.erresse-shop.it\/fr\/?s={search_term_string}\"},\"query-input\":\"required name=search_term_string\"}],\"inLanguage\":\"fr-FR\"}]}<\/script>\n<!-- \/ Yoast SEO Premium plugin. -->","yoast_head_json":{"title":"KEN HOM Set de wok antiadh\u00e9sif 31 cm 4 pi\u00e8ces - Erresse Shop","description":"Ce wok est adapt\u00e9 aux plaques \u00e0 induction et est id\u00e9al pour une cuisson rapide et facile, avec la capacit\u00e9 parfaite pour pr\u00e9parer des repas savoureux pour","robots":{"index":"index","follow":"follow","max-snippet":"max-snippet:-1","max-image-preview":"max-image-preview:large","max-video-preview":"max-video-preview:-1"},"canonical":"https:\/\/www.erresse-shop.it\/fr\/shop\/poeles-pots\/wok\/ken-hom-set-de-wok-antiadhesif-31-cm-4-pieces\/","og_locale":"fr_FR","og_type":"article","og_title":"KEN HOM Set de wok antiadh\u00e9sif 31 cm 4 pi\u00e8ces","og_description":"Ce wok est adapt\u00e9 aux plaques \u00e0 induction et est id\u00e9al pour une cuisson rapide et facile, avec la capacit\u00e9 parfaite pour pr\u00e9parer des repas savoureux pour","og_url":"https:\/\/www.erresse-shop.it\/fr\/shop\/poeles-pots\/wok\/ken-hom-set-de-wok-antiadhesif-31-cm-4-pieces\/","og_site_name":"Erresse Shop","article_modified_time":"2026-02-23T09:05:00+00:00","og_image":[{"width":1200,"height":1200,"url":"https:\/\/www.erresse-shop.it\/wp-content\/uploads\/2025\/03\/KEN-HOM-Set-Wok-Antiaderente-31-cm-4-Pezzi.jpg","type":"image\/jpeg"}],"twitter_card":"summary_large_image","schema":{"@context":"https:\/\/schema.org","@graph":[{"@type":"WebPage","@id":"https:\/\/www.erresse-shop.it\/fr\/shop\/poeles-pots\/wok\/ken-hom-set-de-wok-antiadhesif-31-cm-4-pieces\/","url":"https:\/\/www.erresse-shop.it\/fr\/shop\/poeles-pots\/wok\/ken-hom-set-de-wok-antiadhesif-31-cm-4-pieces\/","name":"KEN HOM Set de wok antiadh\u00e9sif 31 cm 4 pi\u00e8ces - Erresse Shop","isPartOf":{"@id":"https:\/\/www.erresse-shop.it\/fr\/#website"},"datePublished":"2025-03-05T15:06:36+00:00","dateModified":"2026-02-23T09:05:00+00:00","description":"Ce wok est adapt\u00e9 aux plaques \u00e0 induction et est id\u00e9al pour une cuisson rapide et facile, avec la capacit\u00e9 parfaite pour pr\u00e9parer des repas savoureux pour","breadcrumb":{"@id":"https:\/\/www.erresse-shop.it\/fr\/shop\/poeles-pots\/wok\/ken-hom-set-de-wok-antiadhesif-31-cm-4-pieces\/#breadcrumb"},"inLanguage":"fr-FR","potentialAction":[{"@type":"ReadAction","target":["https:\/\/www.erresse-shop.it\/fr\/shop\/poeles-pots\/wok\/ken-hom-set-de-wok-antiadhesif-31-cm-4-pieces\/"]}]},{"@type":"BreadcrumbList","@id":"https:\/\/www.erresse-shop.it\/fr\/shop\/poeles-pots\/wok\/ken-hom-set-de-wok-antiadhesif-31-cm-4-pieces\/#breadcrumb","itemListElement":[{"@type":"ListItem","position":1,"name":"Home","item":"https:\/\/www.erresse-shop.it\/fr\/"},{"@type":"ListItem","position":2,"name":"Shop","item":"https:\/\/www.erresse-shop.it\/fr\/shop\/"},{"@type":"ListItem","position":3,"name":"KEN HOM Set de wok antiadh\u00e9sif 31 cm 4 pi\u00e8ces"}]},{"@type":"WebSite","@id":"https:\/\/www.erresse-shop.it\/fr\/#website","url":"https:\/\/www.erresse-shop.it\/fr\/","name":"Erresse Shop","description":"Articoli di qualit\u00e0 per la casa","potentialAction":[{"@type":"SearchAction","target":{"@type":"EntryPoint","urlTemplate":"https:\/\/www.erresse-shop.it\/fr\/?s={search_term_string}"},"query-input":"required name=search_term_string"}],"inLanguage":"fr-FR"}]}},"df_price":39.95,"df_sale_price":39.95,"df_regular_price":71.68,"df_image_link":"https:\/\/www.erresse-shop.it\/wp-content\/uploads\/2025\/03\/KEN-HOM-Set-Wok-Antiaderente-31-cm-4-Pezzi-300x300.jpg","_links":{"self":[{"href":"https:\/\/www.erresse-shop.it\/fr\/wp-json\/wp\/v2\/product\/474904"}],"collection":[{"href":"https:\/\/www.erresse-shop.it\/fr\/wp-json\/wp\/v2\/product"}],"about":[{"href":"https:\/\/www.erresse-shop.it\/fr\/wp-json\/wp\/v2\/types\/product"}],"wp:featuredmedia":[{"embeddable":true,"href":"https:\/\/www.erresse-shop.it\/fr\/wp-json\/wp\/v2\/media\/474909"}],"wp:attachment":[{"href":"https:\/\/www.erresse-shop.it\/fr\/wp-json\/wp\/v2\/media?parent=474904"}],"wp:term":[{"taxonomy":"product_cat","embeddable":true,"href":"https:\/\/www.erresse-shop.it\/fr\/wp-json\/wp\/v2\/product_cat?post=474904"},{"taxonomy":"product_tag","embeddable":true,"href":"https:\/\/www.erresse-shop.it\/fr\/wp-json\/wp\/v2\/product_tag?post=474904"}],"curies":[{"name":"wp","href":"https:\/\/api.w.org\/{rel}","templated":true}]}}